{"id":505,"date":"2014-11-04T17:07:40","date_gmt":"2014-11-04T17:07:40","guid":{"rendered":"http:\/\/iesalmadraba.org\/cursoblogswiki\/?page_id=10"},"modified":"2014-11-04T17:07:40","modified_gmt":"2014-11-04T17:07:40","slug":"plan-del-curso","status":"publish","type":"page","link":"https:\/\/blogsaverroes.juntadeandalucia.es\/cursoblogswikis\/plan-del-curso\/","title":{"rendered":"Plan del curso"},"content":{"rendered":"<h1>El blog y la wiki como herramientas did\u00e1cticas<\/h1>\n<p><strong>Jos\u00e9 Vicente Ara\u00fajo, IES Almadraba, Tarifa<\/strong><\/p>\n<p>Objetivo general: integrar en nuestro trabajo en el aula, de manera coherente y sistem\u00e1tica, los recursos enumerados en el t\u00edtulo.<\/p>\n<h2>Objetivos<\/h2>\n<ol>\n<li>Conocer los blogs y wikis como herramientas de comunicaci\u00f3n y participaci\u00f3n<\/li>\n<li>Publicar y editar contenidos ricos (texto, multimedia&#8230;)<\/li>\n<li>Organizar coherentemente los contenidos<\/li>\n<li>Configurar las opciones del blog orientadas para su uso en el aula<\/li>\n<li>Diferenciar las caracter\u00edsticas y usos de cada sistema de edici\u00f3n, y reconocer las que se adaptan a nuestra necesidades<\/li>\n<li>Poner en pr\u00e1ctica estrategias de participaci\u00f3n en blogs y wikis<\/li>\n<\/ol>\n<h2>Temporalizaci\u00f3n<\/h2>\n<table class=\"table table-condensed\">\n<thead>\n<tr>\n<th>Fecha<\/th>\n<th>Hora de inicio<\/th>\n<th>Hora de fin<\/th>\n<th>Lugar de realizaci\u00f3n<\/th>\n<\/tr>\n<\/thead>\n<tbody>\n<tr>\n<td>19\/04\/2017<\/td>\n<td>17:00<\/td>\n<td>20:00<\/td>\n<td>CEP Sede de Algeciras<\/td>\n<\/tr>\n<tr>\n<td>26\/04\/2017<\/td>\n<td>17:00<\/td>\n<td>20:00<\/td>\n<td>CEP Sede de Algeciras<\/td>\n<\/tr>\n<tr>\n<td>03\/05\/2017<\/td>\n<td>17:00<\/td>\n<td>20:00<\/td>\n<td>CEP Sede de Algeciras<\/td>\n<\/tr>\n<\/tbody>\n<\/table>\n<h2>Contenidos<\/h2>\n<ol>\n<li>Blogs educativos. Qu\u00e9 son, para qu\u00e9 sirven. Ejemplos de buenas pr\u00e1cticas.<\/li>\n<li>Crear cuenta en WordPress<\/li>\n<li>Antes de empezar: planificar tu blog<\/li>\n<li>C\u00f3mo publicar y organizar art\u00edculos<\/li>\n<li>C\u00f3mo publicar y organizar p\u00e1ginas<\/li>\n<li>Insertar multimedia<\/li>\n<li>Wikis. Qu\u00e9 son, c\u00f3mo podemos usarlos. Ejemplos de buenas pr\u00e1cticas<\/li>\n<li>Crear cuenta en plataforma PBWorks<\/li>\n<li>Planificaci\u00f3n y organizaci\u00f3n de contenidos<\/li>\n<li>Edici\u00f3n de p\u00e1ginas<\/li>\n<li>Moderaci\u00f3n de contenidos. Los wikis como herramientas de colaboraci\u00f3n.<\/li>\n<\/ol>\n<h2>Metodolog\u00eda<\/h2>\n<p>El enfoque ser\u00e1 &#8216;manos a la obra&#8217;. Las exposiciones har\u00e1n uso de las tecnolog\u00edas descritas y los participantes emplear\u00e1n desde el primer momento esas tecnolog\u00edas en ejercicios pr\u00e1cticos de complejidad creciente.<\/p>\n","protected":false},"excerpt":{"rendered":"<p>El blog y la wiki como herramientas did\u00e1cticas Jos\u00e9 Vicente Ara\u00fajo, IES Almadraba, Tarifa Objetivo general: integrar en nuestro trabajo en el aula, de manera coherente y sistem\u00e1tica, los recursos enumerados en el t\u00edtulo.&#46;&#46;&#46;<\/p>\n","protected":false},"author":10581,"featured_media":0,"parent":0,"menu_order":0,"comment_status":"open","ping_status":"open","template":"","meta":{"ngg_post_thumbnail":0,"footnotes":""},"aioseo_notices":[],"_links":{"self":[{"href":"https:\/\/blogsaverroes.juntadeandalucia.es\/cursoblogswikis\/wp-json\/wp\/v2\/pages\/505"}],"collection":[{"href":"https:\/\/blogsaverroes.juntadeandalucia.es\/cursoblogswikis\/wp-json\/wp\/v2\/pages"}],"about":[{"href":"https:\/\/blogsaverroes.juntadeandalucia.es\/cursoblogswikis\/wp-json\/wp\/v2\/types\/page"}],"author":[{"embeddable":true,"href":"https:\/\/blogsaverroes.juntadeandalucia.es\/cursoblogswikis\/wp-json\/wp\/v2\/users\/10581"}],"replies":[{"embeddable":true,"href":"https:\/\/blogsaverroes.juntadeandalucia.es\/cursoblogswikis\/wp-json\/wp\/v2\/comments?post=505"}],"version-history":[{"count":0,"href":"https:\/\/blogsaverroes.juntadeandalucia.es\/cursoblogswikis\/wp-json\/wp\/v2\/pages\/505\/revisions"}],"wp:attachment":[{"href":"https:\/\/blogsaverroes.juntadeandalucia.es\/cursoblogswikis\/wp-json\/wp\/v2\/media?parent=505"}],"curies":[{"name":"wp","href":"https:\/\/api.w.org\/{rel}","templated":true}]}}