{"id":11,"date":"2022-11-08T19:29:59","date_gmt":"2022-11-08T19:29:59","guid":{"rendered":"https:\/\/blogsaverroes.juntadeandalucia.es\/cyrcarmen\/?page_id=11"},"modified":"2022-11-08T19:29:59","modified_gmt":"2022-11-08T19:29:59","slug":"que-es-la-computacion-y-robotica","status":"publish","type":"page","link":"https:\/\/blogsaverroes.juntadeandalucia.es\/cyrcarmen\/que-es-la-computacion-y-robotica\/","title":{"rendered":"\u00bfQu\u00e9 es la Computaci\u00f3n y Rob\u00f3tica?"},"content":{"rendered":"<p>P\u00e1gina con la descripci\u00f3n y utilidad de la materia.<\/p>\n","protected":false},"excerpt":{"rendered":"<p>P\u00e1gina con la descripci\u00f3n y utilidad de la materia.<\/p>\n","protected":false},"author":5084,"featured_media":0,"parent":0,"menu_order":0,"comment_status":"closed","ping_status":"closed","template":"","meta":{"ngg_post_thumbnail":0,"footnotes":""},"aioseo_notices":[],"_links":{"self":[{"href":"https:\/\/blogsaverroes.juntadeandalucia.es\/cyrcarmen\/wp-json\/wp\/v2\/pages\/11"}],"collection":[{"href":"https:\/\/blogsaverroes.juntadeandalucia.es\/cyrcarmen\/wp-json\/wp\/v2\/pages"}],"about":[{"href":"https:\/\/blogsaverroes.juntadeandalucia.es\/cyrcarmen\/wp-json\/wp\/v2\/types\/page"}],"author":[{"embeddable":true,"href":"https:\/\/blogsaverroes.juntadeandalucia.es\/cyrcarmen\/wp-json\/wp\/v2\/users\/5084"}],"replies":[{"embeddable":true,"href":"https:\/\/blogsaverroes.juntadeandalucia.es\/cyrcarmen\/wp-json\/wp\/v2\/comments?post=11"}],"version-history":[{"count":1,"href":"https:\/\/blogsaverroes.juntadeandalucia.es\/cyrcarmen\/wp-json\/wp\/v2\/pages\/11\/revisions"}],"predecessor-version":[{"id":12,"href":"https:\/\/blogsaverroes.juntadeandalucia.es\/cyrcarmen\/wp-json\/wp\/v2\/pages\/11\/revisions\/12"}],"wp:attachment":[{"href":"https:\/\/blogsaverroes.juntadeandalucia.es\/cyrcarmen\/wp-json\/wp\/v2\/media?parent=11"}],"curies":[{"name":"wp","href":"https:\/\/api.w.org\/{rel}","templated":true}]}}