{"id":65,"date":"2021-04-13T15:03:42","date_gmt":"2021-04-13T15:03:42","guid":{"rendered":"https:\/\/blogsaverroes.juntadeandalucia.es\/davidbeato\/?page_id=65"},"modified":"2021-04-15T11:26:39","modified_gmt":"2021-04-15T11:26:39","slug":"pagina-de-prueba","status":"publish","type":"page","link":"https:\/\/blogsaverroes.juntadeandalucia.es\/davidbeato\/pagina-de-prueba\/","title":{"rendered":"P\u00c1GINA DE PRUEBA"},"content":{"rendered":"<p style=\"text-align: justify\">Los videojuegos son una atractiva forma de aprovechar (o malgastar, seg\u00fan se vea) el tiempo libre.&nbsp; Son entretenidos y tan inmersivos que te sirven para desconectar de las vicisitudes del devenir diario y m\u00e1s en los tiempos que vivimos.&nbsp; Esa funci\u00f3n cat\u00e1rtica sirve para prevenirnos de enfermedades mentales igual que irse de ca\u00f1as con amigos o jugar al P\u00e1del (o la dos cosas). &nbsp;Eso s\u00ed, como todo en la vida tiene que tener su justa medida y cierto autocontrol, puesto que su abuso puede conllevar a una adicci\u00f3n y dependencia como si de una droga se tratara.&nbsp; &nbsp;<\/p>\n","protected":false},"excerpt":{"rendered":"<p>Los videojuegos son una atractiva forma de aprovechar (o malgastar, seg\u00fan se vea) el tiempo libre.&nbsp; Son entretenidos y tan inmersivos que te sirven para desconectar de las vicisitudes del devenir diario y m\u00e1s&#46;&#46;&#46;<\/p>\n","protected":false},"author":12771,"featured_media":0,"parent":0,"menu_order":0,"comment_status":"closed","ping_status":"closed","template":"","meta":{"ngg_post_thumbnail":0,"footnotes":""},"aioseo_notices":[],"_links":{"self":[{"href":"https:\/\/blogsaverroes.juntadeandalucia.es\/davidbeato\/wp-json\/wp\/v2\/pages\/65"}],"collection":[{"href":"https:\/\/blogsaverroes.juntadeandalucia.es\/davidbeato\/wp-json\/wp\/v2\/pages"}],"about":[{"href":"https:\/\/blogsaverroes.juntadeandalucia.es\/davidbeato\/wp-json\/wp\/v2\/types\/page"}],"author":[{"embeddable":true,"href":"https:\/\/blogsaverroes.juntadeandalucia.es\/davidbeato\/wp-json\/wp\/v2\/users\/12771"}],"replies":[{"embeddable":true,"href":"https:\/\/blogsaverroes.juntadeandalucia.es\/davidbeato\/wp-json\/wp\/v2\/comments?post=65"}],"version-history":[{"count":4,"href":"https:\/\/blogsaverroes.juntadeandalucia.es\/davidbeato\/wp-json\/wp\/v2\/pages\/65\/revisions"}],"predecessor-version":[{"id":393,"href":"https:\/\/blogsaverroes.juntadeandalucia.es\/davidbeato\/wp-json\/wp\/v2\/pages\/65\/revisions\/393"}],"wp:attachment":[{"href":"https:\/\/blogsaverroes.juntadeandalucia.es\/davidbeato\/wp-json\/wp\/v2\/media?parent=65"}],"curies":[{"name":"wp","href":"https:\/\/api.w.org\/{rel}","templated":true}]}}