{"id":151,"date":"2021-03-29T17:33:11","date_gmt":"2021-03-29T17:33:11","guid":{"rendered":"https:\/\/blogsaverroes.juntadeandalucia.es\/deamalaga\/?page_id=151"},"modified":"2022-07-02T22:45:13","modified_gmt":"2022-07-02T22:45:13","slug":"web-recomendadas","status":"publish","type":"page","link":"https:\/\/blogsaverroes.juntadeandalucia.es\/deamalaga\/web-recomendadas\/","title":{"rendered":"WEB RECOMENDADAS"},"content":{"rendered":"<p style=\"text-align: center\"><strong><span style=\"color: #993366\">WEBS DE REFERENCIA PARA ACTUALIZACI\u00d3N CIENT\u00cdFICA<\/span><\/strong><\/p>\n<p><img loading=\"lazy\" decoding=\"async\" class=\"size-medium wp-image-725 alignright\" src=\"https:\/\/blogsaverroes.juntadeandalucia.es\/deamalaga\/files\/2022\/07\/Captura-de-pantalla-2022-07-03-a-las-0.37.14-300x93.png\" alt=\"\" width=\"300\" height=\"93\" srcset=\"https:\/\/blogsaverroes.juntadeandalucia.es\/deamalaga\/files\/2022\/07\/Captura-de-pantalla-2022-07-03-a-las-0.37.14-300x93.png 300w, https:\/\/blogsaverroes.juntadeandalucia.es\/deamalaga\/files\/2022\/07\/Captura-de-pantalla-2022-07-03-a-las-0.37.14-1024x316.png 1024w, https:\/\/blogsaverroes.juntadeandalucia.es\/deamalaga\/files\/2022\/07\/Captura-de-pantalla-2022-07-03-a-las-0.37.14-768x237.png 768w, https:\/\/blogsaverroes.juntadeandalucia.es\/deamalaga\/files\/2022\/07\/Captura-de-pantalla-2022-07-03-a-las-0.37.14-1536x474.png 1536w, https:\/\/blogsaverroes.juntadeandalucia.es\/deamalaga\/files\/2022\/07\/Captura-de-pantalla-2022-07-03-a-las-0.37.14.png 1782w\" sizes=\"(max-width: 300px) 100vw, 300px\" \/><\/p>\n<ul style=\"list-style-type: square\">\n<li style=\"text-align: justify\"><strong><a href=\"https:\/\/delaevidenciaalaula.wordpress.com\/dislexia\/\" target=\"_blank\" rel=\"noopener noreferrer\"><em><span style=\"color: #3366ff\">&#8220;De la evidencia al aula&#8221;.<\/span><\/em><\/a><\/strong> Blog de la Doctora en educaci\u00f3n <strong><em>Milagros M. Tapia Montesinos.&nbsp;<\/em><\/strong>Referencia en divulgaci\u00f3n de teor\u00edas actualizadas sobre la lectura y la dislexia. Se encontrar\u00e1 entradas relevantes tanto a nivel te\u00f3rico como recursos y materiales pr\u00e1cticos.<\/li>\n<\/ul>\n<p><img loading=\"lazy\" decoding=\"async\" class=\"size-medium wp-image-724 alignright\" src=\"https:\/\/blogsaverroes.juntadeandalucia.es\/deamalaga\/files\/2022\/07\/Captura-de-pantalla-2022-07-03-a-las-0.37.56-300x163.png\" alt=\"\" width=\"300\" height=\"163\" srcset=\"https:\/\/blogsaverroes.juntadeandalucia.es\/deamalaga\/files\/2022\/07\/Captura-de-pantalla-2022-07-03-a-las-0.37.56-300x163.png 300w, https:\/\/blogsaverroes.juntadeandalucia.es\/deamalaga\/files\/2022\/07\/Captura-de-pantalla-2022-07-03-a-las-0.37.56-1024x558.png 1024w, https:\/\/blogsaverroes.juntadeandalucia.es\/deamalaga\/files\/2022\/07\/Captura-de-pantalla-2022-07-03-a-las-0.37.56-768x418.png 768w, https:\/\/blogsaverroes.juntadeandalucia.es\/deamalaga\/files\/2022\/07\/Captura-de-pantalla-2022-07-03-a-las-0.37.56.png 1300w\" sizes=\"(max-width: 300px) 100vw, 300px\" \/><\/p>\n<ul style=\"list-style-type: square\">\n<li style=\"text-align: justify\"><strong><a href=\"http:\/\/dificultadesespecificasdelaprendizaje.blogspot.com\/\" target=\"_blank\" rel=\"noopener noreferrer\"><span style=\"color: #3366ff\"><em>&#8220;Dificultades espec\u00edficas de aprendizaje&#8221;<\/em><\/span><\/a><\/strong> Blog de <strong><em>Juli\u00e1n Palaz\u00f3n<\/em><\/strong>. Pedagogo especializado en intervenci\u00f3n e investigaci\u00f3n en DEA. Coordinador del Grupo Indea. Referencia para actualizaci\u00f3n te\u00f3rica en las DEA, con gran profundidad en la intervenci\u00f3n basada en la evidencia. An\u00e1lisis muy pormenorizado de las ultimas investigaciones, art\u00edculos y metaan\u00e1lisis como base para la atenci\u00f3n educativa al alumnado NEAE DEA.<\/li>\n<\/ul>\n<p><img loading=\"lazy\" decoding=\"async\" class=\"size-medium wp-image-723 alignright\" src=\"https:\/\/blogsaverroes.juntadeandalucia.es\/deamalaga\/files\/2022\/07\/Captura-de-pantalla-2022-07-03-a-las-0.38.28-300x129.png\" alt=\"\" width=\"300\" height=\"129\" srcset=\"https:\/\/blogsaverroes.juntadeandalucia.es\/deamalaga\/files\/2022\/07\/Captura-de-pantalla-2022-07-03-a-las-0.38.28-300x129.png 300w, https:\/\/blogsaverroes.juntadeandalucia.es\/deamalaga\/files\/2022\/07\/Captura-de-pantalla-2022-07-03-a-las-0.38.28-1024x441.png 1024w, https:\/\/blogsaverroes.juntadeandalucia.es\/deamalaga\/files\/2022\/07\/Captura-de-pantalla-2022-07-03-a-las-0.38.28-768x331.png 768w, https:\/\/blogsaverroes.juntadeandalucia.es\/deamalaga\/files\/2022\/07\/Captura-de-pantalla-2022-07-03-a-las-0.38.28-1536x662.png 1536w, https:\/\/blogsaverroes.juntadeandalucia.es\/deamalaga\/files\/2022\/07\/Captura-de-pantalla-2022-07-03-a-las-0.38.28.png 1968w\" sizes=\"(max-width: 300px) 100vw, 300px\" \/><\/p>\n<ul style=\"list-style-type: square\">\n<li style=\"text-align: justify\"><strong><a href=\"https:\/\/clbe.wordpress.com\/\" target=\"_blank\" rel=\"noopener noreferrer\"><span style=\"color: #3366ff\"><em>&#8220;Comprensi\u00f3n lectora basada en evidencias&#8221;<\/em><\/span><\/a> <\/strong>Blog de <em><strong>J<\/strong><strong>uan Cruz Ripoll.<\/strong><\/em> Doctor en Educaci\u00f3n, psicopedagogo, maestro, orientador y profesor asociado en la Universidad de Navarra. Contenidos con excelente profundidad sobre lectura y comprensi\u00f3n lectora, referencias te\u00f3ricas, materiales pr\u00e1cticos, instrumentos de evaluaci\u00f3n, etc. Autor de art\u00edculos y libros que son fundamentales en el \u00e1mbito de la lectura.<\/li>\n<\/ul>\n<p><img loading=\"lazy\" decoding=\"async\" class=\"size-medium wp-image-722 alignright\" src=\"https:\/\/blogsaverroes.juntadeandalucia.es\/deamalaga\/files\/2022\/07\/Captura-de-pantalla-2022-07-03-a-las-0.39.29-300x118.png\" alt=\"\" width=\"300\" height=\"118\" srcset=\"https:\/\/blogsaverroes.juntadeandalucia.es\/deamalaga\/files\/2022\/07\/Captura-de-pantalla-2022-07-03-a-las-0.39.29-300x118.png 300w, https:\/\/blogsaverroes.juntadeandalucia.es\/deamalaga\/files\/2022\/07\/Captura-de-pantalla-2022-07-03-a-las-0.39.29-1024x402.png 1024w, https:\/\/blogsaverroes.juntadeandalucia.es\/deamalaga\/files\/2022\/07\/Captura-de-pantalla-2022-07-03-a-las-0.39.29-768x302.png 768w, https:\/\/blogsaverroes.juntadeandalucia.es\/deamalaga\/files\/2022\/07\/Captura-de-pantalla-2022-07-03-a-las-0.39.29-1536x603.png 1536w, https:\/\/blogsaverroes.juntadeandalucia.es\/deamalaga\/files\/2022\/07\/Captura-de-pantalla-2022-07-03-a-las-0.39.29-2048x805.png 2048w\" sizes=\"(max-width: 300px) 100vw, 300px\" \/><\/p>\n<ul style=\"list-style-type: square\">\n<li style=\"text-align: justify\"><strong><em><a href=\"https:\/\/comprension-lectora.org\/\" target=\"_blank\" rel=\"noopener noreferrer\"><span style=\"color: #3366ff\">&#8220;Comprensi\u00f3n lectora&#8221;<\/span><\/a><\/em><\/strong>. Web de <em><strong>Andr\u00e9s Calero<\/strong><\/em>. Maestro y psic\u00f3logo educativo en Madrid y Cuidad Real. Autor de libros y art\u00edculos sobre la conciencia fonol\u00f3gica&nbsp; y la ense\u00f1anza de estrategias de comprensi\u00f3n lectora con el alumnado de Educaci\u00f3n Primaria. Ofrece a los docentes de Educaci\u00f3n Primaria aportaciones te\u00f3rico-pr\u00e1cticas sobre la ense\u00f1anza directa de estrategias cognitivas y metacognitivas de comprensi\u00f3n lectora.<\/li>\n<\/ul>\n","protected":false},"excerpt":{"rendered":"<p>WEBS DE REFERENCIA PARA ACTUALIZACI\u00d3N CIENT\u00cdFICA &#8220;De la evidencia al aula&#8221;. Blog de la Doctora en educaci\u00f3n Milagros M. Tapia Montesinos.&nbsp;Referencia en divulgaci\u00f3n de teor\u00edas actualizadas sobre la lectura y la dislexia. Se encontrar\u00e1&#46;&#46;&#46;<\/p>\n","protected":false},"author":11975,"featured_media":0,"parent":0,"menu_order":0,"comment_status":"closed","ping_status":"closed","template":"","meta":{"ngg_post_thumbnail":0,"footnotes":""},"aioseo_notices":[],"post_mailing_queue_ids":[],"_links":{"self":[{"href":"https:\/\/blogsaverroes.juntadeandalucia.es\/deamalaga\/wp-json\/wp\/v2\/pages\/151"}],"collection":[{"href":"https:\/\/blogsaverroes.juntadeandalucia.es\/deamalaga\/wp-json\/wp\/v2\/pages"}],"about":[{"href":"https:\/\/blogsaverroes.juntadeandalucia.es\/deamalaga\/wp-json\/wp\/v2\/types\/page"}],"author":[{"embeddable":true,"href":"https:\/\/blogsaverroes.juntadeandalucia.es\/deamalaga\/wp-json\/wp\/v2\/users\/11975"}],"replies":[{"embeddable":true,"href":"https:\/\/blogsaverroes.juntadeandalucia.es\/deamalaga\/wp-json\/wp\/v2\/comments?post=151"}],"version-history":[{"count":7,"href":"https:\/\/blogsaverroes.juntadeandalucia.es\/deamalaga\/wp-json\/wp\/v2\/pages\/151\/revisions"}],"predecessor-version":[{"id":726,"href":"https:\/\/blogsaverroes.juntadeandalucia.es\/deamalaga\/wp-json\/wp\/v2\/pages\/151\/revisions\/726"}],"wp:attachment":[{"href":"https:\/\/blogsaverroes.juntadeandalucia.es\/deamalaga\/wp-json\/wp\/v2\/media?parent=151"}],"curies":[{"name":"wp","href":"https:\/\/api.w.org\/{rel}","templated":true}]}}