{"id":153,"date":"2021-03-29T17:33:11","date_gmt":"2021-03-29T17:33:11","guid":{"rendered":"https:\/\/blogsaverroes.juntadeandalucia.es\/deamalaga\/?page_id=153"},"modified":"2022-03-23T12:22:37","modified_gmt":"2022-03-23T12:22:37","slug":"bibliografia","status":"publish","type":"page","link":"https:\/\/blogsaverroes.juntadeandalucia.es\/deamalaga\/bibliografia\/","title":{"rendered":"BIBLIOGRAF\u00cdA"},"content":{"rendered":"<p style=\"text-align: center\"><strong><span style=\"font-size: 18pt;color: #993366\">BIBLIOGRAF\u00cdA GENERAL RECOMENDADA<\/span><\/strong><\/p>\n<ul style=\"list-style-type: disc\">\n<li><span style=\"color: #000000\">Romero, J.F., Lavigne R., Luque, D., Rodr\u00edguez, G. (2016). Dificultades en el Aprendizaje: Unificaci\u00f3n de Criterios Diagn\u00f3sticos (Volumen I, II, II). Junta de Andaluc\u00eda. Consejer\u00eda de Educaci\u00f3n.<\/span>\n<ul>\n<li><span style=\"color: #3366ff\"><a style=\"color: #3366ff\" href=\"https:\/\/www.uma.es\/media\/files\/LIBRO_I.pdf\" target=\"_blank\" rel=\"noopener noreferrer\">Vol I. Definici\u00f3n, caracter\u00edsticas y tipos.<\/a><\/span><\/li>\n<li><span style=\"color: #3366ff\"><a style=\"color: #3366ff\" href=\"https:\/\/www.uma.es\/media\/files\/LIBRO_II.pdf\" target=\"_blank\" rel=\"noopener noreferrer\">Vol II. Procedimientos de evaluaci\u00f3n y diagn\u00f3sticos.<\/a><\/span><\/li>\n<li><span style=\"color: #3366ff\"><a style=\"color: #3366ff\" href=\"https:\/\/www.uma.es\/media\/files\/LIBRO_III.pdf\" target=\"_blank\" rel=\"noopener noreferrer\">Vol III. Criterios de Intervenci\u00f3n Pedag\u00f3gica<\/a><\/span><\/li>\n<\/ul>\n<\/li>\n<\/ul>\n<p>&nbsp;<\/p>\n<ul style=\"list-style-type: disc\">\n<li><span style=\"color: #0000ff\"><a style=\"color: #0000ff\" href=\"https:\/\/blogsaverroes.juntadeandalucia.es\/deamalaga\/files\/2021\/11\/AOSMA-29_Dislexia.pdf\" target=\"_blank\" rel=\"noopener noreferrer\">&nbsp;Dislexia a partir de la conferencia impartida por Fernando Cuetos. <\/a><\/span><span style=\"color: #000000\">Articulo de la Revista AOSMA n\u00ba 29. (Esperanza Samaniego y Gema M. Luna. 2020)<\/span><\/li>\n<li><span style=\"color: #3366ff\"><a style=\"color: #3366ff\" href=\"https:\/\/sid.usal.es\/idocs\/F8\/FDO26768\/atencion_alumnado_dislexia.pdf\" target=\"_blank\" rel=\"noopener noreferrer\">MECD (2012). La atenci\u00f3n al alumnado con dislexia en el sistema educativo en el contexto de las necesidades espec\u00edficas de apoyo educativo. Colecci\u00f3n Euryduce Espa\u00f1a-Redie.&nbsp;Edita: Secretar\u00eda General T\u00e9cnica.<\/a><\/span><\/li>\n<li><span style=\"color: #0000ff\"><a style=\"color: #0000ff\" href=\"https:\/\/blogsaverroes.juntadeandalucia.es\/deamalaga\/files\/2022\/03\/Lectura-y-dificultades-lectoras-en-el-siglo-XXI.pdf\" target=\"_blank\" rel=\"noopener noreferrer\">Lectura y dificultades lectoras en el siglo XXI<\/a><span style=\"color: #000000\">(<\/span><\/span><span style=\"color: #000000\">Coodinado por Antonio D\u00edez Mediavilla y Ra\u00fal Guti\u00e9rrez Fresneda).<\/span><\/li>\n<\/ul>\n","protected":false},"excerpt":{"rendered":"<p>BIBLIOGRAF\u00cdA GENERAL RECOMENDADA Romero, J.F., Lavigne R., Luque, D., Rodr\u00edguez, G. (2016). Dificultades en el Aprendizaje: Unificaci\u00f3n de Criterios Diagn\u00f3sticos (Volumen I, II, II). Junta de Andaluc\u00eda. Consejer\u00eda de Educaci\u00f3n. Vol I. Definici\u00f3n, caracter\u00edsticas&#46;&#46;&#46;<\/p>\n","protected":false},"author":11975,"featured_media":0,"parent":0,"menu_order":0,"comment_status":"closed","ping_status":"closed","template":"","meta":{"ngg_post_thumbnail":0,"footnotes":""},"aioseo_notices":[],"post_mailing_queue_ids":[],"_links":{"self":[{"href":"https:\/\/blogsaverroes.juntadeandalucia.es\/deamalaga\/wp-json\/wp\/v2\/pages\/153"}],"collection":[{"href":"https:\/\/blogsaverroes.juntadeandalucia.es\/deamalaga\/wp-json\/wp\/v2\/pages"}],"about":[{"href":"https:\/\/blogsaverroes.juntadeandalucia.es\/deamalaga\/wp-json\/wp\/v2\/types\/page"}],"author":[{"embeddable":true,"href":"https:\/\/blogsaverroes.juntadeandalucia.es\/deamalaga\/wp-json\/wp\/v2\/users\/11975"}],"replies":[{"embeddable":true,"href":"https:\/\/blogsaverroes.juntadeandalucia.es\/deamalaga\/wp-json\/wp\/v2\/comments?post=153"}],"version-history":[{"count":17,"href":"https:\/\/blogsaverroes.juntadeandalucia.es\/deamalaga\/wp-json\/wp\/v2\/pages\/153\/revisions"}],"predecessor-version":[{"id":623,"href":"https:\/\/blogsaverroes.juntadeandalucia.es\/deamalaga\/wp-json\/wp\/v2\/pages\/153\/revisions\/623"}],"wp:attachment":[{"href":"https:\/\/blogsaverroes.juntadeandalucia.es\/deamalaga\/wp-json\/wp\/v2\/media?parent=153"}],"curies":[{"name":"wp","href":"https:\/\/api.w.org\/{rel}","templated":true}]}}