{"id":216,"date":"2021-03-29T20:46:26","date_gmt":"2021-03-29T20:46:26","guid":{"rendered":"https:\/\/blogsaverroes.juntadeandalucia.es\/deamalaga\/?page_id=216"},"modified":"2021-05-03T15:32:24","modified_gmt":"2021-05-03T15:32:24","slug":"programas-atencion-diversidad","status":"publish","type":"page","link":"https:\/\/blogsaverroes.juntadeandalucia.es\/deamalaga\/programas-atencion-diversidad\/","title":{"rendered":"PROGRAMAS ATENCI\u00d3N DIVERSIDAD"},"content":{"rendered":"<p align=\"center\"><span style=\"color: #ff0000\">Pendiente de concreci\u00f3n y actualizaci\u00f3n para el curso 2021\/22 en base a:<\/span><\/p>\n<p style=\"text-align: justify\" align=\"center\"><em>*<span style=\"color: #3366ff\"> <a style=\"color: #3366ff\" href=\"https:\/\/www.juntadeandalucia.es\/boja\/2021\/507\/BOJA21-507-00222-622-01_00184586.pdf\" target=\"_blank\" rel=\"noopener noreferrer\"><strong>Orden de 15 de enero de 2021<\/strong><\/a><\/span>, <span style=\"color: #000000\">por la que se desarrolla el curr\u00edculo correspondiente a la etapa de <strong>Educaci\u00f3n Primaria<\/strong> en la Comunidad Aut\u00f3noma de Andaluc\u00eda, se regulan determinados aspectos de la atenci\u00f3n a la diversidad, se establece la ordenaci\u00f3n de la evaluaci\u00f3n del proceso de aprendizaje del alumnado y se determina el proceso de tr\u00e1nsito entre distintas etapas educativas. (Cap\u00edtulo III)<\/span><\/em><\/p>\n<p style=\"text-align: justify\" align=\"center\"><a href=\"https:\/\/www.juntadeandalucia.es\/boja\/2021\/507\/BOJA21-507-00138-624-01_00184588.pdf\" target=\"_blank\" rel=\"noopener noreferrer\"><em>*<\/em><\/a><span style=\"color: #3366ff\"><a style=\"color: #3366ff\" href=\"https:\/\/www.juntadeandalucia.es\/boja\/2021\/507\/BOJA21-507-00138-624-01_00184588.pdf\" target=\"_blank\" rel=\"noopener noreferrer\"><em><strong>Orden de 15 de enero de 2021<\/strong><\/em><\/a><\/span><em>, p<span style=\"color: #000000\">or la que se desarrolla el curr\u00edculo correspondiente a la etapa de <strong>Educaci\u00f3n Secundaria Obligatoria<\/strong> en la Comunidad Aut\u00f3noma de Andaluc\u00eda, se regulan determinados aspectos de la atenci\u00f3n a la diversidad, se establece la ordenaci\u00f3n de la evaluaci\u00f3n del proceso de aprendizaje del alumnado y se determina el proceso de tr\u00e1nsito entre distintas etapas educativas. (Cap\u00edtulo III)<\/span><\/em><\/p>\n<p style=\"text-align: justify\" align=\"center\"><em>*<span style=\"color: #3366ff\"><a style=\"color: #3366ff\" href=\"https:\/\/www.juntadeandalucia.es\/boja\/2021\/507\/2\" target=\"_blank\" rel=\"noopener noreferrer\"><strong>Orden de 15 de enero de 2021<\/strong>,<\/a><\/span> <span style=\"color: #000000\">por la que se desarrolla el curr\u00edculo correspondiente a la etapa de <strong>Bachillerato<\/strong> en la Comunidad Aut\u00f3noma de Andaluc\u00eda, se regulan determinados aspectos de la atenci\u00f3n a la diversidad y se establece la ordenaci\u00f3n de la evaluaci\u00f3n del proceso de aprendizaje del alumnado. (Cap\u00edtulo III).<\/span><\/em><\/p>\n<p style=\"text-align: justify\" align=\"center\"><em><strong>* <\/strong><span style=\"color: #3366ff\"><a style=\"color: #3366ff\" href=\"https:\/\/www.juntadeandalucia.es\/educacion\/portals\/delegate\/content\/7cfd047c-8e10-48cf-aaae-86e721b26f2f\/Correcci%C3%B3n%20de%20errores%20de%20las%20Instrucciones%20de%208%20de%20marzo%20de%202021\" target=\"_blank\" rel=\"noopener noreferrer\">Correcci\u00f3n de errores de<strong> Instrucciones de 8 de marzo 2021<\/strong> <\/a><\/span><span style=\"color: #000000\">de la Direcci\u00f3n General de Atenci\u00f3n a la diversidad, Participaci\u00f3n y Convivencia Escolar sobre el procedimiento para el registro y actualizaci\u00f3n de datos en el modulo de gesti\u00f3n de la orientaci\u00f3n del sistema de informaci\u00f3n S\u00e9neca.<\/span><\/em><\/p>\n<p style=\"text-align: justify\" align=\"center\"><span style=\"color: #3366ff\"><strong><em><a style=\"color: #3366ff\" href=\"https:\/\/blogsaverroes.juntadeandalucia.es\/deamalaga\/files\/2021\/05\/1_-Aclaracion-Programas-de-Atencion-a-la-Diversidad-1.pdf\" target=\"_blank\" rel=\"noopener noreferrer\">*Aclaraci\u00f3n <\/a><\/em><\/strong><\/span>relativa a los Programas de Atenci\u00f3n a la Diversidad establecidos en las \u00d3rdenes de 15 de enero 2021 para las etapas de Ee. Primaria, ESO y Bachillerato (03\/05\/2021).<\/p>\n<p align=\"center\"><span style=\"color: #000000\">PROGRAMAS DE REFUERZO DE APRENDIZAJE: para el alumnado con NEAE se incluir\u00e1n en S\u00e9neca en el apartado habilitado para los mismos y sustituir\u00e1n a las Adaptaciones curriculares no significativas.<\/span><\/p>\n","protected":false},"excerpt":{"rendered":"<p>Pendiente de concreci\u00f3n y actualizaci\u00f3n para el curso 2021\/22 en base a: * Orden de 15 de enero de 2021, por la que se desarrolla el curr\u00edculo correspondiente a la etapa de Educaci\u00f3n Primaria&#46;&#46;&#46;<\/p>\n","protected":false},"author":11975,"featured_media":0,"parent":0,"menu_order":0,"comment_status":"closed","ping_status":"closed","template":"","meta":{"ngg_post_thumbnail":0,"footnotes":""},"aioseo_notices":[],"post_mailing_queue_ids":[],"_links":{"self":[{"href":"https:\/\/blogsaverroes.juntadeandalucia.es\/deamalaga\/wp-json\/wp\/v2\/pages\/216"}],"collection":[{"href":"https:\/\/blogsaverroes.juntadeandalucia.es\/deamalaga\/wp-json\/wp\/v2\/pages"}],"about":[{"href":"https:\/\/blogsaverroes.juntadeandalucia.es\/deamalaga\/wp-json\/wp\/v2\/types\/page"}],"author":[{"embeddable":true,"href":"https:\/\/blogsaverroes.juntadeandalucia.es\/deamalaga\/wp-json\/wp\/v2\/users\/11975"}],"replies":[{"embeddable":true,"href":"https:\/\/blogsaverroes.juntadeandalucia.es\/deamalaga\/wp-json\/wp\/v2\/comments?post=216"}],"version-history":[{"count":4,"href":"https:\/\/blogsaverroes.juntadeandalucia.es\/deamalaga\/wp-json\/wp\/v2\/pages\/216\/revisions"}],"predecessor-version":[{"id":483,"href":"https:\/\/blogsaverroes.juntadeandalucia.es\/deamalaga\/wp-json\/wp\/v2\/pages\/216\/revisions\/483"}],"wp:attachment":[{"href":"https:\/\/blogsaverroes.juntadeandalucia.es\/deamalaga\/wp-json\/wp\/v2\/media?parent=216"}],"curies":[{"name":"wp","href":"https:\/\/api.w.org\/{rel}","templated":true}]}}