{"id":218,"date":"2021-03-29T20:46:26","date_gmt":"2021-03-29T20:46:26","guid":{"rendered":"https:\/\/blogsaverroes.juntadeandalucia.es\/deamalaga\/?page_id=218"},"modified":"2021-04-02T11:13:56","modified_gmt":"2021-04-02T11:13:56","slug":"programas-refuerzo-aprendizaje","status":"publish","type":"page","link":"https:\/\/blogsaverroes.juntadeandalucia.es\/deamalaga\/programas-refuerzo-aprendizaje\/","title":{"rendered":"PROGRAMAS REFUERZO APRENDIZAJE"},"content":{"rendered":"<p style=\"text-align: center\"><span style=\"color: #ff0000\">Pendiente de concreci\u00f3n y actualizaci\u00f3n para el curso 2021\/22.<\/span><\/p>\n<p><span style=\"color: #000000\">PROGRAMAS DE REFUERZO DE APRENDIZAJE: para el alumnado con NEAE se incluir\u00e1n en S\u00e9neca en el apartado habilitado para los mismos y sustituir\u00e1n a las Adaptaciones curriculares no significativas.<\/span><\/p>\n","protected":false},"excerpt":{"rendered":"<p>Pendiente de concreci\u00f3n y actualizaci\u00f3n para el curso 2021\/22. PROGRAMAS DE REFUERZO DE APRENDIZAJE: para el alumnado con NEAE se incluir\u00e1n en S\u00e9neca en el apartado habilitado para los mismos y sustituir\u00e1n a las&#46;&#46;&#46;<\/p>\n","protected":false},"author":11975,"featured_media":0,"parent":0,"menu_order":0,"comment_status":"closed","ping_status":"closed","template":"","meta":{"ngg_post_thumbnail":0,"footnotes":""},"aioseo_notices":[],"post_mailing_queue_ids":[],"_links":{"self":[{"href":"https:\/\/blogsaverroes.juntadeandalucia.es\/deamalaga\/wp-json\/wp\/v2\/pages\/218"}],"collection":[{"href":"https:\/\/blogsaverroes.juntadeandalucia.es\/deamalaga\/wp-json\/wp\/v2\/pages"}],"about":[{"href":"https:\/\/blogsaverroes.juntadeandalucia.es\/deamalaga\/wp-json\/wp\/v2\/types\/page"}],"author":[{"embeddable":true,"href":"https:\/\/blogsaverroes.juntadeandalucia.es\/deamalaga\/wp-json\/wp\/v2\/users\/11975"}],"replies":[{"embeddable":true,"href":"https:\/\/blogsaverroes.juntadeandalucia.es\/deamalaga\/wp-json\/wp\/v2\/comments?post=218"}],"version-history":[{"count":2,"href":"https:\/\/blogsaverroes.juntadeandalucia.es\/deamalaga\/wp-json\/wp\/v2\/pages\/218\/revisions"}],"predecessor-version":[{"id":312,"href":"https:\/\/blogsaverroes.juntadeandalucia.es\/deamalaga\/wp-json\/wp\/v2\/pages\/218\/revisions\/312"}],"wp:attachment":[{"href":"https:\/\/blogsaverroes.juntadeandalucia.es\/deamalaga\/wp-json\/wp\/v2\/media?parent=218"}],"curies":[{"name":"wp","href":"https:\/\/api.w.org\/{rel}","templated":true}]}}