{"id":149,"date":"2020-12-28T13:46:00","date_gmt":"2020-12-28T12:46:00","guid":{"rendered":"https:\/\/blogsaverroes.juntadeandalucia.es\/delatorre\/?page_id=149"},"modified":"2020-12-28T13:46:00","modified_gmt":"2020-12-28T12:46:00","slug":"alumnado-con-dificultades-de-aprendizaje","status":"publish","type":"page","link":"https:\/\/blogsaverroes.juntadeandalucia.es\/delatorre\/alumnado-con-dificultades-de-aprendizaje\/","title":{"rendered":"ALUMNADO CON DIFICULTADES DE APRENDIZAJE"},"content":{"rendered":"<p>Alumnado que requiere, por un periodo de escolarizaci\u00f3n o a lo largo de toda ella, una atenci\u00f3n educativa diferente a la ordinaria por presentar des\u00f3rdenes significativos en los procesos cognitivos b\u00e1sicos implicados en los procesos de aprendizaje, que interfieren significativamente en el rendimiento escolar y en las actividades de la vida cotidiana del alumno o alumna y que no vienen determinados por una discapacidad<br \/>\nintelectual, sensorial o mot\u00f3rica, por un trastorno emocional grave, ni por falta de oportunidades para el<br \/>\naprendizaje o por factores socioculturales. Por tanto, pueden presentarse simult\u00e1neamente pero no son el resultado de estas condiciones.<\/p>\n<p>Se entiende que interfieren significativamente en el rendimiento escolar cuando el alumno o alumna presenta desfase curricular (en el ritmo de aprendizaje y desarrollo que implique una atenci\u00f3n m\u00e1s personalizada, en el 2\u00ba ciclo de educaci\u00f3n infantil; de al menos un curso, en la etapa de educaci\u00f3n primaria; de al menos dos cursos en educaci\u00f3n secundaria) en relaci\u00f3n con lo establecido en el Proyecto Educativo del centro o retrasos significativos en los procesos de lectura, escritura, c\u00e1lculo, expresi\u00f3n o comprensi\u00f3n.<\/p>\n<p>Las Instrucciones del 8 de marzo de 2017 recogen los siguientes grupos:<\/p>\n<ul>\n<li>Dificultad espec\u00edfica de aprendizaje<\/li>\n<li>Dificultad de aprendizaje por retraso del lenguaje<\/li>\n<li>Dificultad de aprendizaje por capacidad intelectual l\u00edmite<\/li>\n<li>Dificultades de aprendizaje derivadas de trastornos de d\u00e9ficit de atenci\u00f3n con o sin hiperactividad<\/li>\n<\/ul>\n<p>Para acceder a las Instrucciones del 8 de marzo de 2017:<a href=\"https:\/\/blogsaverroes.juntadeandalucia.es\/delatorre\/files\/2020\/12\/Instrucciones-08-03-2017-Actualizaci\u00f3n-protocolo-alumnado-NEAE.pdf\">Instrucciones 08-03-2017 &#8211; Actualizaci\u00f3n protocolo alumnado NEAE<\/a><\/p>\n","protected":false},"excerpt":{"rendered":"<p>Alumnado que requiere, por un periodo de escolarizaci\u00f3n o a lo largo de toda ella, una atenci\u00f3n educativa diferente a la ordinaria por presentar des\u00f3rdenes significativos en los procesos cognitivos b\u00e1sicos implicados en los&#46;&#46;&#46;<\/p>\n","protected":false},"author":9943,"featured_media":0,"parent":0,"menu_order":0,"comment_status":"closed","ping_status":"closed","template":"","meta":{"ngg_post_thumbnail":0,"footnotes":""},"aioseo_notices":[],"_links":{"self":[{"href":"https:\/\/blogsaverroes.juntadeandalucia.es\/delatorre\/wp-json\/wp\/v2\/pages\/149"}],"collection":[{"href":"https:\/\/blogsaverroes.juntadeandalucia.es\/delatorre\/wp-json\/wp\/v2\/pages"}],"about":[{"href":"https:\/\/blogsaverroes.juntadeandalucia.es\/delatorre\/wp-json\/wp\/v2\/types\/page"}],"author":[{"embeddable":true,"href":"https:\/\/blogsaverroes.juntadeandalucia.es\/delatorre\/wp-json\/wp\/v2\/users\/9943"}],"replies":[{"embeddable":true,"href":"https:\/\/blogsaverroes.juntadeandalucia.es\/delatorre\/wp-json\/wp\/v2\/comments?post=149"}],"version-history":[{"count":1,"href":"https:\/\/blogsaverroes.juntadeandalucia.es\/delatorre\/wp-json\/wp\/v2\/pages\/149\/revisions"}],"predecessor-version":[{"id":150,"href":"https:\/\/blogsaverroes.juntadeandalucia.es\/delatorre\/wp-json\/wp\/v2\/pages\/149\/revisions\/150"}],"wp:attachment":[{"href":"https:\/\/blogsaverroes.juntadeandalucia.es\/delatorre\/wp-json\/wp\/v2\/media?parent=149"}],"curies":[{"name":"wp","href":"https:\/\/api.w.org\/{rel}","templated":true}]}}