{"id":1035,"date":"2020-11-24T11:46:41","date_gmt":"2020-11-24T10:46:41","guid":{"rendered":"https:\/\/blogsaverroes.juntadeandalucia.es\/delegacioneducaciongranada\/?page_id=1035"},"modified":"2024-09-16T13:46:00","modified_gmt":"2024-09-16T11:46:00","slug":"transformacion-digital-educativa-tde","status":"publish","type":"page","link":"https:\/\/blogsaverroes.juntadeandalucia.es\/delegacioneducaciongranada\/planes-y-programas\/transformacion-digital-educativa-tde\/","title":{"rendered":"Transformaci\u00f3n Digital Educativa (TDE)"},"content":{"rendered":"<p style=\"text-align: justify\"><img loading=\"lazy\" decoding=\"async\" class=\" wp-image-1000 alignleft\" src=\"https:\/\/blogsaverroes.juntadeandalucia.es\/delegacioneducaciongranada\/files\/2020\/11\/unnamed-13.png\" alt=\"\" width=\"160\" height=\"160\" srcset=\"https:\/\/blogsaverroes.juntadeandalucia.es\/delegacioneducaciongranada\/files\/2020\/11\/unnamed-13.png 393w, https:\/\/blogsaverroes.juntadeandalucia.es\/delegacioneducaciongranada\/files\/2020\/11\/unnamed-13-300x300.png 300w, https:\/\/blogsaverroes.juntadeandalucia.es\/delegacioneducaciongranada\/files\/2020\/11\/unnamed-13-150x150.png 150w, https:\/\/blogsaverroes.juntadeandalucia.es\/delegacioneducaciongranada\/files\/2020\/11\/unnamed-13-100x100.png 100w, https:\/\/blogsaverroes.juntadeandalucia.es\/delegacioneducaciongranada\/files\/2020\/11\/unnamed-13-24x24.png 24w, https:\/\/blogsaverroes.juntadeandalucia.es\/delegacioneducaciongranada\/files\/2020\/11\/unnamed-13-36x36.png 36w, https:\/\/blogsaverroes.juntadeandalucia.es\/delegacioneducaciongranada\/files\/2020\/11\/unnamed-13-48x48.png 48w\" sizes=\"(max-width: 160px) 100vw, 160px\" \/>El proceso de transformaci\u00f3n digital educativa en Andaluc\u00eda (#<span class=\"il\">TDE<\/span>) tiene por objetivo poner a disposici\u00f3n de los centros educativos una serie de recursos destinados a apoyar la labor del profesorado, de forma que las ideas innovadoras y las actuaciones creativas en cualquiera de los tres \u00e1mbitos (Organizaci\u00f3n de centro, Informaci\u00f3n y Comunicaci\u00f3n y Procesos de Ense\u00f1anza-Aprendizaje) contribuyan a afrontar los retos derivados de los cambios que nuestra sociedad actual requiere.<\/p>\n<p style=\"text-align: justify\">Este punto de partida implica adoptar nuevos planteamientos que mejoren los logros alcanzados con el Plan Escuela TIC 2.0 o el Programa para la digitalizaci\u00f3n de centros, #PRODIG,&nbsp; para avanzar hacia modelos m\u00e1s hol\u00edsticos y pr\u00f3ximos al entorno comunitario, tomando como referentes los Marcos Europeos para la Competencia Digital de centros educativos (DigCompOrg), del profesorado (DigCompEdu) y del alumnado y resto de sectores de la comunidad educativa (DigComp).<\/p>\n<p><strong>Datos de contacto<\/strong><\/p>\n<p>&nbsp;<\/p>\n<p>Tfno: 958029009 \/ Corp: 129009<\/p>\n<p>&nbsp;<\/p>\n<p><strong>Enlaces<\/strong><\/p>\n<p>PORTAL<u><\/u><\/p>\n<p><a href=\"https:\/\/www.juntadeandalucia.es\/educacion\/portals\/web\/ced\/innovacion-educativa\/transformacion-digital\" target=\"_blank\" rel=\"noopener noreferrer\"><u>https:\/\/www.juntadeandalucia.es\/educacion\/portals\/web\/ced\/innovacion-educativa\/transformacion-digital<\/u><\/a><\/p>\n<p>MOODLE<\/p>\n<p><u><a href=\"https:\/\/educacionadistancia.juntadeandalucia.es\/aulavirtual\/enrol\/index.php?id=1457\" target=\"_blank\" rel=\"noopener noreferrer\">https:\/\/educacionadistancia.juntadeandalucia.es\/aulavirtual\/enrol\/index.php?id=1457<\/a><\/u><\/p>\n<table style=\"border-collapse: collapse;width: 100%\">\n<tbody>\n<tr>\n<td style=\"width: 50%;text-align: center;border-color: #0d7312;background-color: #0a7014\"><a href=\"https:\/\/blogsaverroes.juntadeandalucia.es\/delegacioneducaciongranada\/tag\/tde\/\" target=\"_blank\" rel=\"noopener noreferrer\"><span style=\"color: #ffffff;font-family: helvetica, arial, sans-serif\"><strong>ACTUALIDAD<\/strong><\/span><\/a><\/td>\n<td style=\"width: 50%;text-align: center;border-color: #0d7312;background-color: #0a7014\"><a href=\"https:\/\/blogsaverroes.juntadeandalucia.es\/delegacioneducaciongranada\/tag\/tde\/\" target=\"_blank\" rel=\"noopener noreferrer\"><span style=\"color: #ffffff;font-family: helvetica, arial, sans-serif\"><strong>EXPERIENCIAS DE CENTROS<\/strong><\/span><\/a><\/td>\n<\/tr>\n<tr>\n<td style=\"width: 50%\"><a href=\"https:\/\/blogsaverroes.juntadeandalucia.es\/delegacioneducaciongranada\/tag\/tde\/\" target=\"_blank\" rel=\"noopener noreferrer\"><img loading=\"lazy\" decoding=\"async\" class=\"wp-image-1188 aligncenter\" src=\"https:\/\/blogsaverroes.juntadeandalucia.es\/delegacioneducaciongranada\/files\/2020\/11\/magnifying-glass-97588_1280-300x293.png\" alt=\"\" width=\"180\" height=\"175\" srcset=\"https:\/\/blogsaverroes.juntadeandalucia.es\/delegacioneducaciongranada\/files\/2020\/11\/magnifying-glass-97588_1280-300x293.png 300w, https:\/\/blogsaverroes.juntadeandalucia.es\/delegacioneducaciongranada\/files\/2020\/11\/magnifying-glass-97588_1280-1024x1002.png 1024w, https:\/\/blogsaverroes.juntadeandalucia.es\/delegacioneducaciongranada\/files\/2020\/11\/magnifying-glass-97588_1280-768x751.png 768w, https:\/\/blogsaverroes.juntadeandalucia.es\/delegacioneducaciongranada\/files\/2020\/11\/magnifying-glass-97588_1280-24x24.png 24w, https:\/\/blogsaverroes.juntadeandalucia.es\/delegacioneducaciongranada\/files\/2020\/11\/magnifying-glass-97588_1280-36x36.png 36w, https:\/\/blogsaverroes.juntadeandalucia.es\/delegacioneducaciongranada\/files\/2020\/11\/magnifying-glass-97588_1280-48x48.png 48w, https:\/\/blogsaverroes.juntadeandalucia.es\/delegacioneducaciongranada\/files\/2020\/11\/magnifying-glass-97588_1280.png 1280w\" sizes=\"(max-width: 180px) 100vw, 180px\" \/><\/a><\/td>\n<td style=\"width: 50%\"><a href=\"https:\/\/blogsaverroes.juntadeandalucia.es\/delegacioneducaciongranada\/tag\/tde\/\" target=\"_blank\" rel=\"noopener noreferrer\"><img loading=\"lazy\" decoding=\"async\" class=\" wp-image-1191 aligncenter\" src=\"https:\/\/blogsaverroes.juntadeandalucia.es\/delegacioneducaciongranada\/files\/2020\/11\/alphabet-word-images-1296212_1280-1-189x300.png\" alt=\"\" width=\"110\" height=\"175\" srcset=\"https:\/\/blogsaverroes.juntadeandalucia.es\/delegacioneducaciongranada\/files\/2020\/11\/alphabet-word-images-1296212_1280-1-189x300.png 189w, https:\/\/blogsaverroes.juntadeandalucia.es\/delegacioneducaciongranada\/files\/2020\/11\/alphabet-word-images-1296212_1280-1-15x24.png 15w, https:\/\/blogsaverroes.juntadeandalucia.es\/delegacioneducaciongranada\/files\/2020\/11\/alphabet-word-images-1296212_1280-1-23x36.png 23w, https:\/\/blogsaverroes.juntadeandalucia.es\/delegacioneducaciongranada\/files\/2020\/11\/alphabet-word-images-1296212_1280-1-30x48.png 30w, https:\/\/blogsaverroes.juntadeandalucia.es\/delegacioneducaciongranada\/files\/2020\/11\/alphabet-word-images-1296212_1280-1.png 604w\" sizes=\"(max-width: 110px) 100vw, 110px\" \/><\/a><\/td>\n<\/tr>\n<\/tbody>\n<\/table>\n","protected":false},"excerpt":{"rendered":"<p>El proceso de transformaci\u00f3n digital educativa en Andaluc\u00eda (#TDE) tiene por objetivo poner a disposici\u00f3n de los centros educativos una serie de recursos destinados a apoyar la labor del profesorado, de forma que las&#46;&#46;&#46;<\/p>\n","protected":false},"author":8180,"featured_media":0,"parent":997,"menu_order":0,"comment_status":"closed","ping_status":"closed","template":"","meta":{"ngg_post_thumbnail":0,"footnotes":""},"aioseo_notices":[],"_links":{"self":[{"href":"https:\/\/blogsaverroes.juntadeandalucia.es\/delegacioneducaciongranada\/wp-json\/wp\/v2\/pages\/1035"}],"collection":[{"href":"https:\/\/blogsaverroes.juntadeandalucia.es\/delegacioneducaciongranada\/wp-json\/wp\/v2\/pages"}],"about":[{"href":"https:\/\/blogsaverroes.juntadeandalucia.es\/delegacioneducaciongranada\/wp-json\/wp\/v2\/types\/page"}],"author":[{"embeddable":true,"href":"https:\/\/blogsaverroes.juntadeandalucia.es\/delegacioneducaciongranada\/wp-json\/wp\/v2\/users\/8180"}],"replies":[{"embeddable":true,"href":"https:\/\/blogsaverroes.juntadeandalucia.es\/delegacioneducaciongranada\/wp-json\/wp\/v2\/comments?post=1035"}],"version-history":[{"count":9,"href":"https:\/\/blogsaverroes.juntadeandalucia.es\/delegacioneducaciongranada\/wp-json\/wp\/v2\/pages\/1035\/revisions"}],"predecessor-version":[{"id":3985,"href":"https:\/\/blogsaverroes.juntadeandalucia.es\/delegacioneducaciongranada\/wp-json\/wp\/v2\/pages\/1035\/revisions\/3985"}],"up":[{"embeddable":true,"href":"https:\/\/blogsaverroes.juntadeandalucia.es\/delegacioneducaciongranada\/wp-json\/wp\/v2\/pages\/997"}],"wp:attachment":[{"href":"https:\/\/blogsaverroes.juntadeandalucia.es\/delegacioneducaciongranada\/wp-json\/wp\/v2\/media?parent=1035"}],"curies":[{"name":"wp","href":"https:\/\/api.w.org\/{rel}","templated":true}]}}