{"id":1046,"date":"2020-11-24T11:52:25","date_gmt":"2020-11-24T10:52:25","guid":{"rendered":"https:\/\/blogsaverroes.juntadeandalucia.es\/delegacioneducaciongranada\/?page_id=1046"},"modified":"2024-09-16T11:15:57","modified_gmt":"2024-09-16T09:15:57","slug":"habitos-de-vida-saludable","status":"publish","type":"page","link":"https:\/\/blogsaverroes.juntadeandalucia.es\/delegacioneducaciongranada\/planes-y-programas\/habitos-de-vida-saludable\/","title":{"rendered":"H\u00e1bitos de Vida Saludable"},"content":{"rendered":"<p style=\"text-align: justify\"><strong>Descripci\u00f3n:&nbsp;<\/strong>El Programa para la Innovaci\u00f3n Educativa H\u00e1bitos de Vida Saludable (HHVS), desarrollado por la Consejer\u00eda de Educaci\u00f3n y Deporte en colaboraci\u00f3n con la Consejer\u00eda de Salud y Familias y la Consejer\u00eda de Agricultura, Ganader\u00eda, Pesca y Desarrollo Sostenible de la Junta de Andaluc\u00eda, <img loading=\"lazy\" decoding=\"async\" class=\"wp-image-1116 alignleft\" src=\"https:\/\/blogsaverroes.juntadeandalucia.es\/delegacioneducaciongranada\/files\/2020\/11\/logo.jpeg\" alt=\"\" width=\"277\" height=\"128\" srcset=\"https:\/\/blogsaverroes.juntadeandalucia.es\/delegacioneducaciongranada\/files\/2020\/11\/logo.jpeg 575w, https:\/\/blogsaverroes.juntadeandalucia.es\/delegacioneducaciongranada\/files\/2020\/11\/logo-300x139.jpeg 300w, https:\/\/blogsaverroes.juntadeandalucia.es\/delegacioneducaciongranada\/files\/2020\/11\/logo-24x11.jpeg 24w, https:\/\/blogsaverroes.juntadeandalucia.es\/delegacioneducaciongranada\/files\/2020\/11\/logo-36x17.jpeg 36w, https:\/\/blogsaverroes.juntadeandalucia.es\/delegacioneducaciongranada\/files\/2020\/11\/logo-48x22.jpeg 48w\" sizes=\"(max-width: 277px) 100vw, 277px\" \/>constituye una herramienta para el desarrollo de las competencias clave del alumnado, el intercambio de experiencias, el trabajo en equipo, la creaci\u00f3n de redes interprofesionales y el desarrollo de metodolog\u00edas innovadoras en materia de promoci\u00f3n de la salud, facilitando el tratamiento de los contenidos curriculares relacionados con el bienestar emocional, la alimentaci\u00f3n y la actividad f\u00edsica, los h\u00e1bitos de higiene y el autocuidado, la educaci\u00f3n vial, el uso responsable de las tecnolog\u00edas, o la prevenci\u00f3n del consumo de sustancias adictivas, incluidos en el Proyecto Educativo del Centro. Su caracter\u00edstica principal es que est\u00e1 concebido desde una perspectiva salutog\u00e9nica, pone el \u00e9nfasis en aquello que genera salud y no en lo que provoca enfermedad, abordando las cuatro dimensiones fundamentales en la promoci\u00f3n de la salud en la escuela como son: el curr\u00edculo, el entorno psicosocial del centro, la familia y la colaboraci\u00f3n con los recursos comunitarios que protegen y promueven el valor \u201csalud\u201d, tanto individual como colectivo en entornos solidarios, respetuosos e inclusivos.<\/p>\n<p>Este programa incluye durante el curso 2021-22 algunas novedades. Adem\u00e1s de las dos modalidades <span style=\"font-size: 12pt\">Creciendo en Salud (P2 para etapas Infantil \/ Primaria) y <\/span><span style=\"font-size: 12pt\">Forma Joven AE (P2 para la etapa Secundaria), se ampl\u00eda Creciendo en Salud para 0-3 a\u00f1os, y aparecen dos P1: \u00abEscuelas Promotoras de Salud\u00bb y \u00abEducar con 3 C\u00bb.<\/span><\/p>\n<p><strong>Datos de contacto:&nbsp;<\/strong><\/p>\n<p>&nbsp;<\/p>\n<p><strong>Tlfno<\/strong>:&nbsp; 958 029009&nbsp; &nbsp; <strong>Corp<\/strong>: 129 009<\/p>\n<p>&nbsp;<\/p>\n<p><strong>Enlaces:<\/strong><\/p>\n<p>PORTAL<\/p>\n<p><u><a href=\"https:\/\/www.juntadeandalucia.es\/educacion\/portals\/web\/habitos-vida-saludable\" target=\"_blank\" rel=\"noopener noreferrer\">https:\/\/www.juntadeandalucia.es\/educacion\/portals\/web\/habitos-vida-saludable<\/a><\/u><\/p>\n<p>MOODLE<\/p>\n<ul style=\"list-style-type: disc\">\n<li>Creciendo en Salud:<\/li>\n<\/ul>\n<p><u><a href=\"https:\/\/educacionadistancia.juntadeandalucia.es\/profesorado\/course\/view.php?id=7720\" target=\"_blank\" rel=\"noopener noreferrer\">https:\/\/educacionadistancia.juntadeandalucia.es\/profesorado\/course\/view.php?id=7720<\/a><\/u><\/p>\n<ul>\n<li>Forma Joven:<\/li>\n<\/ul>\n<p><a href=\"https:\/\/educacionadistancia.juntadeandalucia.es\/profesorado\/course\/view.php?id=7723\" target=\"_blank\" rel=\"noopener noreferrer\">https:\/\/educacionadistancia.juntadeandalucia.es\/profesorado\/course\/view.php?id=7723<\/a><\/p>\n<p>Adem\u00e1s contamos en el Equipo de HHVS en la Delegaci\u00f3n Territorial de Granada con la colaboraci\u00f3n de dos figuras importantes del deporte como son Jacinto Garz\u00f3n y Jos\u00e9 Manuel Ruiz. Ellos, adem\u00e1s, son los responsables del proyecto \u00ab<a href=\"https:\/\/blogsaverroes.juntadeandalucia.es\/delegacioneducaciongranada\/2021\/09\/23\/tu-puedes-ser-olimpic\/\" target=\"_blank\" rel=\"noopener noreferrer\">T\u00fa puedes ser ol\u00edmpic@<\/a>\u00ab.<\/p>\n<p>Contacto:<\/p>\n<table style=\"border-collapse: collapse;width: 77.9181%\">\n<tbody>\n<tr>\n<td style=\"width: 41.9321%\">Jacinto Garz\u00f3n 958024609 \/ daniel.garzon.jimenez.edu@juntadeandalucia.es<\/td>\n<td style=\"width: 42.1613%\"><a href=\"https:\/\/blogsaverroes.juntadeandalucia.es\/delegacioneducaciongranada\/files\/2021\/09\/jacinto.jpg\"><img loading=\"lazy\" decoding=\"async\" class=\"size-full wp-image-1743 alignright\" src=\"https:\/\/blogsaverroes.juntadeandalucia.es\/delegacioneducaciongranada\/files\/2021\/09\/jacinto.jpg\" alt=\"\" width=\"126\" height=\"143\"><\/a><\/td>\n<\/tr>\n<tr>\n<td style=\"width: 41.9321%\">Jos\u00e9 Manuel Ruiz 958024621 \/ josem.ruiz.reyes.edu@juntadeandalucia.es<\/td>\n<td style=\"width: 42.1613%\"><a href=\"https:\/\/blogsaverroes.juntadeandalucia.es\/delegacioneducaciongranada\/files\/2021\/09\/josem.jpg\"><img loading=\"lazy\" decoding=\"async\" class=\"size-large wp-image-1744 alignright\" src=\"https:\/\/blogsaverroes.juntadeandalucia.es\/delegacioneducaciongranada\/files\/2021\/09\/josem.jpg\" alt=\"\" width=\"118\" height=\"143\"><\/a><\/td>\n<\/tr>\n<\/tbody>\n<\/table>\n<p>&nbsp;<\/p>\n<table style=\"border-collapse: collapse;width: 100%\">\n<tbody>\n<tr>\n<td style=\"width: 50%;text-align: center;border-color: #0d7312;background-color: #0a7014\"><a href=\"https:\/\/blogsaverroes.juntadeandalucia.es\/delegacioneducaciongranada\/category\/planes-y-programas\/habitos-de-vida-saludable\/\" target=\"_blank\" rel=\"noopener noreferrer\"><span style=\"color: #ffffff;font-family: helvetica, arial, sans-serif\"><strong>ACTUALIDAD<\/strong><\/span><\/a><\/td>\n<td style=\"width: 50%;text-align: center;border-color: #0d7312;background-color: #0a7014\"><a href=\"https:\/\/blogsaverroes.juntadeandalucia.es\/delegacioneducaciongranada\/category\/planes-y-programas\/habitos-de-vida-saludable\/\" target=\"_blank\" rel=\"noopener noreferrer\"><span style=\"color: #ffffff;font-family: helvetica, arial, sans-serif\"><strong>EXPERIENCIAS DE CENTROS<\/strong><\/span><\/a><\/td>\n<\/tr>\n<tr>\n<td style=\"width: 50%\"><a href=\"https:\/\/blogsaverroes.juntadeandalucia.es\/delegacioneducaciongranada\/category\/planes-y-programas\/habitos-de-vida-saludable\/\" target=\"_blank\" rel=\"noopener noreferrer\"><img loading=\"lazy\" decoding=\"async\" class=\"wp-image-1188 aligncenter\" src=\"https:\/\/blogsaverroes.juntadeandalucia.es\/delegacioneducaciongranada\/files\/2020\/11\/magnifying-glass-97588_1280-300x293.png\" alt=\"\" width=\"180\" height=\"175\" srcset=\"https:\/\/blogsaverroes.juntadeandalucia.es\/delegacioneducaciongranada\/files\/2020\/11\/magnifying-glass-97588_1280-300x293.png 300w, https:\/\/blogsaverroes.juntadeandalucia.es\/delegacioneducaciongranada\/files\/2020\/11\/magnifying-glass-97588_1280-1024x1002.png 1024w, https:\/\/blogsaverroes.juntadeandalucia.es\/delegacioneducaciongranada\/files\/2020\/11\/magnifying-glass-97588_1280-768x751.png 768w, https:\/\/blogsaverroes.juntadeandalucia.es\/delegacioneducaciongranada\/files\/2020\/11\/magnifying-glass-97588_1280-24x24.png 24w, https:\/\/blogsaverroes.juntadeandalucia.es\/delegacioneducaciongranada\/files\/2020\/11\/magnifying-glass-97588_1280-36x36.png 36w, https:\/\/blogsaverroes.juntadeandalucia.es\/delegacioneducaciongranada\/files\/2020\/11\/magnifying-glass-97588_1280-48x48.png 48w, https:\/\/blogsaverroes.juntadeandalucia.es\/delegacioneducaciongranada\/files\/2020\/11\/magnifying-glass-97588_1280.png 1280w\" sizes=\"(max-width: 180px) 100vw, 180px\" \/><\/a><\/td>\n<td style=\"width: 50%\"><a href=\"https:\/\/blogsaverroes.juntadeandalucia.es\/delegacioneducaciongranada\/category\/planes-y-programas\/habitos-de-vida-saludable\/\" target=\"_blank\" rel=\"noopener noreferrer\"><img loading=\"lazy\" decoding=\"async\" class=\" wp-image-1191 aligncenter\" src=\"https:\/\/blogsaverroes.juntadeandalucia.es\/delegacioneducaciongranada\/files\/2020\/11\/alphabet-word-images-1296212_1280-1-189x300.png\" alt=\"\" width=\"110\" height=\"175\" srcset=\"https:\/\/blogsaverroes.juntadeandalucia.es\/delegacioneducaciongranada\/files\/2020\/11\/alphabet-word-images-1296212_1280-1-189x300.png 189w, https:\/\/blogsaverroes.juntadeandalucia.es\/delegacioneducaciongranada\/files\/2020\/11\/alphabet-word-images-1296212_1280-1-15x24.png 15w, https:\/\/blogsaverroes.juntadeandalucia.es\/delegacioneducaciongranada\/files\/2020\/11\/alphabet-word-images-1296212_1280-1-23x36.png 23w, https:\/\/blogsaverroes.juntadeandalucia.es\/delegacioneducaciongranada\/files\/2020\/11\/alphabet-word-images-1296212_1280-1-30x48.png 30w, https:\/\/blogsaverroes.juntadeandalucia.es\/delegacioneducaciongranada\/files\/2020\/11\/alphabet-word-images-1296212_1280-1.png 604w\" sizes=\"(max-width: 110px) 100vw, 110px\" \/><\/a><\/td>\n<\/tr>\n<\/tbody>\n<\/table>\n","protected":false},"excerpt":{"rendered":"<p>Descripci\u00f3n:&nbsp;El Programa para la Innovaci\u00f3n Educativa H\u00e1bitos de Vida Saludable (HHVS), desarrollado por la Consejer\u00eda de Educaci\u00f3n y Deporte en colaboraci\u00f3n con la Consejer\u00eda de Salud y Familias y la Consejer\u00eda de Agricultura, Ganader\u00eda,&#46;&#46;&#46;<\/p>\n","protected":false},"author":8180,"featured_media":0,"parent":997,"menu_order":0,"comment_status":"closed","ping_status":"closed","template":"","meta":{"ngg_post_thumbnail":0,"footnotes":""},"aioseo_notices":[],"_links":{"self":[{"href":"https:\/\/blogsaverroes.juntadeandalucia.es\/delegacioneducaciongranada\/wp-json\/wp\/v2\/pages\/1046"}],"collection":[{"href":"https:\/\/blogsaverroes.juntadeandalucia.es\/delegacioneducaciongranada\/wp-json\/wp\/v2\/pages"}],"about":[{"href":"https:\/\/blogsaverroes.juntadeandalucia.es\/delegacioneducaciongranada\/wp-json\/wp\/v2\/types\/page"}],"author":[{"embeddable":true,"href":"https:\/\/blogsaverroes.juntadeandalucia.es\/delegacioneducaciongranada\/wp-json\/wp\/v2\/users\/8180"}],"replies":[{"embeddable":true,"href":"https:\/\/blogsaverroes.juntadeandalucia.es\/delegacioneducaciongranada\/wp-json\/wp\/v2\/comments?post=1046"}],"version-history":[{"count":26,"href":"https:\/\/blogsaverroes.juntadeandalucia.es\/delegacioneducaciongranada\/wp-json\/wp\/v2\/pages\/1046\/revisions"}],"predecessor-version":[{"id":3981,"href":"https:\/\/blogsaverroes.juntadeandalucia.es\/delegacioneducaciongranada\/wp-json\/wp\/v2\/pages\/1046\/revisions\/3981"}],"up":[{"embeddable":true,"href":"https:\/\/blogsaverroes.juntadeandalucia.es\/delegacioneducaciongranada\/wp-json\/wp\/v2\/pages\/997"}],"wp:attachment":[{"href":"https:\/\/blogsaverroes.juntadeandalucia.es\/delegacioneducaciongranada\/wp-json\/wp\/v2\/media?parent=1046"}],"curies":[{"name":"wp","href":"https:\/\/api.w.org\/{rel}","templated":true}]}}