{"id":1052,"date":"2020-11-24T11:54:08","date_gmt":"2020-11-24T10:54:08","guid":{"rendered":"https:\/\/blogsaverroes.juntadeandalucia.es\/delegacioneducaciongranada\/?page_id=1052"},"modified":"2020-11-26T12:49:36","modified_gmt":"2020-11-26T11:49:36","slug":"auladjaque","status":"publish","type":"page","link":"https:\/\/blogsaverroes.juntadeandalucia.es\/delegacioneducaciongranada\/planes-y-programas\/auladjaque\/","title":{"rendered":"AulaDjaque"},"content":{"rendered":"<p style=\"text-align: justify\"><span style=\"font-weight: 400\"><a href=\"https:\/\/blogsaverroes.juntadeandalucia.es\/delegacioneducaciongranada\/files\/2020\/11\/unnamed-3.png\"><img loading=\"lazy\" decoding=\"async\" class=\"size-full wp-image-1008 alignleft\" src=\"https:\/\/blogsaverroes.juntadeandalucia.es\/delegacioneducaciongranada\/files\/2020\/11\/unnamed-3.png\" alt=\"\" width=\"342\" height=\"72\" srcset=\"https:\/\/blogsaverroes.juntadeandalucia.es\/delegacioneducaciongranada\/files\/2020\/11\/unnamed-3.png 342w, https:\/\/blogsaverroes.juntadeandalucia.es\/delegacioneducaciongranada\/files\/2020\/11\/unnamed-3-300x63.png 300w, https:\/\/blogsaverroes.juntadeandalucia.es\/delegacioneducaciongranada\/files\/2020\/11\/unnamed-3-24x5.png 24w, https:\/\/blogsaverroes.juntadeandalucia.es\/delegacioneducaciongranada\/files\/2020\/11\/unnamed-3-36x8.png 36w, https:\/\/blogsaverroes.juntadeandalucia.es\/delegacioneducaciongranada\/files\/2020\/11\/unnamed-3-48x10.png 48w\" sizes=\"(max-width: 342px) 100vw, 342px\" \/><\/a>Existen estudios que demuestran la relaci\u00f3n entre el ajedrez y la posible mejora del rendimiento acad\u00e9mico del alumnado. La incorporaci\u00f3n de la ense\u00f1anza del ajedrez educativo en el aula favorece la capacidad de comprender situaciones y de resolver problemas, mejora la creatividad y el sentido cr\u00edtico del alumnado. El programa AulaDjaque, tiene entre sus objetivos facilitar al profesorado andaluz un recurso pedag\u00f3gico a trav\u00e9s del cual el alumnado se familiarice con el ajedrez desde un enfoque interdisciplinar, eminentemente l\u00fadico y creativo.<\/span><\/p>\n<p><strong>Datos de contacto<\/strong>: <a href=\"https:\/\/blogsaverroes.juntadeandalucia.es\/delegacioneducaciongranada\/files\/2020\/11\/rosa-suarez.png\"><img loading=\"lazy\" decoding=\"async\" class=\"wp-image-1128 alignright\" src=\"https:\/\/blogsaverroes.juntadeandalucia.es\/delegacioneducaciongranada\/files\/2020\/11\/rosa-suarez.png\" alt=\"\" width=\"196\" height=\"245\" srcset=\"https:\/\/blogsaverroes.juntadeandalucia.es\/delegacioneducaciongranada\/files\/2020\/11\/rosa-suarez.png 542w, https:\/\/blogsaverroes.juntadeandalucia.es\/delegacioneducaciongranada\/files\/2020\/11\/rosa-suarez-240x300.png 240w, https:\/\/blogsaverroes.juntadeandalucia.es\/delegacioneducaciongranada\/files\/2020\/11\/rosa-suarez-19x24.png 19w, https:\/\/blogsaverroes.juntadeandalucia.es\/delegacioneducaciongranada\/files\/2020\/11\/rosa-suarez-29x36.png 29w, https:\/\/blogsaverroes.juntadeandalucia.es\/delegacioneducaciongranada\/files\/2020\/11\/rosa-suarez-38x48.png 38w\" sizes=\"(max-width: 196px) 100vw, 196px\" \/><\/a><\/p>\n<p>ROSA M\u00aa SU\u00c1REZ MU\u00d1OZ<\/p>\n<p>Tfno:958029408, Corp:129408<\/p>\n<p>rosa.suarez.munoz.edu@juntadeandalucia.es<\/p>\n<p><strong>Enlaces<\/strong>:<\/p>\n<p>PORTAL:<\/p>\n<p><a href=\"https:\/\/www.juntadeandalucia.es\/educacion\/portals\/web\/ced\/planesyprogramas\/detalle\/-\/contenidos\/detalle\/contenido-programas-culturales-auladjaque\" target=\"_blank\" rel=\"noopener noreferrer\">https:\/\/www.juntadeandalucia.es\/educacion\/portals\/web\/ced\/planesyprogramas\/detalle\/-\/contenidos\/detalle\/contenido-programas-culturales-auladjaque<\/a><\/p>\n<p><a href=\"https:\/\/colaboraeducacion30.juntadeandalucia.es\/educacion\/colabora\/web\/auladjaque\/inicio\" target=\"_blank\" rel=\"noopener noreferrer\">https:\/\/colaboraeducacion30.juntadeandalucia.es\/educacion\/colabora\/web\/auladjaque\/inicio<\/a><\/p>\n<p>MOODLE:<\/p>\n<p><a href=\"https:\/\/educacionadistancia.juntadeandalucia.es\/profesorado\/course\/view.php?id=7508\" target=\"_blank\" rel=\"noopener noreferrer\">https:\/\/educacionadistancia.juntadeandalucia.es\/profesorado\/course\/view.php?id=7508<\/a><\/p>\n<table style=\"border-collapse: collapse;width: 100%\">\n<tbody>\n<tr>\n<td style=\"width: 50%;text-align: center;border-color: #0d7312;background-color: #0a7014\"><span style=\"color: #ffffff;font-family: helvetica, arial, sans-serif\"><strong>ACTUALIDAD<\/strong><\/span><\/td>\n<td style=\"width: 50%;text-align: center;border-color: #0d7312;background-color: #0a7014\"><span style=\"color: #ffffff;font-family: helvetica, arial, sans-serif\"><strong>EXPERIENCIAS DE CENTROS<\/strong><\/span><\/td>\n<\/tr>\n<tr>\n<td style=\"width: 50%\"><img loading=\"lazy\" decoding=\"async\" class=\"wp-image-1188 aligncenter\" src=\"https:\/\/blogsaverroes.juntadeandalucia.es\/delegacioneducaciongranada\/files\/2020\/11\/magnifying-glass-97588_1280-300x293.png\" alt=\"\" width=\"180\" height=\"175\" srcset=\"https:\/\/blogsaverroes.juntadeandalucia.es\/delegacioneducaciongranada\/files\/2020\/11\/magnifying-glass-97588_1280-300x293.png 300w, https:\/\/blogsaverroes.juntadeandalucia.es\/delegacioneducaciongranada\/files\/2020\/11\/magnifying-glass-97588_1280-1024x1002.png 1024w, https:\/\/blogsaverroes.juntadeandalucia.es\/delegacioneducaciongranada\/files\/2020\/11\/magnifying-glass-97588_1280-768x751.png 768w, https:\/\/blogsaverroes.juntadeandalucia.es\/delegacioneducaciongranada\/files\/2020\/11\/magnifying-glass-97588_1280-24x24.png 24w, https:\/\/blogsaverroes.juntadeandalucia.es\/delegacioneducaciongranada\/files\/2020\/11\/magnifying-glass-97588_1280-36x36.png 36w, https:\/\/blogsaverroes.juntadeandalucia.es\/delegacioneducaciongranada\/files\/2020\/11\/magnifying-glass-97588_1280-48x48.png 48w, https:\/\/blogsaverroes.juntadeandalucia.es\/delegacioneducaciongranada\/files\/2020\/11\/magnifying-glass-97588_1280.png 1280w\" sizes=\"(max-width: 180px) 100vw, 180px\" \/><\/td>\n<td style=\"width: 50%\"><img loading=\"lazy\" decoding=\"async\" class=\" wp-image-1191 aligncenter\" src=\"https:\/\/blogsaverroes.juntadeandalucia.es\/delegacioneducaciongranada\/files\/2020\/11\/alphabet-word-images-1296212_1280-1-189x300.png\" alt=\"\" width=\"110\" height=\"175\" srcset=\"https:\/\/blogsaverroes.juntadeandalucia.es\/delegacioneducaciongranada\/files\/2020\/11\/alphabet-word-images-1296212_1280-1-189x300.png 189w, https:\/\/blogsaverroes.juntadeandalucia.es\/delegacioneducaciongranada\/files\/2020\/11\/alphabet-word-images-1296212_1280-1-15x24.png 15w, https:\/\/blogsaverroes.juntadeandalucia.es\/delegacioneducaciongranada\/files\/2020\/11\/alphabet-word-images-1296212_1280-1-23x36.png 23w, https:\/\/blogsaverroes.juntadeandalucia.es\/delegacioneducaciongranada\/files\/2020\/11\/alphabet-word-images-1296212_1280-1-30x48.png 30w, https:\/\/blogsaverroes.juntadeandalucia.es\/delegacioneducaciongranada\/files\/2020\/11\/alphabet-word-images-1296212_1280-1.png 604w\" sizes=\"(max-width: 110px) 100vw, 110px\" \/><\/td>\n<\/tr>\n<\/tbody>\n<\/table>\n","protected":false},"excerpt":{"rendered":"<p>Existen estudios que demuestran la relaci\u00f3n entre el ajedrez y la posible mejora del rendimiento acad\u00e9mico del alumnado. La incorporaci\u00f3n de la ense\u00f1anza del ajedrez educativo en el aula favorece la capacidad de comprender&#46;&#46;&#46;<\/p>\n","protected":false},"author":8180,"featured_media":0,"parent":997,"menu_order":0,"comment_status":"closed","ping_status":"closed","template":"","meta":{"ngg_post_thumbnail":0,"footnotes":""},"aioseo_notices":[],"_links":{"self":[{"href":"https:\/\/blogsaverroes.juntadeandalucia.es\/delegacioneducaciongranada\/wp-json\/wp\/v2\/pages\/1052"}],"collection":[{"href":"https:\/\/blogsaverroes.juntadeandalucia.es\/delegacioneducaciongranada\/wp-json\/wp\/v2\/pages"}],"about":[{"href":"https:\/\/blogsaverroes.juntadeandalucia.es\/delegacioneducaciongranada\/wp-json\/wp\/v2\/types\/page"}],"author":[{"embeddable":true,"href":"https:\/\/blogsaverroes.juntadeandalucia.es\/delegacioneducaciongranada\/wp-json\/wp\/v2\/users\/8180"}],"replies":[{"embeddable":true,"href":"https:\/\/blogsaverroes.juntadeandalucia.es\/delegacioneducaciongranada\/wp-json\/wp\/v2\/comments?post=1052"}],"version-history":[{"count":5,"href":"https:\/\/blogsaverroes.juntadeandalucia.es\/delegacioneducaciongranada\/wp-json\/wp\/v2\/pages\/1052\/revisions"}],"predecessor-version":[{"id":1221,"href":"https:\/\/blogsaverroes.juntadeandalucia.es\/delegacioneducaciongranada\/wp-json\/wp\/v2\/pages\/1052\/revisions\/1221"}],"up":[{"embeddable":true,"href":"https:\/\/blogsaverroes.juntadeandalucia.es\/delegacioneducaciongranada\/wp-json\/wp\/v2\/pages\/997"}],"wp:attachment":[{"href":"https:\/\/blogsaverroes.juntadeandalucia.es\/delegacioneducaciongranada\/wp-json\/wp\/v2\/media?parent=1052"}],"curies":[{"name":"wp","href":"https:\/\/api.w.org\/{rel}","templated":true}]}}