{"id":2,"date":"2019-12-04T13:46:34","date_gmt":"2019-12-04T12:46:34","guid":{"rendered":"https:\/\/blogsaverroes.juntadeandalucia.es\/delegacioneducaciongranada\/?page_id=2"},"modified":"2022-10-26T20:43:36","modified_gmt":"2022-10-26T18:43:36","slug":"pagina-ejemplo","status":"publish","type":"page","link":"https:\/\/blogsaverroes.juntadeandalucia.es\/delegacioneducaciongranada\/","title":{"rendered":"Consejer\u00eda de Desarrollo Educativo y Formaci\u00f3n Profesional. Delegaci\u00f3n Territorial de Granada"},"content":{"rendered":"\r\n<p style=\"text-align: center\">Noticias, actualidad y servicios educativos de la Delegaci\u00f3n Territorial en Granada de la Consejer\u00eda de Desarrollo Educativo y Formaci\u00f3n Profesional.<\/p>\r\n<p><img loading=\"lazy\" decoding=\"async\" class=\"aligncenter wp-image-15\" src=\"https:\/\/blogsaverroes.juntadeandalucia.es\/delegacioneducaciongranada\/files\/2019\/12\/Captura-de-pantalla-2019-12-05-a-las-19.31.42-300x204.png\" alt=\"Portada\" width=\"400\" height=\"272\" srcset=\"https:\/\/blogsaverroes.juntadeandalucia.es\/delegacioneducaciongranada\/files\/2019\/12\/Captura-de-pantalla-2019-12-05-a-las-19.31.42-300x204.png 300w, https:\/\/blogsaverroes.juntadeandalucia.es\/delegacioneducaciongranada\/files\/2019\/12\/Captura-de-pantalla-2019-12-05-a-las-19.31.42-768x521.png 768w, https:\/\/blogsaverroes.juntadeandalucia.es\/delegacioneducaciongranada\/files\/2019\/12\/Captura-de-pantalla-2019-12-05-a-las-19.31.42-1024x695.png 1024w, https:\/\/blogsaverroes.juntadeandalucia.es\/delegacioneducaciongranada\/files\/2019\/12\/Captura-de-pantalla-2019-12-05-a-las-19.31.42-24x16.png 24w, https:\/\/blogsaverroes.juntadeandalucia.es\/delegacioneducaciongranada\/files\/2019\/12\/Captura-de-pantalla-2019-12-05-a-las-19.31.42-36x24.png 36w, https:\/\/blogsaverroes.juntadeandalucia.es\/delegacioneducaciongranada\/files\/2019\/12\/Captura-de-pantalla-2019-12-05-a-las-19.31.42-48x33.png 48w, https:\/\/blogsaverroes.juntadeandalucia.es\/delegacioneducaciongranada\/files\/2019\/12\/Captura-de-pantalla-2019-12-05-a-las-19.31.42.png 1632w\" sizes=\"(max-width: 400px) 100vw, 400px\" \/><\/p>\r\n","protected":false},"excerpt":{"rendered":"<p>Noticias, actualidad y servicios educativos de la Delegaci\u00f3n Territorial en Granada de la Consejer\u00eda de Desarrollo Educativo y Formaci\u00f3n Profesional.<\/p>\n","protected":false},"author":8180,"featured_media":0,"parent":0,"menu_order":0,"comment_status":"closed","ping_status":"closed","template":"","meta":{"ngg_post_thumbnail":0,"footnotes":""},"aioseo_notices":[],"_links":{"self":[{"href":"https:\/\/blogsaverroes.juntadeandalucia.es\/delegacioneducaciongranada\/wp-json\/wp\/v2\/pages\/2"}],"collection":[{"href":"https:\/\/blogsaverroes.juntadeandalucia.es\/delegacioneducaciongranada\/wp-json\/wp\/v2\/pages"}],"about":[{"href":"https:\/\/blogsaverroes.juntadeandalucia.es\/delegacioneducaciongranada\/wp-json\/wp\/v2\/types\/page"}],"author":[{"embeddable":true,"href":"https:\/\/blogsaverroes.juntadeandalucia.es\/delegacioneducaciongranada\/wp-json\/wp\/v2\/users\/8180"}],"replies":[{"embeddable":true,"href":"https:\/\/blogsaverroes.juntadeandalucia.es\/delegacioneducaciongranada\/wp-json\/wp\/v2\/comments?post=2"}],"version-history":[{"count":15,"href":"https:\/\/blogsaverroes.juntadeandalucia.es\/delegacioneducaciongranada\/wp-json\/wp\/v2\/pages\/2\/revisions"}],"predecessor-version":[{"id":2458,"href":"https:\/\/blogsaverroes.juntadeandalucia.es\/delegacioneducaciongranada\/wp-json\/wp\/v2\/pages\/2\/revisions\/2458"}],"wp:attachment":[{"href":"https:\/\/blogsaverroes.juntadeandalucia.es\/delegacioneducaciongranada\/wp-json\/wp\/v2\/media?parent=2"}],"curies":[{"name":"wp","href":"https:\/\/api.w.org\/{rel}","templated":true}]}}