{"id":274,"date":"2020-01-12T21:39:17","date_gmt":"2020-01-12T20:39:17","guid":{"rendered":"https:\/\/blogsaverroes.juntadeandalucia.es\/delegacioneducaciongranada\/?page_id=274"},"modified":"2024-09-16T23:01:54","modified_gmt":"2024-09-16T21:01:54","slug":"contactos","status":"publish","type":"page","link":"https:\/\/blogsaverroes.juntadeandalucia.es\/delegacioneducaciongranada\/pagina-ejemplo\/contactos\/","title":{"rendered":"Contacto"},"content":{"rendered":"<p><strong><img loading=\"lazy\" decoding=\"async\" class=\"size-medium wp-image-889 aligncenter\" src=\"https:\/\/blogsaverroes.juntadeandalucia.es\/delegacioneducaciongranada\/files\/2020\/05\/contacto2-300x99.png\" alt=\"\" width=\"300\" height=\"99\" srcset=\"https:\/\/blogsaverroes.juntadeandalucia.es\/delegacioneducaciongranada\/files\/2020\/05\/contacto2-300x99.png 300w, https:\/\/blogsaverroes.juntadeandalucia.es\/delegacioneducaciongranada\/files\/2020\/05\/contacto2-24x8.png 24w, https:\/\/blogsaverroes.juntadeandalucia.es\/delegacioneducaciongranada\/files\/2020\/05\/contacto2-36x12.png 36w, https:\/\/blogsaverroes.juntadeandalucia.es\/delegacioneducaciongranada\/files\/2020\/05\/contacto2-48x16.png 48w, https:\/\/blogsaverroes.juntadeandalucia.es\/delegacioneducaciongranada\/files\/2020\/05\/contacto2.png 392w\" sizes=\"(max-width: 300px) 100vw, 300px\" \/><br \/>\nDelegaci\u00f3n Territorial de Educaci\u00f3n de Granada<\/strong><\/p>\n<p>C\/. Gran V\u00eda, 56<br \/>\n18071 Granada<br \/>\nTel\u00e9fono 958029078\/79<br \/>\nFax 958029076<br \/>\n<a href=\"mailto:delgranada.dpgr.ced@juntadeandalucia.es\">delgranada.dpgr.ced@juntadeandalucia.es<\/a><\/p>\n<p>Horario de atenci\u00f3n al p\u00fablico de Lunes a Viernes de 9:00 a 14:00 horas.<\/p>\n<p>Enlace a p\u00e1gina web de la instituci\u00f3n:<br \/>\n<a href=\"http:\/\/portal.ced.junta-andalucia.es\/educacion\/webportal\/web\/delegacion-granada\" target=\"_blank\" rel=\"noopener noreferrer\">http:\/\/portal.ced.junta-andalucia.es\/educacion\/webportal\/web\/delegacion-granada<\/a><\/p>\n<p>&nbsp;<\/p>\n<p>Calendario Escolar por municipio y centro:&nbsp; &nbsp;<a href=\"https:\/\/www.juntadeandalucia.es\/educacion\/secretariavirtual\/consulta\/calendario-escolar\/provincia\/18\/\">Picha&nbsp; Aqu\u00ed<\/a><\/p>\n<p><a href=\"https:\/\/blogsaverroes.juntadeandalucia.es\/delegacioneducaciongranada\/calendario-2024-2025-provincia-de-granada\/\" rel=\"attachment wp-att-4007\"><img loading=\"lazy\" decoding=\"async\" class=\"aligncenter wp-image-4007\" title=\"Calendario 2024 \/ 2025 Provincia de Granada\" src=\"https:\/\/blogsaverroes.juntadeandalucia.es\/delegacioneducaciongranada\/files\/2024\/09\/CALENDARIO-ESCOLAR-2024_2025_Granada-776x1024.jpg\" alt=\"Calendario 2024 \/ 2025 Provincia de Granada\" width=\"178\" height=\"235\" srcset=\"https:\/\/blogsaverroes.juntadeandalucia.es\/delegacioneducaciongranada\/files\/2024\/09\/CALENDARIO-ESCOLAR-2024_2025_Granada-776x1024.jpg 776w, https:\/\/blogsaverroes.juntadeandalucia.es\/delegacioneducaciongranada\/files\/2024\/09\/CALENDARIO-ESCOLAR-2024_2025_Granada-227x300.jpg 227w, https:\/\/blogsaverroes.juntadeandalucia.es\/delegacioneducaciongranada\/files\/2024\/09\/CALENDARIO-ESCOLAR-2024_2025_Granada-768x1013.jpg 768w, https:\/\/blogsaverroes.juntadeandalucia.es\/delegacioneducaciongranada\/files\/2024\/09\/CALENDARIO-ESCOLAR-2024_2025_Granada-1164x1536.jpg 1164w, https:\/\/blogsaverroes.juntadeandalucia.es\/delegacioneducaciongranada\/files\/2024\/09\/CALENDARIO-ESCOLAR-2024_2025_Granada-1553x2048.jpg 1553w, https:\/\/blogsaverroes.juntadeandalucia.es\/delegacioneducaciongranada\/files\/2024\/09\/CALENDARIO-ESCOLAR-2024_2025_Granada-scaled.jpg 1941w\" sizes=\"(max-width: 178px) 100vw, 178px\" \/><\/a><\/p>\n<p><strong><br \/>\nAtenci\u00f3n al usuario extraordinaria. Situaci\u00f3n epidemiol\u00f3gica COVID-19<\/strong><\/p>\n<p><a href=\"https:\/\/blogsaverroes.juntadeandalucia.es\/delegacioneducaciongranada\/files\/2020\/05\/tel\u00e9fonos_correos_dpgr.png\"><img loading=\"lazy\" decoding=\"async\" class=\"alignnone wp-image-884\" src=\"https:\/\/blogsaverroes.juntadeandalucia.es\/delegacioneducaciongranada\/files\/2020\/05\/tel\u00e9fonos_correos_dpgr-300x108.png\" alt=\"\" width=\"676\" height=\"243\" srcset=\"https:\/\/blogsaverroes.juntadeandalucia.es\/delegacioneducaciongranada\/files\/2020\/05\/tel\u00e9fonos_correos_dpgr-300x108.png 300w, https:\/\/blogsaverroes.juntadeandalucia.es\/delegacioneducaciongranada\/files\/2020\/05\/tel\u00e9fonos_correos_dpgr-1024x370.png 1024w, https:\/\/blogsaverroes.juntadeandalucia.es\/delegacioneducaciongranada\/files\/2020\/05\/tel\u00e9fonos_correos_dpgr-24x9.png 24w, https:\/\/blogsaverroes.juntadeandalucia.es\/delegacioneducaciongranada\/files\/2020\/05\/tel\u00e9fonos_correos_dpgr-36x13.png 36w, https:\/\/blogsaverroes.juntadeandalucia.es\/delegacioneducaciongranada\/files\/2020\/05\/tel\u00e9fonos_correos_dpgr-48x17.png 48w\" sizes=\"(max-width: 676px) 100vw, 676px\" \/><\/a><br \/>\n<strong>Ubicaci\u00f3n:<\/strong><\/p>\n<div style=\"text-align: center\"><iframe loading=\"lazy\" src=\"https:\/\/www.google.com\/maps\/embed?pb=!1m18!1m12!1m3!1d547.3793868669185!2d-3.601697073994064!3d37.18282835376927!2m3!1f0!2f0!3f0!3m2!1i1024!2i768!4f13.1!3m3!1m2!1s0xd71fcc1c4aee083%3A0x9d5b7109d50114fa!2sDelegaci%C3%B3n%20Territorial%20de%20Educaci%C3%B3n%20en%20Granada!5e1!3m2!1ses!2ses!4v1588681452504!5m2!1ses!2ses\" width=\"480\" height=\"360\" frameborder=\"0\"><span data-mce-type=\"bookmark\" style=\"width: 0px;overflow: hidden;line-height: 0\" class=\"mce_SELRES_start\">\ufeff<\/span><\/iframe><\/div>\n","protected":false},"excerpt":{"rendered":"<p>Delegaci\u00f3n Territorial de Educaci\u00f3n de Granada C\/. Gran V\u00eda, 56 18071 Granada Tel\u00e9fono 958029078\/79 Fax 958029076 delgranada.dpgr.ced@juntadeandalucia.es Horario de atenci\u00f3n al p\u00fablico de Lunes a Viernes de 9:00 a 14:00 horas. Enlace a p\u00e1gina&#46;&#46;&#46;<\/p>\n","protected":false},"author":8180,"featured_media":0,"parent":2,"menu_order":0,"comment_status":"closed","ping_status":"closed","template":"","meta":{"ngg_post_thumbnail":0,"footnotes":""},"aioseo_notices":[],"_links":{"self":[{"href":"https:\/\/blogsaverroes.juntadeandalucia.es\/delegacioneducaciongranada\/wp-json\/wp\/v2\/pages\/274"}],"collection":[{"href":"https:\/\/blogsaverroes.juntadeandalucia.es\/delegacioneducaciongranada\/wp-json\/wp\/v2\/pages"}],"about":[{"href":"https:\/\/blogsaverroes.juntadeandalucia.es\/delegacioneducaciongranada\/wp-json\/wp\/v2\/types\/page"}],"author":[{"embeddable":true,"href":"https:\/\/blogsaverroes.juntadeandalucia.es\/delegacioneducaciongranada\/wp-json\/wp\/v2\/users\/8180"}],"replies":[{"embeddable":true,"href":"https:\/\/blogsaverroes.juntadeandalucia.es\/delegacioneducaciongranada\/wp-json\/wp\/v2\/comments?post=274"}],"version-history":[{"count":20,"href":"https:\/\/blogsaverroes.juntadeandalucia.es\/delegacioneducaciongranada\/wp-json\/wp\/v2\/pages\/274\/revisions"}],"predecessor-version":[{"id":4013,"href":"https:\/\/blogsaverroes.juntadeandalucia.es\/delegacioneducaciongranada\/wp-json\/wp\/v2\/pages\/274\/revisions\/4013"}],"up":[{"embeddable":true,"href":"https:\/\/blogsaverroes.juntadeandalucia.es\/delegacioneducaciongranada\/wp-json\/wp\/v2\/pages\/2"}],"wp:attachment":[{"href":"https:\/\/blogsaverroes.juntadeandalucia.es\/delegacioneducaciongranada\/wp-json\/wp\/v2\/media?parent=274"}],"curies":[{"name":"wp","href":"https:\/\/api.w.org\/{rel}","templated":true}]}}