{"id":282,"date":"2020-01-12T21:44:55","date_gmt":"2020-01-12T20:44:55","guid":{"rendered":"https:\/\/blogsaverroes.juntadeandalucia.es\/delegacioneducaciongranada\/?page_id=282"},"modified":"2020-01-28T09:18:52","modified_gmt":"2020-01-28T08:18:52","slug":"planificacion-y-escolarizacion","status":"publish","type":"page","link":"https:\/\/blogsaverroes.juntadeandalucia.es\/delegacioneducaciongranada\/pagina-ejemplo\/planificacion-y-escolarizacion\/","title":{"rendered":"Servicio de Planificaci\u00f3n y Escolarizaci\u00f3n"},"content":{"rendered":"<p><a href=\"https:\/\/view.genial.ly\/5de6b77a0554510f698dbd7c\/presentation-paraninfo-2019\" target=\"_blank\" rel=\"noopener noreferrer\">Ver Presentaci\u00f3n del Servicio de Planificaci\u00f3n y Escolarizaci\u00f3n<\/a><\/p>\n<p>Este Servicio es el responsable de la Planificaci\u00f3n de la red de centros educativos de todas las ense\u00f1anzas no universitarias de la Provincia y de la Escolarizaci\u00f3n del alumnado en los centros y niveles que est\u00e9n sostenidos con fondos p\u00fablicos en dichas ense\u00f1anzas.<\/p>\n<p>Est\u00e1 conformado por las siguientes \u00e1reas de trabajo:<\/p>\n<ul>\n<li>Secci\u00f3n de Centros Escolares<\/li>\n<li>Secci\u00f3n de Educaci\u00f3n Permanente<\/li>\n<li>Departamento de Planificaci\u00f3n<\/li>\n<li>Departamento de Primera Infancia<\/li>\n<\/ul>\n","protected":false},"excerpt":{"rendered":"<p>Ver Presentaci\u00f3n del Servicio de Planificaci\u00f3n y Escolarizaci\u00f3n Este Servicio es el responsable de la Planificaci\u00f3n de la red de centros educativos de todas las ense\u00f1anzas no universitarias de la Provincia y de la&#46;&#46;&#46;<\/p>\n","protected":false},"author":8180,"featured_media":0,"parent":2,"menu_order":0,"comment_status":"closed","ping_status":"closed","template":"","meta":{"ngg_post_thumbnail":0,"footnotes":""},"aioseo_notices":[],"_links":{"self":[{"href":"https:\/\/blogsaverroes.juntadeandalucia.es\/delegacioneducaciongranada\/wp-json\/wp\/v2\/pages\/282"}],"collection":[{"href":"https:\/\/blogsaverroes.juntadeandalucia.es\/delegacioneducaciongranada\/wp-json\/wp\/v2\/pages"}],"about":[{"href":"https:\/\/blogsaverroes.juntadeandalucia.es\/delegacioneducaciongranada\/wp-json\/wp\/v2\/types\/page"}],"author":[{"embeddable":true,"href":"https:\/\/blogsaverroes.juntadeandalucia.es\/delegacioneducaciongranada\/wp-json\/wp\/v2\/users\/8180"}],"replies":[{"embeddable":true,"href":"https:\/\/blogsaverroes.juntadeandalucia.es\/delegacioneducaciongranada\/wp-json\/wp\/v2\/comments?post=282"}],"version-history":[{"count":6,"href":"https:\/\/blogsaverroes.juntadeandalucia.es\/delegacioneducaciongranada\/wp-json\/wp\/v2\/pages\/282\/revisions"}],"predecessor-version":[{"id":450,"href":"https:\/\/blogsaverroes.juntadeandalucia.es\/delegacioneducaciongranada\/wp-json\/wp\/v2\/pages\/282\/revisions\/450"}],"up":[{"embeddable":true,"href":"https:\/\/blogsaverroes.juntadeandalucia.es\/delegacioneducaciongranada\/wp-json\/wp\/v2\/pages\/2"}],"wp:attachment":[{"href":"https:\/\/blogsaverroes.juntadeandalucia.es\/delegacioneducaciongranada\/wp-json\/wp\/v2\/media?parent=282"}],"curies":[{"name":"wp","href":"https:\/\/api.w.org\/{rel}","templated":true}]}}