{"id":57,"date":"2022-02-06T18:02:19","date_gmt":"2022-02-06T18:02:19","guid":{"rendered":"https:\/\/blogsaverroes.juntadeandalucia.es\/delenguarh\/?page_id=57"},"modified":"2022-02-07T11:38:05","modified_gmt":"2022-02-07T11:38:05","slug":"actividades-extraescolares","status":"publish","type":"page","link":"https:\/\/blogsaverroes.juntadeandalucia.es\/delenguarh\/actividades-extraescolares\/","title":{"rendered":"Actividades extraescolares"},"content":{"rendered":"<h3>D\u00eda del Flamenco.<\/h3>\n<p><a href=\"https:\/\/blogsaverroes.juntadeandalucia.es\/delenguarh\/2021\/11\/15\/dia-del-flamenco\/\">D\u00eda del flamenco<\/a><\/p>\n<p>&nbsp;<\/p>\n<h3>D\u00eda contra la violencia de G\u00e9nero<\/h3>\n<div id='gallery-1' class='gallery galleryid-57 gallery-columns-3 gallery-size-thumbnail'><figure class='gallery-item'>\n\t\t\t<div class='gallery-icon portrait'>\n\t\t\t\t<a href='https:\/\/blogsaverroes.juntadeandalucia.es\/delenguarh\/actividades-extraescolares\/cuentojuergoterror\/'><img decoding=\"async\" width=\"150\" height=\"150\" src=\"https:\/\/blogsaverroes.juntadeandalucia.es\/delenguarh\/files\/2022\/02\/cuentojuergoterror-150x150.png\" class=\"attachment-thumbnail size-thumbnail\" alt=\"\" aria-describedby=\"gallery-1-58\" \/><\/a>\n\t\t\t<\/div>\n\t\t\t\t<figcaption class='wp-caption-text gallery-caption' id='gallery-1-58'>\n\t\t\t\tCartel1\n\t\t\t\t<\/figcaption><\/figure><figure class='gallery-item'>\n\t\t\t<div class='gallery-icon portrait'>\n\t\t\t\t<a href='https:\/\/blogsaverroes.juntadeandalucia.es\/delenguarh\/actividades-extraescolares\/ni_una_muerte_mas_2\/'><img decoding=\"async\" width=\"150\" height=\"150\" src=\"https:\/\/blogsaverroes.juntadeandalucia.es\/delenguarh\/files\/2022\/02\/ni_una_muerte_mas_2-150x150.png\" class=\"attachment-thumbnail size-thumbnail\" alt=\"\" aria-describedby=\"gallery-1-59\" \/><\/a>\n\t\t\t<\/div>\n\t\t\t\t<figcaption class='wp-caption-text gallery-caption' id='gallery-1-59'>\n\t\t\t\tCartel2\n\t\t\t\t<\/figcaption><\/figure>\n\t\t<\/div>\n\n<h3>Calendario 2022<\/h3>\n<p>&nbsp;<\/p>\n<p><a href=\"https:\/\/blogsaverroes.juntadeandalucia.es\/delenguarh\/2022\/02\/07\/calendario-2022\/\">Calendario 2022<\/a><\/p>\n<p>&nbsp;<\/p>\n<p>&nbsp;<\/p>\n<h3>D\u00eda de Andaluc\u00eda<\/h3>\n<p>&nbsp;<\/p>\n<p><a href=\"https:\/\/blogsaverroes.juntadeandalucia.es\/delenguarh\/2022\/02\/07\/dia-de-andalucia\/\">D\u00eda de Andaluc\u00eda<\/a><\/p>\n","protected":false},"excerpt":{"rendered":"<p>D\u00eda del Flamenco. D\u00eda del flamenco &nbsp; D\u00eda contra la violencia de G\u00e9nero Calendario 2022 &nbsp; Calendario 2022 &nbsp; &nbsp; D\u00eda de Andaluc\u00eda &nbsp; D\u00eda de Andaluc\u00eda<\/p>\n","protected":false},"author":4035,"featured_media":0,"parent":0,"menu_order":0,"comment_status":"closed","ping_status":"closed","template":"","meta":{"ngg_post_thumbnail":0,"footnotes":""},"aioseo_notices":[],"_links":{"self":[{"href":"https:\/\/blogsaverroes.juntadeandalucia.es\/delenguarh\/wp-json\/wp\/v2\/pages\/57"}],"collection":[{"href":"https:\/\/blogsaverroes.juntadeandalucia.es\/delenguarh\/wp-json\/wp\/v2\/pages"}],"about":[{"href":"https:\/\/blogsaverroes.juntadeandalucia.es\/delenguarh\/wp-json\/wp\/v2\/types\/page"}],"author":[{"embeddable":true,"href":"https:\/\/blogsaverroes.juntadeandalucia.es\/delenguarh\/wp-json\/wp\/v2\/users\/4035"}],"replies":[{"embeddable":true,"href":"https:\/\/blogsaverroes.juntadeandalucia.es\/delenguarh\/wp-json\/wp\/v2\/comments?post=57"}],"version-history":[{"count":7,"href":"https:\/\/blogsaverroes.juntadeandalucia.es\/delenguarh\/wp-json\/wp\/v2\/pages\/57\/revisions"}],"predecessor-version":[{"id":74,"href":"https:\/\/blogsaverroes.juntadeandalucia.es\/delenguarh\/wp-json\/wp\/v2\/pages\/57\/revisions\/74"}],"wp:attachment":[{"href":"https:\/\/blogsaverroes.juntadeandalucia.es\/delenguarh\/wp-json\/wp\/v2\/media?parent=57"}],"curies":[{"name":"wp","href":"https:\/\/api.w.org\/{rel}","templated":true}]}}