{"id":109,"date":"2025-09-29T21:08:04","date_gmt":"2025-09-29T19:08:04","guid":{"rendered":"https:\/\/blogsaverroes.juntadeandalucia.es\/deorientacioniesfernando3\/?page_id=109"},"modified":"2025-12-08T18:09:53","modified_gmt":"2025-12-08T17:09:53","slug":"becas","status":"publish","type":"page","link":"https:\/\/blogsaverroes.juntadeandalucia.es\/deorientacioniesfernando3\/becas\/","title":{"rendered":"Becas"},"content":{"rendered":"<p><span style=\"font-size: 18pt\"><strong><span style=\"font-size: 24pt;color: #ff0000\">NOVEDAD: <\/span>BECA 6000\u00a0 (CURSO 25\/26): <\/strong><\/span><\/p>\n<p><span style=\"font-size: 18pt\"><strong>del 05 de diciembre de 2025 al 05 de enero de 2026<\/strong><\/span><\/p>\n<p>TEXTO RESOLUCI\u00d3N: <a href=\"https:\/\/www.juntadeandalucia.es\/boja\/2025\/234\/1\" target=\"_blank\" rel=\"noopener\">aqu\u00ed.<\/a><\/p>\n<p>SOLICITUD: <a href=\"https:\/\/secretariavirtual.juntadeandalucia.es\/secretariavirtual\/solicitudes\/\" target=\"_blank\" rel=\"noopener\">Secretar\u00eda Virtual de los Centros Docentes<\/a><\/p>\n<p><span style=\"font-size: 18pt\"><strong><span style=\"font-size: 24pt;color: #ff0000\">NOVEDAD: <\/span>BECA ADRIANO\u00a0 (CURSO 25\/26): <\/strong><\/span><\/p>\n<p><span style=\"font-size: 18pt\"><strong>del 06 de diciembre de 2025 al 05 de enero de 2026<\/strong><\/span><\/p>\n<p>TEXTO RESOLUCI\u00d3N: <a href=\"https:\/\/www.juntadeandalucia.es\/boja\/2025\/235\/5\" target=\"_blank\" rel=\"noopener\">aqu\u00ed.<\/a><\/p>\n<p>SOLICITUD: <a href=\"https:\/\/secretariavirtual.juntadeandalucia.es\/secretariavirtual\/solicitudes\/\" target=\"_blank\" rel=\"noopener\">Secretar\u00eda Virtual de los Centros Docentes<\/a><\/p>\n<p><span style=\"font-size: 18pt\"><strong><span style=\"font-size: 24pt;color: #ff0000\">NOVEDAD: <\/span>BECA SEGUNDA OPORTUNIDAD\u00a0 (CURSO 25\/26): <\/strong><\/span><\/p>\n<p><span style=\"font-size: 18pt\"><strong>del 06 de diciembre de 2025 al 05 de enero de 2026<\/strong><\/span><\/p>\n<p>TEXTO RESOLUCI\u00d3N: <a href=\"https:\/\/www.juntadeandalucia.es\/boja\/2025\/235\/3\" target=\"_blank\" rel=\"noopener\">aqu\u00ed.<\/a><\/p>\n<p>SOLICITUD: <a href=\"https:\/\/secretariavirtual.juntadeandalucia.es\/secretariavirtual\/solicitudes\/\" target=\"_blank\" rel=\"noopener\">Secretar\u00eda Virtual de los Centros Docentes<\/a><\/p>\n<p><span style=\"font-size: 18pt\"><strong><span style=\"font-size: 24pt;color: #ff0000\">NOVEDAD: <\/span>AYUDAS INDIVIDUALIZADAS PARA EL TRANSPORTE ESCOLAR\u00a0 (CURSO 25\/26): <\/strong><\/span><\/p>\n<p><span style=\"font-size: 18pt\"><strong>del 06 de diciembre de 2025 al 05 de enero de 2026<\/strong><\/span><\/p>\n<p>TEXTO RESOLUCI\u00d3N: <a href=\"https:\/\/www.juntadeandalucia.es\/boja\/2025\/235\/4\" target=\"_blank\" rel=\"noopener\">aqu\u00ed.<\/a><\/p>\n<p>SOLICITUD: <a href=\"https:\/\/secretariavirtual.juntadeandalucia.es\/secretariavirtual\/solicitudes\/\" target=\"_blank\" rel=\"noopener\">Secretar\u00eda Virtual de los Centros Docentes<\/a><\/p>\n<div style=\"width: 100%\">\n<div style=\"position: relative;padding-bottom: 56.25%;padding-top: 0;height: 0\"><iframe loading=\"lazy\" src=\"https:\/\/view.genially.com\/5fb1427d72da7f14532e16f2\" width=\"600px\" height=\"338px\" frameborder=\"0\" scrolling=\"yes\"><\/iframe><\/div>\n<div><\/div>\n<\/div>\n","protected":false},"excerpt":{"rendered":"<p>NOVEDAD: BECA 6000\u00a0 (CURSO 25\/26): del 05 de diciembre de 2025 al 05 de enero de 2026 TEXTO RESOLUCI\u00d3N: aqu\u00ed. SOLICITUD: Secretar\u00eda Virtual de los Centros Docentes NOVEDAD: BECA ADRIANO\u00a0 (CURSO 25\/26): del 06 de diciembre de 2025 al 05 de enero de 2026 TEXTO RESOLUCI\u00d3N: aqu\u00ed. SOLICITUD: Secretar\u00eda Virtual&#46;&#46;&#46;<\/p>\n","protected":false},"author":15677,"featured_media":0,"parent":0,"menu_order":0,"comment_status":"closed","ping_status":"closed","template":"","meta":{"footnotes":""},"aioseo_notices":[],"_links":{"self":[{"href":"https:\/\/blogsaverroes.juntadeandalucia.es\/deorientacioniesfernando3\/wp-json\/wp\/v2\/pages\/109"}],"collection":[{"href":"https:\/\/blogsaverroes.juntadeandalucia.es\/deorientacioniesfernando3\/wp-json\/wp\/v2\/pages"}],"about":[{"href":"https:\/\/blogsaverroes.juntadeandalucia.es\/deorientacioniesfernando3\/wp-json\/wp\/v2\/types\/page"}],"author":[{"embeddable":true,"href":"https:\/\/blogsaverroes.juntadeandalucia.es\/deorientacioniesfernando3\/wp-json\/wp\/v2\/users\/15677"}],"replies":[{"embeddable":true,"href":"https:\/\/blogsaverroes.juntadeandalucia.es\/deorientacioniesfernando3\/wp-json\/wp\/v2\/comments?post=109"}],"version-history":[{"count":29,"href":"https:\/\/blogsaverroes.juntadeandalucia.es\/deorientacioniesfernando3\/wp-json\/wp\/v2\/pages\/109\/revisions"}],"predecessor-version":[{"id":456,"href":"https:\/\/blogsaverroes.juntadeandalucia.es\/deorientacioniesfernando3\/wp-json\/wp\/v2\/pages\/109\/revisions\/456"}],"wp:attachment":[{"href":"https:\/\/blogsaverroes.juntadeandalucia.es\/deorientacioniesfernando3\/wp-json\/wp\/v2\/media?parent=109"}],"curies":[{"name":"wp","href":"https:\/\/api.w.org\/{rel}","templated":true}]}}