{"id":111,"date":"2025-09-29T21:08:15","date_gmt":"2025-09-29T19:08:15","guid":{"rendered":"https:\/\/blogsaverroes.juntadeandalucia.es\/deorientacioniesfernando3\/?page_id=111"},"modified":"2025-09-30T17:29:13","modified_gmt":"2025-09-30T15:29:13","slug":"eso","status":"publish","type":"page","link":"https:\/\/blogsaverroes.juntadeandalucia.es\/deorientacioniesfernando3\/eso\/","title":{"rendered":"ESO"},"content":{"rendered":"<section id=\"h.377769bb66b3a3d9_28\" class=\"yaqOZd\">\n<div class=\"mYVXT\">\n<div class=\"LS81yb VICjCf j5pSsc db35Fc\">\n<div class=\"hJDwNd-AhqUyc-uQSCkd Ft7HRd-AhqUyc-uQSCkd purZT-AhqUyc-II5mzb ZcASvf-AhqUyc-II5mzb pSzOP-AhqUyc-qWD73c Ktthjf-AhqUyc-qWD73c JNdkSc SQVYQc\">\n<div class=\"JNdkSc-SmKAyb LkDMRd\">\n<div class=\"\">\n<div class=\"oKdM2c ZZyype Kzv0Me\">\n<div id=\"h.377769bb66b3a3d9_25\" class=\"hJDwNd-AhqUyc-uQSCkd Ft7HRd-AhqUyc-uQSCkd jXK9ad D2fZ2 zu5uec OjCsFc dmUFtb wHaque g5GTcb\">\n<div class=\"jXK9ad-SmKAyb\">\n<div class=\"tyJCtd mGzaTb Depvyb baZpAe\">\n<p class=\"zfr3Q CDt4Ke \" dir=\"ltr\"><span class=\"C9DxTc \">La Educaci\u00f3n Secundaria Obligatoria (<\/span><span class=\"C9DxTc \">ESO<\/span><span class=\"C9DxTc \">) es una etapa educativa obligatoria y gratuita que, junto con la Educaci\u00f3n Primaria, constituye la educaci\u00f3n b\u00e1sica. Consta de cuatro cursos acad\u00e9micos que se realizan ordinariamente entre los 12 y los 16 a\u00f1os de edad<\/span><span class=\"C9DxTc \">\u00a0<\/span><\/p>\n<p class=\"zfr3Q CDt4Ke \" dir=\"ltr\"><span class=\"C9DxTc \">La\u00a0<\/span><span class=\"jgG6ef C9DxTc \">E<\/span><span class=\"C9DxTc \">ducaci\u00f3n\u00a0<\/span><span class=\"jgG6ef C9DxTc \">S<\/span><span class=\"C9DxTc \">ecundaria\u00a0<\/span><span class=\"jgG6ef C9DxTc \">O<\/span><span class=\"C9DxTc \">bligatoria tiene como\u00a0<\/span><span class=\"C9DxTc \">finalidad\u00a0<\/span><span class=\"C9DxTc \">que el alumnado:<\/span><\/p>\n<ul class=\"n8H08c UVNKR \">\n<li class=\"zfr3Q TYR86d eD0Rn \" dir=\"ltr\">\n<p class=\"zfr3Q CDt4Ke \" dir=\"ltr\" role=\"presentation\"><span class=\"C9DxTc \">Adquiera los<\/span><span class=\"C9DxTc \">\u00a0elementos b\u00e1sicos de la cultura<\/span><span class=\"C9DxTc \">: human\u00edsticos, art\u00edsticos, cient\u00edficos y tecnol\u00f3gicos.<\/span><\/p>\n<\/li>\n<li class=\"zfr3Q TYR86d eD0Rn \" dir=\"ltr\">\n<p class=\"zfr3Q CDt4Ke \" dir=\"ltr\" role=\"presentation\"><span class=\"C9DxTc \">Desarrolle y consolide sus\u00a0<\/span><span class=\"C9DxTc \">h\u00e1bitos de estudio y de trabajo<\/span><span class=\"C9DxTc \">.<\/span><\/p>\n<\/li>\n<li class=\"zfr3Q TYR86d eD0Rn \" dir=\"ltr\">\n<p class=\"zfr3Q CDt4Ke \" dir=\"ltr\" role=\"presentation\"><span class=\"C9DxTc \">Se prepare para su incorporaci\u00f3n a\u00a0<\/span><span class=\"C9DxTc \">estudios posteriores\u00a0<\/span><span class=\"C9DxTc \">y para su\u00a0<\/span><span class=\"C9DxTc \">inserci\u00f3n laboral<\/span><span class=\"C9DxTc \">.<\/span><\/p>\n<\/li>\n<li class=\"zfr3Q TYR86d eD0Rn \" dir=\"ltr\">\n<p class=\"zfr3Q CDt4Ke \" dir=\"ltr\" role=\"presentation\"><span class=\"C9DxTc \">Se forme para el ejercicio de sus derechos y obligaciones ciudadanas.<\/span><\/p>\n<\/li>\n<\/ul>\n<p class=\"zfr3Q CDt4Ke \" dir=\"ltr\"><span class=\"C9DxTc \">La ESO se organiza de acuerdo con los principios de\u00a0<\/span><span class=\"C9DxTc \">educaci\u00f3n com\u00fan\u00a0<\/span><span class=\"C9DxTc \">y de<\/span><span class=\"C9DxTc \">\u00a0atenci\u00f3n a la diversidad\u00a0<\/span><span class=\"C9DxTc \">del alumnado y presta una especial atenci\u00f3n a la\u00a0<\/span><span class=\"C9DxTc \">orientaci\u00f3n educativa y profesional<\/span><span class=\"C9DxTc \">.<\/span><\/p>\n<p class=\"zfr3Q CDt4Ke \" dir=\"ltr\"><span class=\"C9DxTc \">Se compone de\u00a0<\/span><span class=\"C9DxTc \">cuatro cursos\u00a0<\/span><span class=\"C9DxTc \">en los que el alumno recibir\u00e1 una formaci\u00f3n integral desarrollando conocimientos, habilidades y competencias que le ser\u00e1n imprescindibles para su futuro acad\u00e9mico.<\/span><\/p>\n<p class=\"zfr3Q CDt4Ke \" dir=\"ltr\"><span class=\"C9DxTc \">Desde el curso 2015-2016 se organiza en<\/span><span class=\"C9DxTc \">\u00a0<\/span><span class=\"C9DxTc \">dos ciclos<\/span><span class=\"C9DxTc \">; el primero, de tres cursos escolares (<\/span><span class=\"C9DxTc \">1\u00ba, 2\u00ba y 3\u00ba ESO<\/span><span class=\"C9DxTc \">) y el segundo, de uno (<\/span><span class=\"C9DxTc \">4\u00ba ESO<\/span><span class=\"C9DxTc \">). Este \u00faltimo, que es de car\u00e1cter fundamentalmente preparatorio y orientador, puede cursarse en dos opciones diferenciadas:<\/span><\/p>\n<ul class=\"n8H08c UVNKR \">\n<li class=\"zfr3Q TYR86d eD0Rn \" dir=\"ltr\">\n<p class=\"zfr3Q CDt4Ke \" dir=\"ltr\" role=\"presentation\"><span class=\"C9DxTc \">Opci\u00f3n de ense\u00f1anzas acad\u00e9micas para la iniciaci\u00f3n al\u00a0<\/span><a class=\"XqQF9c\" href=\"https:\/\/www.iesf3.com\/oferta-educativa\/bachillerato\"><span class=\"C9DxTc aw5Odc \">Bachillerato<\/span><\/a><span class=\"C9DxTc \">.<\/span><\/p>\n<\/li>\n<li class=\"zfr3Q TYR86d eD0Rn \" dir=\"ltr\">\n<p class=\"zfr3Q CDt4Ke \" dir=\"ltr\" role=\"presentation\"><span class=\"C9DxTc \">Opci\u00f3n de ense\u00f1anzas aplicadas para la iniciaci\u00f3n a la\u00a0<\/span><a class=\"XqQF9c\" href=\"https:\/\/www.iesf3.com\/oferta-educativa\/ciclos-formativos\/ciclos-de-grado-medio\"><span class=\"C9DxTc aw5Odc \">Formaci\u00f3n Profesional.<\/span><\/a><\/p>\n<\/li>\n<\/ul>\n<p class=\"zfr3Q CDt4Ke \" dir=\"ltr\"><span class=\"C9DxTc \">Al final de la etapa, el alumnado estar\u00e1 en disposici\u00f3n del <\/span><span class=\"C9DxTc \">t\u00edtulo de la E.S.O.<\/span><span class=\"C9DxTc \">, que le permitir\u00e1 acceder a\u00a0<\/span><span class=\"C9DxTc \">estudios post-obligatorios<\/span><span class=\"C9DxTc \">\u00a0<\/span><span class=\"C9DxTc \">(<\/span><a class=\"XqQF9c\" href=\"https:\/\/www.iesf3.com\/oferta-educativa\/bachillerato\"><span class=\"C9DxTc aw5Odc \">Bachillerato\u00a0<\/span><\/a><span class=\"C9DxTc \">y\u00a0<\/span><a class=\"XqQF9c\" href=\"https:\/\/www.iesf3.com\/oferta-educativa\/ciclos-formativos\/ciclos-de-grado-medio\"><span class=\"C9DxTc aw5Odc \">Ciclos de grado de medio de Formaci\u00f3n Profesional<\/span><\/a><span class=\"C9DxTc \">).<\/span><\/p>\n<\/div>\n<\/div>\n<\/div>\n<\/div>\n<\/div>\n<\/div>\n<\/div>\n<\/div>\n<\/div>\n<\/section>\n<section id=\"h.377769bb66b3a3d9_29\" class=\"yaqOZd WxWicb\">\n<div class=\"IFuOkc\"><\/div>\n<div class=\"mYVXT\">\n<div class=\"LS81yb VICjCf j5pSsc db35Fc\">\n<div class=\"hJDwNd-AhqUyc-uQSCkd Ft7HRd-AhqUyc-uQSCkd purZT-AhqUyc-II5mzb ZcASvf-AhqUyc-II5mzb pSzOP-AhqUyc-qWD73c Ktthjf-AhqUyc-qWD73c JNdkSc SQVYQc\">\n<div class=\"JNdkSc-SmKAyb LkDMRd\">\n<div class=\"\">\n<div class=\"oKdM2c ZZyype Kzv0Me\">\n<div id=\"h.377769bb66b3a3d9_32\" class=\"hJDwNd-AhqUyc-uQSCkd Ft7HRd-AhqUyc-uQSCkd jXK9ad D2fZ2 zu5uec OjCsFc dmUFtb wHaque g5GTcb\">\n<div class=\"jXK9ad-SmKAyb\">\n<div class=\"tyJCtd baZpAe\">\n<div class=\"iwQgFb\" role=\"presentation\"><\/div>\n<\/div>\n<\/div>\n<\/div>\n<\/div>\n<\/div>\n<\/div>\n<\/div>\n<\/div>\n<\/div>\n<\/section>\n<section id=\"h.377769bb66b3a3d9_66\" class=\"yaqOZd\">\n<div class=\"mYVXT\">\n<div class=\"LS81yb VICjCf j5pSsc db35Fc\">\n<div class=\"hJDwNd-AhqUyc-EehZO Ft7HRd-AhqUyc-EehZO purZT-AhqUyc-II5mzb ZcASvf-AhqUyc-II5mzb pSzOP-AhqUyc-qWD73c Ktthjf-AhqUyc-qWD73c JNdkSc SQVYQc\">\n<div class=\"JNdkSc-SmKAyb LkDMRd\">\n<div class=\"\">\n<div class=\"oKdM2c ZZyype Kzv0Me\">\n<div id=\"h.377769bb66b3a3d9_62\" class=\"hJDwNd-AhqUyc-EehZO Ft7HRd-AhqUyc-EehZO jXK9ad D2fZ2 zu5uec OjCsFc dmUFtb wHaque g5GTcb\">\n<div class=\"jXK9ad-SmKAyb\">\n<div class=\"tyJCtd mGzaTb Depvyb baZpAe\">\n<div class=\"CjVfdc\" style=\"text-align: center\"><strong><span class=\"C9DxTc \">ENTRA PARA VER LAS MATERIAS DE CADA CURSO:<\/span><\/strong><\/div>\n<\/div>\n<\/div>\n<\/div>\n<\/div>\n<\/div>\n<\/div>\n<\/div>\n<div class=\"hJDwNd-AhqUyc-ibL1re Ft7HRd-AhqUyc-ibL1re purZT-AhqUyc-ibL1re ZcASvf-AhqUyc-ibL1re pSzOP-AhqUyc-ibL1re Ktthjf-AhqUyc-ibL1re JNdkSc SQVYQc\">\n<div class=\"JNdkSc-SmKAyb LkDMRd\">\n<div class=\"\">\n<div class=\"oKdM2c ZZyype Kzv0Me\">\n<div id=\"h.2202efb0633c04dd_0\" class=\"hJDwNd-AhqUyc-ibL1re Ft7HRd-AhqUyc-ibL1re purZT-AhqUyc-ibL1re ZcASvf-AhqUyc-ibL1re pSzOP-AhqUyc-ibL1re Ktthjf-AhqUyc-ibL1re jXK9ad D2fZ2 zu5uec OjCsFc dmUFtb wHaque g5GTcb\">\n<div class=\"jXK9ad-SmKAyb\">\n<div class=\"tyJCtd baZpAe\">\n<div class=\"t3iYD\"><\/div>\n<\/div>\n<\/div>\n<\/div>\n<\/div>\n<\/div>\n<\/div>\n<\/div>\n<\/div>\n<\/div>\n<\/section>\n<section id=\"h.377769bb66b3a3d9_33\" class=\"yaqOZd\">\n<div class=\"IFuOkc\"><\/div>\n<div class=\"mYVXT\">\n<div class=\"LS81yb VICjCf j5pSsc db35Fc\">\n<div class=\"hJDwNd-AhqUyc-c5RTEf Ft7HRd-AhqUyc-c5RTEf purZT-AhqUyc-c5RTEf ZcASvf-AhqUyc-c5RTEf pSzOP-AhqUyc-c5RTEf Ktthjf-AhqUyc-c5RTEf JNdkSc SQVYQc yYI8W HQwdzb\">\n<div class=\"JNdkSc-SmKAyb LkDMRd\">\n<div class=\"\">\n<div class=\"oKdM2c ZZyype Kzv0Me\">\n<div id=\"h.377769bb66b3a3d9_54\" class=\"hJDwNd-AhqUyc-c5RTEf Ft7HRd-AhqUyc-c5RTEf purZT-AhqUyc-c5RTEf ZcASvf-AhqUyc-c5RTEf pSzOP-AhqUyc-c5RTEf Ktthjf-AhqUyc-c5RTEf jXK9ad D2fZ2 zu5uec OjCsFc dmUFtb\">\n<div class=\"jXK9ad-SmKAyb\">\n<div class=\"tyJCtd baZpAe\">\n<div class=\"t3iYD\"><img loading=\"lazy\" decoding=\"async\" class=\"CENy8b aligncenter\" src=\"https:\/\/lh3.googleusercontent.com\/sitesv\/AICyYdZVkukCyVjNOIRfogXJRS5lXdi9qwcJ7nTOIZyEpnQr1aAf3FGDba5rGZUI0Z-3WT7ozDxtPRfn71iw6mfQXJOdUlKHorKfTJ0JDe_MLyUBn25NUvdpok9V3KJdM_d44rcht8BMjfjqOPjJZc3J0iXt-H1Y7Jbj1F1tEao8qrcvsNHy1sI7rEEXBKSD-Y_J2unv397avAHPaYeSMNgXjnKKjOrsxlVlj6-X0ZY=w1280\" width=\"239\" height=\"239\" \/><\/div>\n<\/div>\n<\/div>\n<\/div>\n<\/div>\n<div class=\"oKdM2c ZZyype\">\n<div id=\"h.377769bb66b3a3d9_38\" class=\"hJDwNd-AhqUyc-c5RTEf Ft7HRd-AhqUyc-c5RTEf purZT-AhqUyc-c5RTEf ZcASvf-AhqUyc-c5RTEf pSzOP-AhqUyc-c5RTEf Ktthjf-AhqUyc-c5RTEf jXK9ad D2fZ2 zu5uec wHaque g5GTcb\">\n<div class=\"jXK9ad-SmKAyb\">\n<div class=\"tyJCtd mGzaTb Depvyb baZpAe\">\n<p class=\"zfr3Q CDt4Ke \" dir=\"ltr\" style=\"text-align: center\"><a class=\"XqQF9c\" href=\"https:\/\/www.iesf3.com\/oferta-educativa\/eso\/1%C2%BA-eso\"><span class=\"C9DxTc aw5Odc \">Materias del 1\u00ba curso de la ESO<\/span><\/a><\/p>\n<\/div>\n<\/div>\n<\/div>\n<\/div>\n<\/div>\n<\/div>\n<\/div>\n<div class=\"hJDwNd-AhqUyc-c5RTEf Ft7HRd-AhqUyc-c5RTEf purZT-AhqUyc-c5RTEf ZcASvf-AhqUyc-c5RTEf pSzOP-AhqUyc-c5RTEf Ktthjf-AhqUyc-c5RTEf JNdkSc SQVYQc yYI8W HQwdzb\">\n<div class=\"JNdkSc-SmKAyb LkDMRd\">\n<div class=\"\">\n<div class=\"oKdM2c ZZyype Kzv0Me\">\n<div id=\"h.377769bb66b3a3d9_55\" class=\"hJDwNd-AhqUyc-c5RTEf Ft7HRd-AhqUyc-c5RTEf purZT-AhqUyc-c5RTEf ZcASvf-AhqUyc-c5RTEf pSzOP-AhqUyc-c5RTEf Ktthjf-AhqUyc-c5RTEf jXK9ad D2fZ2 zu5uec OjCsFc dmUFtb\">\n<div class=\"jXK9ad-SmKAyb\">\n<div class=\"tyJCtd baZpAe\">\n<div class=\"t3iYD\"><img loading=\"lazy\" decoding=\"async\" class=\"CENy8b aligncenter\" src=\"https:\/\/lh3.googleusercontent.com\/sitesv\/AICyYdb8QXE_nmjAiPw2KSHP93O8-HLpbgGRNLcsGQGvZPDC3HvL-Lt6-j1ShaiyZVJoQ7Q-V6K6YcdFrSARuWRgegVGhyS3NwlQg0vBU0-IOJhgNi-liD3EvOG3W43lVioGI_ifnu4s9ZUR8Jvf0Ky96bnen1dEo2oDmYWKS3EQkS1BLqCST1DYBFWDyVf0EANR1xwTBGavsZwQ_OgfekAlEvK7cWeGaZM_G69S=w1280\" width=\"239\" height=\"239\" \/><\/div>\n<\/div>\n<\/div>\n<\/div>\n<\/div>\n<div class=\"oKdM2c ZZyype\">\n<div id=\"h.377769bb66b3a3d9_43\" class=\"hJDwNd-AhqUyc-c5RTEf Ft7HRd-AhqUyc-c5RTEf purZT-AhqUyc-c5RTEf ZcASvf-AhqUyc-c5RTEf pSzOP-AhqUyc-c5RTEf Ktthjf-AhqUyc-c5RTEf jXK9ad D2fZ2 zu5uec wHaque g5GTcb\">\n<div class=\"jXK9ad-SmKAyb\">\n<div class=\"tyJCtd mGzaTb Depvyb baZpAe\">\n<p class=\"zfr3Q CDt4Ke \" dir=\"ltr\" style=\"text-align: center\"><a class=\"XqQF9c\" href=\"https:\/\/www.iesf3.com\/oferta-educativa\/eso\/2%C2%BA-eso\"><span class=\"C9DxTc aw5Odc \">Materias del\u00a0<\/span><span class=\"C9DxTc aw5Odc \">2\u00ba<\/span><span class=\"C9DxTc aw5Odc \">\u00a0curso de la ESO<\/span><\/a><\/p>\n<\/div>\n<\/div>\n<\/div>\n<\/div>\n<\/div>\n<\/div>\n<\/div>\n<div class=\"hJDwNd-AhqUyc-c5RTEf Ft7HRd-AhqUyc-c5RTEf purZT-AhqUyc-c5RTEf ZcASvf-AhqUyc-c5RTEf pSzOP-AhqUyc-c5RTEf Ktthjf-AhqUyc-c5RTEf JNdkSc SQVYQc yYI8W HQwdzb\">\n<div class=\"JNdkSc-SmKAyb LkDMRd\">\n<div class=\"\">\n<div class=\"oKdM2c ZZyype Kzv0Me\">\n<div id=\"h.377769bb66b3a3d9_56\" class=\"hJDwNd-AhqUyc-c5RTEf Ft7HRd-AhqUyc-c5RTEf purZT-AhqUyc-c5RTEf ZcASvf-AhqUyc-c5RTEf pSzOP-AhqUyc-c5RTEf Ktthjf-AhqUyc-c5RTEf jXK9ad D2fZ2 zu5uec OjCsFc dmUFtb\">\n<div class=\"jXK9ad-SmKAyb\">\n<div class=\"tyJCtd baZpAe\">\n<div class=\"t3iYD\"><img loading=\"lazy\" decoding=\"async\" class=\"CENy8b aligncenter\" src=\"https:\/\/lh3.googleusercontent.com\/sitesv\/AICyYdYdngknl7zh1b9dJCxL1MeKdMybmYm--ZrZ2MaBJpHcnct6rr0qj1wEAFJ-qlJuj70c7uUDCERZtmLl1xx6FLTM9gQMWsklxbJVzhZFP9_U7ouKVIK_4-nt4YvSb3EtbamoQYv4OgX9jNKs1ZQWvelvHL2bvsnnLILKUCAFs_PIkbENYjBbMZwyiKBdU2SjeDiuE6xG6He3XikO1ueGY5JN44sO5fYXwN3ytQA=w1280\" width=\"252\" height=\"252\" \/><\/div>\n<\/div>\n<\/div>\n<\/div>\n<\/div>\n<div class=\"oKdM2c ZZyype\">\n<div id=\"h.377769bb66b3a3d9_48\" class=\"hJDwNd-AhqUyc-c5RTEf Ft7HRd-AhqUyc-c5RTEf purZT-AhqUyc-c5RTEf ZcASvf-AhqUyc-c5RTEf pSzOP-AhqUyc-c5RTEf Ktthjf-AhqUyc-c5RTEf jXK9ad D2fZ2 zu5uec wHaque g5GTcb\">\n<div class=\"jXK9ad-SmKAyb\">\n<div class=\"tyJCtd mGzaTb Depvyb baZpAe\">\n<p class=\"zfr3Q CDt4Ke \" dir=\"ltr\" style=\"text-align: center\"><a class=\"XqQF9c\" href=\"https:\/\/www.iesf3.com\/oferta-educativa\/eso\/3%C2%BA-eso\"><span class=\"C9DxTc aw5Odc \">Materias del\u00a0<\/span><span class=\"C9DxTc aw5Odc \">3\u00ba\u00a0<\/span><span class=\"C9DxTc aw5Odc \">curso de la ESO<\/span><\/a><\/p>\n<\/div>\n<\/div>\n<\/div>\n<\/div>\n<\/div>\n<\/div>\n<\/div>\n<div class=\"hJDwNd-AhqUyc-c5RTEf Ft7HRd-AhqUyc-c5RTEf purZT-AhqUyc-c5RTEf ZcASvf-AhqUyc-c5RTEf pSzOP-AhqUyc-c5RTEf Ktthjf-AhqUyc-c5RTEf JNdkSc SQVYQc yYI8W HQwdzb\">\n<div class=\"JNdkSc-SmKAyb LkDMRd\">\n<div class=\"\">\n<div class=\"oKdM2c ZZyype Kzv0Me\">\n<div id=\"h.377769bb66b3a3d9_57\" class=\"hJDwNd-AhqUyc-c5RTEf Ft7HRd-AhqUyc-c5RTEf purZT-AhqUyc-c5RTEf ZcASvf-AhqUyc-c5RTEf pSzOP-AhqUyc-c5RTEf Ktthjf-AhqUyc-c5RTEf jXK9ad D2fZ2 zu5uec OjCsFc dmUFtb\">\n<div class=\"jXK9ad-SmKAyb\">\n<div class=\"tyJCtd baZpAe\">\n<div class=\"t3iYD\"><img loading=\"lazy\" decoding=\"async\" class=\"CENy8b aligncenter\" src=\"https:\/\/lh3.googleusercontent.com\/sitesv\/AICyYdZV_UTa4nafFSFgZMN9o3wsnFMs9f1iCqkLU7OukBg0k0753cyvk8ZzYTwCXO--TODFnJpfdEFi59TYJtYq54cLbiejdtJHyYT9LunX83eDAOoTG_VFzHgK9r3gtXWxOTemu-PKuaql3FreVKs0VPylTj43u7Y75VEZjxC8DsJJoa-kzxPef68bhPYNRDXcp7Ir3GdAoBERTR3Onqu_uCP7lCOFRJykRo5nXPk=w1280\" width=\"254\" height=\"254\" \/><\/div>\n<\/div>\n<\/div>\n<\/div>\n<\/div>\n<div class=\"oKdM2c ZZyype\">\n<div id=\"h.377769bb66b3a3d9_53\" class=\"hJDwNd-AhqUyc-c5RTEf Ft7HRd-AhqUyc-c5RTEf purZT-AhqUyc-c5RTEf ZcASvf-AhqUyc-c5RTEf pSzOP-AhqUyc-c5RTEf Ktthjf-AhqUyc-c5RTEf jXK9ad D2fZ2 zu5uec wHaque g5GTcb\">\n<div class=\"jXK9ad-SmKAyb\">\n<div class=\"tyJCtd mGzaTb Depvyb baZpAe\">\n<p class=\"zfr3Q CDt4Ke \" dir=\"ltr\" style=\"text-align: center\"><a class=\"XqQF9c\" href=\"https:\/\/www.iesf3.com\/oferta-educativa\/eso\/4%C2%BA-eso\"><span class=\"C9DxTc aw5Odc \">Materias del\u00a0<\/span><span class=\"C9DxTc aw5Odc \">4\u00ba\u00a0<\/span><span class=\"C9DxTc aw5Odc \">curso de la ESO<\/span><\/a><\/p>\n<\/div>\n<\/div>\n<\/div>\n<\/div>\n<\/div>\n<\/div>\n<\/div>\n<\/div>\n<\/div>\n<\/section>\n<section id=\"h.377769bb66b3a3d9_58\" class=\"yaqOZd WxWicb\">\n<div class=\"IFuOkc\"><\/div>\n<div class=\"mYVXT\">\n<div class=\"LS81yb VICjCf j5pSsc db35Fc\">\n<div class=\"hJDwNd-AhqUyc-uQSCkd Ft7HRd-AhqUyc-uQSCkd purZT-AhqUyc-II5mzb ZcASvf-AhqUyc-II5mzb pSzOP-AhqUyc-qWD73c Ktthjf-AhqUyc-qWD73c JNdkSc SQVYQc\">\n<div class=\"JNdkSc-SmKAyb LkDMRd\">\n<div class=\"\">\n<div class=\"iwQgFb\" role=\"presentation\"><\/div>\n<\/div>\n<\/div>\n<\/div>\n<\/div>\n<\/div>\n<\/section>\n<div><\/div>\n<div><\/div>\n<div class=\"IFuOkc\"><span style=\"font-size: 18pt\"><strong>PROGRAMA DE DIVERSIFICACI\u00d3N CURRICULAR:\u00a0<\/strong><\/span><\/div>\n<div><\/div>\n<div>\n<section id=\"h.85a186a471653b1_22\" class=\"yaqOZd lQAHbd\">\n<div class=\"mYVXT\">\n<div class=\"LS81yb VICjCf j5pSsc db35Fc\">\n<div class=\"hJDwNd-AhqUyc-uQSCkd Ft7HRd-AhqUyc-uQSCkd purZT-AhqUyc-II5mzb ZcASvf-AhqUyc-II5mzb pSzOP-AhqUyc-qWD73c Ktthjf-AhqUyc-qWD73c JNdkSc SQVYQc\">\n<div class=\"JNdkSc-SmKAyb LkDMRd\">\n<div class=\"\">\n<div class=\"oKdM2c ZZyype Kzv0Me\">\n<div id=\"h.85a186a471653b1_25\" class=\"hJDwNd-AhqUyc-uQSCkd Ft7HRd-AhqUyc-uQSCkd jXK9ad D2fZ2 zu5uec OjCsFc dmUFtb wHaque g5GTcb\">\n<div class=\"jXK9ad-SmKAyb\">\n<div class=\"tyJCtd mGzaTb Depvyb baZpAe\">\n<div><\/div>\n<div><\/div>\n<div class=\"CjVfdc\"><span class=\"C9DxTc \">Caracter\u00edsticas del PDC (Programa de Diversificaci\u00f3n Curricular)<\/span><\/div>\n<\/div>\n<\/div>\n<\/div>\n<\/div>\n<\/div>\n<\/div>\n<\/div>\n<\/div>\n<\/div>\n<\/section>\n<section id=\"h.85a186a471653b1_26\" class=\"yaqOZd lQAHbd\">\n<div class=\"IFuOkc\"><\/div>\n<div class=\"mYVXT\">\n<div class=\"LS81yb VICjCf j5pSsc db35Fc\">\n<div class=\"hJDwNd-AhqUyc-uQSCkd Ft7HRd-AhqUyc-uQSCkd purZT-AhqUyc-II5mzb ZcASvf-AhqUyc-II5mzb pSzOP-AhqUyc-qWD73c Ktthjf-AhqUyc-qWD73c JNdkSc SQVYQc\">\n<div class=\"JNdkSc-SmKAyb LkDMRd\">\n<div class=\"\">\n<div class=\"oKdM2c ZZyype Kzv0Me\">\n<div id=\"h.85a186a471653b1_29\" class=\"hJDwNd-AhqUyc-uQSCkd Ft7HRd-AhqUyc-uQSCkd jXK9ad D2fZ2 zu5uec OjCsFc dmUFtb wHaque g5GTcb\">\n<div class=\"jXK9ad-SmKAyb\">\n<div class=\"tyJCtd mGzaTb Depvyb baZpAe\">\n<ul class=\"n8H08c UVNKR \">\n<li class=\"zfr3Q TYR86d eD0Rn \" dir=\"ltr\">\n<p class=\"zfr3Q CDt4Ke \" dir=\"ltr\" role=\"presentation\"><span class=\"C9DxTc \">Los programas de diversificaci\u00f3n curricular estar\u00e1n orientados a la consecuci\u00f3n del t\u00edtulo de Graduado en Educaci\u00f3n Secundaria Obligatoria, por parte de quienes presenten dificultades relevantes de aprendizaje tras haber recibido, en su caso, medidas de apoyo.<\/span><\/p>\n<\/li>\n<li class=\"zfr3Q TYR86d eD0Rn \" dir=\"ltr\">\n<p class=\"zfr3Q CDt4Ke \" dir=\"ltr\" role=\"presentation\"><span class=\"C9DxTc \">Se cursa en\u00a0<\/span><span class=\"C9DxTc \">3<\/span><span class=\"C9DxTc \">\u00ba y\u00a0<\/span><span class=\"C9DxTc \">4<\/span><span class=\"C9DxTc \">\u00ba de la ESO, o \u00fanicamente en\u00a0<\/span><span class=\"C9DxTc \">4<\/span><span class=\"C9DxTc \">\u00ba.<\/span><\/p>\n<\/li>\n<li class=\"zfr3Q TYR86d eD0Rn \" dir=\"ltr\">\n<p class=\"zfr3Q CDt4Ke \" dir=\"ltr\" role=\"presentation\"><span class=\"C9DxTc \">Podr\u00e1 incorporarse a un programa de diversificaci\u00f3n curricular el alumnado que, al finalizar segundo curso, no est\u00e9 en condiciones de promocionar y el equipo docente considere que la permanencia un a\u00f1o m\u00e1s en ese mismo curso no va a suponer un beneficio en su evoluci\u00f3n acad\u00e9mica.<\/span><\/p>\n<\/li>\n<li class=\"zfr3Q TYR86d eD0Rn \" dir=\"ltr\">\n<p class=\"zfr3Q CDt4Ke \" dir=\"ltr\" role=\"presentation\"><span class=\"C9DxTc \">Asimismo, el alumnado que finalice tercero y se encuentre en la situaci\u00f3n citada en el p\u00e1rrafo anterior podr\u00e1 ser propuesto para su incorporaci\u00f3n al primer a\u00f1o del programa.<\/span><\/p>\n<\/li>\n<li class=\"zfr3Q TYR86d eD0Rn \" dir=\"ltr\">\n<p class=\"zfr3Q CDt4Ke \" dir=\"ltr\" role=\"presentation\"><span class=\"C9DxTc \">Excepcionalmente, podr\u00e1 ser propuesto para su incorporaci\u00f3n el alumnado que, al finalizar cuarto curso, no est\u00e9 en condiciones de obtener el t\u00edtulo de Graduado en Educaci\u00f3n Secundaria Obligatoria, si el equipo docente considera que esta medida le permitir\u00e1 obtener dicho t\u00edtulo sin exceder los l\u00edmites de permanencia<\/span><\/p>\n<\/li>\n<\/ul>\n<\/div>\n<\/div>\n<\/div>\n<\/div>\n<\/div>\n<\/div>\n<\/div>\n<\/div>\n<\/div>\n<\/section>\n<\/div>\n<section id=\"h.377769bb66b3a3d9_294\" class=\"yaqOZd\">\n<div class=\"mYVXT\">\n<div class=\"LS81yb VICjCf j5pSsc db35Fc\">\n<div class=\"hJDwNd-AhqUyc-uQSCkd Ft7HRd-AhqUyc-uQSCkd purZT-AhqUyc-II5mzb ZcASvf-AhqUyc-II5mzb pSzOP-AhqUyc-qWD73c Ktthjf-AhqUyc-qWD73c JNdkSc SQVYQc\">\n<div class=\"JNdkSc-SmKAyb LkDMRd\">\n<div class=\"\">\n<div class=\"oKdM2c ZZyype Kzv0Me\">\n<div id=\"h.377769bb66b3a3d9_291\" class=\"hJDwNd-AhqUyc-uQSCkd Ft7HRd-AhqUyc-uQSCkd jXK9ad D2fZ2 zu5uec OjCsFc dmUFtb wHaque g5GTcb\">\n<div class=\"jXK9ad-SmKAyb\">\n<div class=\"tyJCtd mGzaTb Depvyb baZpAe\"><img decoding=\"async\" class=\"aligncenter\" src=\"https:\/\/lh3.googleusercontent.com\/sitesv\/AICyYdYMn3Gan2FklK8ai7JN5m5L01MFIunPOSzw8wVAg6smP2bGxUx7Sf4nZjfsxVVIS0byIhEKkieM5adLBSJiwDVOzeJ5bmxVNLd7nx3NUsAfRNbKN-e8PCzBti4pzoBzhdHzCyHqVaqQKtelvLzAUg7IjJ9z8SFWH_bMfCzu5MeybfcQtseyIJOaVn--LagtgSo4zmAHvyS7jfTIqlJMAOlYk0nv3GCrThoJ=w1280\" \/><\/div>\n<\/div>\n<\/div>\n<div><img decoding=\"async\" class=\"aligncenter\" src=\"https:\/\/lh3.googleusercontent.com\/sitesv\/AICyYdbRgStOoB8c0WETCzsHyf_Xy76wjigQCcRLa5hSkjg4_Y-OjY-gksyeohhzaq04bR9qqEMTJuB-9DfeVrOD1geK8MpaxQWUKJNAmqAKmC9SO3nKObbQEzK6jM08k8bJf4iSL6155Rp5QgNRlpJxq-j4-pAgFn0FPkiVEAeT8sXpIgPZ-bHmtkDO-Bm1VRt760IkWS3i6YEoiZ2bL7pE17B6b0og7BUnyiET1GM=w1280\" \/><\/div>\n<\/div>\n<\/div>\n<\/div>\n<\/div>\n<\/div>\n<\/div>\n<\/section>\n","protected":false},"excerpt":{"rendered":"<p>La Educaci\u00f3n Secundaria Obligatoria (ESO) es una etapa educativa obligatoria y gratuita que, junto con la Educaci\u00f3n Primaria, constituye la educaci\u00f3n b\u00e1sica. Consta de cuatro cursos acad\u00e9micos que se realizan ordinariamente entre los 12 y los 16 a\u00f1os de edad\u00a0 La\u00a0Educaci\u00f3n\u00a0Secundaria\u00a0Obligatoria tiene como\u00a0finalidad\u00a0que el alumnado: Adquiera los\u00a0elementos b\u00e1sicos de la&#46;&#46;&#46;<\/p>\n","protected":false},"author":15677,"featured_media":0,"parent":0,"menu_order":0,"comment_status":"closed","ping_status":"closed","template":"","meta":{"footnotes":""},"aioseo_notices":[],"_links":{"self":[{"href":"https:\/\/blogsaverroes.juntadeandalucia.es\/deorientacioniesfernando3\/wp-json\/wp\/v2\/pages\/111"}],"collection":[{"href":"https:\/\/blogsaverroes.juntadeandalucia.es\/deorientacioniesfernando3\/wp-json\/wp\/v2\/pages"}],"about":[{"href":"https:\/\/blogsaverroes.juntadeandalucia.es\/deorientacioniesfernando3\/wp-json\/wp\/v2\/types\/page"}],"author":[{"embeddable":true,"href":"https:\/\/blogsaverroes.juntadeandalucia.es\/deorientacioniesfernando3\/wp-json\/wp\/v2\/users\/15677"}],"replies":[{"embeddable":true,"href":"https:\/\/blogsaverroes.juntadeandalucia.es\/deorientacioniesfernando3\/wp-json\/wp\/v2\/comments?post=111"}],"version-history":[{"count":6,"href":"https:\/\/blogsaverroes.juntadeandalucia.es\/deorientacioniesfernando3\/wp-json\/wp\/v2\/pages\/111\/revisions"}],"predecessor-version":[{"id":203,"href":"https:\/\/blogsaverroes.juntadeandalucia.es\/deorientacioniesfernando3\/wp-json\/wp\/v2\/pages\/111\/revisions\/203"}],"wp:attachment":[{"href":"https:\/\/blogsaverroes.juntadeandalucia.es\/deorientacioniesfernando3\/wp-json\/wp\/v2\/media?parent=111"}],"curies":[{"name":"wp","href":"https:\/\/api.w.org\/{rel}","templated":true}]}}