{"id":128,"date":"2025-09-29T21:16:09","date_gmt":"2025-09-29T19:16:09","guid":{"rendered":"https:\/\/blogsaverroes.juntadeandalucia.es\/deorientacioniesfernando3\/?page_id=128"},"modified":"2025-10-14T08:04:29","modified_gmt":"2025-10-14T06:04:29","slug":"familias","status":"publish","type":"page","link":"https:\/\/blogsaverroes.juntadeandalucia.es\/deorientacioniesfernando3\/familias\/","title":{"rendered":"Familias"},"content":{"rendered":"<p>Presentaci\u00f3n de la Sesi\u00f3n de Orientaci\u00f3n para familias del alumnado de 2\u00ba de Bachillerato. Curso 25\/26:<\/p>\n<div style=\"width: 100%\">\n<div style=\"position: relative;padding-bottom: 56.25%;padding-top: 0;height: 0\"><iframe loading=\"lazy\" src=\"https:\/\/view.genially.com\/68ea0926d738c90b7ad471de\" width=\"600\" height=\"475\" frameborder=\"0\" scrolling=\"yes\"><\/iframe><\/div>\n<p><a href=\"https:\/\/drive.google.com\/file\/d\/1YG72AiIdPgmOzSJAqtTx5gUCuqDR61hU\/view?usp=sharing\" target=\"_blank\" rel=\"noopener\"><img loading=\"lazy\" decoding=\"async\" class=\"aligncenter size-large wp-image-379\" src=\"https:\/\/blogsaverroes.juntadeandalucia.es\/deorientacioniesfernando3\/files\/2025\/10\/Flyer-Sesion-Informativa-Familias-Orientacion-3-724x1024.jpg\" alt=\"\" width=\"724\" height=\"1024\" srcset=\"https:\/\/blogsaverroes.juntadeandalucia.es\/deorientacioniesfernando3\/files\/2025\/10\/Flyer-Sesion-Informativa-Familias-Orientacion-3-724x1024.jpg 724w, https:\/\/blogsaverroes.juntadeandalucia.es\/deorientacioniesfernando3\/files\/2025\/10\/Flyer-Sesion-Informativa-Familias-Orientacion-3-212x300.jpg 212w, https:\/\/blogsaverroes.juntadeandalucia.es\/deorientacioniesfernando3\/files\/2025\/10\/Flyer-Sesion-Informativa-Familias-Orientacion-3-768x1086.jpg 768w, https:\/\/blogsaverroes.juntadeandalucia.es\/deorientacioniesfernando3\/files\/2025\/10\/Flyer-Sesion-Informativa-Familias-Orientacion-3-1086x1536.jpg 1086w, https:\/\/blogsaverroes.juntadeandalucia.es\/deorientacioniesfernando3\/files\/2025\/10\/Flyer-Sesion-Informativa-Familias-Orientacion-3.jpg 1414w\" sizes=\"(max-width: 724px) 100vw, 724px\" \/><\/a><\/p>\n<\/div>\n<div style=\"width: 100%\">\n<div style=\"position: relative;padding-bottom: 56.25%;padding-top: 0;height: 0\"><\/div>\n<\/div>\n","protected":false},"excerpt":{"rendered":"<p>Presentaci\u00f3n de la Sesi\u00f3n de Orientaci\u00f3n para familias del alumnado de 2\u00ba de Bachillerato. Curso 25\/26:<\/p>\n","protected":false},"author":15677,"featured_media":0,"parent":0,"menu_order":0,"comment_status":"closed","ping_status":"closed","template":"","meta":{"footnotes":""},"aioseo_notices":[],"_links":{"self":[{"href":"https:\/\/blogsaverroes.juntadeandalucia.es\/deorientacioniesfernando3\/wp-json\/wp\/v2\/pages\/128"}],"collection":[{"href":"https:\/\/blogsaverroes.juntadeandalucia.es\/deorientacioniesfernando3\/wp-json\/wp\/v2\/pages"}],"about":[{"href":"https:\/\/blogsaverroes.juntadeandalucia.es\/deorientacioniesfernando3\/wp-json\/wp\/v2\/types\/page"}],"author":[{"embeddable":true,"href":"https:\/\/blogsaverroes.juntadeandalucia.es\/deorientacioniesfernando3\/wp-json\/wp\/v2\/users\/15677"}],"replies":[{"embeddable":true,"href":"https:\/\/blogsaverroes.juntadeandalucia.es\/deorientacioniesfernando3\/wp-json\/wp\/v2\/comments?post=128"}],"version-history":[{"count":11,"href":"https:\/\/blogsaverroes.juntadeandalucia.es\/deorientacioniesfernando3\/wp-json\/wp\/v2\/pages\/128\/revisions"}],"predecessor-version":[{"id":381,"href":"https:\/\/blogsaverroes.juntadeandalucia.es\/deorientacioniesfernando3\/wp-json\/wp\/v2\/pages\/128\/revisions\/381"}],"wp:attachment":[{"href":"https:\/\/blogsaverroes.juntadeandalucia.es\/deorientacioniesfernando3\/wp-json\/wp\/v2\/media?parent=128"}],"curies":[{"name":"wp","href":"https:\/\/api.w.org\/{rel}","templated":true}]}}