{"id":213,"date":"2025-09-30T17:42:45","date_gmt":"2025-09-30T15:42:45","guid":{"rendered":"https:\/\/blogsaverroes.juntadeandalucia.es\/deorientacioniesfernando3\/?page_id=213"},"modified":"2025-10-13T19:42:57","modified_gmt":"2025-10-13T17:42:57","slug":"oferta-fp-en-nuestro-centro","status":"publish","type":"page","link":"https:\/\/blogsaverroes.juntadeandalucia.es\/deorientacioniesfernando3\/oferta-fp-en-nuestro-centro\/","title":{"rendered":"Oferta FP en nuestro centro"},"content":{"rendered":"<div class=\"page-title hu-pad group\">\n<h1 style=\"text-align: center\"><span style=\"font-size: 36pt;color: #000000\"><strong>FP B\u00e1sica en nuestro centro<\/strong><\/span><\/h1>\n<\/div>\n<div class=\"hu-pad group\">\n<article class=\"group post-204 page type-page status-publish hentry\">\n<div class=\"entry themeform\">\n<div class=\"hJDwNd-AhqUyc-c5RTEf Ft7HRd-AhqUyc-c5RTEf purZT-AhqUyc-c5RTEf ZcASvf-AhqUyc-c5RTEf pSzOP-AhqUyc-c5RTEf Ktthjf-AhqUyc-c5RTEf JNdkSc SQVYQc\" style=\"text-align: center\">\n<div class=\"JNdkSc-SmKAyb LkDMRd\">\n<div class=\"\">\n<div class=\"oKdM2c ZZyype Kzv0Me\">\n<div id=\"h.6792ad25e74bd255_42\" class=\"hJDwNd-AhqUyc-c5RTEf Ft7HRd-AhqUyc-c5RTEf purZT-AhqUyc-c5RTEf ZcASvf-AhqUyc-c5RTEf pSzOP-AhqUyc-c5RTEf Ktthjf-AhqUyc-c5RTEf jXK9ad D2fZ2 zu5uec OjCsFc dmUFtb wHaque g5GTcb\"><\/div>\n<\/div>\n<\/div>\n<\/div>\n<\/div>\n<div class=\"hJDwNd-AhqUyc-c5RTEf Ft7HRd-AhqUyc-c5RTEf purZT-AhqUyc-c5RTEf ZcASvf-AhqUyc-c5RTEf pSzOP-AhqUyc-c5RTEf Ktthjf-AhqUyc-c5RTEf JNdkSc SQVYQc yYI8W HQwdzb\">\n<div class=\"JNdkSc-SmKAyb LkDMRd\">\n<div class=\"\">\n<div class=\"oKdM2c ZZyype\">\n<div id=\"h.16fdd4ace81e5763_190\" class=\"hJDwNd-AhqUyc-c5RTEf Ft7HRd-AhqUyc-c5RTEf purZT-AhqUyc-c5RTEf ZcASvf-AhqUyc-c5RTEf pSzOP-AhqUyc-c5RTEf Ktthjf-AhqUyc-c5RTEf jXK9ad D2fZ2 zu5uec\">\n<div class=\"jXK9ad-SmKAyb\">\n<div class=\"tyJCtd baZpAe\">\n<div class=\"t3iYD\">\n<div class=\"hJDwNd-AhqUyc-c5RTEf Ft7HRd-AhqUyc-c5RTEf purZT-AhqUyc-c5RTEf ZcASvf-AhqUyc-c5RTEf pSzOP-AhqUyc-c5RTEf Ktthjf-AhqUyc-c5RTEf JNdkSc SQVYQc\" style=\"text-align: center\">\n<div class=\"JNdkSc-SmKAyb LkDMRd\">\n<div class=\"\">\n<div class=\"oKdM2c ZZyype Kzv0Me\">\n<div id=\"h.7fb367ab77856fec_148\" class=\"hJDwNd-AhqUyc-c5RTEf Ft7HRd-AhqUyc-c5RTEf purZT-AhqUyc-c5RTEf ZcASvf-AhqUyc-c5RTEf pSzOP-AhqUyc-c5RTEf Ktthjf-AhqUyc-c5RTEf jXK9ad D2fZ2 zu5uec OjCsFc dmUFtb wHaque g5GTcb\">\n<div class=\"jXK9ad-SmKAyb\">\n<div class=\"tyJCtd baZpAe\">\n<div class=\"t3iYD\"><\/div>\n<\/div>\n<\/div>\n<\/div>\n<\/div>\n<\/div>\n<\/div>\n<\/div>\n<div class=\"hJDwNd-AhqUyc-c5RTEf Ft7HRd-AhqUyc-c5RTEf purZT-AhqUyc-c5RTEf ZcASvf-AhqUyc-c5RTEf pSzOP-AhqUyc-c5RTEf Ktthjf-AhqUyc-c5RTEf JNdkSc SQVYQc yYI8W HQwdzb\">\n<div class=\"JNdkSc-SmKAyb LkDMRd\">\n<div class=\"\">\n<div class=\"oKdM2c ZZyype Kzv0Me\" style=\"text-align: center\">\n<div id=\"h.7fb367ab77856fec_151\" class=\"hJDwNd-AhqUyc-c5RTEf Ft7HRd-AhqUyc-c5RTEf purZT-AhqUyc-c5RTEf ZcASvf-AhqUyc-c5RTEf pSzOP-AhqUyc-c5RTEf Ktthjf-AhqUyc-c5RTEf jXK9ad D2fZ2 zu5uec OjCsFc dmUFtb\">\n<div class=\"jXK9ad-SmKAyb\">\n<div class=\"tyJCtd mGzaTb Depvyb baZpAe\">\n<div id=\"h.dc0bxqv3e77l\" class=\"GV3q8e yMxPgf aP9Z7e\"><\/div>\n<div class=\"CjVfdc\">\n<div class=\"PPhIP rviiZ\">\n<div class=\"U26fgb mUbCce fKz7Od LRAOtb Znu9nd M9Bg4d\" role=\"presentation\" aria-describedby=\"h.dc0bxqv3e77l_l\" aria-label=\"Copiar el v\u00ednculo del encabezado\" data-tooltip=\"Copiar el v\u00ednculo del encabezado\" aria-hidden=\"true\" data-tooltip-position=\"top\" data-tooltip-vertical-offset=\"12\" data-tooltip-horizontal-offset=\"0\">\n<div class=\"VTBa7b MbhUzd\"><a class=\"XqQF9c\" href=\"https:\/\/www.iesf3.com\/oferta-educativa\/ciclos-formativos\/cfgb-en-servicios-comerciales\"><span class=\"C9DxTc aw5Odc \">FORMACI\u00d3N PROFESIONAL DE GRADO B\u00c1SICO<\/span><\/a><\/div>\n<\/div>\n<\/div>\n<\/div>\n<\/div>\n<\/div>\n<\/div>\n<\/div>\n<div class=\"oKdM2c ZZyype\">\n<div id=\"h.7fb367ab77856fec_153\" class=\"hJDwNd-AhqUyc-c5RTEf Ft7HRd-AhqUyc-c5RTEf purZT-AhqUyc-c5RTEf ZcASvf-AhqUyc-c5RTEf pSzOP-AhqUyc-c5RTEf Ktthjf-AhqUyc-c5RTEf jXK9ad D2fZ2 zu5uec\" style=\"text-align: center\">\n<div class=\"jXK9ad-SmKAyb\">\n<div class=\"tyJCtd mGzaTb Depvyb baZpAe\">\n<p class=\"zfr3Q CDt4Ke \" dir=\"ltr\" role=\"presentation\"><a class=\"XqQF9c\" href=\"https:\/\/www.iesf3.com\/oferta-educativa\/ciclos-formativos\/cfgb-en-servicios-comerciales\"><span class=\"C9DxTc aw5Odc \">Formaci\u00f3n Profesional de Grado B\u00e1sico de\u00a0<\/span><span class=\"C9DxTc aw5Odc \">Servicios Comerciales<\/span><\/a><\/p>\n<\/div>\n<\/div>\n<\/div>\n<div class=\"hJDwNd-AhqUyc-c5RTEf Ft7HRd-AhqUyc-c5RTEf purZT-AhqUyc-c5RTEf ZcASvf-AhqUyc-c5RTEf pSzOP-AhqUyc-c5RTEf Ktthjf-AhqUyc-c5RTEf JNdkSc SQVYQc\" style=\"text-align: center\">\n<div class=\"JNdkSc-SmKAyb LkDMRd\">\n<div class=\"\">\n<div class=\"oKdM2c ZZyype Kzv0Me\">\n<div id=\"h.6792ad25e74bd255_42\" class=\"hJDwNd-AhqUyc-c5RTEf Ft7HRd-AhqUyc-c5RTEf purZT-AhqUyc-c5RTEf ZcASvf-AhqUyc-c5RTEf pSzOP-AhqUyc-c5RTEf Ktthjf-AhqUyc-c5RTEf jXK9ad D2fZ2 zu5uec OjCsFc dmUFtb wHaque g5GTcb\">\n<div class=\"jXK9ad-SmKAyb\">\n<div class=\"tyJCtd baZpAe\">\n<div class=\"t3iYD\"><\/div>\n<\/div>\n<\/div>\n<\/div>\n<\/div>\n<\/div>\n<\/div>\n<\/div>\n<div class=\"hJDwNd-AhqUyc-c5RTEf Ft7HRd-AhqUyc-c5RTEf purZT-AhqUyc-c5RTEf ZcASvf-AhqUyc-c5RTEf pSzOP-AhqUyc-c5RTEf Ktthjf-AhqUyc-c5RTEf JNdkSc SQVYQc yYI8W HQwdzb\">\n<div class=\"JNdkSc-SmKAyb LkDMRd\">\n<div class=\"\">\n<div class=\"oKdM2c ZZyype Kzv0Me\" style=\"text-align: center\">\n<div id=\"h.6792ad25e74bd255_45\" class=\"hJDwNd-AhqUyc-c5RTEf Ft7HRd-AhqUyc-c5RTEf purZT-AhqUyc-c5RTEf ZcASvf-AhqUyc-c5RTEf pSzOP-AhqUyc-c5RTEf Ktthjf-AhqUyc-c5RTEf jXK9ad D2fZ2 zu5uec OjCsFc dmUFtb\">\n<div class=\"jXK9ad-SmKAyb\">\n<div class=\"tyJCtd mGzaTb Depvyb baZpAe\" role=\"main\">\n<div id=\"h.2g1wglxk5gka\" class=\"GV3q8e yMxPgf aP9Z7e\"><\/div>\n<div class=\"CjVfdc\">\n<div class=\"PPhIP rviiZ\">\n<div class=\"U26fgb mUbCce fKz7Od LRAOtb Znu9nd M9Bg4d\" role=\"presentation\" aria-describedby=\"h.2g1wglxk5gka_l\" aria-label=\"Copiar el v\u00ednculo del encabezado\" data-tooltip=\"Copiar el v\u00ednculo del encabezado\" aria-hidden=\"true\" data-tooltip-position=\"top\" data-tooltip-vertical-offset=\"12\" data-tooltip-horizontal-offset=\"0\">\n<div class=\"VTBa7b MbhUzd\"><\/div>\n<\/div>\n<\/div>\n<p><a class=\"XqQF9c\" href=\"https:\/\/www.iesf3.com\/oferta-educativa\/ciclos-formativos\/cfgb-en-mantenimiento-de-veh%C3%ADculos\"><span class=\"C9DxTc aw5Odc \">FORMACI\u00d3N PROFESIONAL DE GRADO B\u00c1SICO<\/span><\/a><\/p>\n<\/div>\n<div class=\"CjVfdc\"><a class=\"XqQF9c\" href=\"https:\/\/www.iesf3.com\/oferta-educativa\/ciclos-formativos\/cfgb-en-mantenimiento-de-veh%C3%ADculos\"><span class=\"C9DxTc aw5Odc \">Formaci\u00f3n Profesional de Grado B\u00e1sico de Mantenimiento de Veh\u00edculos<\/span><\/a><\/div>\n<\/div>\n<\/div>\n<\/div>\n<\/div>\n<div class=\"oKdM2c ZZyype\">\n<div id=\"h.16fdd4ace81e5763_190\" class=\"hJDwNd-AhqUyc-c5RTEf Ft7HRd-AhqUyc-c5RTEf purZT-AhqUyc-c5RTEf ZcASvf-AhqUyc-c5RTEf pSzOP-AhqUyc-c5RTEf Ktthjf-AhqUyc-c5RTEf jXK9ad D2fZ2 zu5uec\">\n<div class=\"jXK9ad-SmKAyb\">\n<div class=\"tyJCtd baZpAe\" style=\"text-align: center\">\n<div class=\"t3iYD\">A extinguir. S\u00f3lo 2\u00ba curso en 2024-2025<\/div>\n<\/div>\n<div>\n<div class=\"page-title hu-pad group\" style=\"text-align: center\">\n<h1><\/h1>\n<h1><span style=\"font-size: 36pt\"><strong>FP Grado Medio en nuestro centro<\/strong><\/span><\/h1>\n<\/div>\n<div class=\"hu-pad group\">\n<article class=\"group post-206 page type-page status-publish hentry\">\n<div class=\"entry themeform\">\n<section id=\"h.9a9627c421b99d0_95\" class=\"yaqOZd LB7kq cJgDec nyKByd O13XJf SBrW1\">\n<div class=\"mYVXT\">\n<div class=\"LS81yb VICjCf j5pSsc db35Fc\">\n<div class=\"hJDwNd-AhqUyc-OiUrBf Ft7HRd-AhqUyc-OiUrBf purZT-AhqUyc-II5mzb ZcASvf-AhqUyc-II5mzb pSzOP-AhqUyc-qWD73c Ktthjf-AhqUyc-qWD73c JNdkSc SQVYQc\">\n<div class=\"JNdkSc-SmKAyb LkDMRd\">\n<div class=\"\">\n<div class=\"oKdM2c ZZyype Kzv0Me\">\n<div id=\"h.9a9627c421b99d0_98\" class=\"hJDwNd-AhqUyc-OiUrBf Ft7HRd-AhqUyc-OiUrBf jXK9ad D2fZ2 zu5uec OjCsFc dmUFtb wHaque g5GTcb\">\n<div class=\"jXK9ad-SmKAyb\">\n<div class=\"tyJCtd mGzaTb Depvyb baZpAe lkHyyc\" role=\"main\"><\/div>\n<\/div>\n<\/div>\n<\/div>\n<\/div>\n<\/div>\n<\/div>\n<div class=\"hJDwNd-AhqUyc-ibL1re Ft7HRd-AhqUyc-ibL1re JNdkSc SQVYQc L6cTce-purZT L6cTce-pSzOP\">\n<div class=\"JNdkSc-SmKAyb LkDMRd\">\n<div class=\"\"><\/div>\n<\/div>\n<\/div>\n<\/div>\n<\/div>\n<\/section>\n<section id=\"h.76c889ca3cb2d622_21\" class=\"yaqOZd\">\n<div class=\"mYVXT\">\n<div class=\"LS81yb VICjCf j5pSsc db35Fc\">\n<div class=\"hJDwNd-AhqUyc-qWD73c Ft7HRd-AhqUyc-qWD73c purZT-AhqUyc-II5mzb ZcASvf-AhqUyc-II5mzb pSzOP-AhqUyc-qWD73c Ktthjf-AhqUyc-qWD73c JNdkSc SQVYQc yYI8W HQwdzb\" style=\"text-align: center\">\n<div class=\"JNdkSc-SmKAyb LkDMRd\">\n<div class=\"\">\n<div class=\"oKdM2c ZZyype\">\n<div id=\"h.76c889ca3cb2d622_26\" class=\"hJDwNd-AhqUyc-qWD73c Ft7HRd-AhqUyc-qWD73c jXK9ad D2fZ2 zu5uec wHaque g5GTcb\">\n<div class=\"jXK9ad-SmKAyb\">\n<div class=\"tyJCtd mGzaTb Depvyb baZpAe\">\n<div id=\"h.1up6yc7nsy96\" class=\"CobnVe yMxPgf aP9Z7e\"><\/div>\n<div class=\"CjVfdc\"><a class=\"XqQF9c\" href=\"https:\/\/www.iesf3.com\/oferta-educativa\/ciclos-formativos\/ciclos-de-grado-medio\/actividades-comerciales\"><span class=\"C9DxTc aw5Odc \">CFGM ACTIVIDADES COMERCIALES<\/span><\/a><\/div>\n<p class=\"zfr3Q CDt4Ke \" dir=\"ltr\"><span class=\"puwcIf C9DxTc \">FP DUAL<\/span><\/p>\n<\/div>\n<\/div>\n<\/div>\n<\/div>\n<\/div>\n<\/div>\n<\/div>\n<div class=\"hJDwNd-AhqUyc-qWD73c Ft7HRd-AhqUyc-qWD73c purZT-AhqUyc-II5mzb ZcASvf-AhqUyc-II5mzb pSzOP-AhqUyc-qWD73c Ktthjf-AhqUyc-qWD73c JNdkSc SQVYQc yYI8W HQwdzb\">\n<div class=\"JNdkSc-SmKAyb LkDMRd\">\n<div class=\"\">\n<div class=\"oKdM2c ZZyype Kzv0Me\" style=\"text-align: center\">\n<div id=\"h.76c889ca3cb2d622_36\" class=\"hJDwNd-AhqUyc-qWD73c Ft7HRd-AhqUyc-qWD73c jXK9ad D2fZ2 zu5uec OjCsFc dmUFtb\">\n<div class=\"jXK9ad-SmKAyb\">\n<div class=\"tyJCtd baZpAe\">\n<div class=\"t3iYD\"><\/div>\n<\/div>\n<\/div>\n<\/div>\n<\/div>\n<div class=\"oKdM2c ZZyype\">\n<div id=\"h.76c889ca3cb2d622_33\" class=\"hJDwNd-AhqUyc-qWD73c Ft7HRd-AhqUyc-qWD73c jXK9ad D2fZ2 zu5uec wHaque g5GTcb\">\n<div class=\"jXK9ad-SmKAyb\" style=\"text-align: center\">\n<div class=\"tyJCtd mGzaTb Depvyb baZpAe\">\n<div id=\"h.o72lbhu0uuj6\" class=\"CobnVe yMxPgf aP9Z7e\"><\/div>\n<div class=\"CjVfdc\"><a class=\"XqQF9c\" href=\"https:\/\/www.iesf3.com\/oferta-educativa\/ciclos-formativos\/ciclos-de-grado-medio\/cuidados-auxiliares-de-enfermer%C3%ADa\"><span class=\"C9DxTc aw5Odc \">CFGM CUIDADOS AUXILIARES DE ENFERMER\u00cdA<\/span><\/a><\/div>\n<\/div>\n<\/div>\n<div>\n<div class=\"page-title hu-pad group\" style=\"text-align: center\">\n<h1><\/h1>\n<h1><span style=\"font-size: 36pt\"><strong>FP Grado Superior en nuestro centro<\/strong><\/span><\/h1>\n<\/div>\n<div class=\"hu-pad group\">\n<article class=\"group post-208 page type-page status-publish hentry\">\n<div class=\"entry themeform\">\n<section id=\"h.1c327f49a6efb3ec_1\" class=\"yaqOZd LB7kq cJgDec nyKByd O13XJf SBrW1\">\n<div class=\"mYVXT\">\n<div class=\"LS81yb VICjCf j5pSsc db35Fc\">\n<div class=\"hJDwNd-AhqUyc-EehZO Ft7HRd-AhqUyc-EehZO purZT-AhqUyc-II5mzb ZcASvf-AhqUyc-II5mzb pSzOP-AhqUyc-qWD73c Ktthjf-AhqUyc-qWD73c JNdkSc SQVYQc\">\n<div class=\"JNdkSc-SmKAyb LkDMRd\">\n<div class=\"\">\n<div class=\"oKdM2c ZZyype Kzv0Me\">\n<div id=\"h.1c327f49a6efb3ec_4\" class=\"hJDwNd-AhqUyc-EehZO Ft7HRd-AhqUyc-EehZO jXK9ad D2fZ2 zu5uec OjCsFc dmUFtb wHaque g5GTcb\">\n<div class=\"jXK9ad-SmKAyb\">\n<div class=\"tyJCtd mGzaTb Depvyb baZpAe lkHyyc\" role=\"main\">\n<h1 id=\"h.6rwwh2cx8pa3\" class=\"zfr3Q duRjpb CDt4Ke \" dir=\"ltr\"><\/h1>\n<\/div>\n<\/div>\n<\/div>\n<\/div>\n<\/div>\n<\/div>\n<\/div>\n<\/div>\n<\/div>\n<\/section>\n<section id=\"h.1c327f49a6efb3ec_5\" class=\"yaqOZd\">\n<div class=\"IFuOkc\" style=\"text-align: center\"><\/div>\n<div class=\"mYVXT\">\n<div class=\"LS81yb VICjCf j5pSsc db35Fc\">\n<div class=\"hJDwNd-AhqUyc-qWD73c Ft7HRd-AhqUyc-qWD73c purZT-AhqUyc-II5mzb ZcASvf-AhqUyc-II5mzb pSzOP-AhqUyc-qWD73c Ktthjf-AhqUyc-qWD73c JNdkSc SQVYQc yYI8W HQwdzb\" style=\"text-align: center\">\n<div class=\"JNdkSc-SmKAyb LkDMRd\">\n<div class=\"\">\n<div class=\"oKdM2c ZZyype\">\n<div id=\"h.1c327f49a6efb3ec_10\" class=\"hJDwNd-AhqUyc-qWD73c Ft7HRd-AhqUyc-qWD73c jXK9ad D2fZ2 zu5uec wHaque g5GTcb\">\n<div class=\"jXK9ad-SmKAyb\">\n<div class=\"tyJCtd mGzaTb Depvyb baZpAe\">\n<div id=\"h.3inza5fyxgx3\" class=\"CobnVe yMxPgf aP9Z7e\"><\/div>\n<div class=\"CjVfdc\">\n<div class=\"PPhIP rviiZ\">\n<div class=\"U26fgb mUbCce fKz7Od LRAOtb Znu9nd M9Bg4d\" role=\"presentation\" aria-describedby=\"h.3inza5fyxgx3_l\" aria-label=\"Copiar el v\u00ednculo del encabezado\" data-tooltip=\"Copiar el v\u00ednculo del encabezado\" aria-hidden=\"true\" data-tooltip-position=\"top\" data-tooltip-vertical-offset=\"12\" data-tooltip-horizontal-offset=\"0\">\n<div class=\"VTBa7b MbhUzd\"><\/div>\n<\/div>\n<\/div>\n<p><a class=\"XqQF9c\" href=\"https:\/\/www.iesf3.com\/oferta-educativa\/ciclos-formativos\/ciclos-de-grado-superior\/ciclo-de-grado-superior-de-administraci%C3%B3n-y-finanzas\"><span class=\"C9DxTc aw5Odc \">CFG<\/span><span class=\"C9DxTc aw5Odc \">S<\/span><span class=\"C9DxTc aw5Odc \">\u00a0<\/span><span class=\"C9DxTc aw5Odc \">DE ADMINISTRACI\u00d3N Y FINANZAS<\/span><\/a><\/p>\n<\/div>\n<p class=\"zfr3Q CDt4Ke \" dir=\"ltr\"><span class=\"puwcIf C9DxTc \">FP DUAL<\/span><\/p>\n<\/div>\n<\/div>\n<\/div>\n<\/div>\n<\/div>\n<\/div>\n<\/div>\n<div class=\"hJDwNd-AhqUyc-qWD73c Ft7HRd-AhqUyc-qWD73c purZT-AhqUyc-II5mzb ZcASvf-AhqUyc-II5mzb pSzOP-AhqUyc-qWD73c Ktthjf-AhqUyc-qWD73c JNdkSc SQVYQc yYI8W HQwdzb\">\n<div class=\"JNdkSc-SmKAyb LkDMRd\">\n<div class=\"\">\n<div class=\"oKdM2c ZZyype Kzv0Me\" style=\"text-align: center\">\n<div id=\"h.1c327f49a6efb3ec_13\" class=\"hJDwNd-AhqUyc-qWD73c Ft7HRd-AhqUyc-qWD73c jXK9ad D2fZ2 zu5uec OjCsFc dmUFtb\">\n<div class=\"jXK9ad-SmKAyb\">\n<div class=\"tyJCtd baZpAe\">\n<div class=\"t3iYD\"><\/div>\n<\/div>\n<\/div>\n<\/div>\n<\/div>\n<div class=\"oKdM2c ZZyype\">\n<div id=\"h.1c327f49a6efb3ec_15\" class=\"hJDwNd-AhqUyc-qWD73c Ft7HRd-AhqUyc-qWD73c jXK9ad D2fZ2 zu5uec wHaque g5GTcb\">\n<div class=\"jXK9ad-SmKAyb\">\n<div class=\"tyJCtd mGzaTb Depvyb baZpAe\">\n<div id=\"h.cr1fdk9gjjc3\" class=\"CobnVe yMxPgf aP9Z7e\" style=\"text-align: center\"><\/div>\n<div class=\"CjVfdc\" style=\"text-align: center\">\n<div class=\"PPhIP rviiZ\">\n<div class=\"U26fgb mUbCce fKz7Od LRAOtb Znu9nd M9Bg4d\" role=\"presentation\" aria-describedby=\"h.cr1fdk9gjjc3_l\" aria-label=\"Copiar el v\u00ednculo del encabezado\" data-tooltip=\"Copiar el v\u00ednculo del encabezado\" aria-hidden=\"true\" data-tooltip-position=\"top\" data-tooltip-vertical-offset=\"12\" data-tooltip-horizontal-offset=\"0\">\n<div class=\"VTBa7b MbhUzd\"><\/div>\n<\/div>\n<\/div>\n<p><a class=\"XqQF9c\" href=\"https:\/\/www.iesf3.com\/oferta-educativa\/ciclos-formativos\/ciclos-de-grado-superior\/ciclo-de-grado-superior-de-higien-bucodental\"><span class=\"C9DxTc aw5Odc \">CFG<\/span><span class=\"C9DxTc aw5Odc \">S<\/span><span class=\"C9DxTc aw5Odc \">\u00a0<\/span><span class=\"C9DxTc aw5Odc \">HIGIENE BUCODENTAL<\/span><\/a><\/p>\n<\/div>\n<p class=\"zfr3Q CDt4Ke \" dir=\"ltr\" style=\"text-align: center\"><span class=\"puwcIf C9DxTc \">FP DUAL<\/span><\/p>\n<\/div>\n<\/div>\n<\/div>\n<\/div>\n<\/div>\n<\/div>\n<\/div>\n<\/div>\n<\/div>\n<\/section>\n<\/div>\n<\/article>\n<\/div>\n<\/div>\n<\/div>\n<\/div>\n<\/div>\n<\/div>\n<\/div>\n<\/div>\n<\/div>\n<\/section>\n<\/div>\n<\/article>\n<\/div>\n<\/div>\n<\/div>\n<\/div>\n<\/div>\n<\/div>\n<\/div>\n<\/div>\n<\/div>\n<\/div>\n<\/div>\n<\/div>\n<\/div>\n<\/div>\n<\/div>\n<\/div>\n<\/div>\n<\/div>\n<\/div>\n<\/div>\n<\/div>\n<\/article>\n<\/div>\n","protected":false},"excerpt":{"rendered":"<p>FP B\u00e1sica en nuestro centro FORMACI\u00d3N PROFESIONAL DE GRADO B\u00c1SICO Formaci\u00f3n Profesional de Grado B\u00e1sico de\u00a0Servicios Comerciales FORMACI\u00d3N PROFESIONAL DE GRADO B\u00c1SICO Formaci\u00f3n Profesional de Grado B\u00e1sico de Mantenimiento de Veh\u00edculos A extinguir. S\u00f3lo 2\u00ba curso en 2024-2025 FP Grado Medio en nuestro centro CFGM ACTIVIDADES COMERCIALES FP DUAL CFGM&#46;&#46;&#46;<\/p>\n","protected":false},"author":15677,"featured_media":0,"parent":0,"menu_order":0,"comment_status":"closed","ping_status":"closed","template":"","meta":{"footnotes":""},"aioseo_notices":[],"_links":{"self":[{"href":"https:\/\/blogsaverroes.juntadeandalucia.es\/deorientacioniesfernando3\/wp-json\/wp\/v2\/pages\/213"}],"collection":[{"href":"https:\/\/blogsaverroes.juntadeandalucia.es\/deorientacioniesfernando3\/wp-json\/wp\/v2\/pages"}],"about":[{"href":"https:\/\/blogsaverroes.juntadeandalucia.es\/deorientacioniesfernando3\/wp-json\/wp\/v2\/types\/page"}],"author":[{"embeddable":true,"href":"https:\/\/blogsaverroes.juntadeandalucia.es\/deorientacioniesfernando3\/wp-json\/wp\/v2\/users\/15677"}],"replies":[{"embeddable":true,"href":"https:\/\/blogsaverroes.juntadeandalucia.es\/deorientacioniesfernando3\/wp-json\/wp\/v2\/comments?post=213"}],"version-history":[{"count":2,"href":"https:\/\/blogsaverroes.juntadeandalucia.es\/deorientacioniesfernando3\/wp-json\/wp\/v2\/pages\/213\/revisions"}],"predecessor-version":[{"id":314,"href":"https:\/\/blogsaverroes.juntadeandalucia.es\/deorientacioniesfernando3\/wp-json\/wp\/v2\/pages\/213\/revisions\/314"}],"wp:attachment":[{"href":"https:\/\/blogsaverroes.juntadeandalucia.es\/deorientacioniesfernando3\/wp-json\/wp\/v2\/media?parent=213"}],"curies":[{"name":"wp","href":"https:\/\/api.w.org\/{rel}","templated":true}]}}