{"id":283,"date":"2025-10-05T14:16:09","date_gmt":"2025-10-05T12:16:09","guid":{"rendered":"https:\/\/blogsaverroes.juntadeandalucia.es\/deorientacioniesfernando3\/?page_id=283"},"modified":"2025-10-05T14:16:09","modified_gmt":"2025-10-05T12:16:09","slug":"info-e-regimen-especial","status":"publish","type":"page","link":"https:\/\/blogsaverroes.juntadeandalucia.es\/deorientacioniesfernando3\/info-e-regimen-especial\/","title":{"rendered":"Info E. R\u00e9gimen Especial"},"content":{"rendered":"<header class=\"entry-header\">\n<h1 class=\"entry-title\">Ense\u00f1anzas de R\u00e9gimen Especial<\/h1>\n<\/header>\n<div class=\"entry-content\">\n<div class=\"elementor elementor-78\" data-elementor-type=\"wp-page\" data-elementor-id=\"78\">\n<section class=\"elementor-section elementor-top-section elementor-element elementor-element-47279b21 elementor-section-boxed elementor-section-height-default elementor-section-height-default\" data-id=\"47279b21\" data-element_type=\"section\">\n<div class=\"elementor-container elementor-column-gap-default\">\n<div class=\"elementor-column elementor-col-100 elementor-top-column elementor-element elementor-element-48d20cdc\" data-id=\"48d20cdc\" data-element_type=\"column\">\n<div class=\"elementor-widget-wrap elementor-element-populated\">\n<div class=\"elementor-element elementor-element-1fed5df2 elementor-widget elementor-widget-text-editor\" data-id=\"1fed5df2\" data-element_type=\"widget\" data-widget_type=\"text-editor.default\">\n<div class=\"elementor-widget-container\">\n<p>Las Ense\u00f1anzas de r\u00e9gimen especial son aquellas ense\u00f1anzas no integradas en los niveles, etapas o ciclos que constituyen el r\u00e9gimen general, que tienen validez acad\u00e9mica en todo el territorio nacional y tienen estructura y niveles propios, y puede ir desde las ense\u00f1anzas elementales hasta estudios equivalentes a t\u00edtulos universitarios (Diplomatura, licenciatura, Grado o Doctorado).<\/p>\n<p>En la web de la\u00a0<strong><a href=\"https:\/\/juntadeandalucia.es\/temas\/estudiar\/otras.html\">Junta de Andaluc\u00eda\/estudiar\/otras ense\u00f1anzas<\/a>\u00a0<\/strong>hay informaci\u00f3n clara sobre ellas (excepto sobre las ense\u00f1anzas profesionales de Artes Pl\u00e1sticas y Dise\u00f1o) con enlace a las otras webs oficiales que informan sobre estas ense\u00f1anzas.<\/p>\n<p>Son ense\u00f1anzas de r\u00e9gimen especial:<\/p>\n<\/div>\n<\/div>\n<\/div>\n<\/div>\n<\/div>\n<\/section>\n<section class=\"elementor-section elementor-top-section elementor-element elementor-element-ca0b1ca elementor-section-boxed elementor-section-height-default elementor-section-height-default\" data-id=\"ca0b1ca\" data-element_type=\"section\">\n<div class=\"elementor-container elementor-column-gap-default\">\n<div class=\"elementor-column elementor-col-100 elementor-top-column elementor-element elementor-element-2cf6e38\" data-id=\"2cf6e38\" data-element_type=\"column\">\n<div class=\"elementor-widget-wrap elementor-element-populated\">\n<div class=\"elementor-element elementor-element-16ec4d6 elementor-widget elementor-widget-image\" data-id=\"16ec4d6\" data-element_type=\"widget\" data-widget_type=\"image.default\">\n<div class=\"elementor-widget-container\"><a href=\"https:\/\/blogsaverroes.juntadeandalucia.es\/orientacionvocacionalyprofesional\/informacion-academica\/ensenanzas\/ensenanzas-de-regimen-especial\/ensenanzas-de-musica\/\"><img decoding=\"async\" title=\"\" src=\"https:\/\/blogsaverroes.juntadeandalucia.es\/orientacionvocacionalyprofesional\/files\/2023\/12\/BOTONES-e1702640827818.png\" alt=\"\" \/><\/a><\/div>\n<\/div>\n<\/div>\n<\/div>\n<\/div>\n<\/section>\n<section class=\"elementor-section elementor-top-section elementor-element elementor-element-e771fc5 elementor-section-boxed elementor-section-height-default elementor-section-height-default\" data-id=\"e771fc5\" data-element_type=\"section\">\n<div class=\"elementor-container elementor-column-gap-default\">\n<div class=\"elementor-column elementor-col-100 elementor-top-column elementor-element elementor-element-2eb5ea5\" data-id=\"2eb5ea5\" data-element_type=\"column\">\n<div class=\"elementor-widget-wrap elementor-element-populated\">\n<div class=\"elementor-element elementor-element-b7e5e0f elementor-widget elementor-widget-image\" data-id=\"b7e5e0f\" data-element_type=\"widget\" data-widget_type=\"image.default\">\n<div class=\"elementor-widget-container\"><a href=\"https:\/\/blogsaverroes.juntadeandalucia.es\/orientacionvocacionalyprofesional\/informacion-academica\/ensenanzas\/ensenanzas-de-regimen-especial\/idiomas\/\" target=\"_blank\" rel=\"noopener\"><img loading=\"lazy\" decoding=\"async\" class=\"attachment-full wp-image-2349 aligncenter\" src=\"https:\/\/blogsaverroes.juntadeandalucia.es\/orientacionvocacionalyprofesional\/files\/2023\/12\/17-1-e1702886479592.png\" alt=\"\" width=\"482\" height=\"162\" \/><\/a><\/div>\n<\/div>\n<\/div>\n<\/div>\n<\/div>\n<\/section>\n<section class=\"elementor-section elementor-top-section elementor-element elementor-element-f5dc172 elementor-section-boxed elementor-section-height-default elementor-section-height-default\" data-id=\"f5dc172\" data-element_type=\"section\">\n<div class=\"elementor-container elementor-column-gap-default\">\n<div class=\"elementor-column elementor-col-100 elementor-top-column elementor-element elementor-element-4c41d2d\" data-id=\"4c41d2d\" data-element_type=\"column\">\n<div class=\"elementor-widget-wrap elementor-element-populated\">\n<div class=\"elementor-element elementor-element-a0e5f93 elementor-widget elementor-widget-image\" data-id=\"a0e5f93\" data-element_type=\"widget\" data-widget_type=\"image.default\">\n<div class=\"elementor-widget-container\"><a href=\"https:\/\/blogsaverroes.juntadeandalucia.es\/orientacionvocacionalyprofesional\/informacion-academica\/ensenanzas\/ensenanzas-de-regimen-especial\/ere_danza\/\" target=\"_blank\" rel=\"noopener\"><img loading=\"lazy\" decoding=\"async\" class=\"attachment-large alignnone wp-image-2342 size-large aligncenter\" src=\"https:\/\/blogsaverroes.juntadeandalucia.es\/orientacionvocacionalyprofesional\/files\/2023\/12\/17-e1702886413757-1024x348.png\" alt=\"\" width=\"474\" height=\"161\" \/><\/a><\/div>\n<\/div>\n<\/div>\n<\/div>\n<\/div>\n<\/section>\n<section class=\"elementor-section elementor-top-section elementor-element elementor-element-9b9c628 elementor-section-boxed elementor-section-height-default elementor-section-height-default\" data-id=\"9b9c628\" data-element_type=\"section\">\n<div class=\"elementor-container elementor-column-gap-default\">\n<div class=\"elementor-column elementor-col-100 elementor-top-column elementor-element elementor-element-2e73414\" data-id=\"2e73414\" data-element_type=\"column\">\n<div class=\"elementor-widget-wrap elementor-element-populated\">\n<div class=\"elementor-element elementor-element-8ef69c3 elementor-widget elementor-widget-image\" data-id=\"8ef69c3\" data-element_type=\"widget\" data-widget_type=\"image.default\">\n<div class=\"elementor-widget-container\"><a href=\"https:\/\/blogsaverroes.juntadeandalucia.es\/orientacionvocacionalyprofesional\/informacion-academica\/ensenanzas\/ensenanzas-de-regimen-especial\/edre\/\" target=\"_blank\" rel=\"noopener\"><img loading=\"lazy\" decoding=\"async\" class=\"attachment-large wp-image-2350 size-large aligncenter\" src=\"https:\/\/blogsaverroes.juntadeandalucia.es\/orientacionvocacionalyprofesional\/files\/2023\/12\/17-2-e1702886545601-1024x362.png\" alt=\"\" width=\"474\" height=\"168\" \/><\/a><\/div>\n<\/div>\n<\/div>\n<\/div>\n<\/div>\n<\/section>\n<section class=\"elementor-section elementor-top-section elementor-element elementor-element-f1d7c9a elementor-section-boxed elementor-section-height-default elementor-section-height-default\" data-id=\"f1d7c9a\" data-element_type=\"section\">\n<div class=\"elementor-container elementor-column-gap-default\">\n<div class=\"elementor-column elementor-col-100 elementor-top-column elementor-element elementor-element-6736e85\" data-id=\"6736e85\" data-element_type=\"column\">\n<div class=\"elementor-widget-wrap elementor-element-populated\">\n<div class=\"elementor-element elementor-element-779039c elementor-widget elementor-widget-image\" data-id=\"779039c\" data-element_type=\"widget\" data-widget_type=\"image.default\">\n<div class=\"elementor-widget-container\"><a href=\"https:\/\/blogsaverroes.juntadeandalucia.es\/orientacionvocacionalyprofesional\/informacion-academica\/ensenanzas\/ensenanzas-de-regimen-especial\/apd\/\" target=\"_blank\" rel=\"noopener\"><img loading=\"lazy\" decoding=\"async\" class=\"attachment-large alignnone wp-image-2351 size-large aligncenter\" src=\"https:\/\/blogsaverroes.juntadeandalucia.es\/orientacionvocacionalyprofesional\/files\/2023\/12\/18-e1702886649295-1024x351.png\" alt=\"\" width=\"474\" height=\"162\" \/><\/a><\/div>\n<\/div>\n<div><\/div>\n<div><strong>PRESENTACI\u00d3N ENSE\u00d1ANZAS R\u00c9GIMEN GENERAL:<\/strong><\/div>\n<\/div>\n<div><a href=\"https:\/\/blogsaverroes.juntadeandalucia.es\/deorientacioniesfernando3\/files\/2025\/10\/Ensenanzas-de-Regimen-Especial-presentacion.pdf\" target=\"_blank\" rel=\"noopener\">Ensen\u0303anzas de Re\u0301gimen Especial presentacio\u0301n<\/a><\/div>\n<\/div>\n<div><\/div>\n<div><b>Ense\u00f1anzas ART\u00cdSTICAS:<\/b><\/div>\n<div style=\"width: 100%\">\n<div style=\"position: relative;padding-bottom: 56.25%;padding-top: 0;height: 0\">\n<p><iframe loading=\"lazy\" src=\"https:\/\/view.genially.com\/60133097a9ce380d7fc17bdf\" width=\"600px\" height=\"338px\" frameborder=\"0\" scrolling=\"yes\"><\/iframe><\/p>\n<p><b>Ense\u00f1anzas DEPORTIVAS:<\/b><\/p>\n<div style=\"position: relative;padding-bottom: 50%;padding-top: 0;height: 0\"><iframe loading=\"lazy\" src=\"https:\/\/view.genially.com\/60166b41dafa320d8b912cd7\" width=\"600px\" height=\"338px\" frameborder=\"0\" scrolling=\"yes\"><\/iframe><\/div>\n<\/div>\n<div>\n<div style=\"width: 100%\">\n<div style=\"position: relative;padding-bottom: 56.25%;padding-top: 0;height: 0\"><\/div>\n<\/div>\n<\/div>\n<\/div>\n<\/div>\n<\/section>\n<\/div>\n<\/div>\n","protected":false},"excerpt":{"rendered":"<p>Ense\u00f1anzas de R\u00e9gimen Especial Las Ense\u00f1anzas de r\u00e9gimen especial son aquellas ense\u00f1anzas no integradas en los niveles, etapas o ciclos que constituyen el r\u00e9gimen general, que tienen validez acad\u00e9mica en todo el territorio nacional y tienen estructura y niveles propios, y puede ir desde las ense\u00f1anzas elementales hasta estudios equivalentes&#46;&#46;&#46;<\/p>\n","protected":false},"author":15677,"featured_media":0,"parent":0,"menu_order":0,"comment_status":"closed","ping_status":"closed","template":"","meta":{"footnotes":""},"aioseo_notices":[],"_links":{"self":[{"href":"https:\/\/blogsaverroes.juntadeandalucia.es\/deorientacioniesfernando3\/wp-json\/wp\/v2\/pages\/283"}],"collection":[{"href":"https:\/\/blogsaverroes.juntadeandalucia.es\/deorientacioniesfernando3\/wp-json\/wp\/v2\/pages"}],"about":[{"href":"https:\/\/blogsaverroes.juntadeandalucia.es\/deorientacioniesfernando3\/wp-json\/wp\/v2\/types\/page"}],"author":[{"embeddable":true,"href":"https:\/\/blogsaverroes.juntadeandalucia.es\/deorientacioniesfernando3\/wp-json\/wp\/v2\/users\/15677"}],"replies":[{"embeddable":true,"href":"https:\/\/blogsaverroes.juntadeandalucia.es\/deorientacioniesfernando3\/wp-json\/wp\/v2\/comments?post=283"}],"version-history":[{"count":1,"href":"https:\/\/blogsaverroes.juntadeandalucia.es\/deorientacioniesfernando3\/wp-json\/wp\/v2\/pages\/283\/revisions"}],"predecessor-version":[{"id":284,"href":"https:\/\/blogsaverroes.juntadeandalucia.es\/deorientacioniesfernando3\/wp-json\/wp\/v2\/pages\/283\/revisions\/284"}],"wp:attachment":[{"href":"https:\/\/blogsaverroes.juntadeandalucia.es\/deorientacioniesfernando3\/wp-json\/wp\/v2\/media?parent=283"}],"curies":[{"name":"wp","href":"https:\/\/api.w.org\/{rel}","templated":true}]}}