{"id":299,"date":"2025-10-11T20:38:31","date_gmt":"2025-10-11T18:38:31","guid":{"rendered":"https:\/\/blogsaverroes.juntadeandalucia.es\/deorientacioniesfernando3\/?page_id=299"},"modified":"2025-10-11T20:38:31","modified_gmt":"2025-10-11T18:38:31","slug":"info-eso","status":"publish","type":"page","link":"https:\/\/blogsaverroes.juntadeandalucia.es\/deorientacioniesfernando3\/info-eso\/","title":{"rendered":"Info ESO"},"content":{"rendered":"<section id=\"h.377769bb66b3a3d9_28\" class=\"yaqOZd\">\n<div class=\"mYVXT\">\n<div class=\"LS81yb VICjCf j5pSsc db35Fc\">\n<div class=\"hJDwNd-AhqUyc-uQSCkd Ft7HRd-AhqUyc-uQSCkd purZT-AhqUyc-II5mzb ZcASvf-AhqUyc-II5mzb pSzOP-AhqUyc-qWD73c Ktthjf-AhqUyc-qWD73c JNdkSc SQVYQc\">\n<div class=\"JNdkSc-SmKAyb LkDMRd\">\n<div class=\"\">\n<div class=\"oKdM2c ZZyype Kzv0Me\">\n<div id=\"h.377769bb66b3a3d9_25\" class=\"hJDwNd-AhqUyc-uQSCkd Ft7HRd-AhqUyc-uQSCkd jXK9ad D2fZ2 zu5uec OjCsFc dmUFtb wHaque g5GTcb\">\n<div class=\"jXK9ad-SmKAyb\">\n<div class=\"tyJCtd mGzaTb Depvyb baZpAe\">\n<p class=\"zfr3Q CDt4Ke \" dir=\"ltr\"><span class=\"C9DxTc \">La Educaci\u00f3n Secundaria Obligatoria (<\/span><span class=\"C9DxTc \">ESO<\/span><span class=\"C9DxTc \">) es una etapa educativa obligatoria y gratuita que, junto con la Educaci\u00f3n Primaria, constituye la educaci\u00f3n b\u00e1sica. Consta de cuatro cursos acad\u00e9micos que se realizan ordinariamente entre los 12 y los 16 a\u00f1os de edad<\/span><span class=\"C9DxTc \">\u00a0<\/span><\/p>\n<p class=\"zfr3Q CDt4Ke \" dir=\"ltr\"><span class=\"C9DxTc \">La\u00a0<\/span><span class=\"jgG6ef C9DxTc \">E<\/span><span class=\"C9DxTc \">ducaci\u00f3n\u00a0<\/span><span class=\"jgG6ef C9DxTc \">S<\/span><span class=\"C9DxTc \">ecundaria\u00a0<\/span><span class=\"jgG6ef C9DxTc \">O<\/span><span class=\"C9DxTc \">bligatoria tiene como\u00a0<\/span><span class=\"C9DxTc \">finalidad\u00a0<\/span><span class=\"C9DxTc \">que el alumnado:<\/span><\/p>\n<ul class=\"n8H08c UVNKR \">\n<li class=\"zfr3Q TYR86d eD0Rn \" dir=\"ltr\">\n<p class=\"zfr3Q CDt4Ke \" dir=\"ltr\" role=\"presentation\"><span class=\"C9DxTc \">Adquiera los<\/span><span class=\"C9DxTc \">\u00a0elementos b\u00e1sicos de la cultura<\/span><span class=\"C9DxTc \">: human\u00edsticos, art\u00edsticos, cient\u00edficos y tecnol\u00f3gicos.<\/span><\/p>\n<\/li>\n<li class=\"zfr3Q TYR86d eD0Rn \" dir=\"ltr\">\n<p class=\"zfr3Q CDt4Ke \" dir=\"ltr\" role=\"presentation\"><span class=\"C9DxTc \">Desarrolle y consolide sus\u00a0<\/span><span class=\"C9DxTc \">h\u00e1bitos de estudio y de trabajo<\/span><span class=\"C9DxTc \">.<\/span><\/p>\n<\/li>\n<li class=\"zfr3Q TYR86d eD0Rn \" dir=\"ltr\">\n<p class=\"zfr3Q CDt4Ke \" dir=\"ltr\" role=\"presentation\"><span class=\"C9DxTc \">Se prepare para su incorporaci\u00f3n a\u00a0<\/span><span class=\"C9DxTc \">estudios posteriores\u00a0<\/span><span class=\"C9DxTc \">y para su\u00a0<\/span><span class=\"C9DxTc \">inserci\u00f3n laboral<\/span><span class=\"C9DxTc \">.<\/span><\/p>\n<\/li>\n<li class=\"zfr3Q TYR86d eD0Rn \" dir=\"ltr\">\n<p class=\"zfr3Q CDt4Ke \" dir=\"ltr\" role=\"presentation\"><span class=\"C9DxTc \">Se forme para el ejercicio de sus derechos y obligaciones ciudadanas.<\/span><\/p>\n<\/li>\n<\/ul>\n<p class=\"zfr3Q CDt4Ke \" dir=\"ltr\"><span class=\"C9DxTc \">La ESO se organiza de acuerdo con los principios de\u00a0<\/span><span class=\"C9DxTc \">educaci\u00f3n com\u00fan\u00a0<\/span><span class=\"C9DxTc \">y de<\/span><span class=\"C9DxTc \">\u00a0atenci\u00f3n a la diversidad\u00a0<\/span><span class=\"C9DxTc \">del alumnado y presta una especial atenci\u00f3n a la\u00a0<\/span><span class=\"C9DxTc \">orientaci\u00f3n educativa y profesional<\/span><span class=\"C9DxTc \">.<\/span><\/p>\n<p class=\"zfr3Q CDt4Ke \" dir=\"ltr\"><span class=\"C9DxTc \">Se compone de\u00a0<\/span><span class=\"C9DxTc \">cuatro cursos\u00a0<\/span><span class=\"C9DxTc \">en los que el alumno recibir\u00e1 una formaci\u00f3n integral desarrollando conocimientos, habilidades y competencias que le ser\u00e1n imprescindibles para su futuro acad\u00e9mico.<\/span><\/p>\n<p class=\"zfr3Q CDt4Ke \" dir=\"ltr\"><span class=\"C9DxTc \">Desde el curso 2015-2016 se organiza en<\/span><span class=\"C9DxTc \">\u00a0<\/span><span class=\"C9DxTc \">dos ciclos<\/span><span class=\"C9DxTc \">; el primero, de tres cursos escolares (<\/span><span class=\"C9DxTc \">1\u00ba, 2\u00ba y 3\u00ba ESO<\/span><span class=\"C9DxTc \">) y el segundo, de uno (<\/span><span class=\"C9DxTc \">4\u00ba ESO<\/span><span class=\"C9DxTc \">). Este \u00faltimo, que es de car\u00e1cter fundamentalmente preparatorio y orientador, puede cursarse en dos opciones diferenciadas:<\/span><\/p>\n<ul class=\"n8H08c UVNKR \">\n<li class=\"zfr3Q TYR86d eD0Rn \" dir=\"ltr\">\n<p class=\"zfr3Q CDt4Ke \" dir=\"ltr\" role=\"presentation\"><span class=\"C9DxTc \">Opci\u00f3n de ense\u00f1anzas acad\u00e9micas para la iniciaci\u00f3n al\u00a0<\/span><a class=\"XqQF9c\" href=\"https:\/\/www.iesf3.com\/oferta-educativa\/bachillerato\"><span class=\"C9DxTc aw5Odc \">Bachillerato<\/span><\/a><span class=\"C9DxTc \">.<\/span><\/p>\n<\/li>\n<li class=\"zfr3Q TYR86d eD0Rn \" dir=\"ltr\">\n<p class=\"zfr3Q CDt4Ke \" dir=\"ltr\" role=\"presentation\"><span class=\"C9DxTc \">Opci\u00f3n de ense\u00f1anzas aplicadas para la iniciaci\u00f3n a la\u00a0<\/span><a class=\"XqQF9c\" href=\"https:\/\/www.iesf3.com\/oferta-educativa\/ciclos-formativos\/ciclos-de-grado-medio\"><span class=\"C9DxTc aw5Odc \">Formaci\u00f3n Profesional.<\/span><\/a><\/p>\n<\/li>\n<\/ul>\n<p class=\"zfr3Q CDt4Ke \" dir=\"ltr\"><span class=\"C9DxTc \">Al final de la etapa, el alumnado estar\u00e1 en disposici\u00f3n del\u00a0<\/span><span class=\"C9DxTc \">t\u00edtulo de la E.S.O.<\/span><span class=\"C9DxTc \">, que le permitir\u00e1 acceder a\u00a0<\/span><span class=\"C9DxTc \">estudios post-obligatorios<\/span><span class=\"C9DxTc \">\u00a0<\/span><span class=\"C9DxTc \">(<\/span><a class=\"XqQF9c\" href=\"https:\/\/www.iesf3.com\/oferta-educativa\/bachillerato\"><span class=\"C9DxTc aw5Odc \">Bachillerato\u00a0<\/span><\/a><span class=\"C9DxTc \">y\u00a0<\/span><a class=\"XqQF9c\" href=\"https:\/\/www.iesf3.com\/oferta-educativa\/ciclos-formativos\/ciclos-de-grado-medio\"><span class=\"C9DxTc aw5Odc \">Ciclos de grado de medio de Formaci\u00f3n Profesional<\/span><\/a><span class=\"C9DxTc \">).<\/span><\/p>\n<\/div>\n<\/div>\n<\/div>\n<\/div>\n<\/div>\n<\/div>\n<\/div>\n<\/div>\n<\/div>\n<\/section>\n<section id=\"h.377769bb66b3a3d9_29\" class=\"yaqOZd WxWicb\">\n<div class=\"IFuOkc\"><\/div>\n<div class=\"mYVXT\">\n<div class=\"LS81yb VICjCf j5pSsc db35Fc\">\n<div class=\"hJDwNd-AhqUyc-uQSCkd Ft7HRd-AhqUyc-uQSCkd purZT-AhqUyc-II5mzb ZcASvf-AhqUyc-II5mzb pSzOP-AhqUyc-qWD73c Ktthjf-AhqUyc-qWD73c JNdkSc SQVYQc\">\n<div class=\"JNdkSc-SmKAyb LkDMRd\">\n<div class=\"\">\n<div class=\"oKdM2c ZZyype Kzv0Me\">\n<div id=\"h.377769bb66b3a3d9_32\" class=\"hJDwNd-AhqUyc-uQSCkd Ft7HRd-AhqUyc-uQSCkd jXK9ad D2fZ2 zu5uec OjCsFc dmUFtb wHaque g5GTcb\">\n<div class=\"jXK9ad-SmKAyb\">\n<div class=\"tyJCtd baZpAe\">\n<div class=\"iwQgFb\" role=\"presentation\"><\/div>\n<\/div>\n<\/div>\n<\/div>\n<\/div>\n<\/div>\n<\/div>\n<\/div>\n<\/div>\n<\/div>\n<\/section>\n<section id=\"h.377769bb66b3a3d9_66\" class=\"yaqOZd\">\n<div class=\"IFuOkc\"><\/div>\n<div class=\"mYVXT\">\n<div class=\"LS81yb VICjCf j5pSsc db35Fc\">\n<div class=\"hJDwNd-AhqUyc-EehZO Ft7HRd-AhqUyc-EehZO purZT-AhqUyc-II5mzb ZcASvf-AhqUyc-II5mzb pSzOP-AhqUyc-qWD73c Ktthjf-AhqUyc-qWD73c JNdkSc SQVYQc\">\n<div class=\"JNdkSc-SmKAyb LkDMRd\">\n<div class=\"\">\n<div class=\"oKdM2c ZZyype Kzv0Me\">\n<div id=\"h.377769bb66b3a3d9_62\" class=\"hJDwNd-AhqUyc-EehZO Ft7HRd-AhqUyc-EehZO jXK9ad D2fZ2 zu5uec OjCsFc dmUFtb wHaque g5GTcb\">\n<div class=\"jXK9ad-SmKAyb\">\n<div class=\"tyJCtd mGzaTb Depvyb baZpAe\">\n<div id=\"h.frhh45f2us5f\" class=\"CobnVe yMxPgf  aP9Z7e\"><\/div>\n<div class=\"CjVfdc\">\n<div class=\"PPhIP rviiZ\">\n<div class=\"U26fgb mUbCce fKz7Od LRAOtb Znu9nd M9Bg4d\" role=\"presentation\" aria-describedby=\"h.frhh45f2us5f_l\" aria-label=\"Copiar el v\u00ednculo del encabezado\" data-tooltip=\"Copiar el v\u00ednculo del encabezado\" aria-hidden=\"true\" data-tooltip-position=\"top\" data-tooltip-vertical-offset=\"12\" data-tooltip-horizontal-offset=\"0\">\n<div class=\"VTBa7b MbhUzd\"><\/div>\n<\/div>\n<\/div>\n<p><span class=\"C9DxTc \">ENTRA PARA VER LAS MATERIAS DE CADA CURSO<\/span><\/div>\n<\/div>\n<\/div>\n<\/div>\n<\/div>\n<\/div>\n<\/div>\n<\/div>\n<div class=\"hJDwNd-AhqUyc-ibL1re Ft7HRd-AhqUyc-ibL1re purZT-AhqUyc-ibL1re ZcASvf-AhqUyc-ibL1re pSzOP-AhqUyc-ibL1re Ktthjf-AhqUyc-ibL1re JNdkSc SQVYQc\">\n<div class=\"JNdkSc-SmKAyb LkDMRd\">\n<div class=\"\">\n<div class=\"oKdM2c ZZyype Kzv0Me\">\n<div id=\"h.2202efb0633c04dd_0\" class=\"hJDwNd-AhqUyc-ibL1re Ft7HRd-AhqUyc-ibL1re purZT-AhqUyc-ibL1re ZcASvf-AhqUyc-ibL1re pSzOP-AhqUyc-ibL1re Ktthjf-AhqUyc-ibL1re jXK9ad D2fZ2 zu5uec OjCsFc dmUFtb wHaque g5GTcb\">\n<div class=\"jXK9ad-SmKAyb\">\n<div class=\"tyJCtd baZpAe\">\n<div class=\"t3iYD\"><img loading=\"lazy\" decoding=\"async\" class=\"CENy8b\" role=\"img\" src=\"https:\/\/lh3.googleusercontent.com\/sitesv\/AICyYdbYRXAK70s7fKwBI9FEtNBs54YyE4RVYmYsl4zuazifVTWb3HSSUeAWSBgS9TvkD1VyziE4Ekg-M-76Kq8BfUu3OB0jEXyAC-tehpfVspw6zh3Z-JW1wb0MIZSib85l7YTT1saCerYZg03VqDdOerglgPFcb7Sr_Y274MLhDKnI427ITEe7bYpXRLl4y55GgoBXn7MM5rrFTVaZApLK8m_TC0hAKNw0bJP-IsM=w1280\" width=\"382\" height=\"290\" \/><\/div>\n<\/div>\n<\/div>\n<\/div>\n<\/div>\n<\/div>\n<\/div>\n<\/div>\n<\/div>\n<\/div>\n<\/section>\n<section id=\"h.377769bb66b3a3d9_33\" class=\"yaqOZd\">\n<div class=\"IFuOkc\"><\/div>\n<div class=\"mYVXT\">\n<div class=\"LS81yb VICjCf j5pSsc db35Fc\">\n<div class=\"hJDwNd-AhqUyc-c5RTEf Ft7HRd-AhqUyc-c5RTEf purZT-AhqUyc-c5RTEf ZcASvf-AhqUyc-c5RTEf pSzOP-AhqUyc-c5RTEf Ktthjf-AhqUyc-c5RTEf JNdkSc SQVYQc yYI8W HQwdzb\">\n<div class=\"JNdkSc-SmKAyb LkDMRd\">\n<div class=\"\">\n<div class=\"oKdM2c ZZyype Kzv0Me\">\n<div id=\"h.377769bb66b3a3d9_54\" class=\"hJDwNd-AhqUyc-c5RTEf Ft7HRd-AhqUyc-c5RTEf purZT-AhqUyc-c5RTEf ZcASvf-AhqUyc-c5RTEf pSzOP-AhqUyc-c5RTEf Ktthjf-AhqUyc-c5RTEf jXK9ad D2fZ2 zu5uec OjCsFc dmUFtb\">\n<div class=\"jXK9ad-SmKAyb\">\n<div class=\"tyJCtd baZpAe\">\n<div class=\"t3iYD\"><img loading=\"lazy\" decoding=\"async\" class=\"CENy8b\" src=\"https:\/\/lh3.googleusercontent.com\/sitesv\/AICyYdZtSoRhuf3mBq7lWKUzHtBvCsLqCEtS1VMkh9Z111b8rQ3sCevZyMbS2029GPwrnDXEggeAxKCmjVTR5RgxfGqFSYTb_exCyXpnTKJOzEUZ3_N6gFNuCSpU9yzj7ZzjDxcS7KaKt-ijaUTgX8Uo-JjviyrXz_rlfmkbhTZQJf2XOdsUnqvfJFWoMbXN0QripsiqRw9T0IQ4xRJFaRy0_CiJJym-WlPw98k507M=w1280\" width=\"240\" height=\"240\" \/><\/div>\n<\/div>\n<\/div>\n<\/div>\n<\/div>\n<div class=\"oKdM2c ZZyype\">\n<div id=\"h.377769bb66b3a3d9_38\" class=\"hJDwNd-AhqUyc-c5RTEf Ft7HRd-AhqUyc-c5RTEf purZT-AhqUyc-c5RTEf ZcASvf-AhqUyc-c5RTEf pSzOP-AhqUyc-c5RTEf Ktthjf-AhqUyc-c5RTEf jXK9ad D2fZ2 zu5uec wHaque g5GTcb\">\n<div class=\"jXK9ad-SmKAyb\">\n<div class=\"tyJCtd mGzaTb Depvyb baZpAe\">\n<p class=\"zfr3Q CDt4Ke \" dir=\"ltr\"><a class=\"XqQF9c\" href=\"https:\/\/www.iesf3.com\/oferta-educativa\/eso\/1%C2%BA-eso\"><span class=\"C9DxTc aw5Odc \">Materias del 1\u00ba curso de la ESO<\/span><\/a><\/p>\n<\/div>\n<\/div>\n<\/div>\n<\/div>\n<\/div>\n<\/div>\n<\/div>\n<div class=\"hJDwNd-AhqUyc-c5RTEf Ft7HRd-AhqUyc-c5RTEf purZT-AhqUyc-c5RTEf ZcASvf-AhqUyc-c5RTEf pSzOP-AhqUyc-c5RTEf Ktthjf-AhqUyc-c5RTEf JNdkSc SQVYQc yYI8W HQwdzb\">\n<div class=\"JNdkSc-SmKAyb LkDMRd\">\n<div class=\"\">\n<div class=\"oKdM2c ZZyype Kzv0Me\">\n<div id=\"h.377769bb66b3a3d9_55\" class=\"hJDwNd-AhqUyc-c5RTEf Ft7HRd-AhqUyc-c5RTEf purZT-AhqUyc-c5RTEf ZcASvf-AhqUyc-c5RTEf pSzOP-AhqUyc-c5RTEf Ktthjf-AhqUyc-c5RTEf jXK9ad D2fZ2 zu5uec OjCsFc dmUFtb\">\n<div class=\"jXK9ad-SmKAyb\">\n<div class=\"tyJCtd baZpAe\">\n<div class=\"t3iYD\"><img loading=\"lazy\" decoding=\"async\" class=\"CENy8b\" src=\"https:\/\/lh3.googleusercontent.com\/sitesv\/AICyYdZjnwH2ZfBmnXKvvvBB7OK7a5KSNUfRzMTfKGgwp4uK3t3_fEphntBZAUBHdG4N_-XNPTfPmOwksBzu-e_yaLvDLvqdUShxHejJ0KtKXS8567LdtMMIPwqjOCfX_DvqcRm1TBrwEcDl283q8htwLDnYWovjIzj4X4-lN2SaLQ-a0LO0ieFF9sx1xWar7IqvKIiIGiaASlTyo_8AB7vP0JxxC8eQEtrnl__1=w1280\" width=\"238\" height=\"238\" \/><\/div>\n<\/div>\n<\/div>\n<\/div>\n<\/div>\n<div class=\"oKdM2c ZZyype\">\n<div id=\"h.377769bb66b3a3d9_43\" class=\"hJDwNd-AhqUyc-c5RTEf Ft7HRd-AhqUyc-c5RTEf purZT-AhqUyc-c5RTEf ZcASvf-AhqUyc-c5RTEf pSzOP-AhqUyc-c5RTEf Ktthjf-AhqUyc-c5RTEf jXK9ad D2fZ2 zu5uec wHaque g5GTcb\">\n<div class=\"jXK9ad-SmKAyb\">\n<div class=\"tyJCtd mGzaTb Depvyb baZpAe\">\n<p class=\"zfr3Q CDt4Ke \" dir=\"ltr\"><a class=\"XqQF9c\" href=\"https:\/\/www.iesf3.com\/oferta-educativa\/eso\/2%C2%BA-eso\"><span class=\"C9DxTc aw5Odc \">Materias del\u00a0<\/span><span class=\"C9DxTc aw5Odc \">2\u00ba<\/span><span class=\"C9DxTc aw5Odc \">\u00a0curso de la ESO<\/span><\/a><\/p>\n<\/div>\n<\/div>\n<\/div>\n<\/div>\n<\/div>\n<\/div>\n<\/div>\n<div class=\"hJDwNd-AhqUyc-c5RTEf Ft7HRd-AhqUyc-c5RTEf purZT-AhqUyc-c5RTEf ZcASvf-AhqUyc-c5RTEf pSzOP-AhqUyc-c5RTEf Ktthjf-AhqUyc-c5RTEf JNdkSc SQVYQc yYI8W HQwdzb\">\n<div class=\"JNdkSc-SmKAyb LkDMRd\">\n<div class=\"\">\n<div class=\"oKdM2c ZZyype Kzv0Me\">\n<div id=\"h.377769bb66b3a3d9_56\" class=\"hJDwNd-AhqUyc-c5RTEf Ft7HRd-AhqUyc-c5RTEf purZT-AhqUyc-c5RTEf ZcASvf-AhqUyc-c5RTEf pSzOP-AhqUyc-c5RTEf Ktthjf-AhqUyc-c5RTEf jXK9ad D2fZ2 zu5uec OjCsFc dmUFtb\">\n<div class=\"jXK9ad-SmKAyb\">\n<div class=\"tyJCtd baZpAe\">\n<div class=\"t3iYD\"><img loading=\"lazy\" decoding=\"async\" class=\"CENy8b\" src=\"https:\/\/lh3.googleusercontent.com\/sitesv\/AICyYdZg-bSIG7fhe-E4vkzjbBhMSH7nd8bV4lvOdXR-eBkneuTZvsxhRdnBSJbbZBPVG1C1KGcnJAarhCoTezH6PLvEnJOhNjCcb8kHk7oK_QXc0II8nN8NXyUaCcZCkd4aMSeBT1L4c7ZCPrh0itzs3k-MdLeyH2wD3r09TLaZRInJ8BcV1V7M2iHWncLWopKQabwnKjjyvnEdqB_eB8c3JPs2XzaZpPxgk3BpW1U=w1280\" width=\"239\" height=\"239\" \/><\/div>\n<\/div>\n<\/div>\n<\/div>\n<\/div>\n<div class=\"oKdM2c ZZyype\">\n<div id=\"h.377769bb66b3a3d9_48\" class=\"hJDwNd-AhqUyc-c5RTEf Ft7HRd-AhqUyc-c5RTEf purZT-AhqUyc-c5RTEf ZcASvf-AhqUyc-c5RTEf pSzOP-AhqUyc-c5RTEf Ktthjf-AhqUyc-c5RTEf jXK9ad D2fZ2 zu5uec wHaque g5GTcb\">\n<div class=\"jXK9ad-SmKAyb\">\n<div class=\"tyJCtd mGzaTb Depvyb baZpAe\">\n<p class=\"zfr3Q CDt4Ke \" dir=\"ltr\"><a class=\"XqQF9c\" href=\"https:\/\/www.iesf3.com\/oferta-educativa\/eso\/3%C2%BA-eso\"><span class=\"C9DxTc aw5Odc \">Materias del\u00a0<\/span><span class=\"C9DxTc aw5Odc \">3\u00ba\u00a0<\/span><span class=\"C9DxTc aw5Odc \">curso de la ESO<\/span><\/a><\/p>\n<\/div>\n<\/div>\n<\/div>\n<\/div>\n<\/div>\n<\/div>\n<\/div>\n<div class=\"hJDwNd-AhqUyc-c5RTEf Ft7HRd-AhqUyc-c5RTEf purZT-AhqUyc-c5RTEf ZcASvf-AhqUyc-c5RTEf pSzOP-AhqUyc-c5RTEf Ktthjf-AhqUyc-c5RTEf JNdkSc SQVYQc yYI8W HQwdzb\">\n<div class=\"JNdkSc-SmKAyb LkDMRd\">\n<div class=\"\">\n<div class=\"oKdM2c ZZyype Kzv0Me\">\n<div id=\"h.377769bb66b3a3d9_57\" class=\"hJDwNd-AhqUyc-c5RTEf Ft7HRd-AhqUyc-c5RTEf purZT-AhqUyc-c5RTEf ZcASvf-AhqUyc-c5RTEf pSzOP-AhqUyc-c5RTEf Ktthjf-AhqUyc-c5RTEf jXK9ad D2fZ2 zu5uec OjCsFc dmUFtb\">\n<div class=\"jXK9ad-SmKAyb\">\n<div class=\"tyJCtd baZpAe\">\n<div class=\"t3iYD\"><img loading=\"lazy\" decoding=\"async\" class=\"CENy8b\" src=\"https:\/\/lh3.googleusercontent.com\/sitesv\/AICyYdbQ04S0b8tMKj_HtSqHbEt-iU-F8T4kFYqD0_CMt7ZwN876-cuPMZdKRCE77zlzfqK_KIv0BfKQ0kbog9_9DAGDfYujNsxKez_evqiiDlK2Vt7Pqs13IiyvsaTqSE4VBjHNs4Y0_LMWddXpS3iYnUet48zlDAg44QhYjNRygA-KESCXYbwxTHL8if047Vj0vVwcTVLXq5DMcUcP389E-mS7VsSKbBOATuLkiio=w1280\" width=\"238\" height=\"238\" \/><\/div>\n<\/div>\n<\/div>\n<\/div>\n<\/div>\n<div class=\"oKdM2c ZZyype\">\n<div id=\"h.377769bb66b3a3d9_53\" class=\"hJDwNd-AhqUyc-c5RTEf Ft7HRd-AhqUyc-c5RTEf purZT-AhqUyc-c5RTEf ZcASvf-AhqUyc-c5RTEf pSzOP-AhqUyc-c5RTEf Ktthjf-AhqUyc-c5RTEf jXK9ad D2fZ2 zu5uec wHaque g5GTcb\">\n<div class=\"jXK9ad-SmKAyb\">\n<div class=\"tyJCtd mGzaTb Depvyb baZpAe\">\n<p class=\"zfr3Q CDt4Ke \" dir=\"ltr\"><a class=\"XqQF9c\" href=\"https:\/\/www.iesf3.com\/oferta-educativa\/eso\/4%C2%BA-eso\"><span class=\"C9DxTc aw5Odc \">Materias del\u00a0<\/span><span class=\"C9DxTc aw5Odc \">4\u00ba\u00a0<\/span><span class=\"C9DxTc aw5Odc \">curso de la ESO<\/span><\/a><\/p>\n<\/div>\n<\/div>\n<\/div>\n<\/div>\n<\/div>\n<\/div>\n<\/div>\n<\/div>\n<\/div>\n<\/section>\n<section id=\"h.377769bb66b3a3d9_58\" class=\"yaqOZd WxWicb\">\n<div class=\"IFuOkc\"><\/div>\n<div class=\"mYVXT\">\n<div class=\"LS81yb VICjCf j5pSsc db35Fc\">\n<div class=\"hJDwNd-AhqUyc-uQSCkd Ft7HRd-AhqUyc-uQSCkd purZT-AhqUyc-II5mzb ZcASvf-AhqUyc-II5mzb pSzOP-AhqUyc-qWD73c Ktthjf-AhqUyc-qWD73c JNdkSc SQVYQc\">\n<div class=\"JNdkSc-SmKAyb LkDMRd\">\n<div class=\"\">\n<div class=\"oKdM2c ZZyype Kzv0Me\">\n<div id=\"h.377769bb66b3a3d9_61\" class=\"hJDwNd-AhqUyc-uQSCkd Ft7HRd-AhqUyc-uQSCkd jXK9ad D2fZ2 zu5uec OjCsFc dmUFtb wHaque g5GTcb\">\n<div class=\"jXK9ad-SmKAyb\">\n<div class=\"tyJCtd baZpAe\">\n<div class=\"iwQgFb\" role=\"presentation\"><\/div>\n<\/div>\n<\/div>\n<\/div>\n<\/div>\n<\/div>\n<\/div>\n<\/div>\n<\/div>\n<\/div>\n<\/section>\n<section id=\"h.377769bb66b3a3d9_223\" class=\"yaqOZd\">\n<div class=\"mYVXT\">\n<div class=\"LS81yb VICjCf j5pSsc db35Fc\">\n<div class=\"hJDwNd-AhqUyc-uQSCkd Ft7HRd-AhqUyc-uQSCkd purZT-AhqUyc-II5mzb ZcASvf-AhqUyc-II5mzb pSzOP-AhqUyc-qWD73c Ktthjf-AhqUyc-qWD73c JNdkSc SQVYQc\">\n<div class=\"JNdkSc-SmKAyb LkDMRd\">\n<div class=\"\">\n<div class=\"oKdM2c ZZyype Kzv0Me\">\n<div id=\"h.377769bb66b3a3d9_226\" class=\"hJDwNd-AhqUyc-uQSCkd Ft7HRd-AhqUyc-uQSCkd jXK9ad D2fZ2 zu5uec OjCsFc dmUFtb wHaque g5GTcb\">\n<div class=\"jXK9ad-SmKAyb\">\n<div class=\"tyJCtd mGzaTb Depvyb baZpAe\">\n<div class=\"CjVfdc\">\n<div class=\"PPhIP rviiZ\">\n<div class=\"U26fgb mUbCce fKz7Od LRAOtb Znu9nd M9Bg4d\" role=\"presentation\" aria-describedby=\"h.egrp7v3yqeqm_l\" aria-label=\"Copiar el v\u00ednculo del encabezado\" data-tooltip=\"Copiar el v\u00ednculo del encabezado\" aria-hidden=\"true\" data-tooltip-position=\"top\" data-tooltip-vertical-offset=\"12\" data-tooltip-horizontal-offset=\"0\">\n<div class=\"VTBa7b MbhUzd\"><\/div>\n<\/div>\n<\/div>\n<p><strong><span class=\"C9DxTc \">ATENCI\u00d3N A LA DIVERSIDAD<\/span><\/strong><\/div>\n<\/div>\n<\/div>\n<\/div>\n<\/div>\n<\/div>\n<\/div>\n<\/div>\n<\/div>\n<\/div>\n<\/section>\n<section id=\"h.377769bb66b3a3d9_230\" class=\"yaqOZd\">\n<div class=\"IFuOkc\"><\/div>\n<div class=\"mYVXT\">\n<div class=\"LS81yb VICjCf j5pSsc db35Fc\">\n<div class=\"hJDwNd-AhqUyc-uQSCkd Ft7HRd-AhqUyc-uQSCkd purZT-AhqUyc-II5mzb ZcASvf-AhqUyc-II5mzb pSzOP-AhqUyc-qWD73c Ktthjf-AhqUyc-qWD73c JNdkSc SQVYQc\">\n<div class=\"JNdkSc-SmKAyb LkDMRd\">\n<div class=\"\">\n<div class=\"oKdM2c ZZyype Kzv0Me\">\n<div id=\"h.377769bb66b3a3d9_227\" class=\"hJDwNd-AhqUyc-uQSCkd Ft7HRd-AhqUyc-uQSCkd jXK9ad D2fZ2 zu5uec OjCsFc dmUFtb wHaque g5GTcb\">\n<div class=\"jXK9ad-SmKAyb\">\n<div class=\"tyJCtd mGzaTb Depvyb baZpAe\">\n<p class=\"zfr3Q CDt4Ke \" dir=\"ltr\"><span class=\"C9DxTc \">La atenci\u00f3n a la diversidad se considera un principio fundamental de la ense\u00f1anza b\u00e1sica, que requiere la adopci\u00f3n de medidas ordinarias y extraordinarias que deben regular L\u00ednea horizontal las Administraciones educativas. Existen, adem\u00e1s, algunos programas espec\u00edficos para ajustar la respuesta educativa a los perfiles del alumnado:\u00a0<\/span><\/p>\n<\/div>\n<\/div>\n<\/div>\n<\/div>\n<\/div>\n<\/div>\n<\/div>\n<\/div>\n<\/div>\n<\/section>\n<section id=\"h.377769bb66b3a3d9_231\" class=\"yaqOZd\">\n<div class=\"IFuOkc\"><\/div>\n<div class=\"mYVXT\">\n<div class=\"LS81yb VICjCf j5pSsc db35Fc\">\n<div class=\"hJDwNd-AhqUyc-II5mzb Ft7HRd-AhqUyc-II5mzb JNdkSc SQVYQc L6cTce-purZT L6cTce-pSzOP\">\n<div class=\"JNdkSc-SmKAyb LkDMRd\">\n<div class=\"\"><\/div>\n<\/div>\n<\/div>\n<div class=\"hJDwNd-AhqUyc-II5mzb Ft7HRd-AhqUyc-II5mzb purZT-AhqUyc-II5mzb ZcASvf-AhqUyc-II5mzb pSzOP-AhqUyc-II5mzb Ktthjf-AhqUyc-II5mzb JNdkSc SQVYQc yYI8W HQwdzb\">\n<div class=\"JNdkSc-SmKAyb LkDMRd\">\n<div class=\"\">\n<div class=\"oKdM2c ZZyype Kzv0Me\">\n<div id=\"h.85a186a471653b1_53\" class=\"hJDwNd-AhqUyc-II5mzb Ft7HRd-AhqUyc-II5mzb pSzOP-AhqUyc-II5mzb Ktthjf-AhqUyc-II5mzb jXK9ad D2fZ2 zu5uec OjCsFc dmUFtb\">\n<div class=\"jXK9ad-SmKAyb\">\n<div class=\"tyJCtd baZpAe\">\n<div class=\"t3iYD\"><img decoding=\"async\" class=\"CENy8b\" src=\"https:\/\/lh3.googleusercontent.com\/sitesv\/AICyYdaxlltfel0SvYQsC_vLlxO8XecSqRTEKxl10ELqfA3yHzk0C3s3PxyPABJoR2wtiFvsk9MaC958NudcMvCgv5buqocyQI704XIfCb192cOrZ9WQPKVKtBQe-43WcKatBgk_oACB6sDB-tUJzr1dyNdCoJygus-xfXjCFJ4GD4e3ZxK_h44VfLhj1bKjz68HW8XDpk7eoY3xX9WjNEjoG8z0hBybAVli6RtDWeg=w1280\" \/><\/div>\n<\/div>\n<\/div>\n<\/div>\n<\/div>\n<div class=\"oKdM2c ZZyype\">\n<div id=\"h.85a186a471653b1_55\" class=\"hJDwNd-AhqUyc-II5mzb Ft7HRd-AhqUyc-II5mzb pSzOP-AhqUyc-II5mzb Ktthjf-AhqUyc-II5mzb jXK9ad D2fZ2 zu5uec\">\n<div class=\"jXK9ad-SmKAyb\">\n<div class=\"tyJCtd mGzaTb Depvyb baZpAe\">\n<div id=\"h.gt7kn3z459a2\" class=\"CobnVe yMxPgf  aP9Z7e\"><\/div>\n<div class=\"CjVfdc\">\n<div class=\"PPhIP rviiZ\">\n<div class=\"U26fgb mUbCce fKz7Od LRAOtb Znu9nd M9Bg4d\" role=\"presentation\" aria-describedby=\"h.gt7kn3z459a2_l\" aria-label=\"Copiar el v\u00ednculo del encabezado\" data-tooltip=\"Copiar el v\u00ednculo del encabezado\" aria-hidden=\"true\" data-tooltip-position=\"top\" data-tooltip-vertical-offset=\"12\" data-tooltip-horizontal-offset=\"0\">\n<div class=\"VTBa7b MbhUzd\"><\/div>\n<\/div>\n<\/div>\n<p><a class=\"XqQF9c\" href=\"https:\/\/www.iesf3.com\/oferta-educativa\/eso\/pdc\"><span class=\"C9DxTc aw5Odc \">Programa de Diversificaci\u00f3n Curricular<\/span><\/a><\/div>\n<\/div>\n<\/div>\n<\/div>\n<\/div>\n<div class=\"oKdM2c ZZyype\">\n<div id=\"h.85a186a471653b1_57\" class=\"hJDwNd-AhqUyc-II5mzb Ft7HRd-AhqUyc-II5mzb pSzOP-AhqUyc-II5mzb Ktthjf-AhqUyc-II5mzb jXK9ad D2fZ2 zu5uec wHaque g5GTcb\">\n<div class=\"jXK9ad-SmKAyb\">\n<div class=\"tyJCtd mGzaTb Depvyb baZpAe\">\n<p class=\"zfr3Q CDt4Ke \" dir=\"ltr\"><span class=\"C9DxTc \">(<\/span><span class=\"C9DxTc \">3<\/span><span class=\"C9DxTc \">\u00ba y\u00a0<\/span><span class=\"C9DxTc \">4<\/span><span class=\"C9DxTc \">\u00ba ESO)<\/span><\/p>\n<\/div>\n<\/div>\n<\/div>\n<\/div>\n<\/div>\n<\/div>\n<\/div>\n<div class=\"hJDwNd-AhqUyc-II5mzb Ft7HRd-AhqUyc-II5mzb JNdkSc SQVYQc L6cTce-purZT L6cTce-pSzOP\">\n<div class=\"JNdkSc-SmKAyb LkDMRd\">\n<div class=\"\"><\/div>\n<\/div>\n<\/div>\n<\/div>\n<\/div>\n<\/section>\n<section id=\"h.85a186a471653b1_50\" class=\"yaqOZd\">\n<div class=\"IFuOkc\"><\/div>\n<div class=\"mYVXT\">\n<div class=\"LS81yb VICjCf j5pSsc db35Fc\">\n<div class=\"hJDwNd-AhqUyc-II5mzb Ft7HRd-AhqUyc-II5mzb JNdkSc SQVYQc L6cTce-purZT L6cTce-pSzOP\">\n<div class=\"JNdkSc-SmKAyb LkDMRd\">\n<div class=\"\"><\/div>\n<\/div>\n<\/div>\n<div class=\"hJDwNd-AhqUyc-II5mzb Ft7HRd-AhqUyc-II5mzb purZT-AhqUyc-II5mzb ZcASvf-AhqUyc-II5mzb pSzOP-AhqUyc-II5mzb Ktthjf-AhqUyc-II5mzb JNdkSc SQVYQc yYI8W HQwdzb\">\n<div class=\"JNdkSc-SmKAyb LkDMRd\">\n<div class=\"\">\n<div class=\"oKdM2c ZZyype Kzv0Me\">\n<div id=\"h.85a186a471653b1_60\" class=\"hJDwNd-AhqUyc-II5mzb Ft7HRd-AhqUyc-II5mzb pSzOP-AhqUyc-II5mzb Ktthjf-AhqUyc-II5mzb jXK9ad D2fZ2 zu5uec OjCsFc dmUFtb\">\n<div class=\"jXK9ad-SmKAyb\">\n<div class=\"tyJCtd baZpAe\">\n<div class=\"t3iYD\"><img decoding=\"async\" class=\"CENy8b\" src=\"https:\/\/lh3.googleusercontent.com\/sitesv\/AICyYdaoD5FO7_ULaOqsd1Z47GaqA-qcUuMJrAWgvW1sT-JWmkCaza5utGIy0q1x-loaKnVI_AGSIPXBuC5p4-gU2bfjutrO3KxxKBvgaCFzrRcJl6YuUO9vhO2T5rBJJ_wJG9GriTS6cjIUJwKgURWEQY_yWGV11Unvtaqvcp1TOALaRKdw77CUZyJ5AqZ1rGy4m7LmEUXho4BfWaS8HMrqouax8IuPYcI1ZZqySNk=w1280\" \/><\/div>\n<\/div>\n<\/div>\n<\/div>\n<\/div>\n<div class=\"oKdM2c ZZyype\">\n<div id=\"h.85a186a471653b1_62\" class=\"hJDwNd-AhqUyc-II5mzb Ft7HRd-AhqUyc-II5mzb pSzOP-AhqUyc-II5mzb Ktthjf-AhqUyc-II5mzb jXK9ad D2fZ2 zu5uec\">\n<div class=\"jXK9ad-SmKAyb\">\n<div class=\"tyJCtd mGzaTb Depvyb baZpAe\">\n<div id=\"h.1prh8vrn0tnn\" class=\"CobnVe yMxPgf  aP9Z7e\"><\/div>\n<div class=\"CjVfdc\">\n<div class=\"PPhIP rviiZ\">\n<div class=\"U26fgb mUbCce fKz7Od LRAOtb Znu9nd M9Bg4d\" role=\"presentation\" aria-describedby=\"h.1prh8vrn0tnn_l\" aria-label=\"Copiar el v\u00ednculo del encabezado\" data-tooltip=\"Copiar el v\u00ednculo del encabezado\" aria-hidden=\"true\" data-tooltip-position=\"top\" data-tooltip-vertical-offset=\"12\" data-tooltip-horizontal-offset=\"0\">\n<div class=\"VTBa7b MbhUzd\"><\/div>\n<\/div>\n<\/div>\n<p><a class=\"XqQF9c\" href=\"https:\/\/www.iesf3.com\/oferta-educativa\/ciclos-formativos\/cfgb-en-mantenimiento-de-veh%C3%ADculos\"><span class=\"C9DxTc aw5Odc \">Formaci\u00f3n Profesional de Grado B\u00e1sico<\/span><\/a><\/div>\n<\/div>\n<\/div>\n<\/div>\n<\/div>\n<\/div>\n<\/div>\n<\/div>\n<\/div>\n<\/div>\n<\/section>\n","protected":false},"excerpt":{"rendered":"<p>La Educaci\u00f3n Secundaria Obligatoria (ESO) es una etapa educativa obligatoria y gratuita que, junto con la Educaci\u00f3n Primaria, constituye la educaci\u00f3n b\u00e1sica. Consta de cuatro cursos acad\u00e9micos que se realizan ordinariamente entre los 12 y los 16 a\u00f1os de edad\u00a0 La\u00a0Educaci\u00f3n\u00a0Secundaria\u00a0Obligatoria tiene como\u00a0finalidad\u00a0que el alumnado: Adquiera los\u00a0elementos b\u00e1sicos de la&#46;&#46;&#46;<\/p>\n","protected":false},"author":15677,"featured_media":0,"parent":0,"menu_order":0,"comment_status":"closed","ping_status":"closed","template":"","meta":{"footnotes":""},"aioseo_notices":[],"_links":{"self":[{"href":"https:\/\/blogsaverroes.juntadeandalucia.es\/deorientacioniesfernando3\/wp-json\/wp\/v2\/pages\/299"}],"collection":[{"href":"https:\/\/blogsaverroes.juntadeandalucia.es\/deorientacioniesfernando3\/wp-json\/wp\/v2\/pages"}],"about":[{"href":"https:\/\/blogsaverroes.juntadeandalucia.es\/deorientacioniesfernando3\/wp-json\/wp\/v2\/types\/page"}],"author":[{"embeddable":true,"href":"https:\/\/blogsaverroes.juntadeandalucia.es\/deorientacioniesfernando3\/wp-json\/wp\/v2\/users\/15677"}],"replies":[{"embeddable":true,"href":"https:\/\/blogsaverroes.juntadeandalucia.es\/deorientacioniesfernando3\/wp-json\/wp\/v2\/comments?post=299"}],"version-history":[{"count":1,"href":"https:\/\/blogsaverroes.juntadeandalucia.es\/deorientacioniesfernando3\/wp-json\/wp\/v2\/pages\/299\/revisions"}],"predecessor-version":[{"id":300,"href":"https:\/\/blogsaverroes.juntadeandalucia.es\/deorientacioniesfernando3\/wp-json\/wp\/v2\/pages\/299\/revisions\/300"}],"wp:attachment":[{"href":"https:\/\/blogsaverroes.juntadeandalucia.es\/deorientacioniesfernando3\/wp-json\/wp\/v2\/media?parent=299"}],"curies":[{"name":"wp","href":"https:\/\/api.w.org\/{rel}","templated":true}]}}