{"id":308,"date":"2025-10-13T19:37:19","date_gmt":"2025-10-13T17:37:19","guid":{"rendered":"https:\/\/blogsaverroes.juntadeandalucia.es\/deorientacioniesfernando3\/?page_id=308"},"modified":"2025-10-13T19:37:19","modified_gmt":"2025-10-13T17:37:19","slug":"funciones","status":"publish","type":"page","link":"https:\/\/blogsaverroes.juntadeandalucia.es\/deorientacioniesfernando3\/funciones\/","title":{"rendered":"Funciones"},"content":{"rendered":"<section id=\"h.76c889ca3cb2d622_134\" class=\"yaqOZd\">\n<div class=\"mYVXT\">\n<div class=\"LS81yb VICjCf j5pSsc db35Fc\">\n<div class=\"hJDwNd-AhqUyc-uQSCkd Ft7HRd-AhqUyc-uQSCkd purZT-AhqUyc-II5mzb ZcASvf-AhqUyc-II5mzb pSzOP-AhqUyc-qWD73c Ktthjf-AhqUyc-qWD73c JNdkSc SQVYQc\">\n<div class=\"JNdkSc-SmKAyb LkDMRd\">\n<div class=\"\">\n<div class=\"oKdM2c ZZyype Kzv0Me\">\n<div id=\"h.76c889ca3cb2d622_131\" class=\"hJDwNd-AhqUyc-uQSCkd Ft7HRd-AhqUyc-uQSCkd jXK9ad D2fZ2 zu5uec OjCsFc dmUFtb wHaque g5GTcb\">\n<div class=\"jXK9ad-SmKAyb\">\n<div class=\"tyJCtd mGzaTb Depvyb baZpAe\">\n<p class=\"zfr3Q CDt4Ke \" dir=\"ltr\"><span class=\"C9DxTc \">El departamento de orientaci\u00f3n se encarga de ayudar al alumnado del\u00a0<\/span><a class=\"XqQF9c\" href=\"http:\/\/www.iesf3.com\/\" target=\"_blank\" rel=\"noopener\"><span class=\"C9DxTc \">IES Fernando III<\/span><\/a><span class=\"C9DxTc \">\u00a0el Santo<\/span><span class=\"C9DxTc \">, proporcion\u00e1ndole informaci\u00f3n sobre las posibilidades que se le ofrecen, a seleccionar las mejores opciones seg\u00fan sus intereses, gustos, preferencias\u2026 Trabaja de forma transversal con el resto del profesorado intentando adem\u00e1s, detectar cualquier tipo de problema o impedimento, que pueda afectar a cualquier alumno\/a en su rendimiento escolar.<\/span><\/p>\n<p class=\"zfr3Q CDt4Ke \" dir=\"ltr\"><span class=\"C9DxTc \">Es decir, el trabajo del orientador es muy importante en cualquier centro porque afecta tanto al alumnado como al conjunto del profesorado.<\/span><\/p>\n<\/div>\n<\/div>\n<\/div>\n<\/div>\n<\/div>\n<\/div>\n<\/div>\n<\/div>\n<\/div>\n<\/section>\n<section id=\"h.76c889ca3cb2d622_138\" class=\"yaqOZd\">\n<div class=\"IFuOkc\"><span class=\"C9DxTc \">El art\u00edculo 42 del Reglamento Org\u00e1nico de los Institutos de Educaci\u00f3n Secundaria asigna al Departamento de Orientaci\u00f3n un conjunto de f<\/span><span class=\"C9DxTc \">unciones relacionadas con la orientaci\u00f3n acad\u00e9mica, psicopedag\u00f3gica y profesional, con la atenci\u00f3n a los alumnos con necesidades educativas especiales y con el apoyo a la acci\u00f3n tutorial<\/span><span class=\"C9DxTc \">. M\u00e1s concretamente, nuestro Departamento se encarga entre otras cosas de<\/span><\/div>\n<div class=\"mYVXT\">\n<div class=\"LS81yb VICjCf j5pSsc db35Fc\">\n<div class=\"hJDwNd-AhqUyc-uQSCkd Ft7HRd-AhqUyc-uQSCkd purZT-AhqUyc-II5mzb ZcASvf-AhqUyc-II5mzb pSzOP-AhqUyc-qWD73c Ktthjf-AhqUyc-qWD73c JNdkSc SQVYQc\">\n<div class=\"JNdkSc-SmKAyb LkDMRd\">\n<div class=\"\">\n<div class=\"oKdM2c ZZyype Kzv0Me\">\n<div id=\"h.76c889ca3cb2d622_135\" class=\"hJDwNd-AhqUyc-uQSCkd Ft7HRd-AhqUyc-uQSCkd jXK9ad D2fZ2 zu5uec OjCsFc dmUFtb wHaque g5GTcb\">\n<div class=\"jXK9ad-SmKAyb\">\n<div class=\"tyJCtd mGzaTb Depvyb baZpAe\">\n<p class=\"zfr3Q CDt4Ke \" dir=\"ltr\"><span class=\"C9DxTc \">a)\u00a0<\/span><span class=\"C9DxTc \">Elaborar<\/span><span class=\"C9DxTc \">, de acuerdo con las directrices establecidas por la Comisi\u00f3n de Coordinaci\u00f3n Pedag\u00f3gica y en colaboraci\u00f3n con los tutores, el\u00a0<\/span><span class=\"C9DxTc \">Plan de Orientaci\u00f3n Acad\u00e9mica y el Plan de Acci\u00f3n Tutorial del instituto<\/span><\/p>\n<p class=\"zfr3Q CDt4Ke \" dir=\"ltr\"><span class=\"C9DxTc \">b)\u00a0<\/span><span class=\"C9DxTc \">Contribuir al desarrollo de la orientaci\u00f3n educativa, psicopedag\u00f3gica y profesional<\/span><span class=\"C9DxTc \">\u00a0de los alumnos, especialmente en lo que concierne a los cambios de ciclo o etapa, y a la elecci\u00f3n entre las distintas opciones acad\u00e9micas, formativas y profesionales.<\/span><\/p>\n<p class=\"zfr3Q CDt4Ke \" dir=\"ltr\"><span class=\"C9DxTc \">c)\u00a0<\/span><span class=\"C9DxTc \">Colaborar con los tutores y con el resto del profesorado<\/span><span class=\"C9DxTc \">\u00a0en la planificaci\u00f3n y desarrollo de actividades de orientaci\u00f3n acad\u00e9mica y profesional y de tutor\u00eda.<\/span><\/p>\n<p class=\"zfr3Q CDt4Ke \" dir=\"ltr\"><span class=\"C9DxTc \">d)\u00a0<\/span><span class=\"C9DxTc \">Proponer criterios y procedimientos para realizar las adaptaciones curriculares<\/span><span class=\"C9DxTc \">\u00a0apropiadas para los alumnos con necesidades educativas especiales y colaborar con otros departamentos y con el profesorado en general para adaptar las ense\u00f1anzas a las caracter\u00edsticas y necesidades individuales del alumnado.<\/span><\/p>\n<p class=\"zfr3Q CDt4Ke \" dir=\"ltr\"><span class=\"C9DxTc \">e)\u00a0<\/span><span class=\"C9DxTc \">Colaborar<\/span><span class=\"C9DxTc \">\u00a0con los profesores del instituto en la\u00a0<\/span><span class=\"C9DxTc \">prevenci\u00f3n y detecci\u00f3n de problemas de aprendizaje<\/span><span class=\"C9DxTc \">\u00a0y en la realizaci\u00f3n de actividades educativas dirigidas a los alumnos que presenten dichos problemas.<\/span><\/p>\n<p class=\"zfr3Q CDt4Ke \" dir=\"ltr\"><span class=\"C9DxTc \">f) Formular propuestas al Claustro de profesores para mejorar los procesos de ense\u00f1anza.<\/span><\/p>\n<\/div>\n<\/div>\n<\/div>\n<\/div>\n<\/div>\n<\/div>\n<\/div>\n<\/div>\n<\/div>\n<\/section>\n","protected":false},"excerpt":{"rendered":"<p>El departamento de orientaci\u00f3n se encarga de ayudar al alumnado del\u00a0IES Fernando III\u00a0el Santo, proporcion\u00e1ndole informaci\u00f3n sobre las posibilidades que se le ofrecen, a seleccionar las mejores opciones seg\u00fan sus intereses, gustos, preferencias\u2026 Trabaja de forma transversal con el resto del profesorado intentando adem\u00e1s, detectar cualquier tipo de problema o&#46;&#46;&#46;<\/p>\n","protected":false},"author":15677,"featured_media":0,"parent":0,"menu_order":0,"comment_status":"closed","ping_status":"closed","template":"","meta":{"footnotes":""},"aioseo_notices":[],"_links":{"self":[{"href":"https:\/\/blogsaverroes.juntadeandalucia.es\/deorientacioniesfernando3\/wp-json\/wp\/v2\/pages\/308"}],"collection":[{"href":"https:\/\/blogsaverroes.juntadeandalucia.es\/deorientacioniesfernando3\/wp-json\/wp\/v2\/pages"}],"about":[{"href":"https:\/\/blogsaverroes.juntadeandalucia.es\/deorientacioniesfernando3\/wp-json\/wp\/v2\/types\/page"}],"author":[{"embeddable":true,"href":"https:\/\/blogsaverroes.juntadeandalucia.es\/deorientacioniesfernando3\/wp-json\/wp\/v2\/users\/15677"}],"replies":[{"embeddable":true,"href":"https:\/\/blogsaverroes.juntadeandalucia.es\/deorientacioniesfernando3\/wp-json\/wp\/v2\/comments?post=308"}],"version-history":[{"count":1,"href":"https:\/\/blogsaverroes.juntadeandalucia.es\/deorientacioniesfernando3\/wp-json\/wp\/v2\/pages\/308\/revisions"}],"predecessor-version":[{"id":309,"href":"https:\/\/blogsaverroes.juntadeandalucia.es\/deorientacioniesfernando3\/wp-json\/wp\/v2\/pages\/308\/revisions\/309"}],"wp:attachment":[{"href":"https:\/\/blogsaverroes.juntadeandalucia.es\/deorientacioniesfernando3\/wp-json\/wp\/v2\/media?parent=308"}],"curies":[{"name":"wp","href":"https:\/\/api.w.org\/{rel}","templated":true}]}}