{"id":323,"date":"2025-10-13T20:08:34","date_gmt":"2025-10-13T18:08:34","guid":{"rendered":"https:\/\/blogsaverroes.juntadeandalucia.es\/deorientacioniesfernando3\/?page_id=323"},"modified":"2025-12-08T18:03:01","modified_gmt":"2025-12-08T17:03:01","slug":"info-fp","status":"publish","type":"page","link":"https:\/\/blogsaverroes.juntadeandalucia.es\/deorientacioniesfernando3\/info-fp\/","title":{"rendered":"Info FP"},"content":{"rendered":"<p><span style=\"font-size: 18pt\"><strong><span style=\"font-size: 24pt;color: #ff0000\">NOVEDAD: <\/span>BECA 6000\u00a0 (CURSO 25\/26): <\/strong><\/span><\/p>\n<p><span style=\"font-size: 18pt\"><strong>del 05 de diciembre de 2025 al 05 de enero de 2026<\/strong><\/span><\/p>\n<p>TEXTO RESOLUCI\u00d3N: <a href=\"https:\/\/www.juntadeandalucia.es\/boja\/2025\/234\/1\" target=\"_blank\" rel=\"noopener\">aqu\u00ed.<\/a><\/p>\n<p>SOLICITUD: <a href=\"https:\/\/secretariavirtual.juntadeandalucia.es\/secretariavirtual\/solicitudes\/\" target=\"_blank\" rel=\"noopener\">Secretar\u00eda Virtual de los Centros Docentes<\/a><\/p>\n<div style=\"width: 100%\">\n<div style=\"position: relative;padding-bottom: 56.25%;padding-top: 0;height: 0\">\n<div style=\"width: 100%\">\n<div style=\"position: relative;padding-bottom: 56.25%;padding-top: 0;height: 0\">\n<div style=\"width: 100%\">\n<div style=\"position: relative;padding-bottom: 56.25%;padding-top: 0;height: 0\">\n<div style=\"width: 100%\">\n<div style=\"position: relative;padding-bottom: 56.25%;padding-top: 0;height: 0\">\n<div style=\"width: 100%\">\n<div style=\"position: relative;padding-bottom: 56.25%;padding-top: 0;height: 0\">\n<p><span style=\"font-size: 18pt\"><strong><span style=\"font-size: 24pt;color: #ff0000\">NOVEDAD: <\/span>BECA ADRIANO\u00a0 (CURSO 25\/26): <\/strong><\/span><\/p>\n<p><span style=\"font-size: 18pt\"><strong>del 06 de diciembre de 2025 al 05 de enero de 2026<\/strong><\/span><\/p>\n<p>TEXTO RESOLUCI\u00d3N: <a href=\"https:\/\/www.juntadeandalucia.es\/boja\/2025\/235\/5\" target=\"_blank\" rel=\"noopener\">aqu\u00ed.<\/a><\/p>\n<p>SOLICITUD: <a href=\"https:\/\/secretariavirtual.juntadeandalucia.es\/secretariavirtual\/solicitudes\/\" target=\"_blank\" rel=\"noopener\">Secretar\u00eda Virtual de los Centros Docentes<\/a><\/p>\n<p><span style=\"font-size: 18pt\"><strong><span style=\"font-size: 24pt;color: #ff0000\">NOVEDAD: <\/span>BECA SEGUNDA OPORTUNIDAD\u00a0 (CURSO 25\/26): <\/strong><\/span><\/p>\n<p><span style=\"font-size: 18pt\"><strong>del 06 de diciembre de 2025 al 05 de enero de 2026<\/strong><\/span><\/p>\n<p>TEXTO RESOLUCI\u00d3N: <a href=\"https:\/\/www.juntadeandalucia.es\/boja\/2025\/235\/3\" target=\"_blank\" rel=\"noopener\">aqu\u00ed.<\/a><\/p>\n<p>SOLICITUD: <a href=\"https:\/\/secretariavirtual.juntadeandalucia.es\/secretariavirtual\/solicitudes\/\" target=\"_blank\" rel=\"noopener\">Secretar\u00eda Virtual de los Centros Docentes<\/a><\/p>\n<p><span style=\"font-size: 18pt\"><strong><span style=\"font-size: 24pt;color: #ff0000\">NOVEDAD: <\/span>AYUDAS INDIVIDUALIZADAS PARA EL TRANSPORTE ESCOLAR\u00a0 (CURSO 25\/26): <\/strong><\/span><\/p>\n<p><span style=\"font-size: 18pt\"><strong>del 06 de diciembre de 2025 al 05 de enero de 2026<\/strong><\/span><\/p>\n<p>TEXTO RESOLUCI\u00d3N: <a href=\"https:\/\/www.juntadeandalucia.es\/boja\/2025\/235\/4\" target=\"_blank\" rel=\"noopener\">aqu\u00ed.<\/a><\/p>\n<p>SOLICITUD: <a href=\"https:\/\/secretariavirtual.juntadeandalucia.es\/secretariavirtual\/solicitudes\/\" target=\"_blank\" rel=\"noopener\">Secretar\u00eda Virtual de los Centros Docentes<\/a><\/p>\n<div style=\"width: 100%\">\n<div style=\"position: relative;padding-bottom: 56.25%;padding-top: 0;height: 0\"><iframe loading=\"lazy\" src=\"https:\/\/view.genially.com\/5fb1427d72da7f14532e16f2\" width=\"600px\" height=\"338px\" frameborder=\"0\" scrolling=\"yes\"><\/iframe><\/div>\n<div><\/div>\n<div><\/div>\n<div><\/div>\n<\/div>\n<p>&nbsp;<\/p>\n<div>\n<div><\/div>\n<\/div>\n<p>&nbsp;<\/p>\n<p>&nbsp;<\/p>\n<div>\n<header class=\"entry-header\">\n<h1 class=\"entry-title\">Becas y ayudas al estudio<\/h1>\n<\/header>\n<div class=\"entry-content\">\n<div class=\"elementor elementor-985\" data-elementor-type=\"wp-page\" data-elementor-id=\"985\">\n<section class=\"elementor-section elementor-top-section elementor-element elementor-element-8ee3baf elementor-section-boxed elementor-section-height-default elementor-section-height-default\" data-id=\"8ee3baf\" data-element_type=\"section\">\n<div class=\"elementor-container elementor-column-gap-default\">\n<div class=\"elementor-column elementor-col-100 elementor-top-column elementor-element elementor-element-2223ace\" data-id=\"2223ace\" data-element_type=\"column\">\n<div class=\"elementor-widget-wrap elementor-element-populated\">\n<div class=\"elementor-element elementor-element-dc72af7 elementor-widget elementor-widget-text-editor\" data-id=\"dc72af7\" data-element_type=\"widget\" data-widget_type=\"text-editor.default\">\n<div class=\"elementor-widget-container\">\n<table>\n<tbody>\n<tr>\n<td><strong>Becas\u00a0<\/strong><\/td>\n<td><strong>Destinatarios<\/strong><\/td>\n<td><strong>Informaci\u00f3n en estos enlaces<\/strong><\/td>\n<td><strong>Plazo\u00a0<\/strong>(del \u00faltimo curso)<\/td>\n<\/tr>\n<tr>\n<td><strong>Beca general para estudios NO universitarios<\/strong><\/td>\n<td>Alumnado matriculado en Bachillerato, CFGB, CFGM, CFGS, cursos de acceso a FP, Ense\u00f1anzas Art\u00edsticas profesionales y superiores, ense\u00f1anzas deportivas, Escuela de Idiomas\u2026<\/td>\n<td><strong><a href=\"https:\/\/www.becaseducacion.gob.es\/becas-y-ayudas\/fp-bachillerato-otros\/tipos-de-becas.html\">Portal de becas del Ministerio<\/a>\/estudios no\u00a0 universitarios<\/strong><\/td>\n<td>24 de marzo al 14 de mayo del 2025. Suele pagarse en enero.<\/td>\n<\/tr>\n<tr>\n<td><strong>Beca ADRIANO<\/strong><\/td>\n<td>2\u00ba curso o superior, en modalidad presencial, de Bachillerato, CFGM, CFGS, cursos de acceso a FP, Ense\u00f1anzas Art\u00edsticas profesionales y superiores, ense\u00f1anzas deportivas. Excluidos adultos.<\/td>\n<td><strong><a href=\"https:\/\/www.juntadeandalucia.es\/servicios\/sede\/tramites\/procedimientos\/detalle\/6377.html\">Portal de becas de la Consejer\u00eda\/Beca Adriano<\/a><\/strong><\/td>\n<td>28 de enero de 2025 a 27 de Febrero de 2025<\/td>\n<\/tr>\n<tr>\n<td><strong>Beca 6000<\/strong><\/td>\n<td>Alumnado de Bachillerato y Ciclos Formativos Grado Medio, matriculado de curso completo. Para primer curso, haber cursado la Secundaria en r\u00e9gimen ordinario el curso anterior. Es requisito ser beneficiario de la beca general.<\/td>\n<td><strong><a href=\"https:\/\/www.juntadeandalucia.es\/educacion\/portales\/becas-ayudas\/becas\/beca-6000\">Portal de becas de la Consejer\u00eda\/Beca 6000<\/a><\/strong><\/td>\n<td>24 de Diciembre de 2024\u00a0 a\u00a0 23 de Enero de 2025<\/td>\n<\/tr>\n<tr>\n<td><strong>Beca segunda oportunidad<\/strong><\/td>\n<td>Alumnado de 18 a 24 a\u00f1os que tuvo abandono educativo temprano, inscrito como desempleado sin percibir prestaci\u00f3n, para cursar Secundaria para adultos, Bachillerato, CFGM de FP o de artes pl\u00e1sticas. Es requisito haber solicitado la beca general y no tener una titulaci\u00f3n de ese nivel o superior.<\/td>\n<td><strong><a href=\"https:\/\/www.juntadeandalucia.es\/organismos\/desarrolloeducativoyformacionprofesional\/servicios\/procedimientos\/detalle\/5461.html\">Portal de becas de la Consejer\u00eda\/ Beca segunda oportunidad\u00a0<\/a><\/strong><\/td>\n<td>28 de enero de 2025\u00a0 a 27 de febrero de 2025<\/td>\n<\/tr>\n<tr>\n<td><strong>Beca general para estudios\u00a0 universitarios<\/strong><\/td>\n<td>Estudios universitarios (Grado, M\u00e1ster, curso de acceso a la universidad para mayores de 25 a\u00f1os)<\/td>\n<td><strong><a href=\"https:\/\/www.becaseducacion.gob.es\/becas-y-ayudas\/universidad-grado-master\/tipos-de-becas.html\">Portal de becas del Ministerio\/universidad<\/a><\/strong><\/td>\n<td>24 de marzo al 14 de mayo del 2025<\/td>\n<\/tr>\n<\/tbody>\n<\/table>\n<\/div>\n<\/div>\n<\/div>\n<\/div>\n<\/div>\n<\/section>\n<section class=\"elementor-section elementor-top-section elementor-element elementor-element-6e8ebc2 elementor-section-boxed elementor-section-height-default elementor-section-height-default\" data-id=\"6e8ebc2\" data-element_type=\"section\">\n<div class=\"elementor-container elementor-column-gap-default\">\n<div class=\"elementor-column elementor-col-100 elementor-top-column elementor-element elementor-element-b1b6ab3\" data-id=\"b1b6ab3\" data-element_type=\"column\">\n<div class=\"elementor-widget-wrap elementor-element-populated\">\n<div class=\"elementor-element elementor-element-b5a16cd elementor-widget elementor-widget-text-editor\" data-id=\"b5a16cd\" data-element_type=\"widget\" data-widget_type=\"text-editor.default\">\n<div class=\"elementor-widget-container\">\n<table>\n<tbody>\n<tr>\n<td><strong>Ayudas<\/strong><\/td>\n<td><strong>Destinatarios<\/strong><\/td>\n<td><strong>Informaci\u00f3n\u00a0 \u00a0 en estos enlaces<\/strong><\/td>\n<td><strong>Plazos\u00a0\u00a0<\/strong>(del \u00faltimo curso)<\/td>\n<\/tr>\n<tr>\n<td><strong>Ayudas para alumnado NEE<\/strong><\/td>\n<td>Alumnado con discapacidad, TGC o de la comunicaci\u00f3n y el lenguaje, TEA, Altas capacidades, que cursa Educaci\u00f3n Infantil, Primaria, E.S.O., PEFPB, PTVAL. Bachillerato, CFGB, CFGM, CFGS, Ense\u00f1anzas Art\u00edsticas Profesionales, otros.<\/td>\n<td><a href=\"https:\/\/www.educacionfpydeportes.gob.es\/servicios-al-ciudadano\/catalogo\/general\/05\/050140\/ficha\/050140-2025.html\"><strong>Portal de becas<\/strong><strong>\u00a0del Ministerio\/<\/strong><\/a><br \/>\n<strong>alumnado NEAE. In<\/strong>compatible con la beca de r\u00e9gimen general. Compatible con la ayuda para transporte si entre ambas no se supera el coste real del servicio.<\/td>\n<td>30 de abril al 11\u00a0 de septiembre de 2025. Suele pagarse en Enero.<\/td>\n<\/tr>\n<tr>\n<td><strong>Ayudas individualizadas para transporte escolar<\/strong><\/td>\n<td>Alumnado de segundo ciclo Educaci\u00f3n Infantil, Primaria, E.S.O., Bachillerato, CFGB, CFGM, CFGS, porque no exista esa ense\u00f1anza en su localidad. O porque curse modalidad del bachillerato de artes o CF de dif\u00edcil generalizaci\u00f3n.<\/td>\n<td><a href=\"https:\/\/www.juntadeandalucia.es\/servicios\/sede\/tramites\/procedimientos\/detalle\/4998.html\"><strong>Portal de becas de la Consejer\u00eda\/ Ayuda Transporte<\/strong><\/a>\u00a0Compatible con la beca de r\u00e9gimen general.<\/td>\n<td>29 de enero de 2025 a 3 de marzo de 2025 (para solicitar los gastos por transporte del curso 2023-24)<\/td>\n<\/tr>\n<tr>\n<td><strong>Ayuda por desplazamiento a empresas (FP)<\/strong><\/td>\n<td>Alumnado de CFGB, CFGM, CFGS, PEFPB, para desplazarse a empresas situadas a m\u00e1s de 5 Kms. de su centro durante la FCT o la FP dual.<\/td>\n<td><strong><a href=\"https:\/\/www.juntadeandalucia.es\/educacion\/portales\/becas-ayudas\/ayudas\/ayuda-desplazamientos-fp\">Portal de becas de la Consejer\u00eda\u00a0<\/a><\/strong><\/td>\n<td>Final de junio<\/td>\n<\/tr>\n<tr>\n<td><strong>Ayuda por desplazamiento a empresas (Ense\u00f1anzas Art\u00edsticas)<\/strong><\/td>\n<td>Alumnado de CFGM y CFGS de artes pl\u00e1sticas y dise\u00f1o, para realizar la formaci\u00f3n pr\u00e1ctica en empresas, estudios y talleres.<\/td>\n<td><strong><a href=\"https:\/\/www.juntadeandalucia.es\/educacion\/portales\/becas-ayudas\/ayudas\/ayuda-desplazamientos-artisticas\">Portal de becas de la Consejer\u00eda<\/a><\/strong><\/td>\n<td>Final de junio<\/td>\n<\/tr>\n<\/tbody>\n<\/table>\n<\/div>\n<\/div>\n<\/div>\n<\/div>\n<\/div>\n<\/section>\n<section class=\"elementor-section elementor-top-section elementor-element elementor-element-9fad1ac elementor-section-boxed elementor-section-height-default elementor-section-height-default\" data-id=\"9fad1ac\" data-element_type=\"section\">\n<div class=\"elementor-container elementor-column-gap-default\">\n<div class=\"elementor-column elementor-col-100 elementor-top-column elementor-element elementor-element-885a7e6\" data-id=\"885a7e6\" data-element_type=\"column\">\n<div class=\"elementor-widget-wrap elementor-element-populated\">\n<div class=\"elementor-element elementor-element-868c9b2 elementor-widget elementor-widget-text-editor\" data-id=\"868c9b2\" data-element_type=\"widget\" data-widget_type=\"text-editor.default\">\n<div class=\"elementor-widget-container\">\n<p><strong>Otras ayudas sin requisitos econ\u00f3micos:<\/strong><\/p>\n<p><strong>Matr\u00edcula de honor en bachillerato.\u00a0<\/strong>Se concede cuando la nota media es igual o superior a nueve en 2\u00ba de Bachillerato, como m\u00e1ximo al 5% del alumnado de 2\u00ba de Bachillerato de cada centro.\u00a0 Se desempata con notas de 1\u00ba de Bachillerato, y si persiste el empate, de la ESO\u00a0<i>(Orden 30-5-2023, que desarrolla el\u00a0 Curr\u00edculum Bachillerato, art. 17)<\/i><br \/>\nLa Matr\u00edcula de Honor en 2\u00ba curso de Bachillerato o CFGS (\u2026) \u201cotorgar\u00e1 el derecho a exenci\u00f3n total de los precios por servicios acad\u00e9micos, por una sola vez, en el primer curso de ense\u00f1anzas de Grado\u201d (es decir, que estar\u00e1n exentos del pago de la matr\u00edcula de 1\u00ba de carrera)\u00a0<em>(Decreto 98\/2023 que regula los precios p\u00fablicos de las universidades andaluzas. Art.10.2)<\/em><\/p>\n<\/div>\n<\/div>\n<\/div>\n<\/div>\n<\/div>\n<\/section>\n<section class=\"elementor-section elementor-top-section elementor-element elementor-element-8a3ae67 elementor-section-boxed elementor-section-height-default elementor-section-height-default\" data-id=\"8a3ae67\" data-element_type=\"section\">\n<div class=\"elementor-container elementor-column-gap-default\">\n<div class=\"elementor-column elementor-col-100 elementor-top-column elementor-element elementor-element-3c66a07\" data-id=\"3c66a07\" data-element_type=\"column\">\n<div class=\"elementor-widget-wrap elementor-element-populated\">\n<div class=\"elementor-element elementor-element-c19584e elementor-widget elementor-widget-text-editor\" data-id=\"c19584e\" data-element_type=\"widget\" data-widget_type=\"text-editor.default\">\n<div class=\"elementor-widget-container\">\n<p><strong>Premios de las Olimpiadas.\u00a0<\/strong>El premio en olimpiadas de Matem\u00e1ticas, F\u00edsica y Qu\u00edmica u otras acreditadas de \u00e1mbito nacional o internacional \u201cotorgar\u00e1 el derecho a exenci\u00f3n total de los precios por servicios acad\u00e9micos, por una sola vez, en el primer curso de ense\u00f1anzas de Grado\u201d, es decir, estar\u00e1n exentos del pago de la matr\u00edcula de 1\u00ba de carrera.\u00a0 (<em>Decreto 98\/2023 que regula los precios p\u00fablicos de las universidades andaluzas. Art.10.2)<\/em><\/p>\n<\/div>\n<\/div>\n<\/div>\n<\/div>\n<\/div>\n<\/section>\n<section class=\"elementor-section elementor-top-section elementor-element elementor-element-b9aea48 elementor-section-boxed elementor-section-height-default elementor-section-height-default\" data-id=\"b9aea48\" data-element_type=\"section\">\n<div class=\"elementor-container elementor-column-gap-default\">\n<div class=\"elementor-column elementor-col-100 elementor-top-column elementor-element elementor-element-09487ae\" data-id=\"09487ae\" data-element_type=\"column\">\n<div class=\"elementor-widget-wrap elementor-element-populated\">\n<div class=\"elementor-element elementor-element-4c6c57f elementor-widget elementor-widget-text-editor\" data-id=\"4c6c57f\" data-element_type=\"widget\" data-widget_type=\"text-editor.default\">\n<div class=\"elementor-widget-container\">\n<p><strong>Bonificaci\u00f3n de matr\u00edculas de la Junta de Andaluc\u00eda.\u00a0<\/strong>\u00a0A partir de 2\u00ba curso de Grado universitario, los cr\u00e9ditos aprobados el curso anterior en primera matr\u00edcula bonifican en un 99% a los cr\u00e9ditos equivalentes del siguiente para al alumnado que no sea beneficiario de la beca MECD. Lo mismo con los cr\u00e9ditos del M\u00e1ster en los dos cursos siguientes a la finalizaci\u00f3n del Grado.<em>\u00a0(Decreto 98\/2023 que regula los precios p\u00fablicos de las universidades andaluzas. Art.12.)<\/em><\/p>\n<\/div>\n<\/div>\n<\/div>\n<\/div>\n<\/div>\n<\/section>\n<section class=\"elementor-section elementor-top-section elementor-element elementor-element-000d548 elementor-section-boxed elementor-section-height-default elementor-section-height-default\" data-id=\"000d548\" data-element_type=\"section\">\n<div class=\"elementor-container elementor-column-gap-default\">\n<div class=\"elementor-column elementor-col-100 elementor-top-column elementor-element elementor-element-a68115d\" data-id=\"a68115d\" data-element_type=\"column\">\n<div class=\"elementor-widget-wrap elementor-element-populated\">\n<div class=\"elementor-element elementor-element-27e9570 elementor-widget elementor-widget-text-editor\" data-id=\"27e9570\" data-element_type=\"widget\" data-widget_type=\"text-editor.default\">\n<div class=\"elementor-widget-container\">\n<p><strong>Becas de colaboraci\u00f3n del Ministerio de Educaci\u00f3n en departamentos universitarios.\u00a0<\/strong>Para alumnado de 4\u00ba de Grado y M\u00e1ster universitario, convocada por Resoluci\u00f3n anual. M\u00e1s informaci\u00f3n en el\u00a0<strong><a href=\"https:\/\/www.educacionyfp.gob.es\/servicios-al-ciudadano\/catalogo\/estudiantes\/becas-ayudas\/para-estudiar\/universidad\/grado\/becas-colaboracion.html\">portal de becas del Ministerio.\u00a0<\/a><\/strong><\/p>\n<\/div>\n<\/div>\n<\/div>\n<\/div>\n<\/div>\n<\/section>\n<section class=\"elementor-section elementor-top-section elementor-element elementor-element-888e109 elementor-section-boxed elementor-section-height-default elementor-section-height-default\" data-id=\"888e109\" data-element_type=\"section\">\n<div class=\"elementor-container elementor-column-gap-default\">\n<div class=\"elementor-column elementor-col-100 elementor-top-column elementor-element elementor-element-65326f8\" data-id=\"65326f8\" data-element_type=\"column\">\n<div class=\"elementor-widget-wrap elementor-element-populated\">\n<div class=\"elementor-element elementor-element-46a9375 elementor-widget elementor-widget-text-editor\" data-id=\"46a9375\" data-element_type=\"widget\" data-widget_type=\"text-editor.default\">\n<div class=\"elementor-widget-container\">\n<p><strong>\u00a0 \u00a0 \u00a0 \u00a0 \u00a0 \u00a0Enlace centralizado a todo tipo de becas en Andaluc\u00eda:<\/strong><\/p>\n<p>En el enlace\u00a0<strong><a href=\"https:\/\/becasjuntadeandalucia.com\/\">Becas Junta de Andaluc\u00eda\u00a0<\/a><\/strong>tienes acceso centralizado a las ayudas mencionadas y a otras p\u00fablicas y privadas como: becas Erasmus, becas para obtener el B1 de idiomas, Becas Santander,\u00a0 Becas Amancio Prada, ayudas para el alquiler de la Junta de Andaluc\u00eda, etc.<\/p>\n<\/div>\n<\/div>\n<\/div>\n<\/div>\n<\/div>\n<\/section>\n<\/div>\n<\/div>\n<\/div>\n<\/div>\n<\/div>\n<\/div>\n<\/div>\n<\/div>\n<\/div>\n<\/div>\n<\/div>\n<\/div>\n<\/div>\n","protected":false},"excerpt":{"rendered":"<p>NOVEDAD: BECA 6000\u00a0 (CURSO 25\/26): del 05 de diciembre de 2025 al 05 de enero de 2026 TEXTO RESOLUCI\u00d3N: aqu\u00ed. SOLICITUD: Secretar\u00eda Virtual de los Centros Docentes NOVEDAD: BECA ADRIANO\u00a0 (CURSO 25\/26): del 06 de diciembre de 2025 al 05 de enero de 2026 TEXTO RESOLUCI\u00d3N: aqu\u00ed. SOLICITUD: Secretar\u00eda Virtual&#46;&#46;&#46;<\/p>\n","protected":false},"author":15677,"featured_media":0,"parent":0,"menu_order":0,"comment_status":"closed","ping_status":"closed","template":"","meta":{"footnotes":""},"aioseo_notices":[],"_links":{"self":[{"href":"https:\/\/blogsaverroes.juntadeandalucia.es\/deorientacioniesfernando3\/wp-json\/wp\/v2\/pages\/323"}],"collection":[{"href":"https:\/\/blogsaverroes.juntadeandalucia.es\/deorientacioniesfernando3\/wp-json\/wp\/v2\/pages"}],"about":[{"href":"https:\/\/blogsaverroes.juntadeandalucia.es\/deorientacioniesfernando3\/wp-json\/wp\/v2\/types\/page"}],"author":[{"embeddable":true,"href":"https:\/\/blogsaverroes.juntadeandalucia.es\/deorientacioniesfernando3\/wp-json\/wp\/v2\/users\/15677"}],"replies":[{"embeddable":true,"href":"https:\/\/blogsaverroes.juntadeandalucia.es\/deorientacioniesfernando3\/wp-json\/wp\/v2\/comments?post=323"}],"version-history":[{"count":4,"href":"https:\/\/blogsaverroes.juntadeandalucia.es\/deorientacioniesfernando3\/wp-json\/wp\/v2\/pages\/323\/revisions"}],"predecessor-version":[{"id":452,"href":"https:\/\/blogsaverroes.juntadeandalucia.es\/deorientacioniesfernando3\/wp-json\/wp\/v2\/pages\/323\/revisions\/452"}],"wp:attachment":[{"href":"https:\/\/blogsaverroes.juntadeandalucia.es\/deorientacioniesfernando3\/wp-json\/wp\/v2\/media?parent=323"}],"curies":[{"name":"wp","href":"https:\/\/api.w.org\/{rel}","templated":true}]}}