{"id":336,"date":"2025-10-13T20:23:20","date_gmt":"2025-10-13T18:23:20","guid":{"rendered":"https:\/\/blogsaverroes.juntadeandalucia.es\/deorientacioniesfernando3\/?page_id=336"},"modified":"2025-10-13T20:24:49","modified_gmt":"2025-10-13T18:24:49","slug":"prueba-libres-titulo-de-eso","status":"publish","type":"page","link":"https:\/\/blogsaverroes.juntadeandalucia.es\/deorientacioniesfernando3\/prueba-libres-titulo-de-eso\/","title":{"rendered":"Prueba Libres T\u00edtulo de ESO"},"content":{"rendered":"<p><b>PRUEBAS PARA OBTENCI\u00d3N DE GRADUADO EN ESO<\/b><\/p>\n<p>&nbsp;<\/p>\n<div>\n<div><iframe loading=\"lazy\" src=\"https:\/\/view.genial.ly\/601909786e2cb50d83c926c5\" width=\"800px\" height=\"400px\" frameborder=\"0\" scrolling=\"yes\"><\/iframe><\/div>\n<\/div>\n<p><b>\u00a0<\/b><\/p>\n<p>(presentaci\u00f3n de Noem\u00ed S\u00e1nchez Delgado).<\/p>\n","protected":false},"excerpt":{"rendered":"<p>PRUEBAS PARA OBTENCI\u00d3N DE GRADUADO EN ESO &nbsp; \u00a0 (presentaci\u00f3n de Noem\u00ed S\u00e1nchez Delgado).<\/p>\n","protected":false},"author":15677,"featured_media":0,"parent":0,"menu_order":0,"comment_status":"closed","ping_status":"closed","template":"","meta":{"footnotes":""},"aioseo_notices":[],"_links":{"self":[{"href":"https:\/\/blogsaverroes.juntadeandalucia.es\/deorientacioniesfernando3\/wp-json\/wp\/v2\/pages\/336"}],"collection":[{"href":"https:\/\/blogsaverroes.juntadeandalucia.es\/deorientacioniesfernando3\/wp-json\/wp\/v2\/pages"}],"about":[{"href":"https:\/\/blogsaverroes.juntadeandalucia.es\/deorientacioniesfernando3\/wp-json\/wp\/v2\/types\/page"}],"author":[{"embeddable":true,"href":"https:\/\/blogsaverroes.juntadeandalucia.es\/deorientacioniesfernando3\/wp-json\/wp\/v2\/users\/15677"}],"replies":[{"embeddable":true,"href":"https:\/\/blogsaverroes.juntadeandalucia.es\/deorientacioniesfernando3\/wp-json\/wp\/v2\/comments?post=336"}],"version-history":[{"count":2,"href":"https:\/\/blogsaverroes.juntadeandalucia.es\/deorientacioniesfernando3\/wp-json\/wp\/v2\/pages\/336\/revisions"}],"predecessor-version":[{"id":338,"href":"https:\/\/blogsaverroes.juntadeandalucia.es\/deorientacioniesfernando3\/wp-json\/wp\/v2\/pages\/336\/revisions\/338"}],"wp:attachment":[{"href":"https:\/\/blogsaverroes.juntadeandalucia.es\/deorientacioniesfernando3\/wp-json\/wp\/v2\/media?parent=336"}],"curies":[{"name":"wp","href":"https:\/\/api.w.org\/{rel}","templated":true}]}}