{"id":347,"date":"2025-10-13T20:33:10","date_gmt":"2025-10-13T18:33:10","guid":{"rendered":"https:\/\/blogsaverroes.juntadeandalucia.es\/deorientacioniesfernando3\/?page_id=347"},"modified":"2025-10-13T20:33:33","modified_gmt":"2025-10-13T18:33:33","slug":"info-bachillerato","status":"publish","type":"page","link":"https:\/\/blogsaverroes.juntadeandalucia.es\/deorientacioniesfernando3\/info-bachillerato\/","title":{"rendered":"Info Bachillerato"},"content":{"rendered":"<section id=\"h.377769bb66b3a3d9_385\" class=\"yaqOZd\">\n<div class=\"mYVXT\">\n<div class=\"LS81yb VICjCf j5pSsc db35Fc\">\n<div class=\"hJDwNd-AhqUyc-uQSCkd Ft7HRd-AhqUyc-uQSCkd purZT-AhqUyc-II5mzb ZcASvf-AhqUyc-II5mzb pSzOP-AhqUyc-qWD73c Ktthjf-AhqUyc-qWD73c JNdkSc SQVYQc\">\n<div class=\"JNdkSc-SmKAyb LkDMRd\">\n<div class=\"\">\n<div class=\"oKdM2c ZZyype Kzv0Me\">\n<div id=\"h.377769bb66b3a3d9_382\" class=\"hJDwNd-AhqUyc-uQSCkd Ft7HRd-AhqUyc-uQSCkd jXK9ad D2fZ2 zu5uec OjCsFc dmUFtb wHaque g5GTcb\">\n<div class=\"jXK9ad-SmKAyb\">\n<div class=\"tyJCtd mGzaTb Depvyb baZpAe\">\n<p class=\"zfr3Q CDt4Ke \" dir=\"ltr\"><span class=\"C9DxTc \">El Bachillerato forma parte de la Educaci\u00f3n Secundaria postobligatoria, y por lo tanto tiene car\u00e1cter voluntario. En los centros p\u00fablicos, se ofrece con car\u00e1cter gratuito. Comprende dos cursos acad\u00e9micos, que se realizan ordinariamente entre los 16 y 18 a\u00f1os de edad.<\/span><\/p>\n<p class=\"zfr3Q CDt4Ke \" dir=\"ltr\"><span class=\"C9DxTc \">El Bachillerato tiene como\u00a0<\/span><span class=\"C9DxTc \">finalidad<\/span><span class=\"C9DxTc \">\u00a0que el alumnado:<\/span><\/p>\n<ul class=\"n8H08c UVNKR \">\n<li class=\"zfr3Q TYR86d eD0Rn \" dir=\"ltr\">\n<p class=\"zfr3Q CDt4Ke \" dir=\"ltr\" role=\"presentation\"><span class=\"C9DxTc \">Adquiera la formaci\u00f3n, madurez intelectual y humana, conocimientos y habilidades que le permitan incorporarse a la vida activa en la sociedad con responsabilidad y competencia.<\/span><\/p>\n<\/li>\n<li class=\"zfr3Q TYR86d eD0Rn \" dir=\"ltr\">\n<p class=\"zfr3Q CDt4Ke \" dir=\"ltr\" role=\"presentation\"><span class=\"C9DxTc \">Se capacite para acceder a la educaci\u00f3n superior.<\/span><\/p>\n<\/li>\n<\/ul>\n<p class=\"zfr3Q CDt4Ke \" dir=\"ltr\"><span class=\"C9DxTc \">Se desarrolla en modalidades y, en alg\u00fan caso, v\u00edas diferentes, de modo flexible, para ofrecer una preparaci\u00f3n especializada acorde a los intereses y perspectivas de formaci\u00f3n del alumnado, o para permitir una correcta incorporaci\u00f3n a la vida activa.<\/span><\/p>\n<p class=\"zfr3Q CDt4Ke \" dir=\"ltr\"><span class=\"C9DxTc \">La etapa est\u00e1 dise\u00f1ada para ser cursada en dos cursos acad\u00e9micos, aunque se puede permanecer en r\u00e9gimen ordinario durante cuatro a\u00f1os.<\/span><\/p>\n<\/div>\n<\/div>\n<\/div>\n<\/div>\n<\/div>\n<\/div>\n<\/div>\n<\/div>\n<\/div>\n<\/section>\n<section id=\"h.377769bb66b3a3d9_378\" class=\"yaqOZd WxWicb\">\n<div class=\"IFuOkc\" style=\"text-align: center\"><strong>Ofertas de Bachillerato en el IES Fernando III el Santo<\/strong><\/div>\n<\/section>\n<section id=\"h.377769bb66b3a3d9_295\" class=\"yaqOZd\">\n<div class=\"IFuOkc\"><\/div>\n<div class=\"mYVXT\">\n<div class=\"LS81yb VICjCf j5pSsc db35Fc\">\n<div class=\"hJDwNd-AhqUyc-II5mzb Ft7HRd-AhqUyc-II5mzb purZT-AhqUyc-II5mzb ZcASvf-AhqUyc-II5mzb pSzOP-AhqUyc-II5mzb Ktthjf-AhqUyc-II5mzb JNdkSc SQVYQc yYI8W HQwdzb\">\n<div class=\"JNdkSc-SmKAyb LkDMRd\">\n<div class=\"\">\n<div class=\"oKdM2c ZZyype\">\n<div id=\"h.377769bb66b3a3d9_300\" class=\"hJDwNd-AhqUyc-II5mzb Ft7HRd-AhqUyc-II5mzb pSzOP-AhqUyc-II5mzb Ktthjf-AhqUyc-II5mzb jXK9ad D2fZ2 zu5uec wHaque g5GTcb\">\n<div class=\"jXK9ad-SmKAyb\">\n<div class=\"tyJCtd mGzaTb Depvyb baZpAe\">\n<div class=\"CjVfdc\" style=\"text-align: center\">\n<div class=\"PPhIP rviiZ\">\n<div class=\"U26fgb mUbCce fKz7Od LRAOtb Znu9nd M9Bg4d\" role=\"presentation\" aria-describedby=\"h.58g3zmk2ri93_l\" aria-label=\"Copiar el v\u00ednculo del encabezado\" data-tooltip=\"Copiar el v\u00ednculo del encabezado\" aria-hidden=\"true\" data-tooltip-position=\"top\" data-tooltip-vertical-offset=\"12\" data-tooltip-horizontal-offset=\"0\">\n<div class=\"VTBa7b MbhUzd\"><a class=\"XqQF9c\" href=\"https:\/\/www.iesf3.com\/oferta-educativa\/bachillerato\/bach-soc-hum\"><span class=\"C9DxTc aw5Odc \">Bachillerato de Humanidades y Ciencias Sociales<\/span><\/a><\/div>\n<\/div>\n<\/div>\n<\/div>\n<\/div>\n<\/div>\n<\/div>\n<\/div>\n<\/div>\n<\/div>\n<\/div>\n<div class=\"hJDwNd-AhqUyc-ibL1re Ft7HRd-AhqUyc-ibL1re JNdkSc SQVYQc L6cTce-purZT L6cTce-pSzOP\">\n<div class=\"JNdkSc-SmKAyb LkDMRd\">\n<div class=\"\"><\/div>\n<\/div>\n<\/div>\n<div class=\"hJDwNd-AhqUyc-II5mzb Ft7HRd-AhqUyc-II5mzb purZT-AhqUyc-II5mzb ZcASvf-AhqUyc-II5mzb pSzOP-AhqUyc-II5mzb Ktthjf-AhqUyc-II5mzb JNdkSc SQVYQc yYI8W HQwdzb\">\n<div class=\"JNdkSc-SmKAyb LkDMRd\">\n<div class=\"\">\n<div class=\"oKdM2c ZZyype\">\n<div id=\"h.377769bb66b3a3d9_307\" class=\"hJDwNd-AhqUyc-II5mzb Ft7HRd-AhqUyc-II5mzb pSzOP-AhqUyc-II5mzb Ktthjf-AhqUyc-II5mzb jXK9ad D2fZ2 zu5uec wHaque g5GTcb\">\n<div class=\"jXK9ad-SmKAyb\">\n<div class=\"tyJCtd mGzaTb Depvyb baZpAe\">\n<div class=\"CjVfdc\" style=\"text-align: center\">\n<div class=\"PPhIP rviiZ\">\n<div class=\"U26fgb mUbCce fKz7Od LRAOtb Znu9nd M9Bg4d\" role=\"presentation\" aria-describedby=\"h.4lgiii5jgpvv_l\" aria-label=\"Copiar el v\u00ednculo del encabezado\" data-tooltip=\"Copiar el v\u00ednculo del encabezado\" aria-hidden=\"true\" data-tooltip-position=\"top\" data-tooltip-vertical-offset=\"12\" data-tooltip-horizontal-offset=\"0\">\n<div class=\"VTBa7b MbhUzd\"><a class=\"XqQF9c\" href=\"https:\/\/www.iesf3.com\/oferta-educativa\/bachillerato\/bach-ciencias\"><span class=\"C9DxTc aw5Odc \">Bachillerato de Ciencias<\/span><\/a><\/div>\n<\/div>\n<div>\n<section id=\"h.377769bb66b3a3d9_378\" class=\"yaqOZd WxWicb\"><\/section>\n<section id=\"h.377769bb66b3a3d9_295\" class=\"yaqOZd\">\n<div class=\"mYVXT\">\n<div class=\"LS81yb VICjCf j5pSsc db35Fc\">\n<div class=\"hJDwNd-AhqUyc-II5mzb Ft7HRd-AhqUyc-II5mzb purZT-AhqUyc-II5mzb ZcASvf-AhqUyc-II5mzb pSzOP-AhqUyc-II5mzb Ktthjf-AhqUyc-II5mzb JNdkSc SQVYQc yYI8W HQwdzb\">\n<div class=\"JNdkSc-SmKAyb LkDMRd\">\n<div class=\"\">\n<div class=\"oKdM2c ZZyype\">\n<div id=\"h.377769bb66b3a3d9_307\" class=\"hJDwNd-AhqUyc-II5mzb Ft7HRd-AhqUyc-II5mzb pSzOP-AhqUyc-II5mzb Ktthjf-AhqUyc-II5mzb jXK9ad D2fZ2 zu5uec wHaque g5GTcb\">\n<div class=\"jXK9ad-SmKAyb\">\n<div class=\"tyJCtd mGzaTb Depvyb baZpAe\">\n<div class=\"CjVfdc\">\n<div class=\"PPhIP rviiZ\">\n<div class=\"U26fgb mUbCce fKz7Od LRAOtb Znu9nd M9Bg4d\" role=\"presentation\" aria-describedby=\"h.4lgiii5jgpvv_l\" aria-label=\"Copiar el v\u00ednculo del encabezado\" data-tooltip=\"Copiar el v\u00ednculo del encabezado\" aria-hidden=\"true\" data-tooltip-position=\"top\" data-tooltip-vertical-offset=\"12\" data-tooltip-horizontal-offset=\"0\">\n<div class=\"VTBa7b MbhUzd\"><\/div>\n<div><\/div>\n<div><\/div>\n<\/div>\n<\/div>\n<\/div>\n<\/div>\n<\/div>\n<\/div>\n<\/div>\n<div><\/div>\n<div class=\"oKdM2c ZZyype\">\n<div id=\"h.377769bb66b3a3d9_307\" class=\"hJDwNd-AhqUyc-II5mzb Ft7HRd-AhqUyc-II5mzb pSzOP-AhqUyc-II5mzb Ktthjf-AhqUyc-II5mzb jXK9ad D2fZ2 zu5uec wHaque g5GTcb\">\n<div class=\"jXK9ad-SmKAyb\">\n<div class=\"tyJCtd mGzaTb Depvyb baZpAe\">\n<div class=\"CjVfdc\">\n<div class=\"PPhIP rviiZ\">\n<div>\n<div class=\"hJDwNd-AhqUyc-ibL1re Ft7HRd-AhqUyc-ibL1re purZT-AhqUyc-ibL1re ZcASvf-AhqUyc-ibL1re pSzOP-AhqUyc-ibL1re Ktthjf-AhqUyc-ibL1re JNdkSc SQVYQc yYI8W HQwdzb\">\n<div class=\"JNdkSc-SmKAyb LkDMRd\">\n<div class=\"\">\n<div class=\"oKdM2c ZZyype Kzv0Me\">\n<div id=\"h.377769bb66b3a3d9_346\" class=\"hJDwNd-AhqUyc-ibL1re Ft7HRd-AhqUyc-ibL1re purZT-AhqUyc-ibL1re ZcASvf-AhqUyc-ibL1re pSzOP-AhqUyc-ibL1re Ktthjf-AhqUyc-ibL1re jXK9ad D2fZ2 zu5uec OjCsFc dmUFtb\">\n<div class=\"jXK9ad-SmKAyb\">\n<div class=\"tyJCtd baZpAe\">\n<div class=\"t3iYD\"><img decoding=\"async\" class=\"CENy8b\" src=\"https:\/\/lh3.googleusercontent.com\/sitesv\/AICyYdYhdgs6mFM8gejR8TXOwkovSLJyBQlEfiCagp0kStZHPG576wMvjI6czQfUZUpwsNpuaz0A1AH0pZuFqauhNrJSp-KpcvuvlKvPmj_bFNZpBilbzS1Frh9bvDIKNlI7YP5rzvNQqMYqCXQf3kvEcFrJ47xp7zfnVeTF6qGPoVcC9ETnTqZdUf4-BvUSQb6b9ln0B_u1WABC2NRyvyGiXqNkAuv5ph-nq-05KW4=w1280\" \/><\/div>\n<\/div>\n<\/div>\n<\/div>\n<\/div>\n<div class=\"oKdM2c ZZyype\">\n<div id=\"h.377769bb66b3a3d9_348\" class=\"hJDwNd-AhqUyc-ibL1re Ft7HRd-AhqUyc-ibL1re purZT-AhqUyc-ibL1re ZcASvf-AhqUyc-ibL1re pSzOP-AhqUyc-ibL1re Ktthjf-AhqUyc-ibL1re jXK9ad D2fZ2 zu5uec wHaque g5GTcb\">\n<div class=\"jXK9ad-SmKAyb\">\n<div class=\"tyJCtd mGzaTb Depvyb baZpAe\">\n<p class=\"zfr3Q CDt4Ke \" dir=\"ltr\"><a class=\"XqQF9c\" href=\"https:\/\/drive.google.com\/file\/d\/1xr9EveDQwxumi9bc2lufPC2Z5A1ztNB8\/view?usp=drive_link\" target=\"_blank\" rel=\"noopener\"><span class=\"C9DxTc aw5Odc \">Aqu\u00ed puedes ver la hoja del sobre de\u00a0 matr\u00edcula aprobado para el Centro<\/span><\/a><\/p>\n<p class=\"zfr3Q CDt4Ke \" dir=\"ltr\"><a class=\"XqQF9c\" href=\"https:\/\/drive.google.com\/file\/d\/1xr9EveDQwxumi9bc2lufPC2Z5A1ztNB8\/view?usp=drive_link\" target=\"_blank\" rel=\"noopener\"><span class=\"jgG6ef C9DxTc aw5Odc \">1\u00ba CURSO<\/span><\/a><\/p>\n<\/div>\n<\/div>\n<\/div>\n<\/div>\n<\/div>\n<\/div>\n<\/div>\n<div class=\"hJDwNd-AhqUyc-ibL1re Ft7HRd-AhqUyc-ibL1re JNdkSc SQVYQc L6cTce-purZT L6cTce-pSzOP\">\n<div class=\"JNdkSc-SmKAyb LkDMRd\">\n<div class=\"\"><\/div>\n<\/div>\n<\/div>\n<div class=\"hJDwNd-AhqUyc-ibL1re Ft7HRd-AhqUyc-ibL1re purZT-AhqUyc-ibL1re ZcASvf-AhqUyc-ibL1re pSzOP-AhqUyc-ibL1re Ktthjf-AhqUyc-ibL1re JNdkSc SQVYQc yYI8W HQwdzb\">\n<div class=\"JNdkSc-SmKAyb LkDMRd\">\n<div class=\"\">\n<div class=\"oKdM2c ZZyype Kzv0Me\">\n<div id=\"h.377769bb66b3a3d9_352\" class=\"hJDwNd-AhqUyc-ibL1re Ft7HRd-AhqUyc-ibL1re purZT-AhqUyc-ibL1re ZcASvf-AhqUyc-ibL1re pSzOP-AhqUyc-ibL1re Ktthjf-AhqUyc-ibL1re jXK9ad D2fZ2 zu5uec OjCsFc dmUFtb\">\n<div class=\"jXK9ad-SmKAyb\">\n<div class=\"tyJCtd baZpAe\">\n<div class=\"t3iYD\"><img decoding=\"async\" class=\"CENy8b\" src=\"https:\/\/lh3.googleusercontent.com\/sitesv\/AICyYdYhdgs6mFM8gejR8TXOwkovSLJyBQlEfiCagp0kStZHPG576wMvjI6czQfUZUpwsNpuaz0A1AH0pZuFqauhNrJSp-KpcvuvlKvPmj_bFNZpBilbzS1Frh9bvDIKNlI7YP5rzvNQqMYqCXQf3kvEcFrJ47xp7zfnVeTF6qGPoVcC9ETnTqZdUf4-BvUSQb6b9ln0B_u1WABC2NRyvyGiXqNkAuv5ph-nq-05KW4=w1280\" \/><\/div>\n<\/div>\n<\/div>\n<\/div>\n<\/div>\n<div class=\"oKdM2c ZZyype\">\n<div id=\"h.377769bb66b3a3d9_354\" class=\"hJDwNd-AhqUyc-ibL1re Ft7HRd-AhqUyc-ibL1re purZT-AhqUyc-ibL1re ZcASvf-AhqUyc-ibL1re pSzOP-AhqUyc-ibL1re Ktthjf-AhqUyc-ibL1re jXK9ad D2fZ2 zu5uec wHaque g5GTcb\">\n<div class=\"jXK9ad-SmKAyb\">\n<div class=\"tyJCtd mGzaTb Depvyb baZpAe\">\n<p class=\"zfr3Q CDt4Ke \" dir=\"ltr\"><a class=\"XqQF9c\" href=\"https:\/\/drive.google.com\/file\/d\/15U7z9NhMr7I4fv89NmoEtZ69QtJlRnBr\/view?usp=drive_link\" target=\"_blank\" rel=\"noopener\"><span class=\"C9DxTc aw5Odc \">Aqu\u00ed puedes ver la hoja del sobre de\u00a0 matr\u00edcula aprobado para el Centro<\/span><\/a><\/p>\n<p class=\"zfr3Q CDt4Ke \" dir=\"ltr\"><a class=\"XqQF9c\" href=\"https:\/\/drive.google.com\/file\/d\/15U7z9NhMr7I4fv89NmoEtZ69QtJlRnBr\/view?usp=drive_link\" target=\"_blank\" rel=\"noopener\"><span class=\"jgG6ef C9DxTc aw5Odc \">2<\/span><span class=\"jgG6ef C9DxTc aw5Odc \">\u00ba CURSO<\/span><\/a><\/p>\n<\/div>\n<\/div>\n<\/div>\n<\/div>\n<\/div>\n<\/div>\n<\/div>\n<\/div>\n<\/div>\n<\/div>\n<\/div>\n<\/div>\n<\/div>\n<\/div>\n<\/div>\n<\/div>\n<\/div>\n<\/div>\n<\/div>\n<\/section>\n<\/div>\n<\/div>\n<\/div>\n<\/div>\n<\/div>\n<\/div>\n<\/div>\n<\/div>\n<\/div>\n<\/div>\n<\/div>\n<\/div>\n<\/section>\n","protected":false},"excerpt":{"rendered":"<p>El Bachillerato forma parte de la Educaci\u00f3n Secundaria postobligatoria, y por lo tanto tiene car\u00e1cter voluntario. En los centros p\u00fablicos, se ofrece con car\u00e1cter gratuito. Comprende dos cursos acad\u00e9micos, que se realizan ordinariamente entre los 16 y 18 a\u00f1os de edad. El Bachillerato tiene como\u00a0finalidad\u00a0que el alumnado: Adquiera la formaci\u00f3n,&#46;&#46;&#46;<\/p>\n","protected":false},"author":15677,"featured_media":0,"parent":0,"menu_order":0,"comment_status":"closed","ping_status":"closed","template":"","meta":{"footnotes":""},"aioseo_notices":[],"_links":{"self":[{"href":"https:\/\/blogsaverroes.juntadeandalucia.es\/deorientacioniesfernando3\/wp-json\/wp\/v2\/pages\/347"}],"collection":[{"href":"https:\/\/blogsaverroes.juntadeandalucia.es\/deorientacioniesfernando3\/wp-json\/wp\/v2\/pages"}],"about":[{"href":"https:\/\/blogsaverroes.juntadeandalucia.es\/deorientacioniesfernando3\/wp-json\/wp\/v2\/types\/page"}],"author":[{"embeddable":true,"href":"https:\/\/blogsaverroes.juntadeandalucia.es\/deorientacioniesfernando3\/wp-json\/wp\/v2\/users\/15677"}],"replies":[{"embeddable":true,"href":"https:\/\/blogsaverroes.juntadeandalucia.es\/deorientacioniesfernando3\/wp-json\/wp\/v2\/comments?post=347"}],"version-history":[{"count":2,"href":"https:\/\/blogsaverroes.juntadeandalucia.es\/deorientacioniesfernando3\/wp-json\/wp\/v2\/pages\/347\/revisions"}],"predecessor-version":[{"id":349,"href":"https:\/\/blogsaverroes.juntadeandalucia.es\/deorientacioniesfernando3\/wp-json\/wp\/v2\/pages\/347\/revisions\/349"}],"wp:attachment":[{"href":"https:\/\/blogsaverroes.juntadeandalucia.es\/deorientacioniesfernando3\/wp-json\/wp\/v2\/media?parent=347"}],"curies":[{"name":"wp","href":"https:\/\/api.w.org\/{rel}","templated":true}]}}