{"id":45,"date":"2025-09-29T20:50:54","date_gmt":"2025-09-29T18:50:54","guid":{"rendered":"https:\/\/blogsaverroes.juntadeandalucia.es\/deorientacioniesfernando3\/?page_id=45"},"modified":"2025-12-10T16:52:38","modified_gmt":"2025-12-10T15:52:38","slug":"pruebas-acceso-fp","status":"publish","type":"page","link":"https:\/\/blogsaverroes.juntadeandalucia.es\/deorientacioniesfernando3\/pruebas-acceso-fp\/","title":{"rendered":"Pruebas Acceso FP"},"content":{"rendered":"<div id=\"post-body-602390340515957288\" class=\"post-body entry-content\">\n<p><strong>Abierta SOLICITUD para PRUEBAS DE ACCESO 25\/26 A FORMACI\u00d3N PROFESIONAL GRADO MEDIO Y SUPERIOR:<\/strong><\/p>\n<p><span style=\"color: #ff0000\"><b>El plazo de inscripci\u00f3n permanecer\u00e1 abierto del 12 al 23 de enero de 2026\u00a0<\/b><\/span><\/p>\n<p><b>Enlace Educaci\u00f3n Permanente Consejer\u00eda de Educaci\u00f3n: <a href=\"https:\/\/www.juntadeandalucia.es\/educacion\/portals\/web\/educacion-permanente\/pruebas-acceso-cf\" target=\"_blank\" rel=\"noopener\">aqu\u00ed.\u00a0<\/a><\/b><\/p>\n<p><b>\u00a0<\/b><\/p>\n<p><b>PRUEBAS DE ACCESO A GRADO MEDIO 25\/26:<\/b><\/p>\n<div>\n<div>\n<div style=\"width: 100%\">\n<div style=\"position: relative;padding-bottom: 56.25%;padding-top: 0;height: 0\"><iframe loading=\"lazy\" src=\"https:\/\/view.genially.com\/5fca5c1bb311230dad310fee\" width=\"800px\" height=\"475px\" frameborder=\"0\" scrolling=\"yes\"><\/iframe><\/div>\n<\/div>\n<\/div>\n<\/div>\n<p>(Presentaci\u00f3n Noem\u00ed S\u00e1nchez Delgado)<\/p>\n<p>&nbsp;<\/p>\n<p><b>PRUEBAS DE ACCESO A GRADO SUPERIOR 25\/26:<\/b><\/p>\n<div>\n<div>\n<div style=\"width: 100%\">\n<div style=\"position: relative;padding-bottom: 56.25%;padding-top: 0;height: 0\"><iframe loading=\"lazy\" src=\"https:\/\/view.genially.com\/5fca9783b311230dad3119f9\" width=\"800px\" height=\"475px\" frameborder=\"0\" scrolling=\"yes\"><\/iframe><\/div>\n<\/div>\n<\/div>\n<p>(Presentaci\u00f3n Noem\u00ed S\u00e1nchez Delgado)<\/p>\n<\/div>\n<div><\/div>\n<\/div>\n","protected":false},"excerpt":{"rendered":"<p>Abierta SOLICITUD para PRUEBAS DE ACCESO 25\/26 A FORMACI\u00d3N PROFESIONAL GRADO MEDIO Y SUPERIOR: El plazo de inscripci\u00f3n permanecer\u00e1 abierto del 12 al 23 de enero de 2026\u00a0 Enlace Educaci\u00f3n Permanente Consejer\u00eda de Educaci\u00f3n: aqu\u00ed.\u00a0 \u00a0 PRUEBAS DE ACCESO A GRADO MEDIO 25\/26: (Presentaci\u00f3n Noem\u00ed S\u00e1nchez Delgado) &nbsp; PRUEBAS DE&#46;&#46;&#46;<\/p>\n","protected":false},"author":15677,"featured_media":0,"parent":0,"menu_order":0,"comment_status":"closed","ping_status":"closed","template":"","meta":{"footnotes":""},"aioseo_notices":[],"_links":{"self":[{"href":"https:\/\/blogsaverroes.juntadeandalucia.es\/deorientacioniesfernando3\/wp-json\/wp\/v2\/pages\/45"}],"collection":[{"href":"https:\/\/blogsaverroes.juntadeandalucia.es\/deorientacioniesfernando3\/wp-json\/wp\/v2\/pages"}],"about":[{"href":"https:\/\/blogsaverroes.juntadeandalucia.es\/deorientacioniesfernando3\/wp-json\/wp\/v2\/types\/page"}],"author":[{"embeddable":true,"href":"https:\/\/blogsaverroes.juntadeandalucia.es\/deorientacioniesfernando3\/wp-json\/wp\/v2\/users\/15677"}],"replies":[{"embeddable":true,"href":"https:\/\/blogsaverroes.juntadeandalucia.es\/deorientacioniesfernando3\/wp-json\/wp\/v2\/comments?post=45"}],"version-history":[{"count":10,"href":"https:\/\/blogsaverroes.juntadeandalucia.es\/deorientacioniesfernando3\/wp-json\/wp\/v2\/pages\/45\/revisions"}],"predecessor-version":[{"id":483,"href":"https:\/\/blogsaverroes.juntadeandalucia.es\/deorientacioniesfernando3\/wp-json\/wp\/v2\/pages\/45\/revisions\/483"}],"wp:attachment":[{"href":"https:\/\/blogsaverroes.juntadeandalucia.es\/deorientacioniesfernando3\/wp-json\/wp\/v2\/media?parent=45"}],"curies":[{"name":"wp","href":"https:\/\/api.w.org\/{rel}","templated":true}]}}