{"id":467,"date":"2025-12-10T16:34:50","date_gmt":"2025-12-10T15:34:50","guid":{"rendered":"https:\/\/blogsaverroes.juntadeandalucia.es\/deorientacioniesfernando3\/?page_id=467"},"modified":"2025-12-10T16:43:23","modified_gmt":"2025-12-10T15:43:23","slug":"acceso-a-fp-sin-requisitos-academicos","status":"publish","type":"page","link":"https:\/\/blogsaverroes.juntadeandalucia.es\/deorientacioniesfernando3\/acceso-a-fp-sin-requisitos-academicos\/","title":{"rendered":"Acceso a FP SIN requisitos acad\u00e9micos"},"content":{"rendered":"<p><strong>ACCESO A FORMACI\u00d3N PROFESIONAL (FP) SIN REQUISITOS ACAD\u00c9MICOS:<\/strong><\/p>\n<ul>\n<li>Cursos de Acceso a Ciclos Formativos. <a href=\"https:\/\/www.juntadeandalucia.es\/educacion\/portals\/web\/educacion-permanente\/cursos-acceso\/curso-de-acceso-cf\" target=\"_blank\" rel=\"noopener\">Enlace.\u00a0<\/a><\/li>\n<li>Pruebas de Acceso a Ciclos Formativos. <a href=\"https:\/\/www.juntadeandalucia.es\/educacion\/portals\/web\/educacion-permanente\/pruebas-acceso-cf\" target=\"_blank\" rel=\"noopener\">Enlace.<\/a><\/li>\n<li>Acreditaci\u00f3n de Competencias B\u00e1sicas. <a href=\"https:\/\/www.juntadeandalucia.es\/educacion\/portals\/web\/educacion-permanente\/acrebap\" target=\"_blank\" rel=\"noopener\">Enlace.\u00a0<\/a><\/li>\n<\/ul>\n<p>(Infograf\u00eda de Noem\u00ed S\u00e1nchez).<\/p>\n<p><img loading=\"lazy\" decoding=\"async\" class=\"aligncenter size-large wp-image-468\" src=\"https:\/\/blogsaverroes.juntadeandalucia.es\/deorientacioniesfernando3\/files\/2025\/12\/1-1024x920.png\" alt=\"\" width=\"1024\" height=\"920\" srcset=\"https:\/\/blogsaverroes.juntadeandalucia.es\/deorientacioniesfernando3\/files\/2025\/12\/1-1024x920.png 1024w, https:\/\/blogsaverroes.juntadeandalucia.es\/deorientacioniesfernando3\/files\/2025\/12\/1-300x270.png 300w, https:\/\/blogsaverroes.juntadeandalucia.es\/deorientacioniesfernando3\/files\/2025\/12\/1-768x690.png 768w, https:\/\/blogsaverroes.juntadeandalucia.es\/deorientacioniesfernando3\/files\/2025\/12\/1.png 1256w\" sizes=\"(max-width: 1024px) 100vw, 1024px\" \/> <img loading=\"lazy\" decoding=\"async\" class=\"aligncenter size-large wp-image-469\" src=\"https:\/\/blogsaverroes.juntadeandalucia.es\/deorientacioniesfernando3\/files\/2025\/12\/2-1024x817.png\" alt=\"\" width=\"1024\" height=\"817\" srcset=\"https:\/\/blogsaverroes.juntadeandalucia.es\/deorientacioniesfernando3\/files\/2025\/12\/2-1024x817.png 1024w, https:\/\/blogsaverroes.juntadeandalucia.es\/deorientacioniesfernando3\/files\/2025\/12\/2-300x239.png 300w, https:\/\/blogsaverroes.juntadeandalucia.es\/deorientacioniesfernando3\/files\/2025\/12\/2-768x613.png 768w, https:\/\/blogsaverroes.juntadeandalucia.es\/deorientacioniesfernando3\/files\/2025\/12\/2.png 1244w\" sizes=\"(max-width: 1024px) 100vw, 1024px\" \/> <img loading=\"lazy\" decoding=\"async\" class=\"aligncenter size-large wp-image-470\" src=\"https:\/\/blogsaverroes.juntadeandalucia.es\/deorientacioniesfernando3\/files\/2025\/12\/3-1024x436.png\" alt=\"\" width=\"1024\" height=\"436\" srcset=\"https:\/\/blogsaverroes.juntadeandalucia.es\/deorientacioniesfernando3\/files\/2025\/12\/3-1024x436.png 1024w, https:\/\/blogsaverroes.juntadeandalucia.es\/deorientacioniesfernando3\/files\/2025\/12\/3-300x128.png 300w, https:\/\/blogsaverroes.juntadeandalucia.es\/deorientacioniesfernando3\/files\/2025\/12\/3-768x327.png 768w, https:\/\/blogsaverroes.juntadeandalucia.es\/deorientacioniesfernando3\/files\/2025\/12\/3.png 1253w\" sizes=\"(max-width: 1024px) 100vw, 1024px\" \/><\/p>\n","protected":false},"excerpt":{"rendered":"<p>ACCESO A FORMACI\u00d3N PROFESIONAL (FP) SIN REQUISITOS ACAD\u00c9MICOS: Cursos de Acceso a Ciclos Formativos. Enlace.\u00a0 Pruebas de Acceso a Ciclos Formativos. Enlace. Acreditaci\u00f3n de Competencias B\u00e1sicas. Enlace.\u00a0 (Infograf\u00eda de Noem\u00ed S\u00e1nchez).<\/p>\n","protected":false},"author":15677,"featured_media":0,"parent":0,"menu_order":0,"comment_status":"closed","ping_status":"closed","template":"","meta":{"footnotes":""},"aioseo_notices":[],"_links":{"self":[{"href":"https:\/\/blogsaverroes.juntadeandalucia.es\/deorientacioniesfernando3\/wp-json\/wp\/v2\/pages\/467"}],"collection":[{"href":"https:\/\/blogsaverroes.juntadeandalucia.es\/deorientacioniesfernando3\/wp-json\/wp\/v2\/pages"}],"about":[{"href":"https:\/\/blogsaverroes.juntadeandalucia.es\/deorientacioniesfernando3\/wp-json\/wp\/v2\/types\/page"}],"author":[{"embeddable":true,"href":"https:\/\/blogsaverroes.juntadeandalucia.es\/deorientacioniesfernando3\/wp-json\/wp\/v2\/users\/15677"}],"replies":[{"embeddable":true,"href":"https:\/\/blogsaverroes.juntadeandalucia.es\/deorientacioniesfernando3\/wp-json\/wp\/v2\/comments?post=467"}],"version-history":[{"count":2,"href":"https:\/\/blogsaverroes.juntadeandalucia.es\/deorientacioniesfernando3\/wp-json\/wp\/v2\/pages\/467\/revisions"}],"predecessor-version":[{"id":475,"href":"https:\/\/blogsaverroes.juntadeandalucia.es\/deorientacioniesfernando3\/wp-json\/wp\/v2\/pages\/467\/revisions\/475"}],"wp:attachment":[{"href":"https:\/\/blogsaverroes.juntadeandalucia.es\/deorientacioniesfernando3\/wp-json\/wp\/v2\/media?parent=467"}],"curies":[{"name":"wp","href":"https:\/\/api.w.org\/{rel}","templated":true}]}}