{"id":53,"date":"2025-09-29T20:52:54","date_gmt":"2025-09-29T18:52:54","guid":{"rendered":"https:\/\/blogsaverroes.juntadeandalucia.es\/deorientacioniesfernando3\/?page_id=53"},"modified":"2025-10-11T20:21:56","modified_gmt":"2025-10-11T18:21:56","slug":"ensenanza-de-idiomas","status":"publish","type":"page","link":"https:\/\/blogsaverroes.juntadeandalucia.es\/deorientacioniesfernando3\/ensenanza-de-idiomas\/","title":{"rendered":"E. Idiomas"},"content":{"rendered":"<header>\n<h1>Ense\u00f1anzas de Idiomas<\/h1>\n<\/header>\n<div>\n<div data-elementor-type=\"wp-page\" data-elementor-id=\"2237\">\n<section data-id=\"1de6709a\" data-element_type=\"section\">\n<div data-id=\"3d56b323\" data-element_type=\"column\">\n<div data-id=\"f9fd792\" data-element_type=\"widget\" data-widget_type=\"accordion.default\">\n<div role=\"button\" data-tab=\"1\" aria-controls=\"elementor-tab-content-2621\" aria-expanded=\"true\"><a>Organizaci\u00f3n<\/a><\/div>\n<div>\n<div>\n<div>\n<div id=\"elementor-tab-content-2621\" role=\"region\" data-tab=\"1\" aria-labelledby=\"elementor-tab-title-2621\">\n<p>Reguladas por el\u00a0<a href=\"https:\/\/www.adideandalucia.es\/normas\/RD\/RD1041-2017EnsenanzasIdiomas.pdf\">Real Decreto 1041\/2017, de 22 de diciembre<\/a>\/<a href=\"https:\/\/juntadeandalucia.es\/boja\/2019\/125\/4\">Decreto 499\/2019, de 26 de junio<\/a><\/p>\n<p>Las ense\u00f1anzas de idiomas en R\u00e9gimen Especial tienen por objeto capacitar al alumnado para el uso adecuado de los diferentes idiomas. Se organizan en tres niveles:<\/p>\n<ul>\n<li>Nivel B\u00e1sico:\u00a0En dos cursos acad\u00e9micos A1 y A2.<\/li>\n<li>Nivel Intermedio:\n<ul>\n<li>B1: un curso acad\u00e9mico.<\/li>\n<li>B2: dos cursos acad\u00e9micos<\/li>\n<\/ul>\n<\/li>\n<li>Nivel Avanzado:\n<ul>\n<li>C1: dos cursos acad\u00e9micos<\/li>\n<li>C2: un curso acad\u00e9mico<\/li>\n<\/ul>\n<\/li>\n<\/ul>\n<\/div>\n<\/div>\n<div>\n<div id=\"elementor-tab-title-2622\" role=\"button\" data-tab=\"2\" aria-controls=\"elementor-tab-content-2622\" aria-expanded=\"false\"><a>R\u00e9gimen y modalidades<\/a><\/div>\n<\/div>\n<div role=\"button\" data-tab=\"3\" aria-controls=\"elementor-tab-content-2623\" aria-expanded=\"false\">\n<p>En las ense\u00f1anzas oficiales de idiomas existen dos reg\u00edmenes (oficial y libre) con varias modalidades:<\/p>\n<ul>\n<li>R\u00c9GIMEN OFICIAL,\u00a0en el que el alumnado tiene el derecho y el deber de asistir a clase y\/o de seguir las ense\u00f1anzas a trav\u00e9s de una plataforma online, dependiendo de cada modalidad:\n<ul>\n<li>Modalidad Presencial en Escuelas Oficiales de Idiomas.\u00a0El alumnado tiene el derecho y el deber de asistir a clase. La duraci\u00f3n del horario lectivo es de cuatro horas y media semanales. Las clases son en su mayor\u00eda en horario de tarde (aunque hay centro que ofrecen clases por la ma\u00f1ana)<\/li>\n<li>Semipresencial:\u00a0La ense\u00f1anza semipresencial facilita al alumnado adulto la conciliaci\u00f3n del aprendizaje de idiomas con la vida laboral y personal. En esta modalidad, se combina la docencia a trav\u00e9s de una plataforma online con sesiones presenciales, en las Escuelas Oficiales de Idiomas, de al menos una hora a la semana, destinadas a la pr\u00e1ctica de las destrezas orales.<\/li>\n<li>A distancia.\u00a0El proceso de aprendizaje tiene lugar a trav\u00e9s de un aula virtual. Para ello, el alumnado contar\u00e1 con la supervisi\u00f3n y orientaci\u00f3n de su profesor\/a tutor\/a, quien atender\u00e1 cualquier consulta, ya sea de car\u00e1cter acad\u00e9mico, t\u00e9cnico o administrativo.<\/li>\n<\/ul>\n<\/li>\n<li>R\u00c9GIMEN LIBRE,\u00a0en el que el alumnado que se matricula tiene derecho a la obtenci\u00f3n de las titulaciones expedidas por las escuelas oficiales de idiomas mediante la realizaci\u00f3n de la Pruebas Terminales de Certificaci\u00f3n que se convocan cada curso escolar. En este r\u00e9gimen, el alumnado podr\u00e1 matricularse en el nivel que estime oportuno sin necesidad de acreditar haber superado ninguno de los niveles inferiores.<\/li>\n<\/ul>\n<\/div>\n<div>\n<div id=\"elementor-tab-title-2623\" role=\"button\" data-tab=\"3\" aria-controls=\"elementor-tab-content-2623\" aria-expanded=\"false\"><a>Requisitos modalidad presencial y semi-presencial<\/a><\/div>\n<\/div>\n<\/div>\n<div role=\"button\" data-tab=\"3\" aria-controls=\"elementor-tab-content-2623\" aria-expanded=\"false\">\n<p>Reguladas por la\u00a0<a href=\"https:\/\/www.adideandalucia.es\/normas\/ordenes\/Orden20abril2012EscuelasIdiomasconsolidado.pdf\">Orden de 20 de abril 2012<\/a><\/p>\n<p>Hay una serie de\u00a0requisitos\u00a0necesarios para que puedas solicitar admisi\u00f3n en estas ense\u00f1anzas:<\/p>\n<ul>\n<li>Para acceder a la\u00a0modalidad presencial\u00a0tendr\u00e1s que tener cumplidos, como m\u00ednimo, 16 a\u00f1os antes de que finalice el a\u00f1o natural en el que comienza el curso escolar. Tambi\u00e9n podr\u00e1s acceder a dichas ense\u00f1anzas si eres mayor de 14 a\u00f1os y quieres matricularte en un idioma distinto al que cursas como Primera Lengua Extranjera en la ESO. Podr\u00e1 adaptarse para el alumnado con AACC que haya tenido medida de flexibilizaci\u00f3n.<\/li>\n<li>Para acceder a la modalidad\u00a0semipresencial\u00a0necesitas tener cumplidos 18 a\u00f1os el 31 de diciembre del a\u00f1o en el que inicias tus estudios. Excepcionalmente con 16<\/li>\n<li>Para acceder a los\u00a0Cursos de Actualizaci\u00f3n Ling\u00fc\u00edstica\u00a0(CAL) debes prestar servicio como docente en el Sistema Educativo P\u00fablico de Andaluc\u00eda.\u00a0<a href=\"https:\/\/www.juntadeandalucia.es\/educacion\/portals\/web\/ced\/normativa\/-\/normativas\/detalle\/instruccion-4-2022-de-26-de-abril-de-la-direccion-general-de-ordenacion-y-evaluacion-educativa-sobre-el-proceso-de\">Instrucci\u00f3n 4\/2022 de 26 de abril<\/a>\u00a0Una vez resuelto el proceso de admisi\u00f3n, si el n\u00famero de solicitantes fuera inferior al de plazas la direcci\u00f3n del centro completar\u00e1 las plazas con alumnado de solicitud ordinaria.<\/li>\n<\/ul>\n<\/div>\n<div>\n<div>\n<div id=\"elementor-tab-title-2624\" role=\"button\" data-tab=\"4\" aria-controls=\"elementor-tab-content-2624\" aria-expanded=\"false\"><a>Requisitos modalidad a distancia<\/a><\/div>\n<\/div>\n<div role=\"button\" data-tab=\"4\" aria-controls=\"elementor-tab-content-2624\" aria-expanded=\"false\">\n<p>Hay una serie de\u00a0requisitos\u00a0necesarios para que puedas solicitar admisi\u00f3n en estas ense\u00f1anzas:<\/p>\n<ul>\n<li>Para acceder a la modalidad\u00a0a distancia\u00a0se necesita tener cumplidos 18 a\u00f1os el 31 de diciembre del a\u00f1o en el que inicias tus estudios (excepcionalmente mayores de 16), y adem\u00e1s tener la\u00a0condici\u00f3n de andaluz\u00a0(tener la vecindad administrativa, es decir, estar empadronado en cualquier municipio de Andaluc\u00eda) o la\u00a0condici\u00f3n de andaluz en el extranjero.<\/li>\n<li>Para acceder a los\u00a0Cursos de Actualizaci\u00f3n Ling\u00fc\u00edstica\u00a0(CAL)\u00a0a distancia se\u00a0debe tambi\u00e9n prestar servicio como docente en el Sistema Educativo P\u00fablico de Andaluc\u00eda.<\/li>\n<li>Acceso a los distintos niveles de las ense\u00f1anzas de idiomas<\/li>\n<li>Independientemente de la modalidad de ense\u00f1anza que quieras cursar (presencial, semipresencial o distancia), podr\u00e1s acceder a los distintos cursos de las ense\u00f1anzas especializadas de idiomas si puedes acreditar el nivel de competencia correspondiente del Marco Com\u00fan Europeo de Referencia para las Lenguas, tal y como se especifica a continuaci\u00f3n:<\/li>\n<li>Para acceder a segundo de nivel B\u00e1sico tendr\u00e1s que acreditar que posees el nivel A1.<\/li>\n<li>Para acceder al nivel Intermedio B1 (anterior nivel Intermedio) es necesario poseer la acreditaci\u00f3n correspondiente al nivel A2.<\/li>\n<li>Para acceder a primero de nivel Intermedio B2 (anterior primero de nivel Avanzado) se requiere acreditar el nivel de competencia B1.<\/li>\n<li>Para acceder al nivel Avanzado C1 (anterior nivel C1) es necesario presentar la acreditaci\u00f3n correspondiente al nivel B2.<\/li>\n<\/ul>\n<\/div>\n<div>\n<div id=\"elementor-tab-title-2625\" role=\"button\" data-tab=\"5\" aria-controls=\"elementor-tab-content-2625\" aria-expanded=\"false\"><a>Programa \u00abThat&#8217;s English!\u00bb<\/a><\/div>\n<\/div>\n<div role=\"button\" data-tab=\"5\" aria-controls=\"elementor-tab-content-2625\" aria-expanded=\"false\">\n<p>Programa regulado por el\u00a0<a href=\"https:\/\/www.boe.es\/boe\/dias\/2019\/01\/12\/pdfs\/BOE-A-2019-317.pdf\">Real Decreto 1\/2019, de 11 de enero<\/a>)<\/p>\n<p>El Programa That\u2019s English! es producto del convenio del Ministerio de Educaci\u00f3n y la Consejer\u00eda de Educaci\u00f3n de la Junta de Andaluc\u00eda para la ense\u00f1anza del Ingl\u00e9s mediante un curso de autoaprendizaje con seguimiento presencial voluntario. Las ense\u00f1anzas que se imparten son las correspondientes a los Niveles B\u00e1sico (A2) e Intermedio (B1) del idioma Ingl\u00e9s de Escuelas Oficiales de Idiomas.<\/p>\n<p>La certificaci\u00f3n del nivel intermedio del alumnado del programa That\u2019s English! se obtendr\u00e1 mediante la superaci\u00f3n de la Prueba Terminal de Certificaci\u00f3n que se convoca cada curso escolar para el alumnado de las ense\u00f1anzas de idiomas de r\u00e9gimen especial.<\/p>\n<p>En la actualidad, en la Comunidad Aut\u00f3noma de Andaluc\u00eda, el Programa\u00a0That\u2019s English!\u00a0se oferta hasta Nivel Intermedio B1.<\/p>\n<p>Por lo tanto,\u00a0la configuraci\u00f3n del Programa\u00a0That\u2019s English!\u00a0 para el presente curso es la siguiente:<\/p>\n<ul>\n<li>Primer curso:\u00a01\u00ba Nivel B\u00e1sico (M\u00f3dulos cuatrimestrales 1 y 2)<\/li>\n<li>Segundo curso:\u00a02\u00ba Nivel B\u00e1sico (M\u00f3dulos trimestrales 3, 4 y 5)<\/li>\n<li>Tercer curso:\u00a0Nivel Intermedio B1 (M\u00f3dulos trimestrales 6, 7 y 8)<\/li>\n<\/ul>\n<h3><span style=\"font-size: 10pt\">REQUISITOS DE ACCESO<\/span><\/h3>\n<p>Para solicitar la admisi\u00f3n en el programa ser\u00e1 requisito imprescindible tener dieciocho a\u00f1os cumplidos a 31 de diciembre del a\u00f1o en el que se comiencen los estudios, con las excepciones establecidas en\u00a0 el art\u00edculo 105.2 de la Ley 17\/2007, de 10 de diciembre.<\/p>\n<p>M\u00e1s informaci\u00f3n en el\u00a0<a href=\"https:\/\/portales.ced.junta-andalucia.es\/educacion\/portales\/web\/escolarizacion\/w\/that-s-english-te-\">portal de escolarizaci\u00f3n de la Consejer\u00eda de Educaci\u00f3n<\/a><\/p>\n<\/div>\n<div>\n<div id=\"elementor-tab-title-2626\" role=\"button\" data-tab=\"6\" aria-controls=\"elementor-tab-content-2626\" aria-expanded=\"false\"><a>Pruebas Espec\u00edficas de Certificaci\u00f3n<\/a><\/div>\n<\/div>\n<div role=\"button\" data-tab=\"6\" aria-controls=\"elementor-tab-content-2626\" aria-expanded=\"false\">\n<p>Reguladas por la<a href=\"https:\/\/juntadeandalucia.es\/boja\/2020\/227\/13\">\u00a0ORDEN DE 11 DE NOVIEMBRE DE 2020<\/a><\/p>\n<p>Organizaci\u00f3n:<\/p>\n<ul>\n<li>Pruebas de certificaci\u00f3n de nivel B\u00e1sico A2:\u00a0para el alumnado matriculado en el r\u00e9gimen de ense\u00f1anza libre.<\/li>\n<li>Pruebas de certificaci\u00f3n de los niveles Intermedio B1, Intermedio B2, Avanzado C1 y Avanzado C2,\u00a0para el alumnado tanto matriculado en el r\u00e9gimen de ense\u00f1anza oficial como en el de ense\u00f1anza libre.<\/li>\n<\/ul>\n<p>Las pruebas constan de 5 ejercicios:<\/p>\n<ul>\n<li>Comprensi\u00f3n de textos orales.<\/li>\n<li>Comprensi\u00f3n de textos escritos.<\/li>\n<li>Producci\u00f3n y coproducci\u00f3n de textos orales.<\/li>\n<li>Producci\u00f3n y coproducci\u00f3n de textos escritos.<\/li>\n<li>Mediaci\u00f3n<\/li>\n<\/ul>\n<p>Adaptaci\u00f3n de las pruebas para personas con discapacidad.<\/p>\n<h3><span style=\"font-size: 10pt\">CONVOCATORIAS<\/span><\/h3>\n<p>Se convocan para los siguientes niveles e idiomas:<\/p>\n<ol>\n<li>Nivel B\u00e1sico A2\u00a0de todos los idiomas para el alumnado matriculado en el r\u00e9gimen de ense\u00f1anza libre.<\/li>\n<li>Nivel Intermedio B1 y Nivel Intermedio B2\u00a0en los idiomas Alem\u00e1n, \u00c1rabe, Espa\u00f1ol como Lengua Extranjera, Franc\u00e9s, Ingl\u00e9s, Italiano y Portugu\u00e9s para el alumnado<br \/>\nmatriculado en el r\u00e9gimen de ense\u00f1anza oficial o libre.<\/li>\n<li>Nivel Intermedio B1 y nivel Intermedio B2\u00a0de los idiomas no contemplados en el apartado anterior y que se imparten en una o dos Escuelas Oficiales de Idiomas, para el alumnado matriculado en el r\u00e9gimen de ense\u00f1anza oficial o libre.<\/li>\n<li>Nivel Avanzado C1\u00a0en los idiomas Alem\u00e1n, Franc\u00e9s, Ingl\u00e9s y Espa\u00f1ol como Lengua Extranjera, para el alumnado matriculado en el r\u00e9gimen de ense\u00f1anza oficial o libre.<\/li>\n<li>Nivel Avanzado C2\u00a0en el idioma Ingl\u00e9s para el alumnado matriculado en el r\u00e9gimen de ense\u00f1anza oficial o libre.<\/li>\n<\/ol>\n<p>Inscripci\u00f3n:\u00a0del 1 al 20 de abril, preferentemente a trav\u00e9s de la Secretar\u00eda Virtual.<\/p>\n<p>La fecha de realizaci\u00f3n de las pruebas se puede consultar en el\u00a0<a href=\"https:\/\/www.adideandalucia.es\/normas\/resoluc\/Resolucion27febrero2024PruebasCertificacionIdiomas.pdf\">Anexo I de la Resoluci\u00f3n de 27 de febrero de 2024.<\/a><\/p>\n<p>Los alumnos\/as que obtengan la calificaci\u00f3n de no apto o no presentado dispondr\u00e1n de una convocatoria extraordinaria. Convocatoria extraordinaria:<\/p>\n<p>Quedar\u00e1 eximido de realizar aquellas partes de la prueba en las que hubiera obtenido una calificaci\u00f3n igual o superior a 6,5 en la convocatoria ordinaria.<\/p>\n<p>Para el que no haya obtenido certificaci\u00f3n en la convocatoria ordinaria, con calificaci\u00f3n igual o superior a 5 puntos en alguna\/as partes de la prueba, podr\u00e1 realizar en la convocatoria extraordinaria aquellas partes en las que hubiera alcanzado una puntuaci\u00f3n inferior a 6,5 puntos, respet\u00e1ndose la puntuaci\u00f3n m\u00e1s alta.<\/p>\n<h3><span style=\"font-size: 10pt\">ASPECTOS A TENER EN CUENTA POR PARTE DE LAS PERSONAS CANDIDATAS<\/span><\/h3>\n<p>Para matricularse en el r\u00e9gimen de ense\u00f1anza libre, es requisito tener 16 a\u00f1os cumplidos o cumplirlos en el a\u00f1o natural en el que se formaliza la matr\u00edcula.<\/p>\n<p>Si se est\u00e1n cursando ense\u00f1anzas de un idioma en r\u00e9gimen oficial, es posible matricularse en otro u otros idiomas en r\u00e9gimen de ense\u00f1anza libre. Para ello es necesario haber solicitado previamente simultaneidad de matr\u00edcula.<\/p>\n<p>No es posible simultanear matr\u00edcula oficial y libre en el mismo idioma.<\/p>\n<p>Solo es posible efectuar la matr\u00edcula en un nivel por idioma en cada curso escolar, ya sea en r\u00e9gimen oficial o libre.<\/p>\n<p>En r\u00e9gimen de ense\u00f1anza libre, se puede formalizar matr\u00edcula en cualquier nivel de los ofertados sin necesidad de acreditar el nivel anterior, si bien es aconsejable acceder al nivel inmediatamente superior al que se tenga acreditado (por ejemplo, si se tiene B1, a B2).<\/p>\n<p>M\u00e1s informaci\u00f3n en:<a href=\"https:\/\/portals.ced.junta-andalucia.es\/educacion\/portals\/web\/ced\/idiomas\/pruebas-de-certificacion\/requisitos-y-equivalencias.-guia-del-estudiante\">\u00a0web de la Consejer\u00eda<\/a><\/p>\n<p><a>Oferta<\/a><\/p>\n<\/div>\n<\/div>\n<div role=\"button\" data-tab=\"7\" aria-controls=\"elementor-tab-content-2627\" aria-expanded=\"false\">\n<p>Oferta de este curso en la\u00a0<a href=\"https:\/\/www.juntadeandalucia.es\/temas\/estudiar\/otras\/idiomas.html\">web de la Junta de Andaluc\u00eda\/estudiar\/otras ense\u00f1anzas<\/a><\/p>\n<p>Y del curso siguiente, mientras est\u00e1 abierto el procedimiento, en la<a href=\"https:\/\/www.juntadeandalucia.es\/educacion\/secretariavirtual\/consulta\/oferta-escolarizacion-idiomas\/\">\u00a0secretar\u00eda virtual\/consultas\/idiomas<br \/>\n<\/a><\/p>\n<\/div>\n<\/div>\n<\/div>\n<\/div>\n<\/section>\n<\/div>\n<\/div>\n","protected":false},"excerpt":{"rendered":"<p>Ense\u00f1anzas de Idiomas Organizaci\u00f3n Reguladas por el\u00a0Real Decreto 1041\/2017, de 22 de diciembre\/Decreto 499\/2019, de 26 de junio Las ense\u00f1anzas de idiomas en R\u00e9gimen Especial tienen por objeto capacitar al alumnado para el uso adecuado de los diferentes idiomas. Se organizan en tres niveles: Nivel B\u00e1sico:\u00a0En dos cursos acad\u00e9micos A1&#46;&#46;&#46;<\/p>\n","protected":false},"author":15677,"featured_media":0,"parent":0,"menu_order":0,"comment_status":"closed","ping_status":"closed","template":"","meta":{"footnotes":""},"aioseo_notices":[],"_links":{"self":[{"href":"https:\/\/blogsaverroes.juntadeandalucia.es\/deorientacioniesfernando3\/wp-json\/wp\/v2\/pages\/53"}],"collection":[{"href":"https:\/\/blogsaverroes.juntadeandalucia.es\/deorientacioniesfernando3\/wp-json\/wp\/v2\/pages"}],"about":[{"href":"https:\/\/blogsaverroes.juntadeandalucia.es\/deorientacioniesfernando3\/wp-json\/wp\/v2\/types\/page"}],"author":[{"embeddable":true,"href":"https:\/\/blogsaverroes.juntadeandalucia.es\/deorientacioniesfernando3\/wp-json\/wp\/v2\/users\/15677"}],"replies":[{"embeddable":true,"href":"https:\/\/blogsaverroes.juntadeandalucia.es\/deorientacioniesfernando3\/wp-json\/wp\/v2\/comments?post=53"}],"version-history":[{"count":12,"href":"https:\/\/blogsaverroes.juntadeandalucia.es\/deorientacioniesfernando3\/wp-json\/wp\/v2\/pages\/53\/revisions"}],"predecessor-version":[{"id":298,"href":"https:\/\/blogsaverroes.juntadeandalucia.es\/deorientacioniesfernando3\/wp-json\/wp\/v2\/pages\/53\/revisions\/298"}],"wp:attachment":[{"href":"https:\/\/blogsaverroes.juntadeandalucia.es\/deorientacioniesfernando3\/wp-json\/wp\/v2\/media?parent=53"}],"curies":[{"name":"wp","href":"https:\/\/api.w.org\/{rel}","templated":true}]}}