{"id":58,"date":"2025-09-29T20:54:19","date_gmt":"2025-09-29T18:54:19","guid":{"rendered":"https:\/\/blogsaverroes.juntadeandalucia.es\/deorientacioniesfernando3\/?page_id=58"},"modified":"2026-04-23T16:39:16","modified_gmt":"2026-04-23T14:39:16","slug":"catalogo-fp-basica","status":"publish","type":"page","link":"https:\/\/blogsaverroes.juntadeandalucia.es\/deorientacioniesfernando3\/catalogo-fp-basica\/","title":{"rendered":"Cat\u00e1logo  FP B\u00e1sica"},"content":{"rendered":"<p>Cat\u00e1logo completo FP 25\/26: <a href=\"https:\/\/drive.google.com\/file\/d\/18cmQUzzIBK-S9nIpzHF_1advqz7Hg5WC\/view?usp=sharing\" target=\"_blank\" rel=\"noopener\">enlace.<\/a><\/p>\n<p>Cat\u00e1logo FP B\u00e1sica en web de la Consejer\u00eda de Educaci\u00f3n: <a href=\"https:\/\/www.juntadeandalucia.es\/educacion\/portales\/web\/formacion-profesional-andaluza\/grado-basico-catalogo-titulos\" target=\"_blank\" rel=\"noopener\">aqu\u00ed.\u00a0<\/a><\/p>\n<p>Consulta Cat\u00e1logo en Secretar\u00eda Virtual: <a href=\"https:\/\/secretariavirtual.juntadeandalucia.es\/secretariavirtual\/consultas\/#FORM_PROF\" target=\"_blank\" rel=\"noopener\">aqu\u00ed<\/a>. Dar clic en:<\/p>\n<p><img loading=\"lazy\" decoding=\"async\" class=\"aligncenter size-large wp-image-400\" src=\"https:\/\/blogsaverroes.juntadeandalucia.es\/deorientacioniesfernando3\/files\/2025\/10\/Captura-de-pantalla-2025-10-27-a-las-19.13.24-1024x64.png\" alt=\"\" width=\"1024\" height=\"64\" srcset=\"https:\/\/blogsaverroes.juntadeandalucia.es\/deorientacioniesfernando3\/files\/2025\/10\/Captura-de-pantalla-2025-10-27-a-las-19.13.24-1024x64.png 1024w, https:\/\/blogsaverroes.juntadeandalucia.es\/deorientacioniesfernando3\/files\/2025\/10\/Captura-de-pantalla-2025-10-27-a-las-19.13.24-300x19.png 300w, https:\/\/blogsaverroes.juntadeandalucia.es\/deorientacioniesfernando3\/files\/2025\/10\/Captura-de-pantalla-2025-10-27-a-las-19.13.24-768x48.png 768w, https:\/\/blogsaverroes.juntadeandalucia.es\/deorientacioniesfernando3\/files\/2025\/10\/Captura-de-pantalla-2025-10-27-a-las-19.13.24.png 1181w\" sizes=\"(max-width: 1024px) 100vw, 1024px\" \/><\/p>\n<p>Cat\u00e1logo FP B\u00e1sica en web de TODOFP (Ministerio de Educaci\u00f3n, Formaci\u00f3n Profesional y Deportes): <a href=\"https:\/\/todofp.es\/que-estudiar\/grados-d\/fp-grado-basico.html\" target=\"_blank\" rel=\"noopener\">aqu\u00ed.\u00a0<\/a><\/p>\n<p>Cat\u00e1logo FP B\u00e1sica en Educaweb: <a href=\"https:\/\/www.educaweb.com\/\" target=\"_blank\" rel=\"noopener\">aqu\u00ed.\u00a0<\/a><\/p>\n<p>V\u00eddeo procedimiento de escolarizaci\u00f3n FP B\u00e1sica: <a href=\"https:\/\/www.youtube.com\/watch?v=CDG-b_QKLDE\" target=\"_blank\" rel=\"noopener\">aqu\u00ed.\u00a0<\/a><\/p>\n<p>V\u00eddeos Familias profesionales de FP: <a href=\"https:\/\/www.juntadeandalucia.es\/educacion\/portales\/web\/formacion-profesional-andaluza\/orientacion\" target=\"_blank\" rel=\"noopener\">aqu\u00ed.\u00a0<\/a><\/p>\n<p><a href=\"https:\/\/drive.google.com\/file\/d\/1d5R2mfmIxW8jp0VtzzYe1fuzlc6zMV1y\/view?usp=sharing\" target=\"_blank\" rel=\"noopener\"><img loading=\"lazy\" decoding=\"async\" class=\"size-full wp-image-412 alignleft\" src=\"https:\/\/blogsaverroes.juntadeandalucia.es\/deorientacioniesfernando3\/files\/2025\/10\/Captura-de-pantalla-2025-10-27-a-las-19.16.23-1.png\" alt=\"\" width=\"196\" height=\"304\" srcset=\"https:\/\/blogsaverroes.juntadeandalucia.es\/deorientacioniesfernando3\/files\/2025\/10\/Captura-de-pantalla-2025-10-27-a-las-19.16.23-1.png 196w, https:\/\/blogsaverroes.juntadeandalucia.es\/deorientacioniesfernando3\/files\/2025\/10\/Captura-de-pantalla-2025-10-27-a-las-19.16.23-1-193x300.png 193w\" sizes=\"(max-width: 196px) 100vw, 196px\" \/><\/a><\/p>\n<p>&nbsp;<\/p>\n<p>&nbsp;<\/p>\n<p>&nbsp;<\/p>\n<p>&nbsp;<\/p>\n<p>&nbsp;<\/p>\n<p>&nbsp;<\/p>\n<p>&nbsp;<\/p>\n<p>&nbsp;<\/p>\n<p><a href=\"https:\/\/drive.google.com\/file\/d\/1LvIZVrSS6CKPUsC39huSjxYW1vxfrlGG\/view?usp=sharing\" target=\"_blank\" rel=\"noopener\"><img loading=\"lazy\" decoding=\"async\" class=\"aligncenter size-large wp-image-406\" src=\"https:\/\/blogsaverroes.juntadeandalucia.es\/deorientacioniesfernando3\/files\/2025\/10\/Captura-de-pantalla-2025-10-27-a-las-19.19.19-1024x723.png\" alt=\"\" width=\"1024\" height=\"723\" srcset=\"https:\/\/blogsaverroes.juntadeandalucia.es\/deorientacioniesfernando3\/files\/2025\/10\/Captura-de-pantalla-2025-10-27-a-las-19.19.19-1024x723.png 1024w, https:\/\/blogsaverroes.juntadeandalucia.es\/deorientacioniesfernando3\/files\/2025\/10\/Captura-de-pantalla-2025-10-27-a-las-19.19.19-300x212.png 300w, https:\/\/blogsaverroes.juntadeandalucia.es\/deorientacioniesfernando3\/files\/2025\/10\/Captura-de-pantalla-2025-10-27-a-las-19.19.19-768x542.png 768w, https:\/\/blogsaverroes.juntadeandalucia.es\/deorientacioniesfernando3\/files\/2025\/10\/Captura-de-pantalla-2025-10-27-a-las-19.19.19.png 1194w\" sizes=\"(max-width: 1024px) 100vw, 1024px\" \/><\/a><\/p>\n","protected":false},"excerpt":{"rendered":"<p>Cat\u00e1logo completo FP 25\/26: enlace. Cat\u00e1logo FP B\u00e1sica en web de la Consejer\u00eda de Educaci\u00f3n: aqu\u00ed.\u00a0 Consulta Cat\u00e1logo en Secretar\u00eda Virtual: aqu\u00ed. Dar clic en: Cat\u00e1logo FP B\u00e1sica en web de TODOFP (Ministerio de Educaci\u00f3n, Formaci\u00f3n Profesional y Deportes): aqu\u00ed.\u00a0 Cat\u00e1logo FP B\u00e1sica en Educaweb: aqu\u00ed.\u00a0 V\u00eddeo procedimiento de escolarizaci\u00f3n&#46;&#46;&#46;<\/p>\n","protected":false},"author":15677,"featured_media":0,"parent":0,"menu_order":0,"comment_status":"closed","ping_status":"closed","template":"","meta":{"footnotes":""},"aioseo_notices":[],"_links":{"self":[{"href":"https:\/\/blogsaverroes.juntadeandalucia.es\/deorientacioniesfernando3\/wp-json\/wp\/v2\/pages\/58"}],"collection":[{"href":"https:\/\/blogsaverroes.juntadeandalucia.es\/deorientacioniesfernando3\/wp-json\/wp\/v2\/pages"}],"about":[{"href":"https:\/\/blogsaverroes.juntadeandalucia.es\/deorientacioniesfernando3\/wp-json\/wp\/v2\/types\/page"}],"author":[{"embeddable":true,"href":"https:\/\/blogsaverroes.juntadeandalucia.es\/deorientacioniesfernando3\/wp-json\/wp\/v2\/users\/15677"}],"replies":[{"embeddable":true,"href":"https:\/\/blogsaverroes.juntadeandalucia.es\/deorientacioniesfernando3\/wp-json\/wp\/v2\/comments?post=58"}],"version-history":[{"count":6,"href":"https:\/\/blogsaverroes.juntadeandalucia.es\/deorientacioniesfernando3\/wp-json\/wp\/v2\/pages\/58\/revisions"}],"predecessor-version":[{"id":560,"href":"https:\/\/blogsaverroes.juntadeandalucia.es\/deorientacioniesfernando3\/wp-json\/wp\/v2\/pages\/58\/revisions\/560"}],"wp:attachment":[{"href":"https:\/\/blogsaverroes.juntadeandalucia.es\/deorientacioniesfernando3\/wp-json\/wp\/v2\/media?parent=58"}],"curies":[{"name":"wp","href":"https:\/\/api.w.org\/{rel}","templated":true}]}}