{"id":137,"date":"2017-07-09T11:33:43","date_gmt":"2017-07-09T11:33:43","guid":{"rendered":"https:\/\/blogsaverroes.juntadeandalucia.es\/depaelca\/?page_id=137"},"modified":"2017-07-18T15:32:13","modified_gmt":"2017-07-18T15:32:13","slug":"contacto","status":"publish","type":"page","link":"https:\/\/blogsaverroes.juntadeandalucia.es\/depaelca\/contacto\/","title":{"rendered":"Contacto"},"content":{"rendered":"<h4 style=\"text-align: center\"><span style=\"font-size: 18pt\"><strong>IES Himilce<\/strong><\/span><\/h4>\n<p style=\"text-align: center\"><span style=\"font-size: 14pt\">Instituto de Ense\u00f1anza Secundaria<\/span><\/p>\n<p style=\"text-align: center\"><span style=\"font-size: 14pt\">Avda. Arrayanes s\/n 23700 &#8211; Linares (Ja\u00e9n) &#8211; ESPA\u00d1A<\/span><br \/>\n<span style=\"font-size: 14pt\"> <strong>Tel\u00e9fono \/ FAX: 953 60 98 39<\/strong><\/span><br \/>\n<span style=\"font-size: 14pt\"> <strong>Email:<\/strong>&nbsp;institutohimilce@gmail.com<\/span><br \/>\n<span style=\"font-size: 14pt\"> <strong>WEB<\/strong>: <a href=\"https:\/\/blogsaverroes.juntadeandalucia.es\/ieshimilce\/\" target=\"_blank\">https:\/\/blogaverroes.juntadeandalucia.es\/ieshimilce<\/a><\/span><\/p>\n<p style=\"text-align: center\"><span style=\"font-size: 14pt\"><a href=\"https:\/\/www.google.es\/maps\/place\/I.E.S.+Himilce\/@38.1061358,-3.6400577,15.25z\/data=!4m12!1m6!3m5!1s0x0:0xddccd105689801ee!2sI.E.S.+Himilce!8m2!3d38.1089211!4d-3.6337307!3m4!1s0x0:0xddccd105689801ee!8m2!3d38.1089211!4d-3.6337307\" target=\"_blank\">&nbsp;MAPA DEL SITIO<\/a><\/span><\/p>\n<p style=\"text-align: center\">&nbsp;<\/p>\n<p style=\"text-align: center\">&nbsp;<\/p>\n<p>&nbsp;<\/p>\n","protected":false},"excerpt":{"rendered":"<p>IES Himilce Instituto de Ense\u00f1anza Secundaria Avda. Arrayanes s\/n 23700 &#8211; Linares (Ja\u00e9n) &#8211; ESPA\u00d1A Tel\u00e9fono \/ FAX: 953 60 98 39 Email:&nbsp;institutohimilce@gmail.com WEB: https:\/\/blogaverroes.juntadeandalucia.es\/ieshimilce &nbsp;MAPA DEL SITIO &nbsp; &nbsp; &nbsp;<\/p>\n","protected":false},"author":5100,"featured_media":0,"parent":0,"menu_order":0,"comment_status":"closed","ping_status":"closed","template":"","meta":{"ngg_post_thumbnail":0,"footnotes":""},"aioseo_notices":[],"_links":{"self":[{"href":"https:\/\/blogsaverroes.juntadeandalucia.es\/depaelca\/wp-json\/wp\/v2\/pages\/137"}],"collection":[{"href":"https:\/\/blogsaverroes.juntadeandalucia.es\/depaelca\/wp-json\/wp\/v2\/pages"}],"about":[{"href":"https:\/\/blogsaverroes.juntadeandalucia.es\/depaelca\/wp-json\/wp\/v2\/types\/page"}],"author":[{"embeddable":true,"href":"https:\/\/blogsaverroes.juntadeandalucia.es\/depaelca\/wp-json\/wp\/v2\/users\/5100"}],"replies":[{"embeddable":true,"href":"https:\/\/blogsaverroes.juntadeandalucia.es\/depaelca\/wp-json\/wp\/v2\/comments?post=137"}],"version-history":[{"count":15,"href":"https:\/\/blogsaverroes.juntadeandalucia.es\/depaelca\/wp-json\/wp\/v2\/pages\/137\/revisions"}],"predecessor-version":[{"id":368,"href":"https:\/\/blogsaverroes.juntadeandalucia.es\/depaelca\/wp-json\/wp\/v2\/pages\/137\/revisions\/368"}],"wp:attachment":[{"href":"https:\/\/blogsaverroes.juntadeandalucia.es\/depaelca\/wp-json\/wp\/v2\/media?parent=137"}],"curies":[{"name":"wp","href":"https:\/\/api.w.org\/{rel}","templated":true}]}}