{"id":245,"date":"2017-07-11T17:14:12","date_gmt":"2017-07-11T17:14:12","guid":{"rendered":"https:\/\/blogsaverroes.juntadeandalucia.es\/depaelca\/?page_id=245"},"modified":"2017-07-11T17:19:02","modified_gmt":"2017-07-11T17:19:02","slug":"formacion-en-centros-de-trabajo","status":"publish","type":"page","link":"https:\/\/blogsaverroes.juntadeandalucia.es\/depaelca\/formacion-en-centros-de-trabajo\/","title":{"rendered":"Normativa FCT"},"content":{"rendered":"<p><strong><span style=\"font-size: 12pt\">Normativa de inter\u00e9s:<\/span><\/strong><\/p>\n<ul>\n<li><span style=\"font-size: 12pt\"><a href=\"http:\/\/www.juntadeandalucia.es\/educacion\/portals\/web\/formacion-profesional-andaluza\/empresa\/fct\" target=\"_blank\">Normativa Formaci\u00f3n en Centros de Trabajo<\/a><\/span><\/li>\n<li><span style=\"font-size: 12pt\"><a href=\"http:\/\/www.juntadeandalucia.es\/educacion\/portals\/web\/formacion-profesional-andaluza\/9\/-\/normativas\/detalle\/orden-de-28-de-septiembre-de-2011-por-la-que-se-regulan-los-modulos-profesionales-de-formacion-en\" target=\"_blank\">Regulaci\u00f3n FCT<\/a><\/span><\/li>\n<li><span style=\"font-size: 12pt\"><a href=\"http:\/\/www.juntadeandalucia.es\/servicios\/ayudas\/detalle\/68558.html\" target=\"_blank\">Ayudas por Desplazamiento F.C.T.<\/a><\/span><\/li>\n<li><span style=\"font-size: 12pt\"><a href=\"http:\/\/www.juntadeandalucia.es\/boja\/1999\/4\/4\" target=\"_blank\">Exenci\u00f3n F.C.T.<\/a><\/span><\/li>\n<li><span style=\"font-size: 12pt\"><a href=\"http:\/\/www.juntadeandalucia.es\/educacion\/portals\/web\/formacion-profesional-andaluza\/docente\/formacion-y-empresa\/fct\/seguros-responsabilidad-civil-y-accidentes\" target=\"_blank\">Seguros de responsabilidad civil y accidentes en la FCT<\/a><\/span><\/li>\n<\/ul>\n","protected":false},"excerpt":{"rendered":"<p>Normativa de inter\u00e9s: Normativa Formaci\u00f3n en Centros de Trabajo Regulaci\u00f3n FCT Ayudas por Desplazamiento F.C.T. Exenci\u00f3n F.C.T. Seguros de responsabilidad civil y accidentes en la FCT<\/p>\n","protected":false},"author":5100,"featured_media":0,"parent":0,"menu_order":0,"comment_status":"closed","ping_status":"closed","template":"","meta":{"ngg_post_thumbnail":0,"footnotes":""},"aioseo_notices":[],"_links":{"self":[{"href":"https:\/\/blogsaverroes.juntadeandalucia.es\/depaelca\/wp-json\/wp\/v2\/pages\/245"}],"collection":[{"href":"https:\/\/blogsaverroes.juntadeandalucia.es\/depaelca\/wp-json\/wp\/v2\/pages"}],"about":[{"href":"https:\/\/blogsaverroes.juntadeandalucia.es\/depaelca\/wp-json\/wp\/v2\/types\/page"}],"author":[{"embeddable":true,"href":"https:\/\/blogsaverroes.juntadeandalucia.es\/depaelca\/wp-json\/wp\/v2\/users\/5100"}],"replies":[{"embeddable":true,"href":"https:\/\/blogsaverroes.juntadeandalucia.es\/depaelca\/wp-json\/wp\/v2\/comments?post=245"}],"version-history":[{"count":3,"href":"https:\/\/blogsaverroes.juntadeandalucia.es\/depaelca\/wp-json\/wp\/v2\/pages\/245\/revisions"}],"predecessor-version":[{"id":250,"href":"https:\/\/blogsaverroes.juntadeandalucia.es\/depaelca\/wp-json\/wp\/v2\/pages\/245\/revisions\/250"}],"wp:attachment":[{"href":"https:\/\/blogsaverroes.juntadeandalucia.es\/depaelca\/wp-json\/wp\/v2\/media?parent=245"}],"curies":[{"name":"wp","href":"https:\/\/api.w.org\/{rel}","templated":true}]}}