{"id":113,"date":"2024-11-29T14:56:24","date_gmt":"2024-11-29T13:56:24","guid":{"rendered":"https:\/\/blogsaverroes.juntadeandalucia.es\/departamentodedibujogongora\/?page_id=113"},"modified":"2025-06-02T14:54:33","modified_gmt":"2025-06-02T12:54:33","slug":"secretaria","status":"publish","type":"page","link":"https:\/\/blogsaverroes.juntadeandalucia.es\/departamentodedibujogongora\/secretaria\/","title":{"rendered":"SECRETAR\u00cdA"},"content":{"rendered":"<p><span style=\"font-size: 24pt\">Tr\u00e1mites y consultas<\/span><\/p>\n<p>Para cualquier tr\u00e1mite que necesite realizar con este Centro le atenderemos de lunes a viernes, de 9:30 a 13:00 horas.<\/p>\n<p>Si desea realizar una consulta v\u00eda tel\u00e9fono o correo electr\u00f3nico:<\/p>\n<p>Centralita: 957-734551<br \/>\nCorreo electr\u00f3nico: secretaria@iesgongora.es<\/p>\n<p><a href=\"https:\/\/iesgongora.com\/wp-content\/uploads\/Instancia-formulario.pdf\">Modelo de expone \u2013 solicita<\/a><\/p>\n","protected":false},"excerpt":{"rendered":"<p>Tr\u00e1mites y consultas Para cualquier tr\u00e1mite que necesite realizar con este Centro le atenderemos de lunes a viernes, de 9:30 a 13:00 horas. Si desea realizar una consulta v\u00eda tel\u00e9fono o correo electr\u00f3nico: Centralita:&#46;&#46;&#46;<\/p>\n","protected":false},"author":20386,"featured_media":0,"parent":0,"menu_order":0,"comment_status":"closed","ping_status":"closed","template":"","meta":{"footnotes":""},"aioseo_notices":[],"_links":{"self":[{"href":"https:\/\/blogsaverroes.juntadeandalucia.es\/departamentodedibujogongora\/wp-json\/wp\/v2\/pages\/113"}],"collection":[{"href":"https:\/\/blogsaverroes.juntadeandalucia.es\/departamentodedibujogongora\/wp-json\/wp\/v2\/pages"}],"about":[{"href":"https:\/\/blogsaverroes.juntadeandalucia.es\/departamentodedibujogongora\/wp-json\/wp\/v2\/types\/page"}],"author":[{"embeddable":true,"href":"https:\/\/blogsaverroes.juntadeandalucia.es\/departamentodedibujogongora\/wp-json\/wp\/v2\/users\/20386"}],"replies":[{"embeddable":true,"href":"https:\/\/blogsaverroes.juntadeandalucia.es\/departamentodedibujogongora\/wp-json\/wp\/v2\/comments?post=113"}],"version-history":[{"count":4,"href":"https:\/\/blogsaverroes.juntadeandalucia.es\/departamentodedibujogongora\/wp-json\/wp\/v2\/pages\/113\/revisions"}],"predecessor-version":[{"id":132,"href":"https:\/\/blogsaverroes.juntadeandalucia.es\/departamentodedibujogongora\/wp-json\/wp\/v2\/pages\/113\/revisions\/132"}],"wp:attachment":[{"href":"https:\/\/blogsaverroes.juntadeandalucia.es\/departamentodedibujogongora\/wp-json\/wp\/v2\/media?parent=113"}],"curies":[{"name":"wp","href":"https:\/\/api.w.org\/{rel}","templated":true}]}}