{"id":179,"date":"2025-06-03T09:49:51","date_gmt":"2025-06-03T07:49:51","guid":{"rendered":"https:\/\/blogsaverroes.juntadeandalucia.es\/departamentodedibujogongora\/?page_id=179"},"modified":"2025-06-09T10:18:18","modified_gmt":"2025-06-09T08:18:18","slug":"proyecto-arte-moda","status":"publish","type":"page","link":"https:\/\/blogsaverroes.juntadeandalucia.es\/departamentodedibujogongora\/proyecto-arte-moda\/","title":{"rendered":"Proyecto Arte Moda"},"content":{"rendered":"<p><span style=\"color: #9f2abd\">Habi\u00e9ndose convertido tras dos ediciones en un proyecto multidisciplinar dentro del Departamento de Dibujo, con la participaci\u00f3n tanto de la modalidad diurna como nocturna., nuestro desfile de moda anual en esta ocasi\u00f3n est\u00e1 dedicado a todas las artistas olvidadas, invisibles para los cr\u00edticos de arte a lo largo de la historia y en la sombra para toda la sociedad. Queremos rendir homenaje a todas y cada una de las artistas que jam\u00e1s se han rendido. Como en las anteriores ocasiones, el evento se celebra en el patio de columnas de nuestro centro. El departamento de dibujo del IES Luis de G\u00f3ngora se suma a la lucha por hacer visible el trabajo de todas las Artistas Invisibles.<\/span><\/p>\n<p><img loading=\"lazy\" decoding=\"async\" class=\"alignnone wp-image-258\" src=\"https:\/\/blogsaverroes.juntadeandalucia.es\/departamentodedibujogongora\/files\/2025\/06\/cartel-desfile-ies-departamento-212x300.png\" alt=\"\" width=\"496\" height=\"702\" srcset=\"https:\/\/blogsaverroes.juntadeandalucia.es\/departamentodedibujogongora\/files\/2025\/06\/cartel-desfile-ies-departamento-212x300.png 212w, https:\/\/blogsaverroes.juntadeandalucia.es\/departamentodedibujogongora\/files\/2025\/06\/cartel-desfile-ies-departamento-724x1024.png 724w, https:\/\/blogsaverroes.juntadeandalucia.es\/departamentodedibujogongora\/files\/2025\/06\/cartel-desfile-ies-departamento-768x1086.png 768w, https:\/\/blogsaverroes.juntadeandalucia.es\/departamentodedibujogongora\/files\/2025\/06\/cartel-desfile-ies-departamento-1086x1536.png 1086w, https:\/\/blogsaverroes.juntadeandalucia.es\/departamentodedibujogongora\/files\/2025\/06\/cartel-desfile-ies-departamento-1448x2048.png 1448w, https:\/\/blogsaverroes.juntadeandalucia.es\/departamentodedibujogongora\/files\/2025\/06\/cartel-desfile-ies-departamento.png 1587w\" sizes=\"(max-width: 496px) 100vw, 496px\" \/> <img loading=\"lazy\" decoding=\"async\" class=\"alignnone wp-image-294\" src=\"https:\/\/blogsaverroes.juntadeandalucia.es\/departamentodedibujogongora\/files\/2025\/06\/20250522_202742-225x300.jpg\" alt=\"\" width=\"353\" height=\"471\" srcset=\"https:\/\/blogsaverroes.juntadeandalucia.es\/departamentodedibujogongora\/files\/2025\/06\/20250522_202742-225x300.jpg 225w, https:\/\/blogsaverroes.juntadeandalucia.es\/departamentodedibujogongora\/files\/2025\/06\/20250522_202742-768x1024.jpg 768w, https:\/\/blogsaverroes.juntadeandalucia.es\/departamentodedibujogongora\/files\/2025\/06\/20250522_202742-1152x1536.jpg 1152w, https:\/\/blogsaverroes.juntadeandalucia.es\/departamentodedibujogongora\/files\/2025\/06\/20250522_202742-1536x2048.jpg 1536w, https:\/\/blogsaverroes.juntadeandalucia.es\/departamentodedibujogongora\/files\/2025\/06\/20250522_202742-scaled.jpg 1920w\" sizes=\"(max-width: 353px) 100vw, 353px\" \/> <img loading=\"lazy\" decoding=\"async\" class=\"alignnone wp-image-295\" src=\"https:\/\/blogsaverroes.juntadeandalucia.es\/departamentodedibujogongora\/files\/2025\/06\/20250522_202947-225x300.jpg\" alt=\"\" width=\"352\" height=\"469\" srcset=\"https:\/\/blogsaverroes.juntadeandalucia.es\/departamentodedibujogongora\/files\/2025\/06\/20250522_202947-225x300.jpg 225w, https:\/\/blogsaverroes.juntadeandalucia.es\/departamentodedibujogongora\/files\/2025\/06\/20250522_202947-768x1024.jpg 768w, https:\/\/blogsaverroes.juntadeandalucia.es\/departamentodedibujogongora\/files\/2025\/06\/20250522_202947-1152x1536.jpg 1152w, https:\/\/blogsaverroes.juntadeandalucia.es\/departamentodedibujogongora\/files\/2025\/06\/20250522_202947-1536x2048.jpg 1536w, https:\/\/blogsaverroes.juntadeandalucia.es\/departamentodedibujogongora\/files\/2025\/06\/20250522_202947-scaled.jpg 1920w\" sizes=\"(max-width: 352px) 100vw, 352px\" \/> <img loading=\"lazy\" decoding=\"async\" class=\"alignnone wp-image-296\" src=\"https:\/\/blogsaverroes.juntadeandalucia.es\/departamentodedibujogongora\/files\/2025\/06\/20250522_203553-225x300.jpg\" alt=\"\" width=\"352\" height=\"469\" srcset=\"https:\/\/blogsaverroes.juntadeandalucia.es\/departamentodedibujogongora\/files\/2025\/06\/20250522_203553-225x300.jpg 225w, https:\/\/blogsaverroes.juntadeandalucia.es\/departamentodedibujogongora\/files\/2025\/06\/20250522_203553-768x1024.jpg 768w, https:\/\/blogsaverroes.juntadeandalucia.es\/departamentodedibujogongora\/files\/2025\/06\/20250522_203553-1152x1536.jpg 1152w, https:\/\/blogsaverroes.juntadeandalucia.es\/departamentodedibujogongora\/files\/2025\/06\/20250522_203553-1536x2048.jpg 1536w, https:\/\/blogsaverroes.juntadeandalucia.es\/departamentodedibujogongora\/files\/2025\/06\/20250522_203553-scaled.jpg 1920w\" sizes=\"(max-width: 352px) 100vw, 352px\" \/> <img loading=\"lazy\" decoding=\"async\" class=\"alignnone wp-image-292\" src=\"https:\/\/blogsaverroes.juntadeandalucia.es\/departamentodedibujogongora\/files\/2025\/06\/20250522_202253-225x300.jpg\" alt=\"\" width=\"351\" height=\"468\" srcset=\"https:\/\/blogsaverroes.juntadeandalucia.es\/departamentodedibujogongora\/files\/2025\/06\/20250522_202253-225x300.jpg 225w, https:\/\/blogsaverroes.juntadeandalucia.es\/departamentodedibujogongora\/files\/2025\/06\/20250522_202253-768x1024.jpg 768w, https:\/\/blogsaverroes.juntadeandalucia.es\/departamentodedibujogongora\/files\/2025\/06\/20250522_202253-1152x1536.jpg 1152w, https:\/\/blogsaverroes.juntadeandalucia.es\/departamentodedibujogongora\/files\/2025\/06\/20250522_202253-1536x2048.jpg 1536w, https:\/\/blogsaverroes.juntadeandalucia.es\/departamentodedibujogongora\/files\/2025\/06\/20250522_202253-scaled.jpg 1920w\" sizes=\"(max-width: 351px) 100vw, 351px\" \/> <img loading=\"lazy\" decoding=\"async\" class=\"alignnone wp-image-293\" src=\"https:\/\/blogsaverroes.juntadeandalucia.es\/departamentodedibujogongora\/files\/2025\/06\/20250522_202352-225x300.jpg\" alt=\"\" width=\"350\" height=\"467\" srcset=\"https:\/\/blogsaverroes.juntadeandalucia.es\/departamentodedibujogongora\/files\/2025\/06\/20250522_202352-225x300.jpg 225w, https:\/\/blogsaverroes.juntadeandalucia.es\/departamentodedibujogongora\/files\/2025\/06\/20250522_202352-768x1024.jpg 768w, https:\/\/blogsaverroes.juntadeandalucia.es\/departamentodedibujogongora\/files\/2025\/06\/20250522_202352-1152x1536.jpg 1152w, https:\/\/blogsaverroes.juntadeandalucia.es\/departamentodedibujogongora\/files\/2025\/06\/20250522_202352-1536x2048.jpg 1536w, https:\/\/blogsaverroes.juntadeandalucia.es\/departamentodedibujogongora\/files\/2025\/06\/20250522_202352-scaled.jpg 1920w\" sizes=\"(max-width: 350px) 100vw, 350px\" \/> <span style=\"color: #9f2abd\"><img loading=\"lazy\" decoding=\"async\" class=\"alignnone wp-image-370\" src=\"https:\/\/blogsaverroes.juntadeandalucia.es\/departamentodedibujogongora\/files\/2025\/06\/IMG_0447-1-200x300.jpg\" alt=\"\" width=\"311\" height=\"467\" srcset=\"https:\/\/blogsaverroes.juntadeandalucia.es\/departamentodedibujogongora\/files\/2025\/06\/IMG_0447-1-200x300.jpg 200w, https:\/\/blogsaverroes.juntadeandalucia.es\/departamentodedibujogongora\/files\/2025\/06\/IMG_0447-1-683x1024.jpg 683w, https:\/\/blogsaverroes.juntadeandalucia.es\/departamentodedibujogongora\/files\/2025\/06\/IMG_0447-1-768x1152.jpg 768w, https:\/\/blogsaverroes.juntadeandalucia.es\/departamentodedibujogongora\/files\/2025\/06\/IMG_0447-1-1024x1536.jpg 1024w, https:\/\/blogsaverroes.juntadeandalucia.es\/departamentodedibujogongora\/files\/2025\/06\/IMG_0447-1-1365x2048.jpg 1365w, https:\/\/blogsaverroes.juntadeandalucia.es\/departamentodedibujogongora\/files\/2025\/06\/IMG_0447-1-scaled.jpg 1707w\" sizes=\"(max-width: 311px) 100vw, 311px\" \/> <img loading=\"lazy\" decoding=\"async\" class=\"alignnone wp-image-371\" src=\"https:\/\/blogsaverroes.juntadeandalucia.es\/departamentodedibujogongora\/files\/2025\/06\/foto-1-Recuperado-200x300.jpg\" alt=\"\" width=\"297\" height=\"446\" srcset=\"https:\/\/blogsaverroes.juntadeandalucia.es\/departamentodedibujogongora\/files\/2025\/06\/foto-1-Recuperado-200x300.jpg 200w, https:\/\/blogsaverroes.juntadeandalucia.es\/departamentodedibujogongora\/files\/2025\/06\/foto-1-Recuperado-683x1024.jpg 683w, https:\/\/blogsaverroes.juntadeandalucia.es\/departamentodedibujogongora\/files\/2025\/06\/foto-1-Recuperado-768x1152.jpg 768w, https:\/\/blogsaverroes.juntadeandalucia.es\/departamentodedibujogongora\/files\/2025\/06\/foto-1-Recuperado-1024x1536.jpg 1024w, https:\/\/blogsaverroes.juntadeandalucia.es\/departamentodedibujogongora\/files\/2025\/06\/foto-1-Recuperado-1365x2048.jpg 1365w, https:\/\/blogsaverroes.juntadeandalucia.es\/departamentodedibujogongora\/files\/2025\/06\/foto-1-Recuperado-scaled.jpg 1707w\" sizes=\"(max-width: 297px) 100vw, 297px\" \/> <img loading=\"lazy\" decoding=\"async\" class=\"alignnone wp-image-372\" src=\"https:\/\/blogsaverroes.juntadeandalucia.es\/departamentodedibujogongora\/files\/2025\/06\/IMG_0511-1-200x300.jpg\" alt=\"\" width=\"296\" height=\"444\" srcset=\"https:\/\/blogsaverroes.juntadeandalucia.es\/departamentodedibujogongora\/files\/2025\/06\/IMG_0511-1-200x300.jpg 200w, https:\/\/blogsaverroes.juntadeandalucia.es\/departamentodedibujogongora\/files\/2025\/06\/IMG_0511-1-683x1024.jpg 683w, https:\/\/blogsaverroes.juntadeandalucia.es\/departamentodedibujogongora\/files\/2025\/06\/IMG_0511-1-768x1152.jpg 768w, https:\/\/blogsaverroes.juntadeandalucia.es\/departamentodedibujogongora\/files\/2025\/06\/IMG_0511-1-1024x1536.jpg 1024w, https:\/\/blogsaverroes.juntadeandalucia.es\/departamentodedibujogongora\/files\/2025\/06\/IMG_0511-1-1365x2048.jpg 1365w, https:\/\/blogsaverroes.juntadeandalucia.es\/departamentodedibujogongora\/files\/2025\/06\/IMG_0511-1-scaled.jpg 1707w\" sizes=\"(max-width: 296px) 100vw, 296px\" \/> <img loading=\"lazy\" decoding=\"async\" class=\"alignnone wp-image-373\" src=\"https:\/\/blogsaverroes.juntadeandalucia.es\/departamentodedibujogongora\/files\/2025\/06\/IMG_0496-1-200x300.jpg\" alt=\"\" width=\"310\" height=\"465\" srcset=\"https:\/\/blogsaverroes.juntadeandalucia.es\/departamentodedibujogongora\/files\/2025\/06\/IMG_0496-1-200x300.jpg 200w, https:\/\/blogsaverroes.juntadeandalucia.es\/departamentodedibujogongora\/files\/2025\/06\/IMG_0496-1-683x1024.jpg 683w, https:\/\/blogsaverroes.juntadeandalucia.es\/departamentodedibujogongora\/files\/2025\/06\/IMG_0496-1-768x1152.jpg 768w, https:\/\/blogsaverroes.juntadeandalucia.es\/departamentodedibujogongora\/files\/2025\/06\/IMG_0496-1-1024x1536.jpg 1024w, https:\/\/blogsaverroes.juntadeandalucia.es\/departamentodedibujogongora\/files\/2025\/06\/IMG_0496-1-1365x2048.jpg 1365w, https:\/\/blogsaverroes.juntadeandalucia.es\/departamentodedibujogongora\/files\/2025\/06\/IMG_0496-1-scaled.jpg 1707w\" sizes=\"(max-width: 310px) 100vw, 310px\" \/> <img loading=\"lazy\" decoding=\"async\" class=\"alignnone wp-image-374\" src=\"https:\/\/blogsaverroes.juntadeandalucia.es\/departamentodedibujogongora\/files\/2025\/06\/foto-3-1-200x300.jpg\" alt=\"\" width=\"301\" height=\"452\" srcset=\"https:\/\/blogsaverroes.juntadeandalucia.es\/departamentodedibujogongora\/files\/2025\/06\/foto-3-1-200x300.jpg 200w, https:\/\/blogsaverroes.juntadeandalucia.es\/departamentodedibujogongora\/files\/2025\/06\/foto-3-1-683x1024.jpg 683w, https:\/\/blogsaverroes.juntadeandalucia.es\/departamentodedibujogongora\/files\/2025\/06\/foto-3-1-768x1152.jpg 768w, https:\/\/blogsaverroes.juntadeandalucia.es\/departamentodedibujogongora\/files\/2025\/06\/foto-3-1-1024x1536.jpg 1024w, https:\/\/blogsaverroes.juntadeandalucia.es\/departamentodedibujogongora\/files\/2025\/06\/foto-3-1-1365x2048.jpg 1365w, https:\/\/blogsaverroes.juntadeandalucia.es\/departamentodedibujogongora\/files\/2025\/06\/foto-3-1-scaled.jpg 1707w\" sizes=\"(max-width: 301px) 100vw, 301px\" \/> <img loading=\"lazy\" decoding=\"async\" class=\"alignnone wp-image-375\" src=\"https:\/\/blogsaverroes.juntadeandalucia.es\/departamentodedibujogongora\/files\/2025\/06\/IMG_0555-1-200x300.jpg\" alt=\"\" width=\"301\" height=\"452\" srcset=\"https:\/\/blogsaverroes.juntadeandalucia.es\/departamentodedibujogongora\/files\/2025\/06\/IMG_0555-1-200x300.jpg 200w, https:\/\/blogsaverroes.juntadeandalucia.es\/departamentodedibujogongora\/files\/2025\/06\/IMG_0555-1-683x1024.jpg 683w, https:\/\/blogsaverroes.juntadeandalucia.es\/departamentodedibujogongora\/files\/2025\/06\/IMG_0555-1-768x1152.jpg 768w, https:\/\/blogsaverroes.juntadeandalucia.es\/departamentodedibujogongora\/files\/2025\/06\/IMG_0555-1-1024x1536.jpg 1024w, https:\/\/blogsaverroes.juntadeandalucia.es\/departamentodedibujogongora\/files\/2025\/06\/IMG_0555-1-1365x2048.jpg 1365w, https:\/\/blogsaverroes.juntadeandalucia.es\/departamentodedibujogongora\/files\/2025\/06\/IMG_0555-1-scaled.jpg 1707w\" sizes=\"(max-width: 301px) 100vw, 301px\" \/> <img loading=\"lazy\" decoding=\"async\" class=\"alignnone size-medium wp-image-376\" src=\"https:\/\/blogsaverroes.juntadeandalucia.es\/departamentodedibujogongora\/files\/2025\/06\/IMG_0695-1-200x300.jpg\" alt=\"\" width=\"200\" height=\"300\" srcset=\"https:\/\/blogsaverroes.juntadeandalucia.es\/departamentodedibujogongora\/files\/2025\/06\/IMG_0695-1-200x300.jpg 200w, https:\/\/blogsaverroes.juntadeandalucia.es\/departamentodedibujogongora\/files\/2025\/06\/IMG_0695-1-683x1024.jpg 683w, https:\/\/blogsaverroes.juntadeandalucia.es\/departamentodedibujogongora\/files\/2025\/06\/IMG_0695-1-768x1152.jpg 768w, https:\/\/blogsaverroes.juntadeandalucia.es\/departamentodedibujogongora\/files\/2025\/06\/IMG_0695-1-1024x1536.jpg 1024w, https:\/\/blogsaverroes.juntadeandalucia.es\/departamentodedibujogongora\/files\/2025\/06\/IMG_0695-1-1365x2048.jpg 1365w, https:\/\/blogsaverroes.juntadeandalucia.es\/departamentodedibujogongora\/files\/2025\/06\/IMG_0695-1-scaled.jpg 1707w\" sizes=\"(max-width: 200px) 100vw, 200px\" \/>Habi\u00e9n<\/span><\/p>\n","protected":false},"excerpt":{"rendered":"<p>Habi\u00e9ndose convertido tras dos ediciones en un proyecto multidisciplinar dentro del Departamento de Dibujo, con la participaci\u00f3n tanto de la modalidad diurna como nocturna., nuestro desfile de moda anual en esta ocasi\u00f3n est\u00e1 dedicado&#46;&#46;&#46;<\/p>\n","protected":false},"author":20386,"featured_media":0,"parent":0,"menu_order":0,"comment_status":"closed","ping_status":"closed","template":"","meta":{"footnotes":""},"aioseo_notices":[],"_links":{"self":[{"href":"https:\/\/blogsaverroes.juntadeandalucia.es\/departamentodedibujogongora\/wp-json\/wp\/v2\/pages\/179"}],"collection":[{"href":"https:\/\/blogsaverroes.juntadeandalucia.es\/departamentodedibujogongora\/wp-json\/wp\/v2\/pages"}],"about":[{"href":"https:\/\/blogsaverroes.juntadeandalucia.es\/departamentodedibujogongora\/wp-json\/wp\/v2\/types\/page"}],"author":[{"embeddable":true,"href":"https:\/\/blogsaverroes.juntadeandalucia.es\/departamentodedibujogongora\/wp-json\/wp\/v2\/users\/20386"}],"replies":[{"embeddable":true,"href":"https:\/\/blogsaverroes.juntadeandalucia.es\/departamentodedibujogongora\/wp-json\/wp\/v2\/comments?post=179"}],"version-history":[{"count":13,"href":"https:\/\/blogsaverroes.juntadeandalucia.es\/departamentodedibujogongora\/wp-json\/wp\/v2\/pages\/179\/revisions"}],"predecessor-version":[{"id":445,"href":"https:\/\/blogsaverroes.juntadeandalucia.es\/departamentodedibujogongora\/wp-json\/wp\/v2\/pages\/179\/revisions\/445"}],"wp:attachment":[{"href":"https:\/\/blogsaverroes.juntadeandalucia.es\/departamentodedibujogongora\/wp-json\/wp\/v2\/media?parent=179"}],"curies":[{"name":"wp","href":"https:\/\/api.w.org\/{rel}","templated":true}]}}