{"id":191,"date":"2025-06-03T10:12:37","date_gmt":"2025-06-03T08:12:37","guid":{"rendered":"https:\/\/blogsaverroes.juntadeandalucia.es\/departamentodedibujogongora\/?page_id=191"},"modified":"2025-06-08T13:36:34","modified_gmt":"2025-06-08T11:36:34","slug":"diseno","status":"publish","type":"page","link":"https:\/\/blogsaverroes.juntadeandalucia.es\/departamentodedibujogongora\/diseno\/","title":{"rendered":"Dise\u00f1o"},"content":{"rendered":"<p><span style=\"color: #808000\">Se trata de una <strong>materia de modalidad de 2\u00ba de Bachillerato<\/strong> que ofrece una panor\u00e1mica de los distintos tipos y campos de aplicaci\u00f3n del Dise\u00f1o: Dise\u00f1o gr\u00e1fico: editorial, tipogr\u00e1fico, publicitario, identidad corporativa,<\/span><br \/>\n<span style=\"color: #808000\">se\u00f1al\u00e9tica. Dise\u00f1o industrial: de producto, embalajes o packaging, mobiliario, moda, textil. Dise\u00f1o ambiental: interiorismo, escaparatismo, escenograf\u00eda.<\/span><\/p>\n<p><span style=\"color: #808000\">Adem\u00e1s se estudia su evoluci\u00f3n hist\u00f3rica y las tendencias, periodos y principales escuelas y figuras m\u00e1s representativas.<\/span><\/p>\n<p><span style=\"color: #808000\">El car\u00e1cter de la materia es te\u00f3rico-pr\u00e1ctico dando mucha importancia a los procesos creativos de los distintos proyectos.<\/span><\/p>\n<p><img loading=\"lazy\" decoding=\"async\" class=\"alignnone size-medium wp-image-265\" src=\"https:\/\/blogsaverroes.juntadeandalucia.es\/departamentodedibujogongora\/files\/2025\/06\/IMG_20250121_183142-212x300.jpg\" alt=\"\" width=\"212\" height=\"300\" srcset=\"https:\/\/blogsaverroes.juntadeandalucia.es\/departamentodedibujogongora\/files\/2025\/06\/IMG_20250121_183142-212x300.jpg 212w, https:\/\/blogsaverroes.juntadeandalucia.es\/departamentodedibujogongora\/files\/2025\/06\/IMG_20250121_183142-724x1024.jpg 724w, https:\/\/blogsaverroes.juntadeandalucia.es\/departamentodedibujogongora\/files\/2025\/06\/IMG_20250121_183142-768x1086.jpg 768w, https:\/\/blogsaverroes.juntadeandalucia.es\/departamentodedibujogongora\/files\/2025\/06\/IMG_20250121_183142-1086x1536.jpg 1086w, https:\/\/blogsaverroes.juntadeandalucia.es\/departamentodedibujogongora\/files\/2025\/06\/IMG_20250121_183142-1449x2048.jpg 1449w, https:\/\/blogsaverroes.juntadeandalucia.es\/departamentodedibujogongora\/files\/2025\/06\/IMG_20250121_183142-scaled.jpg 1811w\" sizes=\"(max-width: 212px) 100vw, 212px\" \/> <img loading=\"lazy\" decoding=\"async\" class=\"alignnone size-medium wp-image-264\" src=\"https:\/\/blogsaverroes.juntadeandalucia.es\/departamentodedibujogongora\/files\/2025\/06\/Ejercicio-de-refuerzo.-Tipografia-e-ilustracion_-Letras-capitulares-17-Apr-2025-at-02_11-300x225.jpg\" alt=\"\" width=\"300\" height=\"225\" srcset=\"https:\/\/blogsaverroes.juntadeandalucia.es\/departamentodedibujogongora\/files\/2025\/06\/Ejercicio-de-refuerzo.-Tipografia-e-ilustracion_-Letras-capitulares-17-Apr-2025-at-02_11-300x225.jpg 300w, https:\/\/blogsaverroes.juntadeandalucia.es\/departamentodedibujogongora\/files\/2025\/06\/Ejercicio-de-refuerzo.-Tipografia-e-ilustracion_-Letras-capitulares-17-Apr-2025-at-02_11-1024x768.jpg 1024w, https:\/\/blogsaverroes.juntadeandalucia.es\/departamentodedibujogongora\/files\/2025\/06\/Ejercicio-de-refuerzo.-Tipografia-e-ilustracion_-Letras-capitulares-17-Apr-2025-at-02_11-768x576.jpg 768w, https:\/\/blogsaverroes.juntadeandalucia.es\/departamentodedibujogongora\/files\/2025\/06\/Ejercicio-de-refuerzo.-Tipografia-e-ilustracion_-Letras-capitulares-17-Apr-2025-at-02_11-1536x1152.jpg 1536w, https:\/\/blogsaverroes.juntadeandalucia.es\/departamentodedibujogongora\/files\/2025\/06\/Ejercicio-de-refuerzo.-Tipografia-e-ilustracion_-Letras-capitulares-17-Apr-2025-at-02_11-2048x1536.jpg 2048w\" sizes=\"(max-width: 300px) 100vw, 300px\" \/> <img loading=\"lazy\" decoding=\"async\" class=\"alignnone wp-image-266\" src=\"https:\/\/blogsaverroes.juntadeandalucia.es\/departamentodedibujogongora\/files\/2025\/06\/Captura-de-pantalla-de-2025-06-05-13-41-13-300x160.png\" alt=\"\" width=\"356\" height=\"190\" srcset=\"https:\/\/blogsaverroes.juntadeandalucia.es\/departamentodedibujogongora\/files\/2025\/06\/Captura-de-pantalla-de-2025-06-05-13-41-13-300x160.png 300w, https:\/\/blogsaverroes.juntadeandalucia.es\/departamentodedibujogongora\/files\/2025\/06\/Captura-de-pantalla-de-2025-06-05-13-41-13.png 447w\" sizes=\"(max-width: 356px) 100vw, 356px\" \/><img loading=\"lazy\" decoding=\"async\" class=\"alignnone wp-image-267\" src=\"https:\/\/blogsaverroes.juntadeandalucia.es\/departamentodedibujogongora\/files\/2025\/06\/Escaner_normalsobreblacoo-1-261x300.jpg\" alt=\"\" width=\"216\" height=\"248\" srcset=\"https:\/\/blogsaverroes.juntadeandalucia.es\/departamentodedibujogongora\/files\/2025\/06\/Escaner_normalsobreblacoo-1-261x300.jpg 261w, https:\/\/blogsaverroes.juntadeandalucia.es\/departamentodedibujogongora\/files\/2025\/06\/Escaner_normalsobreblacoo-1-890x1024.jpg 890w, https:\/\/blogsaverroes.juntadeandalucia.es\/departamentodedibujogongora\/files\/2025\/06\/Escaner_normalsobreblacoo-1-768x884.jpg 768w, https:\/\/blogsaverroes.juntadeandalucia.es\/departamentodedibujogongora\/files\/2025\/06\/Escaner_normalsobreblacoo-1-1334x1536.jpg 1334w, https:\/\/blogsaverroes.juntadeandalucia.es\/departamentodedibujogongora\/files\/2025\/06\/Escaner_normalsobreblacoo-1-1779x2048.jpg 1779w, https:\/\/blogsaverroes.juntadeandalucia.es\/departamentodedibujogongora\/files\/2025\/06\/Escaner_normalsobreblacoo-1.jpg 1846w\" sizes=\"(max-width: 216px) 100vw, 216px\" \/><img loading=\"lazy\" decoding=\"async\" class=\"alignnone wp-image-268\" src=\"https:\/\/blogsaverroes.juntadeandalucia.es\/departamentodedibujogongora\/files\/2025\/06\/Diseno-editorial_-portada-de-un-libro-24-Jan-2024-at-09_53-300x208.jpg\" alt=\"\" width=\"503\" height=\"349\" srcset=\"https:\/\/blogsaverroes.juntadeandalucia.es\/departamentodedibujogongora\/files\/2025\/06\/Diseno-editorial_-portada-de-un-libro-24-Jan-2024-at-09_53-300x208.jpg 300w, https:\/\/blogsaverroes.juntadeandalucia.es\/departamentodedibujogongora\/files\/2025\/06\/Diseno-editorial_-portada-de-un-libro-24-Jan-2024-at-09_53-1024x712.jpg 1024w, https:\/\/blogsaverroes.juntadeandalucia.es\/departamentodedibujogongora\/files\/2025\/06\/Diseno-editorial_-portada-de-un-libro-24-Jan-2024-at-09_53-768x534.jpg 768w, https:\/\/blogsaverroes.juntadeandalucia.es\/departamentodedibujogongora\/files\/2025\/06\/Diseno-editorial_-portada-de-un-libro-24-Jan-2024-at-09_53-1536x1067.jpg 1536w, https:\/\/blogsaverroes.juntadeandalucia.es\/departamentodedibujogongora\/files\/2025\/06\/Diseno-editorial_-portada-de-un-libro-24-Jan-2024-at-09_53-2048x1423.jpg 2048w\" sizes=\"(max-width: 503px) 100vw, 503px\" \/><img loading=\"lazy\" decoding=\"async\" class=\"alignnone wp-image-269\" src=\"https:\/\/blogsaverroes.juntadeandalucia.es\/departamentodedibujogongora\/files\/2025\/06\/Diseno-de-frasco-de-perfume-fase-final-22-abr-2024-a-las-12_25-300x203.jpg\" alt=\"\" width=\"427\" height=\"289\" srcset=\"https:\/\/blogsaverroes.juntadeandalucia.es\/departamentodedibujogongora\/files\/2025\/06\/Diseno-de-frasco-de-perfume-fase-final-22-abr-2024-a-las-12_25-300x203.jpg 300w, https:\/\/blogsaverroes.juntadeandalucia.es\/departamentodedibujogongora\/files\/2025\/06\/Diseno-de-frasco-de-perfume-fase-final-22-abr-2024-a-las-12_25-1024x693.jpg 1024w, https:\/\/blogsaverroes.juntadeandalucia.es\/departamentodedibujogongora\/files\/2025\/06\/Diseno-de-frasco-de-perfume-fase-final-22-abr-2024-a-las-12_25-768x520.jpg 768w, https:\/\/blogsaverroes.juntadeandalucia.es\/departamentodedibujogongora\/files\/2025\/06\/Diseno-de-frasco-de-perfume-fase-final-22-abr-2024-a-las-12_25-1536x1040.jpg 1536w, https:\/\/blogsaverroes.juntadeandalucia.es\/departamentodedibujogongora\/files\/2025\/06\/Diseno-de-frasco-de-perfume-fase-final-22-abr-2024-a-las-12_25-2048x1386.jpg 2048w\" sizes=\"(max-width: 427px) 100vw, 427px\" \/> <img loading=\"lazy\" decoding=\"async\" class=\"alignnone wp-image-270\" src=\"https:\/\/blogsaverroes.juntadeandalucia.es\/departamentodedibujogongora\/files\/2025\/06\/Diseno-de-packaging-14-may-2025-a-las-22_15-300x247.jpg\" alt=\"\" width=\"350\" height=\"288\" srcset=\"https:\/\/blogsaverroes.juntadeandalucia.es\/departamentodedibujogongora\/files\/2025\/06\/Diseno-de-packaging-14-may-2025-a-las-22_15-300x247.jpg 300w, https:\/\/blogsaverroes.juntadeandalucia.es\/departamentodedibujogongora\/files\/2025\/06\/Diseno-de-packaging-14-may-2025-a-las-22_15-1024x843.jpg 1024w, https:\/\/blogsaverroes.juntadeandalucia.es\/departamentodedibujogongora\/files\/2025\/06\/Diseno-de-packaging-14-may-2025-a-las-22_15-768x632.jpg 768w, https:\/\/blogsaverroes.juntadeandalucia.es\/departamentodedibujogongora\/files\/2025\/06\/Diseno-de-packaging-14-may-2025-a-las-22_15-1536x1264.jpg 1536w, https:\/\/blogsaverroes.juntadeandalucia.es\/departamentodedibujogongora\/files\/2025\/06\/Diseno-de-packaging-14-may-2025-a-las-22_15-2048x1686.jpg 2048w\" sizes=\"(max-width: 350px) 100vw, 350px\" \/><\/p>\n","protected":false},"excerpt":{"rendered":"<p>Se trata de una materia de modalidad de 2\u00ba de Bachillerato que ofrece una panor\u00e1mica de los distintos tipos y campos de aplicaci\u00f3n del Dise\u00f1o: Dise\u00f1o gr\u00e1fico: editorial, tipogr\u00e1fico, publicitario, identidad corporativa, se\u00f1al\u00e9tica. Dise\u00f1o&#46;&#46;&#46;<\/p>\n","protected":false},"author":20386,"featured_media":0,"parent":0,"menu_order":0,"comment_status":"closed","ping_status":"closed","template":"","meta":{"footnotes":""},"aioseo_notices":[],"_links":{"self":[{"href":"https:\/\/blogsaverroes.juntadeandalucia.es\/departamentodedibujogongora\/wp-json\/wp\/v2\/pages\/191"}],"collection":[{"href":"https:\/\/blogsaverroes.juntadeandalucia.es\/departamentodedibujogongora\/wp-json\/wp\/v2\/pages"}],"about":[{"href":"https:\/\/blogsaverroes.juntadeandalucia.es\/departamentodedibujogongora\/wp-json\/wp\/v2\/types\/page"}],"author":[{"embeddable":true,"href":"https:\/\/blogsaverroes.juntadeandalucia.es\/departamentodedibujogongora\/wp-json\/wp\/v2\/users\/20386"}],"replies":[{"embeddable":true,"href":"https:\/\/blogsaverroes.juntadeandalucia.es\/departamentodedibujogongora\/wp-json\/wp\/v2\/comments?post=191"}],"version-history":[{"count":8,"href":"https:\/\/blogsaverroes.juntadeandalucia.es\/departamentodedibujogongora\/wp-json\/wp\/v2\/pages\/191\/revisions"}],"predecessor-version":[{"id":399,"href":"https:\/\/blogsaverroes.juntadeandalucia.es\/departamentodedibujogongora\/wp-json\/wp\/v2\/pages\/191\/revisions\/399"}],"wp:attachment":[{"href":"https:\/\/blogsaverroes.juntadeandalucia.es\/departamentodedibujogongora\/wp-json\/wp\/v2\/media?parent=191"}],"curies":[{"name":"wp","href":"https:\/\/api.w.org\/{rel}","templated":true}]}}