{"id":135,"date":"2021-12-27T07:33:14","date_gmt":"2021-12-27T07:33:14","guid":{"rendered":"https:\/\/blogsaverroes.juntadeandalucia.es\/derochedeletras\/?page_id=135"},"modified":"2021-12-28T18:57:54","modified_gmt":"2021-12-28T18:57:54","slug":"dudas-y-consultas","status":"publish","type":"page","link":"https:\/\/blogsaverroes.juntadeandalucia.es\/derochedeletras\/dudas-y-consultas\/","title":{"rendered":"Dudas y Consultas"},"content":{"rendered":"<p>Se alojar\u00e1n aqu\u00ed enlaces a p\u00e1ginas externas y lugares de consulta en los que poder resolver posibles dudas ling\u00fc\u00edsticas, as\u00ed como realizar preguntas para solventarlas.<\/p>\n<ul>\n<li>Acceso al<a href=\"https:\/\/dle.rae.es\/\" target=\"_blank\" rel=\"noopener noreferrer\"> Diccionario de la Real Academia de la Lengua<\/a>. Si tienes cualquier duda acerca del significado de una palabra, o simplemente la existencia o no de la misma, entra en el <a href=\"https:\/\/dle.rae.es\/\" target=\"_blank\" rel=\"noopener noreferrer\">buscador<\/a> del DRAE y local\u00edzala.<\/li>\n<\/ul>\n","protected":false},"excerpt":{"rendered":"<p>Se alojar\u00e1n aqu\u00ed enlaces a p\u00e1ginas externas y lugares de consulta en los que poder resolver posibles dudas ling\u00fc\u00edsticas, as\u00ed como realizar preguntas para solventarlas. Acceso al Diccionario de la Real Academia de la&#46;&#46;&#46;<\/p>\n","protected":false},"author":11622,"featured_media":0,"parent":0,"menu_order":0,"comment_status":"closed","ping_status":"closed","template":"","meta":{"ngg_post_thumbnail":0,"footnotes":""},"aioseo_notices":[],"_links":{"self":[{"href":"https:\/\/blogsaverroes.juntadeandalucia.es\/derochedeletras\/wp-json\/wp\/v2\/pages\/135"}],"collection":[{"href":"https:\/\/blogsaverroes.juntadeandalucia.es\/derochedeletras\/wp-json\/wp\/v2\/pages"}],"about":[{"href":"https:\/\/blogsaverroes.juntadeandalucia.es\/derochedeletras\/wp-json\/wp\/v2\/types\/page"}],"author":[{"embeddable":true,"href":"https:\/\/blogsaverroes.juntadeandalucia.es\/derochedeletras\/wp-json\/wp\/v2\/users\/11622"}],"replies":[{"embeddable":true,"href":"https:\/\/blogsaverroes.juntadeandalucia.es\/derochedeletras\/wp-json\/wp\/v2\/comments?post=135"}],"version-history":[{"count":4,"href":"https:\/\/blogsaverroes.juntadeandalucia.es\/derochedeletras\/wp-json\/wp\/v2\/pages\/135\/revisions"}],"predecessor-version":[{"id":153,"href":"https:\/\/blogsaverroes.juntadeandalucia.es\/derochedeletras\/wp-json\/wp\/v2\/pages\/135\/revisions\/153"}],"wp:attachment":[{"href":"https:\/\/blogsaverroes.juntadeandalucia.es\/derochedeletras\/wp-json\/wp\/v2\/media?parent=135"}],"curies":[{"name":"wp","href":"https:\/\/api.w.org\/{rel}","templated":true}]}}