{"id":15,"date":"2022-03-22T11:32:31","date_gmt":"2022-03-22T11:32:31","guid":{"rendered":"https:\/\/blogsaverroes.juntadeandalucia.es\/desenreda\/?page_id=15"},"modified":"2023-05-05T11:31:25","modified_gmt":"2023-05-05T11:31:25","slug":"presentacion","status":"publish","type":"page","link":"https:\/\/blogsaverroes.juntadeandalucia.es\/desenreda\/","title":{"rendered":"Presentaci\u00f3n"},"content":{"rendered":"<!--themify_builder_content-->\n<div id=\"themify_builder_content-15\" data-postid=\"15\" class=\"themify_builder_content themify_builder_content-15 themify_builder tf_clear\">\n                    <div  data-css_id=\"cbebdb2\" data-lazy=\"1\" class=\"module_row themify_builder_row fullwidth_row_container tb_cbebdb2 tb_first tf_w\">\n            <span class=\"builder_row_cover tf_abs\"><\/span>            <div class=\"row_inner col_align_top tb_col_count_1 tf_box tf_rel\">\n                        <div  data-lazy=\"1\" class=\"module_column tb-column col-full tb_96903e4 first\">\n                    <!-- module text -->\n<div  class=\"module module-text tb_f11a781  repeat \" data-lazy=\"1\">\n        <div  class=\"tb_text_wrap\">\n        <h1>IES Sancti Petri<\/h1>    <\/div>\n<\/div>\n<!-- \/module text -->        <\/div>\n                        <\/div>\n        <\/div>\n                        <div  data-lazy=\"1\" class=\"module_row themify_builder_row tb_916f37d tf_w\">\n                        <div class=\"row_inner col_align_top tb_col_count_2 tf_box tf_rel\">\n                        <div  data-lazy=\"1\" class=\"module_column tb-column col4-2 tb_9dfc43f first\">\n                    <!-- module text -->\n<div  class=\"module module-text tb_1009e4f  repeat \" data-lazy=\"1\">\n        <div  class=\"tb_text_wrap\">\n        <h2>Desenreda<\/h2>    <\/div>\n<\/div>\n<!-- \/module text --><!-- module text -->\n<div  class=\"module module-text tb_c9383e8  repeat \" data-lazy=\"1\">\n        <div  class=\"tb_text_wrap\">\n        <p>Pretende que el alumnado adquiera un pensamiento libre, cr\u00edtico ante la cantidad de informaci\u00f3n que reciben a diario y comprender mejor el mundo en el que viven<\/p>    <\/div>\n<\/div>\n<!-- \/module text --><!-- module image -->\n<div  class=\"module module-image tb_1d88f18 image-top   tf_mw\" data-lazy=\"1\" data-parallax-element-speed=\"2\" data-lax-translate-y=\"vh 1,0 -140\" data-lax=\"true\">\n        <div class=\"image-wrap tf_rel tf_mw\">\n            <img loading=\"lazy\" decoding=\"async\" src=\"https:\/\/blogsaverroes.juntadeandalucia.es\/desenreda\/files\/2022\/05\/PHOTO-2022-05-09-18-18-563-1024x768-648x417.jpg\" width=\"648\" height=\"417\" class=\"wp-post-image wp-image-98\" title=\"PHOTO-2022-05-09-18-18-56(3)\" alt=\"PHOTO-2022-05-09-18-18-56(3)\">    \n        <\/div>\n    <!-- \/image-wrap -->\n    \n        <\/div>\n<!-- \/module image -->        <\/div>\n                    <div  data-lazy=\"1\" class=\"module_column tb-column col4-2 tb_8c03b4b last\">\n                    <!-- module text -->\n<div  class=\"module module-text tb_b90fda5  repeat \" data-lazy=\"1\" data-parallax-element-speed=\"1\" data-lax-translate-y=\"vh 1,0 70\" data-lax=\"true\">\n        <div  class=\"tb_text_wrap\">\n        <h3>Proyecto<\/h3>\n<p>Este proyecto, que se desarrollar\u00e1 desde el mes de febrero hasta mayo, se concibe en tres m\u00f3dulos formativos, de dos horas de duraci\u00f3n cada uno de ellos, que ser\u00e1n impartidos por periodistas con experiencia y formaci\u00f3n en alfabetizaci\u00f3n medi\u00e1tica. El primero, \u2018Periodismo vs Desinformaci\u00f3n\u2019, persigue familiarizar al alumnado con los fundamentos period\u00edsticos y la responsabilidad y funci\u00f3n social del periodismo y sus profesionales en las sociedades democr\u00e1ticas, as\u00ed como facilitar al alumnado las herramientas necesarias para que sean capaces de analizar con esp\u00edritu cr\u00edtico las informaciones que reciben, generalmente, a trav\u00e9s de las redes sociales, y comprobar su veracidad.<\/p>\n<p>En el m\u00f3dulo \u2018Redes Sociales y Periodismo Comprometido\u2019, se profundizar\u00e1 en las plataformas digitales, en c\u00f3mo se convierten en los principales agentes para la propagaci\u00f3n de bulos y falsas noticias, y en c\u00f3mo medios de comunicaci\u00f3n y redes sociales perpet\u00faan determinados estereotipos en torno a la representaci\u00f3n de la mujer o el fen\u00f3meno migratorio.<\/p>\n<div id=\"addoor-widget-1116\" class=\"addoor-widget\">\u00a0<\/div>\n<p>Por \u00faltimo, esta actividad permitir\u00e1 al alumnado, gracias al m\u00f3dulo \u2018Somos periodistas\u2019, elaborar contenidos propios con las nociones adquiridas en el taller, que formar\u00e1n parte de un espacio web donde se volcar\u00e1n los blogs de los centros con las noticias e informaciones que el alumnado realice y que ser\u00e1 el punto de encuentro de los centros participantes en todas las provincias andaluzas.<\/p>    <\/div>\n<\/div>\n<!-- \/module text -->        <\/div>\n                        <\/div>\n        <\/div>\n                        <div  data-css_id=\"c158813\" data-lazy=\"1\" class=\"module_row themify_builder_row fullwidth_row_container tb_c158813 tf_w\">\n            <span class=\"builder_row_cover tf_abs\"><\/span>            <div class=\"row_inner col_align_top tb_col_count_1 tf_box tf_rel\">\n                        <div  data-lazy=\"1\" class=\"module_column tb-column col-full tb_864e5b6 first\">\n                            <\/div>\n                        <\/div>\n        <\/div>\n                        <div  data-lazy=\"1\" class=\"module_row themify_builder_row tb_6f50887 tf_w\">\n                        <div class=\"row_inner col_align_top tb_col_count_1 tf_box tf_rel\">\n                        <div  data-lazy=\"1\" class=\"module_column tb-column col-full tb_6e1de00 first\">\n                            <div  data-lazy=\"1\" class=\"module_subrow themify_builder_sub_row tf_w col_align_top tb_col_count_4 tb_e900db1\">\n                <div  data-lazy=\"1\" class=\"module_column sub_column col4-1 tb_8c5ee2d first\">\n                    <!-- module image -->\n<div  class=\"module module-image tb_liyf119 image-top   tf_mw\" data-lazy=\"1\">\n        <div class=\"image-wrap tf_rel tf_mw\">\n            <img loading=\"lazy\" decoding=\"async\" width=\"1024\" height=\"857\" src=\"https:\/\/blogsaverroes.juntadeandalucia.es\/desenreda\/files\/2022\/05\/PHOTO-2022-05-09-18-18-282.jpg\" class=\"wp-post-image wp-image-101\" title=\"PHOTO-2022-05-09-18-18-28(2)\" alt=\"PHOTO-2022-05-09-18-18-28(2)\" srcset=\"https:\/\/blogsaverroes.juntadeandalucia.es\/desenreda\/files\/2022\/05\/PHOTO-2022-05-09-18-18-282.jpg 1024w, https:\/\/blogsaverroes.juntadeandalucia.es\/desenreda\/files\/2022\/05\/PHOTO-2022-05-09-18-18-282-300x251.jpg 300w, https:\/\/blogsaverroes.juntadeandalucia.es\/desenreda\/files\/2022\/05\/PHOTO-2022-05-09-18-18-282-768x643.jpg 768w\" sizes=\"(max-width: 1024px) 100vw, 1024px\" \/>    \n        <\/div>\n    <!-- \/image-wrap -->\n    \n        <\/div>\n<!-- \/module image -->        <\/div>\n                    <div  data-lazy=\"1\" class=\"module_column sub_column col4-1 tb_76b69d7\">\n                    <!-- module image -->\n<div  class=\"module module-image tb_fnig928 image-top   tf_mw\" data-lazy=\"1\">\n        <div class=\"image-wrap tf_rel tf_mw\">\n            <img loading=\"lazy\" decoding=\"async\" width=\"2048\" height=\"1536\" src=\"https:\/\/blogsaverroes.juntadeandalucia.es\/desenreda\/files\/2022\/05\/PHOTO-2022-05-09-18-18-563.jpg\" class=\"wp-post-image wp-image-98\" title=\"PHOTO-2022-05-09-18-18-56(3)\" alt=\"PHOTO-2022-05-09-18-18-56(3)\" srcset=\"https:\/\/blogsaverroes.juntadeandalucia.es\/desenreda\/files\/2022\/05\/PHOTO-2022-05-09-18-18-563.jpg 2048w, https:\/\/blogsaverroes.juntadeandalucia.es\/desenreda\/files\/2022\/05\/PHOTO-2022-05-09-18-18-563-300x225.jpg 300w, https:\/\/blogsaverroes.juntadeandalucia.es\/desenreda\/files\/2022\/05\/PHOTO-2022-05-09-18-18-563-1024x768.jpg 1024w, https:\/\/blogsaverroes.juntadeandalucia.es\/desenreda\/files\/2022\/05\/PHOTO-2022-05-09-18-18-563-768x576.jpg 768w, https:\/\/blogsaverroes.juntadeandalucia.es\/desenreda\/files\/2022\/05\/PHOTO-2022-05-09-18-18-563-1536x1152.jpg 1536w\" sizes=\"(max-width: 2048px) 100vw, 2048px\" \/>    \n        <\/div>\n    <!-- \/image-wrap -->\n    \n        <\/div>\n<!-- \/module image -->        <\/div>\n                    <div  data-lazy=\"1\" class=\"module_column sub_column col4-1 tb_2c6f716\">\n                    <!-- module image -->\n<div  class=\"module module-image tb_mgg9858 image-top   tf_mw\" data-lazy=\"1\">\n        <div class=\"image-wrap tf_rel tf_mw\">\n            <img loading=\"lazy\" decoding=\"async\" width=\"1024\" height=\"768\" src=\"https:\/\/blogsaverroes.juntadeandalucia.es\/desenreda\/files\/2022\/05\/PHOTO-2022-05-09-18-18-281.jpg\" class=\"wp-post-image wp-image-102\" title=\"PHOTO-2022-05-09-18-18-28(1)\" alt=\"PHOTO-2022-05-09-18-18-28(1)\" srcset=\"https:\/\/blogsaverroes.juntadeandalucia.es\/desenreda\/files\/2022\/05\/PHOTO-2022-05-09-18-18-281.jpg 1024w, https:\/\/blogsaverroes.juntadeandalucia.es\/desenreda\/files\/2022\/05\/PHOTO-2022-05-09-18-18-281-300x225.jpg 300w, https:\/\/blogsaverroes.juntadeandalucia.es\/desenreda\/files\/2022\/05\/PHOTO-2022-05-09-18-18-281-768x576.jpg 768w\" sizes=\"(max-width: 1024px) 100vw, 1024px\" \/>    \n        <\/div>\n    <!-- \/image-wrap -->\n    \n        <\/div>\n<!-- \/module image -->        <\/div>\n                    <div  data-lazy=\"1\" class=\"module_column sub_column col4-1 tb_5e40576 last\">\n                            <\/div>\n                    <\/div>\n                <\/div>\n                        <\/div>\n        <\/div>\n                        <div  data-lazy=\"1\" class=\"module_row themify_builder_row tb_sxzv950 tf_w\">\n                        <div class=\"row_inner col_align_top tb_col_count_1 tf_box tf_rel\">\n                        <div  data-lazy=\"1\" class=\"module_column tb-column col-full tb_ptni951 first\">\n                            <\/div>\n                        <\/div>\n        <\/div>\n                        <div  data-css_id=\"db01cce\" data-lazy=\"1\" class=\"module_row themify_builder_row fullwidth_row_container tb_db01cce tf_w\">\n                        <div class=\"row_inner col_align_top tb_col_count_1 tf_box tf_rel\">\n                        <div  data-lazy=\"1\" class=\"module_column tb-column col-full tb_8c12b6c first\">\n                            <\/div>\n                        <\/div>\n        <\/div>\n        <\/div>\n<!--\/themify_builder_content-->","protected":false},"excerpt":{"rendered":"<p>IES Sancti Petri Desenreda Pretende que el alumnado adquiera un pensamiento libre, cr\u00edtico ante la cantidad de informaci\u00f3n que reciben a diario y comprender mejor el mundo en el que viven Proyecto Este proyecto, que se desarrollar\u00e1 desde el mes de febrero hasta mayo, se concibe en tres m\u00f3dulos formativos, de dos horas de duraci\u00f3n [&hellip;]<\/p>\n","protected":false},"author":12833,"featured_media":0,"parent":0,"menu_order":0,"comment_status":"closed","ping_status":"closed","template":"","meta":{"ngg_post_thumbnail":0,"footnotes":""},"aioseo_notices":[],"_links":{"self":[{"href":"https:\/\/blogsaverroes.juntadeandalucia.es\/desenreda\/wp-json\/wp\/v2\/pages\/15"}],"collection":[{"href":"https:\/\/blogsaverroes.juntadeandalucia.es\/desenreda\/wp-json\/wp\/v2\/pages"}],"about":[{"href":"https:\/\/blogsaverroes.juntadeandalucia.es\/desenreda\/wp-json\/wp\/v2\/types\/page"}],"author":[{"embeddable":true,"href":"https:\/\/blogsaverroes.juntadeandalucia.es\/desenreda\/wp-json\/wp\/v2\/users\/12833"}],"replies":[{"embeddable":true,"href":"https:\/\/blogsaverroes.juntadeandalucia.es\/desenreda\/wp-json\/wp\/v2\/comments?post=15"}],"version-history":[{"count":13,"href":"https:\/\/blogsaverroes.juntadeandalucia.es\/desenreda\/wp-json\/wp\/v2\/pages\/15\/revisions"}],"predecessor-version":[{"id":140,"href":"https:\/\/blogsaverroes.juntadeandalucia.es\/desenreda\/wp-json\/wp\/v2\/pages\/15\/revisions\/140"}],"wp:attachment":[{"href":"https:\/\/blogsaverroes.juntadeandalucia.es\/desenreda\/wp-json\/wp\/v2\/media?parent=15"}],"curies":[{"name":"wp","href":"https:\/\/api.w.org\/{rel}","templated":true}]}}