{"id":22,"date":"2020-01-09T12:33:26","date_gmt":"2020-01-09T11:33:26","guid":{"rendered":"http:\/\/blogsaverroes.juntadeandalucia.es\/pre\/nuevoceip2v2\/?page_id=22"},"modified":"2025-02-06T19:30:40","modified_gmt":"2025-02-06T18:30:40","slug":"tae","status":"publish","type":"page","link":"https:\/\/blogsaverroes.juntadeandalucia.es\/diamantino\/tae\/","title":{"rendered":"TAE"},"content":{"rendered":"<ul style=\"list-style-type: disc\">\n<li>\u00c1MBITO COMUNICATIVO&nbsp;\n<ul style=\"list-style-type: disc\">\n<li>LENGUA<\/li>\n<li>INGL\u00c9S<\/li>\n<\/ul>\n<\/li>\n<li>\u00c1MBITO CIENT\u00cdFICO<\/li>\n<li>\u00c1MBITO SOCIAL<\/li>\n<\/ul>\n<p style=\"text-align: center\"><a href=\"https:\/\/permanente.ced.junta-andalucia.es\/educacion\/permanente\/materiales\/index.php?etapa=1\">Clic aqu\u00ed para ver los contenidos de CREA (nivel 1)<\/a><\/p>\n<p style=\"text-align: center\"><a href=\"https:\/\/permanente.ced.junta-andalucia.es\/educacion\/permanente\/materiales\/index.php?etapa=2\">Clic aqu\u00ed para ver los contenidos de CREA (nivel 2)<\/a><\/p>\n<p style=\"text-align: center\"><a href=\"https:\/\/educacionadistancia.juntadeandalucia.es\/adultos\/login\/index.php\">Acceso a la plataforma semipresencial<\/a><\/p>\n<p style=\"text-align: center\"><a href=\"https:\/\/blogsaverroes.juntadeandalucia.es\/diamantino\/\">Clic aqu\u00ed para volver a la p\u00e1gina de inicio<\/a><\/p>\n<p>&nbsp;<\/p>\n","protected":false},"excerpt":{"rendered":"<p>\u00c1MBITO COMUNICATIVO&nbsp; LENGUA INGL\u00c9S \u00c1MBITO CIENT\u00cdFICO \u00c1MBITO SOCIAL Clic aqu\u00ed para ver los contenidos de CREA (nivel 1) Clic aqu\u00ed para ver los contenidos de CREA (nivel 2) Acceso a la plataforma semipresencial Clic aqu\u00ed para volver a la p\u00e1gina de inicio &nbsp;<\/p>\n","protected":false},"author":7051,"featured_media":0,"parent":0,"menu_order":0,"comment_status":"closed","ping_status":"closed","template":"","meta":{"_et_pb_use_builder":"off","_et_pb_old_content":"","_et_gb_content_width":"","ngg_post_thumbnail":0,"footnotes":""},"aioseo_notices":[],"_links":{"self":[{"href":"https:\/\/blogsaverroes.juntadeandalucia.es\/diamantino\/wp-json\/wp\/v2\/pages\/22"}],"collection":[{"href":"https:\/\/blogsaverroes.juntadeandalucia.es\/diamantino\/wp-json\/wp\/v2\/pages"}],"about":[{"href":"https:\/\/blogsaverroes.juntadeandalucia.es\/diamantino\/wp-json\/wp\/v2\/types\/page"}],"author":[{"embeddable":true,"href":"https:\/\/blogsaverroes.juntadeandalucia.es\/diamantino\/wp-json\/wp\/v2\/users\/7051"}],"replies":[{"embeddable":true,"href":"https:\/\/blogsaverroes.juntadeandalucia.es\/diamantino\/wp-json\/wp\/v2\/comments?post=22"}],"version-history":[{"count":8,"href":"https:\/\/blogsaverroes.juntadeandalucia.es\/diamantino\/wp-json\/wp\/v2\/pages\/22\/revisions"}],"predecessor-version":[{"id":914,"href":"https:\/\/blogsaverroes.juntadeandalucia.es\/diamantino\/wp-json\/wp\/v2\/pages\/22\/revisions\/914"}],"wp:attachment":[{"href":"https:\/\/blogsaverroes.juntadeandalucia.es\/diamantino\/wp-json\/wp\/v2\/media?parent=22"}],"curies":[{"name":"wp","href":"https:\/\/api.w.org\/{rel}","templated":true}]}}