{"id":24,"date":"2020-01-09T12:38:30","date_gmt":"2020-01-09T11:38:30","guid":{"rendered":"http:\/\/blogsaverroes.juntadeandalucia.es\/pre\/nuevoceip2v2\/?page_id=24"},"modified":"2025-02-05T14:54:32","modified_gmt":"2025-02-05T13:54:32","slug":"prueba-libre","status":"publish","type":"page","link":"https:\/\/blogsaverroes.juntadeandalucia.es\/diamantino\/prueba-libre\/","title":{"rendered":"Prueba libre"},"content":{"rendered":"<ul style=\"list-style-type: disc\">\n<li><a href=\"https:\/\/blogsaverroes.juntadeandalucia.es\/diamantino\/files\/2021\/02\/PROGRAMACI\u00d3N-DE-AULA-FB-20-21.pdf\">PROGRAMACI\u00d3N DE AULA FB 20-21<\/a><\/li>\n<li>P.L. 2<\/li>\n<li><a href=\"https:\/\/blogsaverroes.juntadeandalucia.es\/diamantino\/files\/2021\/02\/PROGRAMACI\u00d3N-FB-2-DIAMANTINO-19-20-felipe-1.pdf\">PROGRAMACI\u00d3N FB 2 DIAMANTINO 19-20 felipe (1)<\/a><\/li>\n<\/ul>\n<p>&nbsp;<\/p>\n<p style=\"text-align: center\"><a href=\"https:\/\/blogsaverroes.juntadeandalucia.es\/diamantino\/\">Clic aqu\u00ed para volver a la p\u00e1gina de inicio<\/a><\/p>\n","protected":false},"excerpt":{"rendered":"<p>PROGRAMACI\u00d3N DE AULA FB 20-21 P.L. 2 PROGRAMACI\u00d3N FB 2 DIAMANTINO 19-20 felipe (1) &nbsp; Clic aqu\u00ed para volver a la p\u00e1gina de inicio<\/p>\n","protected":false},"author":7051,"featured_media":0,"parent":0,"menu_order":0,"comment_status":"closed","ping_status":"closed","template":"","meta":{"_et_pb_use_builder":"off","_et_pb_old_content":"","_et_gb_content_width":"","ngg_post_thumbnail":0,"footnotes":""},"aioseo_notices":[],"_links":{"self":[{"href":"https:\/\/blogsaverroes.juntadeandalucia.es\/diamantino\/wp-json\/wp\/v2\/pages\/24"}],"collection":[{"href":"https:\/\/blogsaverroes.juntadeandalucia.es\/diamantino\/wp-json\/wp\/v2\/pages"}],"about":[{"href":"https:\/\/blogsaverroes.juntadeandalucia.es\/diamantino\/wp-json\/wp\/v2\/types\/page"}],"author":[{"embeddable":true,"href":"https:\/\/blogsaverroes.juntadeandalucia.es\/diamantino\/wp-json\/wp\/v2\/users\/7051"}],"replies":[{"embeddable":true,"href":"https:\/\/blogsaverroes.juntadeandalucia.es\/diamantino\/wp-json\/wp\/v2\/comments?post=24"}],"version-history":[{"count":7,"href":"https:\/\/blogsaverroes.juntadeandalucia.es\/diamantino\/wp-json\/wp\/v2\/pages\/24\/revisions"}],"predecessor-version":[{"id":810,"href":"https:\/\/blogsaverroes.juntadeandalucia.es\/diamantino\/wp-json\/wp\/v2\/pages\/24\/revisions\/810"}],"wp:attachment":[{"href":"https:\/\/blogsaverroes.juntadeandalucia.es\/diamantino\/wp-json\/wp\/v2\/media?parent=24"}],"curies":[{"name":"wp","href":"https:\/\/api.w.org\/{rel}","templated":true}]}}