{"id":474,"date":"2020-12-18T08:32:40","date_gmt":"2020-12-18T07:32:40","guid":{"rendered":"https:\/\/blogsaverroes.juntadeandalucia.es\/pre\/plantilla-backbag\/?page_id=474"},"modified":"2025-01-27T13:17:11","modified_gmt":"2025-01-27T12:17:11","slug":"contacto","status":"publish","type":"page","link":"https:\/\/blogsaverroes.juntadeandalucia.es\/diamantino\/contacto\/","title":{"rendered":"Contacto"},"content":{"rendered":"<ul>\n<li><strong>Tel\u00e9fono<\/strong>: 671590830<\/li>\n<li><strong>Correo electr\u00f3nico<\/strong>: 41500256.edu@juntadeandalucia.es &#8211; jefaturadiamantino@gmail.com<\/li>\n<li><strong>UBICACI\u00d3N<\/strong>: <a href=\"https:\/\/maps.app.goo.gl\/MoC2hCaeK1R1XqgB6\">ZONA NORTE<\/a>, <a href=\"https:\/\/maps.app.goo.gl\/tiFt3NG5qu8BpaQG7\">ZONA ESTE<\/a>, <a href=\"https:\/\/maps.app.goo.gl\/PoLByen3jNU2Ay7XA\">TORREBLANCA<\/a>.<\/li>\n<\/ul>\n<p><iframe loading=\"lazy\" src=\"https:\/\/www.google.com\/maps\/embed?pb=!1m18!1m12!1m3!1d560.6998598938135!2d-5.841213344868817!3d37.34730525493957!2m3!1f0!2f0!3f0!3m2!1i1024!2i768!4f13.1!3m3!1m2!1s0xd1265ee7d6f579d%3A0x50757f25243b0a20!2sCEPER%20DIAMANTINO%20GARC%C3%8DA%20ACOSTA!5e0!3m2!1ses!2ses!4v1656004793354!5m2!1ses!2ses\" width=\"600\" height=\"450\"><\/iframe><\/p>\n<p style=\"text-align: center\"><a href=\"https:\/\/blogsaverroes.juntadeandalucia.es\/diamantino\/\">Clic aqu\u00ed para volver a la p\u00e1gina de inicio<\/a><\/p>\n<p>&nbsp;<\/p>\n<p>&nbsp;<\/p>\n","protected":false},"excerpt":{"rendered":"<p>Tel\u00e9fono: 671590830 Correo electr\u00f3nico: 41500256.edu@juntadeandalucia.es &#8211; jefaturadiamantino@gmail.com UBICACI\u00d3N: ZONA NORTE, ZONA ESTE, TORREBLANCA. Clic aqu\u00ed para volver a la p\u00e1gina de inicio &nbsp; &nbsp;<\/p>\n","protected":false},"author":7051,"featured_media":0,"parent":0,"menu_order":0,"comment_status":"closed","ping_status":"closed","template":"","meta":{"_et_pb_use_builder":"off","_et_pb_old_content":"","_et_gb_content_width":"","ngg_post_thumbnail":0,"footnotes":""},"aioseo_notices":[],"_links":{"self":[{"href":"https:\/\/blogsaverroes.juntadeandalucia.es\/diamantino\/wp-json\/wp\/v2\/pages\/474"}],"collection":[{"href":"https:\/\/blogsaverroes.juntadeandalucia.es\/diamantino\/wp-json\/wp\/v2\/pages"}],"about":[{"href":"https:\/\/blogsaverroes.juntadeandalucia.es\/diamantino\/wp-json\/wp\/v2\/types\/page"}],"author":[{"embeddable":true,"href":"https:\/\/blogsaverroes.juntadeandalucia.es\/diamantino\/wp-json\/wp\/v2\/users\/7051"}],"replies":[{"embeddable":true,"href":"https:\/\/blogsaverroes.juntadeandalucia.es\/diamantino\/wp-json\/wp\/v2\/comments?post=474"}],"version-history":[{"count":12,"href":"https:\/\/blogsaverroes.juntadeandalucia.es\/diamantino\/wp-json\/wp\/v2\/pages\/474\/revisions"}],"predecessor-version":[{"id":771,"href":"https:\/\/blogsaverroes.juntadeandalucia.es\/diamantino\/wp-json\/wp\/v2\/pages\/474\/revisions\/771"}],"wp:attachment":[{"href":"https:\/\/blogsaverroes.juntadeandalucia.es\/diamantino\/wp-json\/wp\/v2\/media?parent=474"}],"curies":[{"name":"wp","href":"https:\/\/api.w.org\/{rel}","templated":true}]}}