{"id":55,"date":"2020-01-09T12:48:16","date_gmt":"2020-01-09T11:48:16","guid":{"rendered":"http:\/\/blogsaverroes.juntadeandalucia.es\/pre\/nuevoceip2v2\/?page_id=55"},"modified":"2025-02-05T14:53:34","modified_gmt":"2025-02-05T13:53:34","slug":"planes-y-proyectos","status":"publish","type":"page","link":"https:\/\/blogsaverroes.juntadeandalucia.es\/diamantino\/planes-y-proyectos\/","title":{"rendered":"Planes y Proyectos"},"content":{"rendered":"<p>En este Centro llevamos a cabo los siguientes planes y proyectos<b>:<\/b><\/p>\n<ul style=\"list-style-type: square\">\n<li><span style=\"font-family: 'trebuchet ms', geneva, sans-serif;font-size: 14pt\">ESCUELA ESPACIO DE PAZ<\/span><\/li>\n<li><span style=\"font-family: 'trebuchet ms', geneva, sans-serif;font-size: 14pt\">PLAN DE IGUALDAD<\/span><\/li>\n<li><span style=\"font-family: 'trebuchet ms', geneva, sans-serif;font-size: 14pt\">PROYECTO PACTO DE ESTADO CONTRA LA VIOLENCIA DE G\u00c9NERO<\/span><\/li>\n<li><span style=\"font-family: 'trebuchet ms', geneva, sans-serif;font-size: 14pt\">PROYECTO EDUCATIVO DE CENTRO<\/span><\/li>\n<\/ul>\n<p>&nbsp;<\/p>\n<p style=\"text-align: center\"><a href=\"https:\/\/blogsaverroes.juntadeandalucia.es\/diamantino\/\">Clic aqu\u00ed para volver a la p\u00e1gina de inicio<\/a><\/p>\n","protected":false},"excerpt":{"rendered":"<p>En este Centro llevamos a cabo los siguientes planes y proyectos: ESCUELA ESPACIO DE PAZ PLAN DE IGUALDAD PROYECTO PACTO DE ESTADO CONTRA LA VIOLENCIA DE G\u00c9NERO PROYECTO EDUCATIVO DE CENTRO &nbsp; Clic aqu\u00ed para volver a la p\u00e1gina de inicio<\/p>\n","protected":false},"author":7051,"featured_media":0,"parent":0,"menu_order":0,"comment_status":"closed","ping_status":"closed","template":"","meta":{"_et_pb_use_builder":"off","_et_pb_old_content":"","_et_gb_content_width":"","ngg_post_thumbnail":0,"footnotes":""},"aioseo_notices":[],"_links":{"self":[{"href":"https:\/\/blogsaverroes.juntadeandalucia.es\/diamantino\/wp-json\/wp\/v2\/pages\/55"}],"collection":[{"href":"https:\/\/blogsaverroes.juntadeandalucia.es\/diamantino\/wp-json\/wp\/v2\/pages"}],"about":[{"href":"https:\/\/blogsaverroes.juntadeandalucia.es\/diamantino\/wp-json\/wp\/v2\/types\/page"}],"author":[{"embeddable":true,"href":"https:\/\/blogsaverroes.juntadeandalucia.es\/diamantino\/wp-json\/wp\/v2\/users\/7051"}],"replies":[{"embeddable":true,"href":"https:\/\/blogsaverroes.juntadeandalucia.es\/diamantino\/wp-json\/wp\/v2\/comments?post=55"}],"version-history":[{"count":5,"href":"https:\/\/blogsaverroes.juntadeandalucia.es\/diamantino\/wp-json\/wp\/v2\/pages\/55\/revisions"}],"predecessor-version":[{"id":809,"href":"https:\/\/blogsaverroes.juntadeandalucia.es\/diamantino\/wp-json\/wp\/v2\/pages\/55\/revisions\/809"}],"wp:attachment":[{"href":"https:\/\/blogsaverroes.juntadeandalucia.es\/diamantino\/wp-json\/wp\/v2\/media?parent=55"}],"curies":[{"name":"wp","href":"https:\/\/api.w.org\/{rel}","templated":true}]}}