{"id":663,"date":"2025-01-21T12:56:52","date_gmt":"2025-01-21T11:56:52","guid":{"rendered":"https:\/\/blogsaverroes.juntadeandalucia.es\/diamantino\/?page_id=663"},"modified":"2025-01-27T13:31:41","modified_gmt":"2025-01-27T12:31:41","slug":"nos-presentamos","status":"publish","type":"page","link":"https:\/\/blogsaverroes.juntadeandalucia.es\/diamantino\/nos-presentamos\/","title":{"rendered":"Nos presentamos"},"content":{"rendered":"<p>Somos un Centro de Educaci\u00f3n Permanente (<strong>CEPER &#8220;Diamantino Garc\u00eda Acosta&#8221;<\/strong>) de la sevillana localidad de Alcal\u00e1 de Guadaira. Contamos con dos sedes (Diamantino Norte y Diamantino Este) y con una Secci\u00f3n de Educaci\u00f3n Permanente (<strong>SEP &#8220;Torreblanca&#8221;<\/strong>). Estaremos encantados de recibirte en nuestras instalaciones y de que te sumes a nuestro alumnado y te formes con nosotros si as\u00ed lo deseas o lo necesitas. &nbsp; <img loading=\"lazy\" decoding=\"async\" class=\"alignnone size-medium wp-image-692\" src=\"https:\/\/blogsaverroes.juntadeandalucia.es\/diamantino\/files\/2025\/01\/IMG_20250121_155451-300x224.jpg\" alt=\"\" width=\"300\" height=\"224\"> <img loading=\"lazy\" decoding=\"async\" class=\"size-medium wp-image-693 alignright\" src=\"https:\/\/blogsaverroes.juntadeandalucia.es\/diamantino\/files\/2025\/01\/IMG_20250121_155401-300x224.jpg\" alt=\"\" width=\"300\" height=\"224\"> &nbsp; La sede<strong> Diamantino Norte<\/strong> se ubica en la <strong>calle Francisco Calatrava Jurado<\/strong> frente al CEIP &#8220;Antonio Machado&#8221;. En ella se encuentra el despacho de<strong> Direcci\u00f3n del Centro<\/strong> (donde puedes venir a pedir informaci\u00f3n o a matricularte). Tambi\u00e9n es la sede de la Asociaci\u00f3n de Alumnos\/as &#8220;Colegio Blanco&#8221;. Adem\u00e1s, en este edificio disponemos de un estupendo sal\u00f3n de actos. <a href=\"https:\/\/maps.app.goo.gl\/MoC2hCaeK1R1XqgB6\">Clic aqu\u00ed para ubicaci\u00f3n en Google Maps<\/a>. <strong>Tel\u00e9fono de contacto<\/strong>: 671590830. <strong>Correo electr\u00f3nico 1<\/strong>: 41500256.edu@juntadeandalucia.es <strong>Correo electr\u00f3nico 2<\/strong>: jefaturadiamantino@gmail.com &nbsp; <img loading=\"lazy\" decoding=\"async\" class=\"size-medium wp-image-695 aligncenter\" src=\"https:\/\/blogsaverroes.juntadeandalucia.es\/diamantino\/files\/2025\/01\/01-14-300x200.jpg\" alt=\"\" width=\"300\" height=\"200\"> &nbsp; Por su parte, la sede <strong>Diamantino Este<\/strong> est\u00e1 en el <strong>Centro C\u00edvico Medina de Haro<\/strong>, sito en la <strong>avenida Santa Luc\u00eda<\/strong> de nuestra localidad, junto a la comisar\u00eda de Polic\u00eda Local, aunque circunstancialmente y<strong> por motivo de obras<\/strong> y reformas, <strong>se ha trasladado al CEIP &#8220;Los Cercadillos&#8221;<\/strong>, donde atendemos a nuestro alumnado por las tardes. <a href=\"https:\/\/maps.app.goo.gl\/tiFt3NG5qu8BpaQG7\">Clic aqu\u00ed para ubicaci\u00f3n en Google Maps<\/a> &nbsp; <img loading=\"lazy\" decoding=\"async\" class=\" wp-image-698 aligncenter\" src=\"https:\/\/blogsaverroes.juntadeandalucia.es\/diamantino\/files\/2025\/01\/cropped-98f4f50c-97d7-49c5-aba3-5db206622374-300x78.jpg\" alt=\"\" width=\"589\" height=\"153\" srcset=\"https:\/\/blogsaverroes.juntadeandalucia.es\/diamantino\/files\/2025\/01\/cropped-98f4f50c-97d7-49c5-aba3-5db206622374-300x78.jpg 589w, https:\/\/blogsaverroes.juntadeandalucia.es\/diamantino\/files\/2025\/01\/cropped-98f4f50c-97d7-49c5-aba3-5db206622374-480x125.jpg 480w\" sizes=\"(min-width: 0px) and (max-width: 480px) 480px, (min-width: 481px) 589px, 100vw\" \/> &nbsp; Adem\u00e1s, la <strong>SEP &#8220;Torreblanca&#8221;<\/strong>, que depende de nosotros, se encuentra en el &#8220;CEIP V\u00e9lez de Guevara&#8221;, ubicado en la <strong>calle Torregrosa<\/strong> de la barriada de Torreblanca, Sevilla. <a href=\"https:\/\/maps.app.goo.gl\/PoLByen3jNU2Ay7XA\">Clic aqu\u00ed para ubicaci\u00f3n en Google Maps<\/a> Si necesitas cursar estudios en la secci\u00f3n de Torreblanca, te invitamos <a href=\"https:\/\/sepertorreblanca.wordpress.com\/\">a visitar su blog <\/a>o a llamar al <strong>tel\u00e9fono 955 656 644<\/strong>.<\/p>\n<p style=\"text-align: center\"><a href=\"https:\/\/blogsaverroes.juntadeandalucia.es\/diamantino\/\">Clic aqu\u00ed para volver a la p\u00e1gina de inicio<\/a><\/p>\n<p>&nbsp;<\/p>\n<p>&nbsp; &nbsp;<\/p>\n","protected":false},"excerpt":{"rendered":"<p>Somos un Centro de Educaci\u00f3n Permanente (CEPER &#8220;Diamantino Garc\u00eda Acosta&#8221;) de la sevillana localidad de Alcal\u00e1 de Guadaira. Contamos con dos sedes (Diamantino Norte y Diamantino Este) y con una Secci\u00f3n de Educaci\u00f3n Permanente (SEP &#8220;Torreblanca&#8221;). Estaremos encantados de recibirte en nuestras instalaciones y de que te sumes a nuestro alumnado y te formes con [&hellip;]<\/p>\n","protected":false},"author":12236,"featured_media":0,"parent":0,"menu_order":0,"comment_status":"closed","ping_status":"closed","template":"","meta":{"_et_pb_use_builder":"off","_et_pb_old_content":"","_et_gb_content_width":"","ngg_post_thumbnail":0,"footnotes":""},"aioseo_notices":[],"_links":{"self":[{"href":"https:\/\/blogsaverroes.juntadeandalucia.es\/diamantino\/wp-json\/wp\/v2\/pages\/663"}],"collection":[{"href":"https:\/\/blogsaverroes.juntadeandalucia.es\/diamantino\/wp-json\/wp\/v2\/pages"}],"about":[{"href":"https:\/\/blogsaverroes.juntadeandalucia.es\/diamantino\/wp-json\/wp\/v2\/types\/page"}],"author":[{"embeddable":true,"href":"https:\/\/blogsaverroes.juntadeandalucia.es\/diamantino\/wp-json\/wp\/v2\/users\/12236"}],"replies":[{"embeddable":true,"href":"https:\/\/blogsaverroes.juntadeandalucia.es\/diamantino\/wp-json\/wp\/v2\/comments?post=663"}],"version-history":[{"count":35,"href":"https:\/\/blogsaverroes.juntadeandalucia.es\/diamantino\/wp-json\/wp\/v2\/pages\/663\/revisions"}],"predecessor-version":[{"id":780,"href":"https:\/\/blogsaverroes.juntadeandalucia.es\/diamantino\/wp-json\/wp\/v2\/pages\/663\/revisions\/780"}],"wp:attachment":[{"href":"https:\/\/blogsaverroes.juntadeandalucia.es\/diamantino\/wp-json\/wp\/v2\/media?parent=663"}],"curies":[{"name":"wp","href":"https:\/\/api.w.org\/{rel}","templated":true}]}}