{"id":893,"date":"2025-02-06T18:27:52","date_gmt":"2025-02-06T17:27:52","guid":{"rendered":"https:\/\/blogsaverroes.juntadeandalucia.es\/diamantino\/?page_id=893"},"modified":"2025-02-06T18:54:55","modified_gmt":"2025-02-06T17:54:55","slug":"horarios-norte","status":"publish","type":"page","link":"https:\/\/blogsaverroes.juntadeandalucia.es\/diamantino\/horarios-norte\/","title":{"rendered":"Horarios Diamantino Norte (sede principal)"},"content":{"rendered":"<div class=\"adn ads\" data-message-id=\"#msg-f:1823328818674754980\" data-legacy-message-id=\"194dc3e671d765a4\">\n<div class=\"gs\">\n<div class=\"\">\n<div id=\":m1\" class=\"ii gt\">\n<div id=\":m0\" class=\"a3s aiL \">\n<div dir=\"auto\">\n<div dir=\"auto\">&nbsp;<\/div>\n<div dir=\"auto\">&nbsp;<\/div>\n<div dir=\"auto\">&nbsp;<\/div>\n<div dir=\"auto\">\n<table style=\"border-collapse: collapse;width: 100%;height: 694px\">\n<tbody>\n<tr style=\"height: 23px\">\n<td style=\"width: 99.9364%;text-align: center;height: 23px\" colspan=\"4\">HORARIOS<\/td>\n<\/tr>\n<tr style=\"height: 103px\">\n<td style=\"width: 43.5988%;text-align: center;height: 103px\">SECRETAR\u00cdA (ATENCI\u00d3N AL P\u00daBLICO)<\/td>\n<td style=\"width: 35.0318%;height: 103px\" colspan=\"2\">\n<p style=\"text-align: center\">LUNES A JUEVES<\/p>\n<p style=\"text-align: center\">18:00-20:00<\/p>\n<\/td>\n<td style=\"width: 21.3058%;text-align: center;height: 103px\">\n<div dir=\"auto\">VIERNES<\/div>\n<div dir=\"auto\">&nbsp;<\/div>\n<div dir=\"auto\">9:00-11:00<\/div>\n<\/td>\n<\/tr>\n<tr style=\"height: 103px\">\n<td style=\"width: 43.5988%;text-align: center;height: 103px\">\n<div dir=\"auto\">TUTOR\u00cdAS ALUMNADO ESA (PREVIA CITA)<\/div>\n<div dir=\"auto\">&nbsp;<\/div>\n<div dir=\"auto\">&nbsp;<\/div>\n<\/td>\n<td style=\"width: 56.3376%;text-align: center;height: 103px\" colspan=\"3\">DOS D\u00cdAS A LA SEMANA, PREGUNTAR AL TUTOR\/A<\/p>\n<p>15:30-16:00&nbsp;<\/td>\n<\/tr>\n<tr style=\"height: 23px\">\n<td style=\"width: 43.5988%;text-align: center;height: 23px\">PLAN DE FOMENTO A LA CIUDADAN\u00cdA ACTIVA PATRIMONIO ANDALUZ<\/td>\n<td style=\"width: 56.3376%;text-align: center;height: 23px\" colspan=\"3\">LUNES A JUEVES<\/p>\n<p>16:00-18:00<\/td>\n<\/tr>\n<tr style=\"height: 95px\">\n<td style=\"width: 43.5988%;text-align: center;height: 95px\">PLAN DE FOMENTO A LA CIUDADAN\u00cdA ACTIVA H\u00c1BITOS DE VIDA SALUDABLES<\/td>\n<td style=\"width: 56.3376%;text-align: center;height: 95px\" colspan=\"3\">\n<div dir=\"auto\">LUNES A JUEVES<\/div>\n<div dir=\"auto\">&nbsp;<\/div>\n<div dir=\"auto\">16:00-18:00<\/div>\n<div dir=\"auto\">&nbsp;<\/div>\n<\/td>\n<\/tr>\n<tr style=\"height: 23px\">\n<td style=\"width: 43.5988%;text-align: center;height: 23px\">PLAN DE FOMENTO A LA CIUDADAN\u00cdA ACTIVA INFORM\u00c1TICA B\u00c1SICA<\/td>\n<td style=\"width: 35.0318%;text-align: center;height: 23px\" colspan=\"2\">LUNES A JUEVES<\/p>\n<p>20:00-21:00<\/td>\n<td style=\"width: 21.3058%;text-align: center;height: 23px\">\n<div dir=\"auto\">VIERNES<\/div>\n<div dir=\"auto\">&nbsp;<\/div>\n<div dir=\"auto\">12:00-14:00<\/div>\n<\/td>\n<\/tr>\n<tr style=\"height: 118px\">\n<td style=\"width: 43.5988%;text-align: center;height: 118px\">\n<div dir=\"auto\">PLAN DE FOMENTO A LA CIUDADAN\u00cdA ACTIVA ESPA\u00d1OL PARA EXTRANJEROS<\/div>\n<div dir=\"auto\">&nbsp;<\/div>\n<\/td>\n<td style=\"width: 35.0318%;text-align: center;height: 118px\" colspan=\"2\">LUNES Y MI\u00c9RCOLES<\/p>\n<p>20:00-21:00<\/td>\n<td style=\"width: 21.3058%;text-align: center;height: 118px\">\n<div dir=\"auto\">&nbsp;<\/div>\n<div dir=\"auto\">VIERNES<\/div>\n<div dir=\"auto\">&nbsp;<\/div>\n<div dir=\"auto\">9:30-11:00<\/div>\n<div dir=\"auto\">&nbsp;<\/div>\n<\/td>\n<\/tr>\n<tr style=\"height: 103px\">\n<td style=\"width: 43.5988%;text-align: center;height: 103px\">PLAN DE FOMENTO A LA CIUDADAN\u00cdA ACTIVA USO B\u00c1SICO DEL IDIOMA INGL\u00c9S<\/td>\n<td style=\"width: 35.0318%;text-align: center;height: 103px\" colspan=\"2\">\n<div dir=\"auto\">LUNES A JUEVES<\/div>\n<div dir=\"auto\">&nbsp;<\/div>\n<div dir=\"auto\">19:00-20:00<\/div>\n<\/td>\n<td style=\"width: 21.3058%;text-align: center;height: 103px\">VIERNES<\/p>\n<p>9:00-11:00<\/td>\n<\/tr>\n<tr style=\"height: 103px\">\n<td style=\"width: 43.5988%;text-align: center;height: 103px\">\n<div dir=\"auto\">ASOCIACI\u00d3N DE ALUMNOS\/AS COLEGIO BLANCO<\/div>\n<div dir=\"auto\">&nbsp;<\/div>\n<\/td>\n<td style=\"text-align: center;height: 103px;width: 31.5923%\" colspan=\"2\">LUNES A JUEVES<\/p>\n<p>17:00-18:00&nbsp;<\/p>\n<p>ATENCI\u00d3N AL P\u00daBLICO<\/p>\n<p>&nbsp;<\/td>\n<td style=\"text-align: center;width: 21.3058%\">TODOS LOS D\u00cdAS POR LAS MA\u00d1ANAS HAY ACTIVIDADES (TEATRO, CORO, SEVILLANAS Y GIMNASIA)<\/p>\n<p>&nbsp;<\/td>\n<\/tr>\n<\/tbody>\n<\/table>\n<\/div>\n<div dir=\"auto\">&nbsp;<\/div>\n<div dir=\"auto\">&nbsp;<\/div>\n<div dir=\"auto\">&nbsp;<\/div>\n<div dir=\"auto\">&nbsp;<\/div>\n<div dir=\"auto\">&nbsp;<\/div>\n<div dir=\"auto\">&nbsp;<\/div>\n<div dir=\"auto\">&nbsp;<\/div>\n<div dir=\"auto\">&nbsp;<\/div>\n<div dir=\"auto\">Uso b\u00e1sico d idiomas ingl\u00e9s&nbsp;<\/div>\n<div dir=\"auto\">&nbsp;<\/div>\n<\/div>\n<div class=\"yj6qo\">&nbsp;<\/div>\n<div class=\"adL\">&nbsp;<\/div>\n<\/div>\n<\/div>\n<div class=\"WhmR8e\" data-hash=\"0\">&nbsp;<\/div>\n<\/div>\n<\/div>\n<div class=\"ajx\">&nbsp;<\/div>\n<\/div>\n<div class=\"gA gt acV\">\n<div class=\"gB xu\">\n<div class=\"ip iq\">\n<div id=\":m2\">\n<table class=\"cf wS\" role=\"presentation\">\n<tbody>\n<tr>\n<td class=\"amq\"><img decoding=\"async\" id=\":la_0\" class=\"ajn bofPge\" src=\"https:\/\/lh3.googleusercontent.com\/a\/ACg8ocKfKoinaRVR0AX92AbHcq0dsDxxKMnHfJGyuDOKGtBxQ5jT3w=s40-p-mo\" data-hovercard-id=\"fjperejil@gmail.com\"><\/td>\n<td class=\"amr\">\n<div class=\"nr wR\">\n<div class=\"amn\">\n<p><span id=\":lu\" class=\"ams bkH\" role=\"link\">Responder<\/span><span id=\":lw\" class=\"ams bkG\" role=\"link\">Reenviar<\/span><\/p>\n<div class=\"wrsVRe\" data-position=\"dynamic\">\n<div class=\"jWOS7-JX-ano\">&nbsp;<\/div>\n<div id=\"tt-c3\" class=\"ne2Ple-oshW8e-J9\" role=\"tooltip\" aria-hidden=\"true\">A\u00f1adir reacci\u00f3n<\/div>\n<\/div>\n<\/div>\n<\/div>\n<\/td>\n<\/tr>\n<\/tbody>\n<\/table>\n<\/div>\n<\/div>\n<\/div>\n<\/div>\n","protected":false},"excerpt":{"rendered":"<p>&nbsp; &nbsp; &nbsp; HORARIOS SECRETAR\u00cdA (ATENCI\u00d3N AL P\u00daBLICO) LUNES A JUEVES 18:00-20:00 VIERNES &nbsp; 9:00-11:00 TUTOR\u00cdAS ALUMNADO ESA (PREVIA CITA) &nbsp; &nbsp; DOS D\u00cdAS A LA SEMANA, PREGUNTAR AL TUTOR\/A 15:30-16:00&nbsp; PLAN DE FOMENTO A LA CIUDADAN\u00cdA ACTIVA PATRIMONIO ANDALUZ LUNES A JUEVES 16:00-18:00 PLAN DE FOMENTO A LA CIUDADAN\u00cdA ACTIVA H\u00c1BITOS DE VIDA SALUDABLES [&hellip;]<\/p>\n","protected":false},"author":12236,"featured_media":0,"parent":0,"menu_order":0,"comment_status":"closed","ping_status":"closed","template":"","meta":{"_et_pb_use_builder":"","_et_pb_old_content":"","_et_gb_content_width":"","ngg_post_thumbnail":0,"footnotes":""},"aioseo_notices":[],"_links":{"self":[{"href":"https:\/\/blogsaverroes.juntadeandalucia.es\/diamantino\/wp-json\/wp\/v2\/pages\/893"}],"collection":[{"href":"https:\/\/blogsaverroes.juntadeandalucia.es\/diamantino\/wp-json\/wp\/v2\/pages"}],"about":[{"href":"https:\/\/blogsaverroes.juntadeandalucia.es\/diamantino\/wp-json\/wp\/v2\/types\/page"}],"author":[{"embeddable":true,"href":"https:\/\/blogsaverroes.juntadeandalucia.es\/diamantino\/wp-json\/wp\/v2\/users\/12236"}],"replies":[{"embeddable":true,"href":"https:\/\/blogsaverroes.juntadeandalucia.es\/diamantino\/wp-json\/wp\/v2\/comments?post=893"}],"version-history":[{"count":17,"href":"https:\/\/blogsaverroes.juntadeandalucia.es\/diamantino\/wp-json\/wp\/v2\/pages\/893\/revisions"}],"predecessor-version":[{"id":910,"href":"https:\/\/blogsaverroes.juntadeandalucia.es\/diamantino\/wp-json\/wp\/v2\/pages\/893\/revisions\/910"}],"wp:attachment":[{"href":"https:\/\/blogsaverroes.juntadeandalucia.es\/diamantino\/wp-json\/wp\/v2\/media?parent=893"}],"curies":[{"name":"wp","href":"https:\/\/api.w.org\/{rel}","templated":true}]}}