{"id":15,"date":"2015-10-19T12:28:20","date_gmt":"2015-10-19T12:28:20","guid":{"rendered":"http:\/\/blogsaverroes.juntadeandalucia.es\/diaprendo\/?page_id=15"},"modified":"2016-02-09T11:29:19","modified_gmt":"2016-02-09T10:29:19","slug":"inicio","status":"publish","type":"page","link":"https:\/\/blogsaverroes.juntadeandalucia.es\/diaprendo\/inicio\/","title":{"rendered":"A INICIO"},"content":{"rendered":"<p>Bienvenidos-as a esta web. Se pretende crear un espacio que facilite al profesorado recursos e instrumentos para la atenci\u00f3n a la diversidad; especialmente, en lo que a dificultades de aprendizaje se refiere; por ello, se denomina \u201cdiaprende\u201d<\/p>\n<p>En muchas ocasiones detectamos en nuestra aula un grupo de alumnado que no aprende mediante los procedimientos convencionales, y que necesita de herramientas, metodolog\u00eda espec\u00edfica, etc. para poder acceder al curr\u00edculo. Estas dificultades en el aprendizaje se hacen patentes en las habilidades instrumentales b\u00e1sicas: lectura, escritura, matem\u00e1ticas, etc.<\/p>\n<p>Esperamos que todos estos recursos sean de utilidad en el aula. Por supuesto, la participaci\u00f3n est\u00e1 abierta a todos aquellos compa\u00f1eros y compa\u00f1eras que deseen presentar materiales que consideren adecuados para el aprendizaje de su alumnado.<\/p>\n<p><img loading=\"lazy\" decoding=\"async\" class=\"alignnone wp-image-258\" src=\"https:\/\/diaprende.files.wordpress.com\/2015\/10\/lectura.jpg?w=300\" alt=\"Lectura\" width=\"263\" height=\"235\" \/><\/p>\n","protected":false},"excerpt":{"rendered":"<p>Bienvenidos-as a esta web. Se pretende crear un espacio que facilite al profesorado recursos e instrumentos para la atenci\u00f3n a la diversidad; especialmente, en lo que a dificultades de aprendizaje se refiere; por ello,&#46;&#46;&#46;<\/p>\n","protected":false},"author":2018,"featured_media":0,"parent":0,"menu_order":0,"comment_status":"open","ping_status":"open","template":"","meta":{"ngg_post_thumbnail":0,"footnotes":""},"aioseo_notices":[],"_links":{"self":[{"href":"https:\/\/blogsaverroes.juntadeandalucia.es\/diaprendo\/wp-json\/wp\/v2\/pages\/15"}],"collection":[{"href":"https:\/\/blogsaverroes.juntadeandalucia.es\/diaprendo\/wp-json\/wp\/v2\/pages"}],"about":[{"href":"https:\/\/blogsaverroes.juntadeandalucia.es\/diaprendo\/wp-json\/wp\/v2\/types\/page"}],"author":[{"embeddable":true,"href":"https:\/\/blogsaverroes.juntadeandalucia.es\/diaprendo\/wp-json\/wp\/v2\/users\/2018"}],"replies":[{"embeddable":true,"href":"https:\/\/blogsaverroes.juntadeandalucia.es\/diaprendo\/wp-json\/wp\/v2\/comments?post=15"}],"version-history":[{"count":6,"href":"https:\/\/blogsaverroes.juntadeandalucia.es\/diaprendo\/wp-json\/wp\/v2\/pages\/15\/revisions"}],"predecessor-version":[{"id":302,"href":"https:\/\/blogsaverroes.juntadeandalucia.es\/diaprendo\/wp-json\/wp\/v2\/pages\/15\/revisions\/302"}],"wp:attachment":[{"href":"https:\/\/blogsaverroes.juntadeandalucia.es\/diaprendo\/wp-json\/wp\/v2\/media?parent=15"}],"curies":[{"name":"wp","href":"https:\/\/api.w.org\/{rel}","templated":true}]}}