{"id":172,"date":"2015-11-20T13:03:01","date_gmt":"2015-11-20T12:03:01","guid":{"rendered":"http:\/\/blogsaverroes.juntadeandalucia.es\/diaprendo\/?page_id=172"},"modified":"2016-01-26T12:59:58","modified_gmt":"2016-01-26T11:59:58","slug":"ciencias-sociales","status":"publish","type":"page","link":"https:\/\/blogsaverroes.juntadeandalucia.es\/diaprendo\/ciencias-sociales\/","title":{"rendered":"CIENCIAS SOCIALES"},"content":{"rendered":"<p>CIENCIAS SOCIALES<\/p>\n<p>Rosa Garc\u00eda Pag\u00e1n, creadora del blog\u00a0<a href=\"http:\/\/audicionylenguajeenunclic.blogspot.com.es\/\">Audici\u00f3n y Lenguaje en un Clic<\/a>\u00a0\u00a0nos sigue compartiendo su fant\u00e1stico trabajo, publicado tambi\u00e9n en su fant\u00e1stico blog muy muy recomendable\u00a0, en esta ocasi\u00f3n\u00a0<strong>ACI BASE DE CIENCIAS SOCIALES DE 1\u00ba A 4\u00ba DE PRIMARIA<\/strong><\/p>\n<p><a href=\"http:\/\/www.aulapt.org\/2015\/09\/13\/aci-base-de-ciencias-sociales-de-1o-a-4o-de-primaria-lomce-murcia\/\">http:\/\/www.aulapt.org\/2015\/09\/13\/aci-base-de-ciencias-sociales-de-1o-a-4o-de-primaria-lomce-murcia\/<\/a><\/p>\n<p>El archivo est\u00e1 en formato doc modificable.<\/p>\n<div><strong><a title=\"Adaptaci\u00f3n curricular individualizada ciencias sociales\" href=\"http:\/\/es.slideshare.net\/RosaGarcia29\/adaptacin-curricular-individualizada-ciencias-sociales-52724798\" target=\"_blank\">Adaptaci\u00f3n curricular individualizada ciencias sociales<\/a> <\/strong>from <strong><a href=\"http:\/\/www.slideshare.net\/RosaGarcia29\" target=\"_blank\">Rosa Garcia<\/a><\/strong><\/div>\n<p>&nbsp;<\/p>\n","protected":false},"excerpt":{"rendered":"<p>CIENCIAS SOCIALES Rosa Garc\u00eda Pag\u00e1n, creadora del blog\u00a0Audici\u00f3n y Lenguaje en un Clic\u00a0\u00a0nos sigue compartiendo su fant\u00e1stico trabajo, publicado tambi\u00e9n en su fant\u00e1stico blog muy muy recomendable\u00a0, en esta ocasi\u00f3n\u00a0ACI BASE DE CIENCIAS SOCIALES&#46;&#46;&#46;<\/p>\n","protected":false},"author":2018,"featured_media":0,"parent":0,"menu_order":0,"comment_status":"closed","ping_status":"closed","template":"","meta":{"ngg_post_thumbnail":0,"footnotes":""},"aioseo_notices":[],"_links":{"self":[{"href":"https:\/\/blogsaverroes.juntadeandalucia.es\/diaprendo\/wp-json\/wp\/v2\/pages\/172"}],"collection":[{"href":"https:\/\/blogsaverroes.juntadeandalucia.es\/diaprendo\/wp-json\/wp\/v2\/pages"}],"about":[{"href":"https:\/\/blogsaverroes.juntadeandalucia.es\/diaprendo\/wp-json\/wp\/v2\/types\/page"}],"author":[{"embeddable":true,"href":"https:\/\/blogsaverroes.juntadeandalucia.es\/diaprendo\/wp-json\/wp\/v2\/users\/2018"}],"replies":[{"embeddable":true,"href":"https:\/\/blogsaverroes.juntadeandalucia.es\/diaprendo\/wp-json\/wp\/v2\/comments?post=172"}],"version-history":[{"count":3,"href":"https:\/\/blogsaverroes.juntadeandalucia.es\/diaprendo\/wp-json\/wp\/v2\/pages\/172\/revisions"}],"predecessor-version":[{"id":249,"href":"https:\/\/blogsaverroes.juntadeandalucia.es\/diaprendo\/wp-json\/wp\/v2\/pages\/172\/revisions\/249"}],"wp:attachment":[{"href":"https:\/\/blogsaverroes.juntadeandalucia.es\/diaprendo\/wp-json\/wp\/v2\/media?parent=172"}],"curies":[{"name":"wp","href":"https:\/\/api.w.org\/{rel}","templated":true}]}}