{"id":420,"date":"2019-04-22T13:14:57","date_gmt":"2019-04-22T11:14:57","guid":{"rendered":"http:\/\/blogsaverroes.juntadeandalucia.es\/diaprendo\/?page_id=420"},"modified":"2019-04-22T13:30:25","modified_gmt":"2019-04-22T11:30:25","slug":"funciones-ejecutivas-tdah-intervencion-1er-ciclo-primaria","status":"publish","type":"page","link":"https:\/\/blogsaverroes.juntadeandalucia.es\/diaprendo\/funciones-ejecutivas-tdah-intervencion-1er-ciclo-primaria\/","title":{"rendered":"FUNCIONES EJECUTIVAS- TDAH -INTERVENCI\u00d3N 1er ciclo primaria"},"content":{"rendered":"<p>Se presentan los siguientes recursos de ayuda para intervenir con el alumnado y desarrollar las funciones ejecutivas:<\/p>\n<p>A) Programa para la atenci\u00f3n educativa al alumnado con TDAH Centro de desarrollo y estimulaci\u00f3n del aprendizaje. Direcci\u00f3n General de Ordenaci\u00f3n e Innovaci\u00f3n Educativa.<\/p>\n<p>&nbsp;TALLER PARA EL DESARROLLO DE LAS FUNCIONES EJECUTIVAS. (MECO TDAHCanarias)<\/p>\n<p>Edita: Consejer\u00eda de Educaci\u00f3n, Universidades, Cultura y Deportes del Gobierno de Canarias. Direcci\u00f3n General de Ordenaci\u00f3n e Innovaci\u00f3n Educativa.<\/p>\n<p>LIBRO DEL ALUMNO O ALUMNA Nivel1<\/p>\n<p>B) Programa para la atenci\u00f3n educativa al alumnado con TDAH Centro de desarrollo y estimulaci\u00f3n del aprendizaje. Direcci\u00f3n General de Ordenaci\u00f3n e Innovaci\u00f3n Educativa. TALLER PARA EL DESARROLLO DE LAS FUNCIONES EJECUTIVAS. (MECO TDAHCanarias)<\/p>\n<p>LIBRO DEL PROFESORADO Nivel 1<\/p>\n<p>Direcci\u00f3n y Coordinaci\u00f3n: Dr. D. CEFERINO ARTILES HERN\u00c1NDEZ Dr. D. JUAN E. JIM\u00c9NEZ GONZ\u00c1LEZ Elaboraci\u00f3n y puesta en pr\u00e1ctica de las actividades: D\u00aa Raquel Mart\u00edn Gonz\u00e1lez<\/p>\n<p>Enlaces:<\/p>\n<p><a href=\"https:\/\/colaboraeducacion30.juntadeandalucia.es\/educacion\/colabora\/web\/guest\/ayuda\/foro\/-\/message_boards\/message\/5342289\">Aqu\u00ed 1<\/a><\/p>\n<p><a href=\"https:\/\/colaboraeducacion30.juntadeandalucia.es\/educacion\/colabora\/web\/guest\/ayuda\/foro\/-\/message_boards\/message\/5342289#_19_message_5342289\">Aqu\u00ed 2<\/a><\/p>\n<p>&nbsp;<\/p>\n","protected":false},"excerpt":{"rendered":"<p>Se presentan los siguientes recursos de ayuda para intervenir con el alumnado y desarrollar las funciones ejecutivas: A) Programa para la atenci\u00f3n educativa al alumnado con TDAH Centro de desarrollo y estimulaci\u00f3n del aprendizaje.&#46;&#46;&#46;<\/p>\n","protected":false},"author":2018,"featured_media":0,"parent":0,"menu_order":0,"comment_status":"closed","ping_status":"closed","template":"","meta":{"ngg_post_thumbnail":0,"footnotes":""},"aioseo_notices":[],"_links":{"self":[{"href":"https:\/\/blogsaverroes.juntadeandalucia.es\/diaprendo\/wp-json\/wp\/v2\/pages\/420"}],"collection":[{"href":"https:\/\/blogsaverroes.juntadeandalucia.es\/diaprendo\/wp-json\/wp\/v2\/pages"}],"about":[{"href":"https:\/\/blogsaverroes.juntadeandalucia.es\/diaprendo\/wp-json\/wp\/v2\/types\/page"}],"author":[{"embeddable":true,"href":"https:\/\/blogsaverroes.juntadeandalucia.es\/diaprendo\/wp-json\/wp\/v2\/users\/2018"}],"replies":[{"embeddable":true,"href":"https:\/\/blogsaverroes.juntadeandalucia.es\/diaprendo\/wp-json\/wp\/v2\/comments?post=420"}],"version-history":[{"count":4,"href":"https:\/\/blogsaverroes.juntadeandalucia.es\/diaprendo\/wp-json\/wp\/v2\/pages\/420\/revisions"}],"predecessor-version":[{"id":426,"href":"https:\/\/blogsaverroes.juntadeandalucia.es\/diaprendo\/wp-json\/wp\/v2\/pages\/420\/revisions\/426"}],"wp:attachment":[{"href":"https:\/\/blogsaverroes.juntadeandalucia.es\/diaprendo\/wp-json\/wp\/v2\/media?parent=420"}],"curies":[{"name":"wp","href":"https:\/\/api.w.org\/{rel}","templated":true}]}}