{"id":1415,"date":"2021-04-07T07:35:21","date_gmt":"2021-04-07T07:35:21","guid":{"rendered":"https:\/\/blogsaverroes.juntadeandalucia.es\/dibujoyartesplasticas\/?page_id=1415"},"modified":"2021-04-07T07:51:28","modified_gmt":"2021-04-07T07:51:28","slug":"tema-9-patrimonio","status":"publish","type":"page","link":"https:\/\/blogsaverroes.juntadeandalucia.es\/dibujoyartesplasticas\/tema-9-patrimonio\/","title":{"rendered":"tema 9 Patrimonio"},"content":{"rendered":"<p><strong>TEMA 9 LAS ARTES PL\u00c1STICAS EN EL PATRIMONIO ART\u00cdSTICO.<\/strong><\/p>\n<p><strong><span style=\"color: #ff6600\">\u00bfQU\u00c9 SON LAS ARTES PL\u00c1STICAS? <\/span><\/strong>Las artes pl\u00e1sticas son aquellas artes que utilizan materiales capaces de ser modificados o moldeados por el artista para crear una obra. Son aquellas manifestaciones del ser humano que reflejan, con recursos pl\u00e1sticos, alg\u00fan producto de su imaginaci\u00f3n o su visi\u00f3n de la realidad.<br \/>\nSe refiere el t\u00e9rmino de manera m\u00e1s amplia a las artes visuales para diferenciarlas del arte musical, de la danza, la literatura o del teatro. Incluidas dentro de las Bellas Artes, el t\u00e9rmino &#8216;artes pl\u00e1sticas&#8217; aparece a principios del siglo XIX para referirse a la pintura, la escultura, el dibujo, la arquitectura, el grabado, la cer\u00e1mica, la orfebrer\u00eda, la artesan\u00eda y la pintura mural.<br \/>\nLos conceptos de artes pl\u00e1sticas y artes visuales. A partir de los movimientos art\u00edsticos que se fueron desarrollando durante el siglo XX, el concepto de artes pl\u00e1sticas comenz\u00f3 a cambiar. Nuevas propuestas<br \/>\nart\u00edsticas como el ready-made (arte encontrado) hicieron cuestionar si es necesario modificar un material<br \/>\npara obtener una obra de arte.<br \/>\nA mediados del siglo XX se comenz\u00f3 a utilizar el t\u00e9rmino artes visuales, que engloba el de artes<br \/>\npl\u00e1sticas y todos los nuevos medios. Las artes visuales a\u00f1aden otros recursos como puede ser el sonido, el<br \/>\nvideo, la inform\u00e1tica, la electr\u00f3nica, etc., para crear obras o propuestas art\u00edsticas.<br \/>\n<span style=\"color: #ff6600\"><strong>Conceptos en artes pl\u00e1sticas.<\/strong><\/span> El artista pl\u00e1stico es la persona que se dedica profesionalmente al<br \/>\ndesarrollo de este tipo de arte. En algunos casos el artista se vale de varias disciplinas art\u00edsticas a la vez. Esto ocurre porque el artista aplica sus conocimientos para realizar sus obras con diferentes materiales, medios y t\u00e9cnicas.<br \/>\nTradicionalmente, las escuelas de arte ofrecen al estudiante, para que desarrolle su potencial<br \/>\ncreativo, la posibilidad de trabajar varias disciplinas art\u00edsticas. Esto es posible porque las artes pl\u00e1sticas<br \/>\nparten de principios y conceptos comunes a todas las disciplinas art\u00edsticas, como son: los elementos del<br \/>\ndise\u00f1o, las teor\u00edas del color y su psicolog\u00eda.<br \/>\nLos t\u00e9rminos obra de arte y obra art\u00edstica son las denominaciones que se dan al producto de una creaci\u00f3n<br \/>\nen el campo del arte, creaci\u00f3n a la que se atribuye una funci\u00f3n est\u00e9tica o social. Dada la cl\u00e1sica identificaci\u00f3n del concepto de \u00abarte\u00bb con las bellas artes, suele restringirse el concepto de obra de arte a los productos de \u00e9stas: los de las artes pl\u00e1sticas, denominadas artes mayores (pintura, escultura y arquitectura), las obras literarias y las obras musicales.<br \/>\n<strong><span style=\"color: #ff6600\">PATRIMONIO ART\u00cdSTICO<\/span><\/strong> es la parte del patrimonio cultural y del patrimonio hist\u00f3rico que se manifiesta en las obras de arte. Buena parte del Patrimonio de la Humanidad o Patrimonio Mundial, definido por la UNESCO, consiste en patrimonio art\u00edstico.v tambi\u00e9n se utiliza la expresi\u00f3n patrimonio hist\u00f3rico-art\u00edstico, especialmente en Espa\u00f1a, donde ciertas zonas se declaran conjunto hist\u00f3rico-art\u00edstico y ciertos monumentos monumento hist\u00f3rico-art\u00edstico.<br \/>\nPatrimonio cultural es la herencia cultural propia del pasado de una comunidad, mantenida hasta la<br \/>\nactualidad y transmitida a las generaciones presentes y futuras.<br \/>\nPatrimonio hist\u00f3rico se denomina al conjunto de bienes, tanto materiales como inmateriales, acumulados a lo largo del tiempo. Estos bienes pueden ser de tipo hist\u00f3rico de diversa \u00edndole, art\u00edstico (arquitect\u00f3nico, escult\u00f3rico, etc.) paleontol\u00f3gico, arqueol\u00f3gico, etnogr\u00e1fico, documental, bibliogr\u00e1fico, cient\u00edfico o t\u00e9cnico, as\u00ed como sitios naturales o parques, que por su ecosistema o valor hist\u00f3rico deban ser protegidos. Esta diversidad del tipo de bienes que comprende, explica que \u00faltimamente el t\u00e9rmino tienda a sustituirse por el de \u00abbienes culturales\u00bb (Patrimonio cultural) acepci\u00f3n m\u00e1s reciente y de uso internacional.<br \/>\n<strong><span style=\"color: #ff6600\">MONUMENTO<\/span><\/strong> es el elemento (obra art\u00edstica), la construcci\u00f3n o el lugar que representa un gran valor<br \/>\nhist\u00f3rico, patrimonial o arquitect\u00f3nico para un pa\u00eds o una comunidad, y que es protegido por leyes de ese<br \/>\npa\u00eds o comunidad.<br \/>\n<span style=\"color: #ff6600\"><strong>MUSEO<\/strong><\/span> (del lat\u00edn mus \u0113 um y este a su vez del griego \u039c\u03bf\u03c5\u03c3\u03b5\u03af\u03bf\u03bd ) es una instituci\u00f3n p\u00fablica o privada,<br \/>\npermanente, con o sin fines de lucro, al servicio de la sociedad y su desarrollo, y abierta al p\u00fablico, que<br \/>\nadquiere, conserva, investiga, comunica, expone o exhibe, con prop\u00f3sitos de estudio y educaci\u00f3n,<br \/>\ncolecciones de arte, cient\u00edficas, entre otros, siempre con un valor cultural, seg\u00fan el Consejo Internacional de Museos (ICOM). La ciencia que los estudia se denomina museolog\u00eda, la t\u00e9cnica de su gesti\u00f3n museograf\u00eda y la administraci\u00f3n de los mismos, museonom\u00eda.<\/p>\n","protected":false},"excerpt":{"rendered":"<p>TEMA 9 LAS ARTES PL\u00c1STICAS EN EL PATRIMONIO ART\u00cdSTICO. \u00bfQU\u00c9 SON LAS ARTES PL\u00c1STICAS? Las artes pl\u00e1sticas son aquellas artes que utilizan materiales capaces de&hellip;<\/p>\n","protected":false},"author":3523,"featured_media":0,"parent":0,"menu_order":0,"comment_status":"closed","ping_status":"closed","template":"","meta":{"ngg_post_thumbnail":0,"footnotes":""},"aioseo_notices":[],"_links":{"self":[{"href":"https:\/\/blogsaverroes.juntadeandalucia.es\/dibujoyartesplasticas\/wp-json\/wp\/v2\/pages\/1415"}],"collection":[{"href":"https:\/\/blogsaverroes.juntadeandalucia.es\/dibujoyartesplasticas\/wp-json\/wp\/v2\/pages"}],"about":[{"href":"https:\/\/blogsaverroes.juntadeandalucia.es\/dibujoyartesplasticas\/wp-json\/wp\/v2\/types\/page"}],"author":[{"embeddable":true,"href":"https:\/\/blogsaverroes.juntadeandalucia.es\/dibujoyartesplasticas\/wp-json\/wp\/v2\/users\/3523"}],"replies":[{"embeddable":true,"href":"https:\/\/blogsaverroes.juntadeandalucia.es\/dibujoyartesplasticas\/wp-json\/wp\/v2\/comments?post=1415"}],"version-history":[{"count":5,"href":"https:\/\/blogsaverroes.juntadeandalucia.es\/dibujoyartesplasticas\/wp-json\/wp\/v2\/pages\/1415\/revisions"}],"predecessor-version":[{"id":1422,"href":"https:\/\/blogsaverroes.juntadeandalucia.es\/dibujoyartesplasticas\/wp-json\/wp\/v2\/pages\/1415\/revisions\/1422"}],"wp:attachment":[{"href":"https:\/\/blogsaverroes.juntadeandalucia.es\/dibujoyartesplasticas\/wp-json\/wp\/v2\/media?parent=1415"}],"curies":[{"name":"wp","href":"https:\/\/api.w.org\/{rel}","templated":true}]}}