{"id":57,"date":"2020-03-17T00:00:44","date_gmt":"2020-03-17T00:00:44","guid":{"rendered":"https:\/\/blogsaverroes.juntadeandalucia.es\/dibujoyartesplasticas\/?page_id=57"},"modified":"2020-03-17T17:46:41","modified_gmt":"2020-03-17T17:46:41","slug":"estamos-aqui","status":"publish","type":"page","link":"https:\/\/blogsaverroes.juntadeandalucia.es\/dibujoyartesplasticas\/estamos-aqui\/","title":{"rendered":"Localizaci\u00f3n"},"content":{"rendered":"<h4 style=\"text-align: left\"><span style=\"color: #ffffff;font-family: helvetica,arial,sans-serif;font-size: 18pt;background-color: #3366ff\"><strong>&nbsp;Situaci\u00f3n&nbsp;<\/strong><\/span><\/h4>\n<hr>\n<p><iframe loading=\"lazy\" src=\"https:\/\/www.google.com\/maps\/embed?pb=!1m18!1m12!1m3!1d3197.0063034229447!2d-3.0281246852220103!3d36.746419778425945!2m3!1f0!2f0!3f0!3m2!1i1024!2i768!4f13.1!3m3!1m2!1s0xd704df851fbe58d%3A0x68b450ffa8960e3f!2sI.E.S%20Gaviota!5e0!3m2!1ses!2ses!4v1584467203612!5m2!1ses!2ses\" width=\"600\" height=\"450\" frameborder=\"0\"><\/iframe>&nbsp;<\/p>\n<hr>\n<h4><span style=\"font-size: 18pt;background-color: #3366ff;color: #ffffff;font-family: helvetica,arial,sans-serif\"><strong>&nbsp;Datos de contacto&nbsp;<\/strong><\/span><\/h4>\n<h3><span style=\"font-family: helvetica,arial,sans-serif\"><strong><span style=\"font-size: 14pt\">Instituto de Educaci\u00f3n Secundaria Gaviota<\/span><\/strong><\/span><\/h3>\n<h3><span style=\"font-family: helvetica,arial,sans-serif;font-size: 12pt\">Calle Estero, 4<\/span><\/h3>\n<h3><span style=\"font-family: helvetica,arial,sans-serif;font-size: 12pt\">04770&nbsp;Adra-Almer\u00eda (ESPA\u00d1A)<\/span><\/h3>\n<p><span style=\"font-size: 14pt\"><strong>TEL\u00c9FONOS<\/strong><\/span><\/p>\n<h3><span style=\"font-family: helvetica,arial,sans-serif;font-size: 12pt\">Tel\u00e9fono (+34)&nbsp;&nbsp;950 579 614<\/span><\/h3>\n<h3><span style=\"font-family: helvetica,arial,sans-serif;font-size: 12pt\"> Fax (+34)&nbsp;<strong>&nbsp;<\/strong>950 579 616<\/span><\/h3>\n<h3><span style=\"font-family: helvetica,arial,sans-serif;font-size: 14pt\"> <strong>E-MAIL<\/strong><\/span><\/h3>\n<h3><span style=\"font-size: 12pt;font-family: helvetica, arial, sans-serif\">04000134.edu@juntadeandalucia.es<\/span><\/h3>\n<p><span style=\"font-family: helvetica,arial,sans-serif;font-size: 14pt\"><strong>WEB<\/strong><\/span><\/p>\n<p><span style=\"font-family: helvetica,arial,sans-serif;font-size: 12pt\">https:\/\/blogsaverroes.juntadeandalucia.es\/iesgaviota<\/span><\/p>\n<p>&nbsp;<\/p>\n<blockquote>\n<h4>&nbsp;<\/h4>\n<\/blockquote>\n","protected":false},"excerpt":{"rendered":"<p>&nbsp;Situaci\u00f3n&nbsp; &nbsp; &nbsp;Datos de contacto&nbsp; Instituto de Educaci\u00f3n Secundaria Gaviota Calle Estero, 4 04770&nbsp;Adra-Almer\u00eda (ESPA\u00d1A) TEL\u00c9FONOS Tel\u00e9fono (+34)&nbsp;&nbsp;950 579 614 Fax (+34)&nbsp;&nbsp;950 579 616 E-MAIL&hellip;<\/p>\n","protected":false},"author":3523,"featured_media":0,"parent":0,"menu_order":0,"comment_status":"closed","ping_status":"closed","template":"","meta":{"ngg_post_thumbnail":0,"footnotes":""},"aioseo_notices":[],"_links":{"self":[{"href":"https:\/\/blogsaverroes.juntadeandalucia.es\/dibujoyartesplasticas\/wp-json\/wp\/v2\/pages\/57"}],"collection":[{"href":"https:\/\/blogsaverroes.juntadeandalucia.es\/dibujoyartesplasticas\/wp-json\/wp\/v2\/pages"}],"about":[{"href":"https:\/\/blogsaverroes.juntadeandalucia.es\/dibujoyartesplasticas\/wp-json\/wp\/v2\/types\/page"}],"author":[{"embeddable":true,"href":"https:\/\/blogsaverroes.juntadeandalucia.es\/dibujoyartesplasticas\/wp-json\/wp\/v2\/users\/3523"}],"replies":[{"embeddable":true,"href":"https:\/\/blogsaverroes.juntadeandalucia.es\/dibujoyartesplasticas\/wp-json\/wp\/v2\/comments?post=57"}],"version-history":[{"count":8,"href":"https:\/\/blogsaverroes.juntadeandalucia.es\/dibujoyartesplasticas\/wp-json\/wp\/v2\/pages\/57\/revisions"}],"predecessor-version":[{"id":66,"href":"https:\/\/blogsaverroes.juntadeandalucia.es\/dibujoyartesplasticas\/wp-json\/wp\/v2\/pages\/57\/revisions\/66"}],"wp:attachment":[{"href":"https:\/\/blogsaverroes.juntadeandalucia.es\/dibujoyartesplasticas\/wp-json\/wp\/v2\/media?parent=57"}],"curies":[{"name":"wp","href":"https:\/\/api.w.org\/{rel}","templated":true}]}}