{"id":67,"date":"2020-03-17T17:51:30","date_gmt":"2020-03-17T17:51:30","guid":{"rendered":"https:\/\/blogsaverroes.juntadeandalucia.es\/dibujoyartesplasticas\/?page_id=67"},"modified":"2021-09-19T22:18:42","modified_gmt":"2021-09-19T22:18:42","slug":"contacto","status":"publish","type":"page","link":"https:\/\/blogsaverroes.juntadeandalucia.es\/dibujoyartesplasticas\/contacto\/","title":{"rendered":"CONTACTO"},"content":{"rendered":"<h4><span style=\"font-family: arial, helvetica, sans-serif\">DEPARTAMENTO DE DIBUJO Y ARTE PL\u00c1STICAS.<\/span><\/h4>\n<p><em>Profesor de dibujo:&nbsp;<\/em>Hip\u00f3lito Lombardo<\/p>\n<p><span style=\"font-family: arial, helvetica, sans-serif\">Correo-E:&nbsp;<\/span><strong><span style=\"font-family: arial, helvetica, sans-serif\">nazaridibujo@gmail.com<\/span><\/strong><\/p>\n<h4>[bestwebsoft_contact_form]<\/h4>\n<h4 class=\"western\"><span style=\"font-family: arial, helvetica, sans-serif\"><strong><span style=\"color: #ffffff\">&nbsp;<\/span><\/strong><strong><span style=\"font-size: large\">Instituto de Educaci\u00f3n Secundaria Nazar\u00ed<\/span><\/strong><\/span><\/h4>\n<h3 class=\"western\"><span style=\"font-family: arial, helvetica, sans-serif\"><span style=\"font-size: medium\">Avenida Nicaragua s\/n<\/span><\/span><\/h3>\n<h3 class=\"western\"><span style=\"font-family: arial, helvetica, sans-serif\"><span style=\"font-size: medium\">18680 SALOBRE\u00d1A-GRANADA (ESPA\u00d1A)<\/span><\/span><\/h3>\n<p><span style=\"font-family: arial, helvetica, sans-serif\"><strong><span style=\"font-size: large\">TEL\u00c9FONOS<\/span><\/strong><\/span><\/p>\n<h3 class=\"western\"><span style=\"font-family: arial, helvetica, sans-serif\"><span style=\"font-size: medium\">Tel\u00e9fono (+34)&nbsp;&nbsp;958 64 95 02<\/span><\/span><\/h3>\n<h3 class=\"western\"><span style=\"font-family: arial, helvetica, sans-serif\"><span style=\"font-size: medium\">Fax (+34)&nbsp;<\/span><\/span><\/h3>\n<h3 class=\"western\"><span style=\"font-family: arial, helvetica, sans-serif\"><strong><span style=\"font-size: large\">Correo-E<\/span><\/strong><\/span><\/h3>\n<h3 class=\"western\">&nbsp;<\/h3>\n<p><span style=\"font-family: arial, helvetica, sans-serif\"><strong><span style=\"font-size: large\">WEB<\/span><\/strong><\/span><\/p>\n","protected":false},"excerpt":{"rendered":"<p>DEPARTAMENTO DE DIBUJO Y ARTE PL\u00c1STICAS. Profesor de dibujo:&nbsp;Hip\u00f3lito Lombardo Correo-E:&nbsp;nazaridibujo@gmail.com [bestwebsoft_contact_form] &nbsp;Instituto de Educaci\u00f3n Secundaria Nazar\u00ed Avenida Nicaragua s\/n 18680 SALOBRE\u00d1A-GRANADA (ESPA\u00d1A) TEL\u00c9FONOS Tel\u00e9fono&hellip;<\/p>\n","protected":false},"author":3523,"featured_media":0,"parent":0,"menu_order":0,"comment_status":"closed","ping_status":"closed","template":"","meta":{"ngg_post_thumbnail":0,"footnotes":""},"aioseo_notices":[],"_links":{"self":[{"href":"https:\/\/blogsaverroes.juntadeandalucia.es\/dibujoyartesplasticas\/wp-json\/wp\/v2\/pages\/67"}],"collection":[{"href":"https:\/\/blogsaverroes.juntadeandalucia.es\/dibujoyartesplasticas\/wp-json\/wp\/v2\/pages"}],"about":[{"href":"https:\/\/blogsaverroes.juntadeandalucia.es\/dibujoyartesplasticas\/wp-json\/wp\/v2\/types\/page"}],"author":[{"embeddable":true,"href":"https:\/\/blogsaverroes.juntadeandalucia.es\/dibujoyartesplasticas\/wp-json\/wp\/v2\/users\/3523"}],"replies":[{"embeddable":true,"href":"https:\/\/blogsaverroes.juntadeandalucia.es\/dibujoyartesplasticas\/wp-json\/wp\/v2\/comments?post=67"}],"version-history":[{"count":11,"href":"https:\/\/blogsaverroes.juntadeandalucia.es\/dibujoyartesplasticas\/wp-json\/wp\/v2\/pages\/67\/revisions"}],"predecessor-version":[{"id":1633,"href":"https:\/\/blogsaverroes.juntadeandalucia.es\/dibujoyartesplasticas\/wp-json\/wp\/v2\/pages\/67\/revisions\/1633"}],"wp:attachment":[{"href":"https:\/\/blogsaverroes.juntadeandalucia.es\/dibujoyartesplasticas\/wp-json\/wp\/v2\/media?parent=67"}],"curies":[{"name":"wp","href":"https:\/\/api.w.org\/{rel}","templated":true}]}}