{"id":717,"date":"2020-09-25T10:12:21","date_gmt":"2020-09-25T10:12:21","guid":{"rendered":"https:\/\/blogsaverroes.juntadeandalucia.es\/dibujoyartesplasticas\/?page_id=717"},"modified":"2020-09-25T10:26:28","modified_gmt":"2020-09-25T10:26:28","slug":"epva1-teoria-practica","status":"publish","type":"page","link":"https:\/\/blogsaverroes.juntadeandalucia.es\/dibujoyartesplasticas\/epva-1o-eso\/epva1-teoria-practica\/","title":{"rendered":"EPVA1-TEOR\u00cdA-PR\u00c1CTICA"},"content":{"rendered":"<table class=\" alignleft\" style=\"width: 63.29%;height: 297px;border-collapse: collapse\">\n<tbody>\n<tr style=\"height: 21px;background-color: #3369e8\">\n<td style=\"width: 24.7%;height: 21px;text-align: center\"><span style=\"color: #ffffff\"><strong>EPVA 1<\/strong><\/span><\/td>\n<td style=\"width: 54.45%;height: 21px;text-align: center\"><span style=\"color: #ffffff\"><strong>UNIDADS DID\u00c1CTICAS<\/strong><\/span><\/td>\n<td style=\"width: 21.61%;height: 21px;text-align: center\"><span style=\"color: #ffffff\"><strong>1\u00ba&nbsp; ESO<\/strong><\/span><\/td>\n<\/tr>\n<tr style=\"height: 23px;background-color: #eeb211\">\n<td style=\"width: 24.7%;height: 23px;text-align: center\"><span style=\"color: #000000\"><strong>BLOQUE III<\/strong><\/span><\/td>\n<td style=\"width: 54.45%;height: 23px;text-align: center\"><span style=\"color: #000000\"><strong>DIBUJO T\u00c9CNICO<\/strong><\/span><\/td>\n<td style=\"width: 21.61%;height: 23px\">&nbsp;<\/td>\n<\/tr>\n<tr style=\"height: 23px\">\n<td style=\"width: 24.7%;height: 23px;text-align: center\">5<\/td>\n<td style=\"width: 54.45%;height: 23px\">El Mundo de la Escuadra y el Cartab\u00f3n<\/td>\n<td style=\"width: 21.61%;height: 23px\">&nbsp;<\/td>\n<\/tr>\n<tr style=\"height: 23px\">\n<td style=\"width: 24.7%;height: 23px;text-align: center\">6<\/td>\n<td style=\"width: 54.45%;height: 23px\">Geometr\u00eda y Proporci\u00f3n<\/td>\n<td style=\"width: 21.61%;height: 23px\">&nbsp;<\/td>\n<\/tr>\n<tr style=\"height: 23px;background-color: #eeb211\">\n<td style=\"width: 24.7%;height: 23px\"><strong>BLOQUE II<\/strong><\/td>\n<td style=\"width: 54.45%;height: 23px;text-align: center\"><strong>EXPRESION PL\u00c1STICA<\/strong><\/td>\n<td style=\"width: 21.61%;height: 23px\">&nbsp;<\/td>\n<\/tr>\n<tr style=\"height: 23px\">\n<td style=\"width: 24.7%;height: 23px;text-align: center\">1<\/td>\n<td style=\"width: 54.45%;height: 23px\">L\u00ednea, Color y Textura<\/td>\n<td style=\"width: 21.61%;height: 23px;text-align: center\">&nbsp;<\/td>\n<\/tr>\n<tr style=\"height: 23px\">\n<td style=\"width: 24.7%;height: 23px;text-align: center\">2<\/td>\n<td style=\"width: 54.45%;height: 23px\">El Color<\/td>\n<td style=\"width: 21.61%;height: 23px\">&nbsp;<\/td>\n<\/tr>\n<tr style=\"height: 23px;background-color: #eeb211\">\n<td style=\"width: 24.7%;height: 23px;text-align: center\"><strong>BLOQUE I<\/strong><\/td>\n<td style=\"width: 54.45%;height: 23px;text-align: center\"><strong>COMUNICACI\u00d3N AUDIOVISUAL<\/strong><\/td>\n<td style=\"width: 21.61%;height: 23px\">&nbsp;<\/td>\n<\/tr>\n<tr style=\"height: 23px\">\n<td style=\"width: 24.7%;height: 23px;text-align: center\">3<\/td>\n<td style=\"width: 54.45%;height: 23px\">&nbsp;S\u00edmbolos e Iconos<\/td>\n<td style=\"width: 21.61%;height: 23px\">&nbsp;<\/td>\n<\/tr>\n<tr style=\"height: 23px\">\n<td style=\"width: 24.7%;height: 23px;text-align: center\">4<\/td>\n<td style=\"width: 54.45%;height: 23px\">&nbsp;La Comunicaci\u00f3n Audiovisual<\/td>\n<td style=\"width: 21.61%;height: 23px\">&nbsp;<\/td>\n<\/tr>\n<\/tbody>\n<\/table>\n","protected":false},"excerpt":{"rendered":"<p>EPVA 1 UNIDADS DID\u00c1CTICAS 1\u00ba&nbsp; ESO BLOQUE III DIBUJO T\u00c9CNICO &nbsp; 5 El Mundo de la Escuadra y el Cartab\u00f3n &nbsp; 6 Geometr\u00eda y Proporci\u00f3n&hellip;<\/p>\n","protected":false},"author":3523,"featured_media":0,"parent":533,"menu_order":0,"comment_status":"closed","ping_status":"closed","template":"","meta":{"ngg_post_thumbnail":0,"footnotes":""},"aioseo_notices":[],"_links":{"self":[{"href":"https:\/\/blogsaverroes.juntadeandalucia.es\/dibujoyartesplasticas\/wp-json\/wp\/v2\/pages\/717"}],"collection":[{"href":"https:\/\/blogsaverroes.juntadeandalucia.es\/dibujoyartesplasticas\/wp-json\/wp\/v2\/pages"}],"about":[{"href":"https:\/\/blogsaverroes.juntadeandalucia.es\/dibujoyartesplasticas\/wp-json\/wp\/v2\/types\/page"}],"author":[{"embeddable":true,"href":"https:\/\/blogsaverroes.juntadeandalucia.es\/dibujoyartesplasticas\/wp-json\/wp\/v2\/users\/3523"}],"replies":[{"embeddable":true,"href":"https:\/\/blogsaverroes.juntadeandalucia.es\/dibujoyartesplasticas\/wp-json\/wp\/v2\/comments?post=717"}],"version-history":[{"count":6,"href":"https:\/\/blogsaverroes.juntadeandalucia.es\/dibujoyartesplasticas\/wp-json\/wp\/v2\/pages\/717\/revisions"}],"predecessor-version":[{"id":723,"href":"https:\/\/blogsaverroes.juntadeandalucia.es\/dibujoyartesplasticas\/wp-json\/wp\/v2\/pages\/717\/revisions\/723"}],"up":[{"embeddable":true,"href":"https:\/\/blogsaverroes.juntadeandalucia.es\/dibujoyartesplasticas\/wp-json\/wp\/v2\/pages\/533"}],"wp:attachment":[{"href":"https:\/\/blogsaverroes.juntadeandalucia.es\/dibujoyartesplasticas\/wp-json\/wp\/v2\/media?parent=717"}],"curies":[{"name":"wp","href":"https:\/\/api.w.org\/{rel}","templated":true}]}}