{"id":113,"date":"2015-03-16T08:06:00","date_gmt":"2015-03-16T08:06:00","guid":{"rendered":"http:\/\/blogsaverroes.juntadeandalucia.es\/pre\/ceip\/?page_id=113"},"modified":"2021-02-03T19:47:37","modified_gmt":"2021-02-03T18:47:37","slug":"biblioteca","status":"publish","type":"page","link":"https:\/\/blogsaverroes.juntadeandalucia.es\/directormanuelsomoza\/biblioteca\/","title":{"rendered":"PROYECTO LING\u00dc\u00cdSTICO CENTRO"},"content":{"rendered":"<p style=\"text-align: justify\"><span style=\"font-family: 'comic sans ms', sans-serif;font-size: 12pt\">En esta p\u00e1gina, encontrar\u00e1s informaci\u00f3n relevante sobre el <span style=\"text-decoration: underline\"><strong>CAP\u00cdTULO 17<\/strong><\/span> de nuestro PROYECTO EDUCATIVO DE CENTRO, el <span style=\"font-size: 18pt\"><span style=\"text-decoration: underline\"><span style=\"background-color: #ffffff;color: #ff0000\"><strong><span style=\"color: #ff0000;text-decoration: underline\">PROYECTO LING\u00dc\u00cdSTICO DE CENTRO<\/span><\/strong><\/span><\/span><span style=\"color: #ff0000\">,<\/span><\/span> as\u00ed como materiales que elaboramos y que nos sirven para desarrollar el mismo.<\/span><\/p>\n<p><span style=\"font-family: 'comic sans ms', sans-serif;font-size: 14pt\"><a href=\"https:\/\/blogsaverroes.juntadeandalucia.es\/directormanuelsomoza\/files\/2015\/03\/CAP.-17.-PROYECTO-LINGU\u0308I\u0301STICO-CENTRO.pdf\" target=\"_blank\" rel=\"noopener noreferrer\">CAP. 17. PROYECTO LINGU\u0308I\u0301STICO CENTRO<\/a><\/span><\/p>\n<p><span style=\"font-family: 'comic sans ms', sans-serif;font-size: 14pt\">Otros materiales elaborados por el Centro:<\/span><\/p>\n<ul style=\"list-style-type: circle\">\n<li><span style=\"font-family: 'comic sans ms', sans-serif;font-size: 14pt\"><a href=\"https:\/\/drive.google.com\/file\/d\/1Gl_1zyAbBrf3BiC7lr2bIUW-v95m_NtV\/view\" target=\"_blank\" rel=\"noopener noreferrer\">PLAN LECTOR: \u00faltima actualizaci\u00f3n 2019<\/a><\/span><\/li>\n<\/ul>\n<ul style=\"list-style-type: circle\">\n<li><span style=\"font-family: 'comic sans ms', sans-serif;font-size: 14pt\"><a href=\"https:\/\/drive.google.com\/open?id=1yUyzgxlWFOI2iPhydBagwVHfcJ8wwjqz\" target=\"_blank\" rel=\"noopener noreferrer\">MANUAL DE ESTILO DEL CENTRO<\/a><\/span><\/li>\n<li><span style=\"font-family: 'comic sans ms', sans-serif;font-size: 14pt\"><a href=\"https:\/\/blogsaverroes.juntadeandalucia.es\/directormanuelsomoza\/files\/2021\/02\/MAPA-GE\u0301NERO-2019.pdf\" target=\"_blank\" rel=\"noopener noreferrer\">MAPA DE GE\u0301NEROS DISCURSIVOS<\/a><\/span><\/li>\n<li><span style=\"font-size: 14pt;font-family: 'comic sans ms', sans-serif\"><a href=\"https:\/\/blogsaverroes.juntadeandalucia.es\/directormanuelsomoza\/files\/2021\/02\/ESQUEMAS-GE\u0301NEROS-DISCURSIVOS-COLEGIO-2019.pdf\" target=\"_blank\" rel=\"noopener noreferrer\">ESQUEMAS PARA TRABAJAR LOS GE\u0301NEROS DISCURSIVOS<\/a><\/span><\/li>\n<li><span style=\"font-family: 'comic sans ms', sans-serif;font-size: 14pt\"><a href=\"https:\/\/blogsaverroes.juntadeandalucia.es\/directormanuelsomoza\/files\/2015\/03\/CARTEL-EXP.-ORAL.pdf\" target=\"_blank\" rel=\"noopener noreferrer\">CARTEL EXPRESI\u00d3N ORAL<\/a><\/span><\/li>\n<\/ul>\n","protected":false},"excerpt":{"rendered":"<p>En esta p\u00e1gina, encontrar\u00e1s informaci\u00f3n relevante sobre el CAP\u00cdTULO 17 de nuestro PROYECTO EDUCATIVO DE CENTRO, el PROYECTO LING\u00dc\u00cdSTICO DE CENTRO, as\u00ed como materiales que elaboramos y que nos sirven para desarrollar el mismo.&#46;&#46;&#46;<\/p>\n","protected":false},"author":1,"featured_media":3149,"parent":0,"menu_order":0,"comment_status":"closed","ping_status":"open","template":"","meta":{"ngg_post_thumbnail":0,"footnotes":"","_mc_calendar":[]},"aioseo_notices":[],"_links":{"self":[{"href":"https:\/\/blogsaverroes.juntadeandalucia.es\/directormanuelsomoza\/wp-json\/wp\/v2\/pages\/113"}],"collection":[{"href":"https:\/\/blogsaverroes.juntadeandalucia.es\/directormanuelsomoza\/wp-json\/wp\/v2\/pages"}],"about":[{"href":"https:\/\/blogsaverroes.juntadeandalucia.es\/directormanuelsomoza\/wp-json\/wp\/v2\/types\/page"}],"author":[{"embeddable":true,"href":"https:\/\/blogsaverroes.juntadeandalucia.es\/directormanuelsomoza\/wp-json\/wp\/v2\/users\/1"}],"replies":[{"embeddable":true,"href":"https:\/\/blogsaverroes.juntadeandalucia.es\/directormanuelsomoza\/wp-json\/wp\/v2\/comments?post=113"}],"version-history":[{"count":22,"href":"https:\/\/blogsaverroes.juntadeandalucia.es\/directormanuelsomoza\/wp-json\/wp\/v2\/pages\/113\/revisions"}],"predecessor-version":[{"id":4632,"href":"https:\/\/blogsaverroes.juntadeandalucia.es\/directormanuelsomoza\/wp-json\/wp\/v2\/pages\/113\/revisions\/4632"}],"wp:featuredmedia":[{"embeddable":true,"href":"https:\/\/blogsaverroes.juntadeandalucia.es\/directormanuelsomoza\/wp-json\/wp\/v2\/media\/3149"}],"wp:attachment":[{"href":"https:\/\/blogsaverroes.juntadeandalucia.es\/directormanuelsomoza\/wp-json\/wp\/v2\/media?parent=113"}],"curies":[{"name":"wp","href":"https:\/\/api.w.org\/{rel}","templated":true}]}}